{"id":9511,"date":"2024-09-02T11:08:22","date_gmt":"2024-09-02T09:08:22","guid":{"rendered":"https:\/\/greenict.de\/?page_id=9511"},"modified":"2024-10-29T14:51:58","modified_gmt":"2024-10-29T13:51:58","slug":"greenclean-intelligent-fluid-iftin","status":"publish","type":"page","link":"https:\/\/greenict.de\/en\/greenclean-intelligent-fluid-iftin\/","title":{"rendered":"GreenClean \u2013 Intelligent Fluid \u2013 IFTiN"},"content":{"rendered":"<h3 class=\"wp-block-heading\">Nachhaltige, wasserbasierte Reinigungsl\u00f6sungen f\u00fcr die Halbleiterindustrie<\/h3>\n\n\n\n<p>Ein Projekt von <a href=\"https:\/\/intelligent-fluids.com\/\">intelligent fluids GmbH<\/a><\/p>\n\n\n\n<p>Das Ziel des Vorhabens besteht darin, eine umweltfreundliche, wasserbasierte Alternative zu den derzeit verwendeten erd\u00f6lbasierten umwelt- und gesundheitsgef\u00e4hrdenden L\u00f6sungsmittel-Prozessen in der Halbleiterindustrie zu evaluieren. Im Projekt sollen mehrere wesentliche Schritte unternommen werden, um die Reinraumf\u00e4higkeit, Funktion und Automatisierbarkeit der nachhaltigen, wasserbasierten Reinigungsl\u00f6sungen sicherzustellen und deren \u00f6kologisches Einsparpotenzial entlang der Prozesskette zu bewerten. Die Notwendigkeit aggressiver chemischer Zus\u00e4tze und umfangreicher Abwasseraufbereitungen soll eliminiert werden, um den gesamten Reinigungsprozess nachhaltiger und umweltfreundlicher zu gestalten.<\/p>\n\n\n\n<figure class=\"wp-block-image size-large\"><a href=\"https:\/\/greenict.de\/wp-content\/uploads\/2024\/09\/int-fluids.jpg\" target=\"_blank\" rel=\"noreferrer noopener\"><img loading=\"lazy\" decoding=\"async\" width=\"1024\" height=\"472\" src=\"https:\/\/greenict.de\/wp-content\/uploads\/2024\/09\/int-fluids-1024x472.jpg\" alt=\"\" class=\"wp-image-9732\" srcset=\"https:\/\/greenict.de\/wp-content\/uploads\/2024\/09\/int-fluids-1024x472.jpg 1024w, https:\/\/greenict.de\/wp-content\/uploads\/2024\/09\/int-fluids-300x138.jpg 300w, https:\/\/greenict.de\/wp-content\/uploads\/2024\/09\/int-fluids-768x354.jpg 768w, https:\/\/greenict.de\/wp-content\/uploads\/2024\/09\/int-fluids-18x8.jpg 18w, https:\/\/greenict.de\/wp-content\/uploads\/2024\/09\/int-fluids.jpg 1163w\" sizes=\"auto, (max-width: 1024px) 100vw, 1024px\" \/><\/a><figcaption class=\"wp-element-caption\">Einordnung der intelligents fluids-Technologie \u00a9intelligent fluids GmbH und Fraunhofer-Gesellschaft<\/figcaption><\/figure>\n\n\n\n<h3 class=\"wp-block-heading\">Evaluierung und Automatisierung nachhaltiger Reinigungsl\u00f6sungen im Reinraum<\/h3>\n\n\n\n<p>Die intelligent fluids GmbH hat eine innovative Phasenfluid-Technologie entwickelt, um Fotolacke und deren R\u00fcckst\u00e4nde nach Strukturierungsprozessen effektiv und r\u00fcckstandslos zu entfernen. Im Green ICT Space-Projekt sollen nun Fluide, unterst\u00fctzt durch ein produktionsnahes Waferhandling-System f\u00fcr 300mm Wafer, in den Reinraum&nbsp; eingebracht und an industrie-relevanten Strukturen erprobt werden.<\/p>\n\n\n\n<p>Dazu wird die intelligent fluids GmbH die optimalen Formulierungen ausw\u00e4hlen und Materialkompatibilit\u00e4tsuntersuchungen sowie Fluidcharakterisierungen unterst\u00fctzen. Zudem wird der CO<sub>2<\/sub>-Fu\u00dfabdruck der ausgew\u00e4hlten Reinigungsformulierung spezifiziert. Das Fraunhofer IPMS CNT stellt 300mm-Testsubstrate, technischen Support im Reinraum und ein Nasschemie-Tool auf Industriestandard bereit. Gemeinsam werden die Partner Daten zur Prozessperformance und zum CO<sub>2<\/sub>-Fu\u00dfabdruck sammeln, vergleichen und die Ergebnisse publizieren. Ziel ist ein Vergleich der Fluide zu herk\u00f6mmlichen Reinigungsprozessen und die Technologie f\u00fcr den Einsatz in Halbleiterfabriken zu evaluieren.<\/p>\n\n\n\n<h3 class=\"wp-block-heading\">\u00d6kologische Einsparpotenziale durch wasserbasierte Reinigungsformulierungen<\/h3>\n\n\n\n<p>Die \u00f6kologischen Einsparpotenziale des Projekts sind vielversprechend und vielf\u00e4ltig. Durch den Ersatz erd\u00f6lbasierter L\u00f6sungsmittel durch wasserbasierte Formulierungen k\u00f6nnen erhebliche Reduktionen im CO<sub>2<\/sub>-Aussto\u00df und Energieverbrauch erwartet werden. Ein wesentlicher Hebel zur Optimierung der \u00d6kobilanz liegt in der Erh\u00f6hung des Wassergehalts der Fluide, der in vergangenen Experimenten bereits erheblich gesteigert werden konnte. Zudem k\u00f6nnen durch die Identifikation optimaler Tensid-Systeme und den Einsatz nachwachsender Rohstoffe weitere \u00f6kologische Vorteile erzielt werden. Der Tensid-Gehalt soll minimal gehalten werden, und auch die \u00d6lkomponente kann auf nachwachsende Rohstoffe optimiert werden.<\/p>\n\n\n\n<p>Ein gro\u00dfes Potenzial besteht bei den Aktivatoren, die einen bedeutenden Anteil der Formulierung ausmachen, da neue, nachhaltige Rohstoffe auf den Markt dr\u00e4ngen. Wesentliche Prozessparameter wie Prozess- und Sp\u00fclzeit, Wasser- und Energieverbrauch, Verbrauch des intelligent fluid-Mediums sowie der Wartungsaufwand und Durchsatz werden ebenfalls ma\u00dfgeblich zur Berechnung der \u00d6kobilanz beitragen. Dadurch soll eine detaillierte Datenbasis geschaffen werden, um das CO<sub>2<\/sub>-Einsparpotenzial genau zu quantifizieren und die Umweltbelastung signifikant zu reduzieren.<\/p>\n\n\n\n<h3 class=\"wp-block-heading\">Nachhaltigkeit als neues Verkaufsargument und Wachstumstreiber<\/h3>\n\n\n\n<p>Nach Abschluss des Projekts er\u00f6ffnen sich vielf\u00e4ltige Verwertungsm\u00f6glichkeiten der Ergebnisse sowie Chancen zur Weiterentwicklung. Die \u00d6kobilanz stellt f\u00fcr intelligent fluids GmbH ein Alleinstellungsmerkmal dar. Durch die gewonnenen Daten kann die Produktimplementierung bei Kunden fundierter unterst\u00fctzt werden. Zudem steigert sich durch die neuen Rezepturentwicklungen und Prozessoptimierungen die Qualit\u00e4t der Produkte deutlich.<\/p>\n\n\n\n<hr class=\"wp-block-separator has-alpha-channel-opacity\"\/>\n\n\n\n<p><strong>Project Partners<\/strong>:<br>Dr. Ronny Tepper und Dr. Salem Nasraoui, <a href=\"https:\/\/intelligent-fluids.com\/\">intelligent fluids GmbH<\/a><br>Dr. Katharina Lilienthal, Matthias Rudolph, Fraunhofer-Institut f\u00fcr Photonische Mikrosysteme <a href=\"https:\/\/www.ipms.fraunhofer.de\/de\/Strategic-Research-Areas\/Green-ICT\/Eco-friendly-cleaning-technologies-for-lithography.html\">IPMS<\/a><\/p>\n\n\n\n<p><strong>Project period:<\/strong><br>Start: 01.09.2024, Ende: 31.08.2025<\/p>","protected":false},"excerpt":{"rendered":"<p>Nachhaltige, wasserbasierte Reinigungsl\u00f6sungen f\u00fcr die Halbleiterindustrie Ein Projekt von intelligent fluids GmbH Das Ziel des Vorhabens besteht darin, eine umweltfreundliche, wasserbasierte Alternative zu den derzeit verwendeten erd\u00f6lbasierten umwelt- und gesundheitsgef\u00e4hrdenden L\u00f6sungsmittel-Prozessen in der Halbleiterindustrie zu evaluieren. Im Projekt sollen mehrere&#8230;<\/p>","protected":false},"author":2,"featured_media":0,"parent":0,"menu_order":0,"comment_status":"closed","ping_status":"closed","template":"","meta":{"_acf_changed":false,"footnotes":""},"class_list":["post-9511","page","type-page","status-publish","hentry"],"acf":[],"yoast_head":"<!-- This site is optimized with the Yoast SEO plugin v27.3 - https:\/\/yoast.com\/product\/yoast-seo-wordpress\/ -->\n<title>GreenClean \u2013 Intelligent Fluid \u2013 IFTiN &#8211; Green ICT<\/title>\n<meta name=\"robots\" content=\"index, follow, max-snippet:-1, max-image-preview:large, max-video-preview:-1\" \/>\n<link rel=\"canonical\" href=\"https:\/\/greenict.de\/en\/greenclean-intelligent-fluid-iftin\/\" \/>\n<script type=\"application\/ld+json\" class=\"yoast-schema-graph\">{\"@context\":\"https:\\\/\\\/schema.org\",\"@graph\":[{\"@type\":\"WebPage\",\"@id\":\"https:\\\/\\\/greenict.de\\\/greenclean-intelligent-fluid-iftin\\\/\",\"url\":\"https:\\\/\\\/greenict.de\\\/greenclean-intelligent-fluid-iftin\\\/\",\"name\":\"GreenClean \u2013 Intelligent Fluid \u2013 IFTiN &#8211; Green ICT\",\"isPartOf\":{\"@id\":\"https:\\\/\\\/greenict.de\\\/#website\"},\"primaryImageOfPage\":{\"@id\":\"https:\\\/\\\/greenict.de\\\/greenclean-intelligent-fluid-iftin\\\/#primaryimage\"},\"image\":{\"@id\":\"https:\\\/\\\/greenict.de\\\/greenclean-intelligent-fluid-iftin\\\/#primaryimage\"},\"thumbnailUrl\":\"https:\\\/\\\/greenict.de\\\/wp-content\\\/uploads\\\/2024\\\/09\\\/int-fluids-1024x472.jpg\",\"datePublished\":\"2024-09-02T09:08:22+00:00\",\"dateModified\":\"2024-10-29T13:51:58+00:00\",\"breadcrumb\":{\"@id\":\"https:\\\/\\\/greenict.de\\\/greenclean-intelligent-fluid-iftin\\\/#breadcrumb\"},\"inLanguage\":\"en-GB\",\"potentialAction\":[{\"@type\":\"ReadAction\",\"target\":[\"https:\\\/\\\/greenict.de\\\/greenclean-intelligent-fluid-iftin\\\/\"]}]},{\"@type\":\"ImageObject\",\"inLanguage\":\"en-GB\",\"@id\":\"https:\\\/\\\/greenict.de\\\/greenclean-intelligent-fluid-iftin\\\/#primaryimage\",\"url\":\"https:\\\/\\\/greenict.de\\\/wp-content\\\/uploads\\\/2024\\\/09\\\/int-fluids-1024x472.jpg\",\"contentUrl\":\"https:\\\/\\\/greenict.de\\\/wp-content\\\/uploads\\\/2024\\\/09\\\/int-fluids-1024x472.jpg\"},{\"@type\":\"BreadcrumbList\",\"@id\":\"https:\\\/\\\/greenict.de\\\/greenclean-intelligent-fluid-iftin\\\/#breadcrumb\",\"itemListElement\":[{\"@type\":\"ListItem\",\"position\":1,\"name\":\"Startseite\",\"item\":\"https:\\\/\\\/greenict.de\\\/\"},{\"@type\":\"ListItem\",\"position\":2,\"name\":\"GreenClean \u2013 Intelligent Fluid \u2013 IFTiN\"}]},{\"@type\":\"WebSite\",\"@id\":\"https:\\\/\\\/greenict.de\\\/#website\",\"url\":\"https:\\\/\\\/greenict.de\\\/\",\"name\":\"Green ICT\",\"description\":\"Kompetenzzentrum f\u00fcr eine ressourcenbewusste Informations- und Kommunikationstechnik\",\"publisher\":{\"@id\":\"https:\\\/\\\/greenict.de\\\/#organization\"},\"alternateName\":\"Nachhaltige Mikroelektronik\",\"potentialAction\":[{\"@type\":\"SearchAction\",\"target\":{\"@type\":\"EntryPoint\",\"urlTemplate\":\"https:\\\/\\\/greenict.de\\\/?s={search_term_string}\"},\"query-input\":{\"@type\":\"PropertyValueSpecification\",\"valueRequired\":true,\"valueName\":\"search_term_string\"}}],\"inLanguage\":\"en-GB\"},{\"@type\":\"Organization\",\"@id\":\"https:\\\/\\\/greenict.de\\\/#organization\",\"name\":\"Forschungsfabrik Mikroelektronik Deutschland\",\"alternateName\":\"FMD\",\"url\":\"https:\\\/\\\/greenict.de\\\/\",\"logo\":{\"@type\":\"ImageObject\",\"inLanguage\":\"en-GB\",\"@id\":\"https:\\\/\\\/greenict.de\\\/#\\\/schema\\\/logo\\\/image\\\/\",\"url\":\"https:\\\/\\\/greenict.de\\\/wp-content\\\/uploads\\\/2022\\\/11\\\/FMD-Logo_farbe-50-mm.png\",\"contentUrl\":\"https:\\\/\\\/greenict.de\\\/wp-content\\\/uploads\\\/2022\\\/11\\\/FMD-Logo_farbe-50-mm.png\",\"width\":592,\"height\":135,\"caption\":\"Forschungsfabrik Mikroelektronik Deutschland\"},\"image\":{\"@id\":\"https:\\\/\\\/greenict.de\\\/#\\\/schema\\\/logo\\\/image\\\/\"}}]}<\/script>\n<!-- \/ Yoast SEO plugin. -->","yoast_head_json":{"title":"GreenClean \u2013 Intelligent Fluid \u2013 IFTiN &#8211; Green ICT","robots":{"index":"index","follow":"follow","max-snippet":"max-snippet:-1","max-image-preview":"max-image-preview:large","max-video-preview":"max-video-preview:-1"},"canonical":"https:\/\/greenict.de\/en\/greenclean-intelligent-fluid-iftin\/","schema":{"@context":"https:\/\/schema.org","@graph":[{"@type":"WebPage","@id":"https:\/\/greenict.de\/greenclean-intelligent-fluid-iftin\/","url":"https:\/\/greenict.de\/greenclean-intelligent-fluid-iftin\/","name":"GreenClean \u2013 Intelligent Fluid \u2013 IFTiN &#8211; Green ICT","isPartOf":{"@id":"https:\/\/greenict.de\/#website"},"primaryImageOfPage":{"@id":"https:\/\/greenict.de\/greenclean-intelligent-fluid-iftin\/#primaryimage"},"image":{"@id":"https:\/\/greenict.de\/greenclean-intelligent-fluid-iftin\/#primaryimage"},"thumbnailUrl":"https:\/\/greenict.de\/wp-content\/uploads\/2024\/09\/int-fluids-1024x472.jpg","datePublished":"2024-09-02T09:08:22+00:00","dateModified":"2024-10-29T13:51:58+00:00","breadcrumb":{"@id":"https:\/\/greenict.de\/greenclean-intelligent-fluid-iftin\/#breadcrumb"},"inLanguage":"en-GB","potentialAction":[{"@type":"ReadAction","target":["https:\/\/greenict.de\/greenclean-intelligent-fluid-iftin\/"]}]},{"@type":"ImageObject","inLanguage":"en-GB","@id":"https:\/\/greenict.de\/greenclean-intelligent-fluid-iftin\/#primaryimage","url":"https:\/\/greenict.de\/wp-content\/uploads\/2024\/09\/int-fluids-1024x472.jpg","contentUrl":"https:\/\/greenict.de\/wp-content\/uploads\/2024\/09\/int-fluids-1024x472.jpg"},{"@type":"BreadcrumbList","@id":"https:\/\/greenict.de\/greenclean-intelligent-fluid-iftin\/#breadcrumb","itemListElement":[{"@type":"ListItem","position":1,"name":"Startseite","item":"https:\/\/greenict.de\/"},{"@type":"ListItem","position":2,"name":"GreenClean \u2013 Intelligent Fluid \u2013 IFTiN"}]},{"@type":"WebSite","@id":"https:\/\/greenict.de\/#website","url":"https:\/\/greenict.de\/","name":"Competence center for sustainable IT and communication technology","description":"Competence center for sustainable information and communication technology","publisher":{"@id":"https:\/\/greenict.de\/#organization"},"alternateName":"Nachhaltige Mikroelektronik","potentialAction":[{"@type":"SearchAction","target":{"@type":"EntryPoint","urlTemplate":"https:\/\/greenict.de\/?s={search_term_string}"},"query-input":{"@type":"PropertyValueSpecification","valueRequired":true,"valueName":"search_term_string"}}],"inLanguage":"en-GB"},{"@type":"Organization","@id":"https:\/\/greenict.de\/#organization","name":"Research Fab Microelectronics Germany","alternateName":"FMD","url":"https:\/\/greenict.de\/","logo":{"@type":"ImageObject","inLanguage":"en-GB","@id":"https:\/\/greenict.de\/#\/schema\/logo\/image\/","url":"https:\/\/greenict.de\/wp-content\/uploads\/2022\/11\/FMD-Logo_farbe-50-mm.png","contentUrl":"https:\/\/greenict.de\/wp-content\/uploads\/2022\/11\/FMD-Logo_farbe-50-mm.png","width":592,"height":135,"caption":"Forschungsfabrik Mikroelektronik Deutschland"},"image":{"@id":"https:\/\/greenict.de\/#\/schema\/logo\/image\/"}}]}},"_links":{"self":[{"href":"https:\/\/greenict.de\/en\/wp-json\/wp\/v2\/pages\/9511","targetHints":{"allow":["GET"]}}],"collection":[{"href":"https:\/\/greenict.de\/en\/wp-json\/wp\/v2\/pages"}],"about":[{"href":"https:\/\/greenict.de\/en\/wp-json\/wp\/v2\/types\/page"}],"author":[{"embeddable":true,"href":"https:\/\/greenict.de\/en\/wp-json\/wp\/v2\/users\/2"}],"replies":[{"embeddable":true,"href":"https:\/\/greenict.de\/en\/wp-json\/wp\/v2\/comments?post=9511"}],"version-history":[{"count":12,"href":"https:\/\/greenict.de\/en\/wp-json\/wp\/v2\/pages\/9511\/revisions"}],"predecessor-version":[{"id":10542,"href":"https:\/\/greenict.de\/en\/wp-json\/wp\/v2\/pages\/9511\/revisions\/10542"}],"wp:attachment":[{"href":"https:\/\/greenict.de\/en\/wp-json\/wp\/v2\/media?parent=9511"}],"curies":[{"name":"wp","href":"https:\/\/api.w.org\/{rel}","templated":true}]}}