{"id":82,"date":"2022-11-14T13:23:18","date_gmt":"2022-11-14T12:23:18","guid":{"rendered":"https:\/\/websites.fraunhofer.de\/greenict\/?page_id=82"},"modified":"2025-02-17T09:55:45","modified_gmt":"2025-02-17T08:55:45","slug":"impressum","status":"publish","type":"page","link":"https:\/\/greenict.de\/en\/impressum\/","title":{"rendered":"Imprint"},"content":{"rendered":"<p><\/p>\n\n\n\n<p>Fraunhofer-Verbund Mikroelektronik<br>Anna-Louisa-Karsch-Str. 2<br>10178 Berlin<br>Internet&nbsp;<a class=\"\" href=\"http:\/\/www.mikroelektronik.fraunhofer.de\/\">www.mikroelektronik.fraunhofer.de<\/a><br>Email: info@mikroelektronik.fraunhofer.de<br><\/p>\n\n\n\n<p>is a legally non-independent institution of the<br>Fraunhofer-Gesellschaft<br>for the advancement of applied research e.V.<br>Hansastra\u00dfe 27 c<br>80686 M\u00fcnchen<br><a href=\"http:\/\/www.fraunhofer.de\/\" class=\"\">www.fraunhofer.de<\/a><br><\/p>\n\n\n\n<p>Sales tax identification number according to \u00a7 27 a<br>Value Added Tax Act: DE 129515865<br><\/p>\n\n\n\n<h4 class=\"wp-block-heading\">Register court<\/h4>\n\n\n\n<p>Munich Local Court<br>Registered association<br>Register-No. VR 4461<br><\/p>\n\n\n\n<h4 class=\"wp-block-heading\">Editors in charge<\/h4>\n\n\n\n<p>J\u00f6rg Stephan (IT)<br>joerg.stephan@mikroelektronik.fraunhofer.de<br>Telefon +49 30 4005591-30<br><\/p>\n\n\n\n<h4 class=\"wp-block-heading\">Executive Board<\/h4>\n\n\n\n<p>Prof. Dr.-Ing. Holger Hanselka | President<br>Prof. Constantin H\u00e4fner | Member of the executive board<br>Prof. Dr. Axel M\u00fcller-Groeling | Member of the executive board<br>Elisabeth Ewen | Member of the executive board<br>Dr. Sandra Krey | Member of the executive board<\/p>\n\n\n\n<h4 class=\"wp-block-heading\">Rights of use<\/h4>\n\n\n\n<p>Copyright \u00a9 by<br>Fraunhofer-Gesellschaft<\/p>\n\n\n\n<p>All rights reserved.<br>The copyright for this website is held in full by the Fraunhofer-Gesellschaft.<br><\/p>\n\n\n\n<p>Furthermore, downloading or printing is only permitted for the purpose of reporting on the Fraunhofer-Gesellschaft and its institutes in accordance with the terms of use below:<\/p>\n\n\n\n<p>Graphic changes to image motifs - except for cropping the main motif - are not permitted. The source must always be cited and two free specimen copies must be sent to the above address. Use is free of charge.<\/p>\n\n\n\n<h4 class=\"wp-block-heading\">Disclaimer:<\/h4>\n\n\n\n<p>We accept no liability for the content of external links. The operators of the linked pages are solely responsible for their content.<\/p>\n\n\n\n<p>We make every effort to ensure that the material contained in our web site is current, complete and correct. Nevertheless, the occurrence of errors cannot be completely ruled out. The Fraunhofer Institute and the Fraunhofer-Gesellschaft accept no liability for the topicality, accuracy or completeness of the information provided on this website. This refers to any material or non-material damage to third parties caused by the use of this website.<\/p>\n\n\n\n<p>As a rule, protected trademarks and names, images and texts are not identified as such on our pages. However, the absence of such identification does not mean that it is a free name, a free image or a free text within the meaning of trademark law.<\/p>","protected":false},"excerpt":{"rendered":"<p>Fraunhofer-Verbund MikroelektronikAnna-Louisa-Karsch-Str. 210178 BerlinInternet&nbsp;www.mikroelektronik.fraunhofer.deE-Mail: info@mikroelektronik.fraunhofer.de ist eine rechtlich nicht selbst\u00e4ndige Einrichtung derFraunhofer-Gesellschaftzur F\u00f6rderung der angewandten Forschung e.V.Hansastra\u00dfe 27 c80686 M\u00fcnchenwww.fraunhofer.de Umsatzsteuer-Identifikationsnummer gem\u00e4\u00df \u00a7 27 aUmsatzsteuergesetz: DE 129515865 Registergericht Amtsgericht M\u00fcnchenEingetragener VereinRegister-Nr. VR 4461 Verantwortliche Redakteure J\u00f6rg Stephan (IT)joerg.stephan@mikroelektronik.fraunhofer.deTelefon +49 30&#8230;<\/p>","protected":false},"author":2,"featured_media":0,"parent":0,"menu_order":0,"comment_status":"closed","ping_status":"closed","template":"page-fullwidth.php","meta":{"_acf_changed":false,"footnotes":""},"class_list":["post-82","page","type-page","status-publish","hentry"],"acf":[],"yoast_head":"<!-- This site is optimized with the Yoast SEO plugin v27.4 - https:\/\/yoast.com\/product\/yoast-seo-wordpress\/ -->\n<title>Impressum<\/title>\n<meta name=\"description\" content=\"Fraunhofer-Verbund Mikroelektronik, Anna-Louisa-Karsch-Str. 2, 10178 Berlin. E-Mail: info@mikroelektronik.fraunhofer.de\" \/>\n<meta name=\"robots\" content=\"index, follow, max-snippet:-1, max-image-preview:large, max-video-preview:-1\" \/>\n<link rel=\"canonical\" href=\"https:\/\/greenict.de\/en\/impressum\/\" \/>\n<script type=\"application\/ld+json\" class=\"yoast-schema-graph\">{\"@context\":\"https:\\\/\\\/schema.org\",\"@graph\":[{\"@type\":\"WebPage\",\"@id\":\"https:\\\/\\\/greenict.de\\\/impressum\\\/\",\"url\":\"https:\\\/\\\/greenict.de\\\/impressum\\\/\",\"name\":\"Impressum\",\"isPartOf\":{\"@id\":\"https:\\\/\\\/greenict.de\\\/#website\"},\"datePublished\":\"2022-11-14T12:23:18+00:00\",\"dateModified\":\"2025-02-17T08:55:45+00:00\",\"description\":\"Fraunhofer-Verbund Mikroelektronik, Anna-Louisa-Karsch-Str. 2, 10178 Berlin. E-Mail: info@mikroelektronik.fraunhofer.de\",\"breadcrumb\":{\"@id\":\"https:\\\/\\\/greenict.de\\\/impressum\\\/#breadcrumb\"},\"inLanguage\":\"en-GB\",\"potentialAction\":[{\"@type\":\"ReadAction\",\"target\":[\"https:\\\/\\\/greenict.de\\\/impressum\\\/\"]}]},{\"@type\":\"BreadcrumbList\",\"@id\":\"https:\\\/\\\/greenict.de\\\/impressum\\\/#breadcrumb\",\"itemListElement\":[{\"@type\":\"ListItem\",\"position\":1,\"name\":\"Startseite\",\"item\":\"https:\\\/\\\/greenict.de\\\/\"},{\"@type\":\"ListItem\",\"position\":2,\"name\":\"Impressum\"}]},{\"@type\":\"WebSite\",\"@id\":\"https:\\\/\\\/greenict.de\\\/#website\",\"url\":\"https:\\\/\\\/greenict.de\\\/\",\"name\":\"Green ICT\",\"description\":\"Kompetenzzentrum f\u00fcr eine ressourcenbewusste Informations- und Kommunikationstechnik\",\"publisher\":{\"@id\":\"https:\\\/\\\/greenict.de\\\/#organization\"},\"alternateName\":\"Nachhaltige Mikroelektronik\",\"potentialAction\":[{\"@type\":\"SearchAction\",\"target\":{\"@type\":\"EntryPoint\",\"urlTemplate\":\"https:\\\/\\\/greenict.de\\\/?s={search_term_string}\"},\"query-input\":{\"@type\":\"PropertyValueSpecification\",\"valueRequired\":true,\"valueName\":\"search_term_string\"}}],\"inLanguage\":\"en-GB\"},{\"@type\":\"Organization\",\"@id\":\"https:\\\/\\\/greenict.de\\\/#organization\",\"name\":\"Forschungsfabrik Mikroelektronik Deutschland\",\"alternateName\":\"FMD\",\"url\":\"https:\\\/\\\/greenict.de\\\/\",\"logo\":{\"@type\":\"ImageObject\",\"inLanguage\":\"en-GB\",\"@id\":\"https:\\\/\\\/greenict.de\\\/#\\\/schema\\\/logo\\\/image\\\/\",\"url\":\"https:\\\/\\\/greenict.de\\\/wp-content\\\/uploads\\\/2022\\\/11\\\/FMD-Logo_farbe-50-mm.png\",\"contentUrl\":\"https:\\\/\\\/greenict.de\\\/wp-content\\\/uploads\\\/2022\\\/11\\\/FMD-Logo_farbe-50-mm.png\",\"width\":592,\"height\":135,\"caption\":\"Forschungsfabrik Mikroelektronik Deutschland\"},\"image\":{\"@id\":\"https:\\\/\\\/greenict.de\\\/#\\\/schema\\\/logo\\\/image\\\/\"}}]}<\/script>\n<!-- \/ Yoast SEO plugin. -->","yoast_head_json":{"title":"Imprint","description":"Fraunhofer Group for Microelectronics, Anna-Louisa-Karsch-Str. 2, 10178 Berlin. Email: info@mikroelektronik.fraunhofer.de","robots":{"index":"index","follow":"follow","max-snippet":"max-snippet:-1","max-image-preview":"max-image-preview:large","max-video-preview":"max-video-preview:-1"},"canonical":"https:\/\/greenict.de\/en\/impressum\/","schema":{"@context":"https:\/\/schema.org","@graph":[{"@type":"WebPage","@id":"https:\/\/greenict.de\/impressum\/","url":"https:\/\/greenict.de\/impressum\/","name":"Imprint","isPartOf":{"@id":"https:\/\/greenict.de\/#website"},"datePublished":"2022-11-14T12:23:18+00:00","dateModified":"2025-02-17T08:55:45+00:00","description":"Fraunhofer Group for Microelectronics, Anna-Louisa-Karsch-Str. 2, 10178 Berlin. Email: info@mikroelektronik.fraunhofer.de","breadcrumb":{"@id":"https:\/\/greenict.de\/impressum\/#breadcrumb"},"inLanguage":"en-GB","potentialAction":[{"@type":"ReadAction","target":["https:\/\/greenict.de\/impressum\/"]}]},{"@type":"BreadcrumbList","@id":"https:\/\/greenict.de\/impressum\/#breadcrumb","itemListElement":[{"@type":"ListItem","position":1,"name":"Startseite","item":"https:\/\/greenict.de\/"},{"@type":"ListItem","position":2,"name":"Impressum"}]},{"@type":"WebSite","@id":"https:\/\/greenict.de\/#website","url":"https:\/\/greenict.de\/","name":"Competence center for sustainable IT and communication technology","description":"Competence center for sustainable information and communication technology","publisher":{"@id":"https:\/\/greenict.de\/#organization"},"alternateName":"Nachhaltige Mikroelektronik","potentialAction":[{"@type":"SearchAction","target":{"@type":"EntryPoint","urlTemplate":"https:\/\/greenict.de\/?s={search_term_string}"},"query-input":{"@type":"PropertyValueSpecification","valueRequired":true,"valueName":"search_term_string"}}],"inLanguage":"en-GB"},{"@type":"Organization","@id":"https:\/\/greenict.de\/#organization","name":"Research Fab Microelectronics Germany","alternateName":"FMD","url":"https:\/\/greenict.de\/","logo":{"@type":"ImageObject","inLanguage":"en-GB","@id":"https:\/\/greenict.de\/#\/schema\/logo\/image\/","url":"https:\/\/greenict.de\/wp-content\/uploads\/2022\/11\/FMD-Logo_farbe-50-mm.png","contentUrl":"https:\/\/greenict.de\/wp-content\/uploads\/2022\/11\/FMD-Logo_farbe-50-mm.png","width":592,"height":135,"caption":"Forschungsfabrik Mikroelektronik Deutschland"},"image":{"@id":"https:\/\/greenict.de\/#\/schema\/logo\/image\/"}}]}},"_links":{"self":[{"href":"https:\/\/greenict.de\/en\/wp-json\/wp\/v2\/pages\/82","targetHints":{"allow":["GET"]}}],"collection":[{"href":"https:\/\/greenict.de\/en\/wp-json\/wp\/v2\/pages"}],"about":[{"href":"https:\/\/greenict.de\/en\/wp-json\/wp\/v2\/types\/page"}],"author":[{"embeddable":true,"href":"https:\/\/greenict.de\/en\/wp-json\/wp\/v2\/users\/2"}],"replies":[{"embeddable":true,"href":"https:\/\/greenict.de\/en\/wp-json\/wp\/v2\/comments?post=82"}],"version-history":[{"count":6,"href":"https:\/\/greenict.de\/en\/wp-json\/wp\/v2\/pages\/82\/revisions"}],"predecessor-version":[{"id":11280,"href":"https:\/\/greenict.de\/en\/wp-json\/wp\/v2\/pages\/82\/revisions\/11280"}],"wp:attachment":[{"href":"https:\/\/greenict.de\/en\/wp-json\/wp\/v2\/media?parent=82"}],"curies":[{"name":"wp","href":"https:\/\/api.w.org\/{rel}","templated":true}]}}