{"id":7771,"date":"2024-04-29T14:20:48","date_gmt":"2024-04-29T12:20:48","guid":{"rendered":"https:\/\/greenict.de\/?page_id=7771"},"modified":"2026-02-27T12:20:20","modified_gmt":"2026-02-27T11:20:20","slug":"gruene-mikroelektronik","status":"publish","type":"page","link":"https:\/\/greenict.de\/en\/","title":{"rendered":"There are good reasons for green electronics..."},"content":{"rendered":"<p><\/p>\n\n\n\n<div style=\"height:30px\" aria-hidden=\"true\" class=\"wp-block-spacer\"><\/div>\n\n\n\n<div class=\"wp-block-columns is-layout-flex wp-container-core-columns-is-layout-9d6595d7 wp-block-columns-is-layout-flex\">\n<div class=\"wp-block-column is-layout-flow wp-block-column-is-layout-flow\">\n<div class=\"wp-block-group co2-container\"><div class=\"wp-block-group__inner-container is-layout-constrained wp-block-group-is-layout-constrained\">\n<p class=\"co2-number co2-circle\">4%<\/p>\n\n\n\n<p class=\"co2-text\" style=\"font-size:14px\">of global electricity consumption comes from ICT<sup data-fn=\"2fa7ac6c-9568-423c-83ba-ac33febdcfb3\" class=\"fn\"><a id=\"2fa7ac6c-9568-423c-83ba-ac33febdcfb3-link\" href=\"#2fa7ac6c-9568-423c-83ba-ac33febdcfb3\">1<\/a><\/sup><\/p>\n<\/div><\/div>\n<\/div>\n\n\n\n<div class=\"wp-block-column is-layout-flow wp-block-column-is-layout-flow\">\n<div class=\"wp-block-group co2-container\"><div class=\"wp-block-group__inner-container is-layout-constrained wp-block-group-is-layout-constrained\">\n<p class=\"co2-number co2-circle\">20%<\/p>\n\n\n\n<p class=\"co2-text\" style=\"font-size:14px\">more energy consumed by data centres in 2030 than in 2020<sup data-fn=\"a46c7b35-0bf6-42db-97f8-2571462f1a57\" class=\"fn\"><a id=\"a46c7b35-0bf6-42db-97f8-2571462f1a57-link\" href=\"#a46c7b35-0bf6-42db-97f8-2571462f1a57\">2<\/a><\/sup><\/p>\n<\/div><\/div>\n<\/div>\n\n\n\n<div class=\"wp-block-column is-layout-flow wp-block-column-is-layout-flow\">\n<div class=\"wp-block-group co2-container\"><div class=\"wp-block-group__inner-container is-layout-constrained wp-block-group-is-layout-constrained\">\n<p class=\"co2-number co2-circle\">99<\/p>\n\n\n\n<p class=\"co2-text\" style=\"font-size:14px\">million liters of water can be consumed by a large semiconductor factory every day<sup data-fn=\"d88ffa36-40d1-4d64-b9ed-64cd64b4df5f\" class=\"fn\"><a id=\"d88ffa36-40d1-4d64-b9ed-64cd64b4df5f-link\" href=\"#d88ffa36-40d1-4d64-b9ed-64cd64b4df5f\">3<\/a><\/sup><\/p>\n<\/div><\/div>\n<\/div>\n<\/div>\n\n\n\n<h2 class=\"wp-block-heading has-text-align-left is-style-plain\" style=\"font-style:normal;font-weight:300\">...so let's get to work!<\/h2>\n\n\n\n<p><\/p>\n\n\n\n<div style=\"height:20px\" aria-hidden=\"true\" class=\"wp-block-spacer\"><\/div>\n\n\n\n<div class=\"wp-block-columns is-layout-flex wp-container-core-columns-is-layout-9d6595d7 wp-block-columns-is-layout-flex\">\n<div class=\"wp-block-column pseudo bordercolumns-gruen has-background is-layout-flow wp-block-column-is-layout-flow\" style=\"background:radial-gradient(rgb(2,120,96) 16%,rgb(0,115,90) 78%)\">\n<h2 class=\"wp-block-heading has-white-color has-text-color has-link-color wp-elements-7169d16052915375c21f9e0aee008eaf\"><a href=\"https:\/\/greenict.de\/en\/leistunsangebote-industrie\/\">Our services:<\/a><\/h2>\n\n\n\n<ul class=\"wp-block-list has-white-color has-text-color has-link-color wp-elements-33a3ca581a4b89350ce63c74f371a9c6\">\n<li class=\"translation-block\">Know-how transfer in the creation of life cycle inventory models, life cycle assessments and calculations of the carbon footprint of products and processes<\/li>\n\n\n\n<li><strong>Advice<\/strong> on more environmentally sustainable components and systems for sensor edge cloud applications and communication infrastructures&nbsp;<\/li>\n\n\n\n<li><strong>More environmentally friendly manufacturing processes<\/strong> for microelectronic components through material substitution and energy savings in clean rooms&nbsp;<\/li>\n\n\n\n<li><strong>Provision and plausibility checks<\/strong> for life cycle assessment data sets from the above-mentioned areas&nbsp;<\/li>\n<\/ul>\n\n\n\n<div class=\"wp-block-buttons has-custom-font-size is-content-justification-center is-layout-flex wp-container-core-buttons-is-layout-16018d1d wp-block-buttons-is-layout-flex\" style=\"font-size:13px\">\n<div class=\"wp-block-button has-custom-width wp-block-button__width-75 is-style-outline is-style-outline--1\"><a class=\"wp-block-button__link has-white-color has-text-color has-background has-custom-font-size wp-element-button\" href=\"https:\/\/greenict.de\/en\/nachhaltigkeitscheck-hub2\/\" style=\"background-color:#00735a;font-size:16px\" target=\"_blank\" rel=\"https:\/\/greenict.de\/kontakt\/ noopener\">Inquire now<\/a><\/div>\n<\/div>\n<\/div>\n<\/div>\n\n\n\n<hr class=\"wp-block-separator has-alpha-channel-opacity\"\/>\n\n\n\n<h2 class=\"wp-block-heading\" style=\"font-style:normal;font-weight:300\">Successful projects with Green ICT<\/h2>\n\n\n\n<p><\/p>\n\n\n\n<div class=\"wp-block-buttons has-custom-font-size has-small-font-size is-content-justification-center is-layout-flex wp-container-core-buttons-is-layout-16018d1d wp-block-buttons-is-layout-flex\">\n<div class=\"wp-block-button has-custom-width wp-block-button__width-50\"><a class=\"wp-block-button__link has-white-color has-text-color has-background has-custom-font-size wp-element-button\" href=\"https:\/\/greenict.de\/en\/abgeschlossene-projekte-mit-unternehmen\/\" style=\"border-radius:50px;background-color:#00735a;font-size:18px\" target=\"_blank\" rel=\"https:\/\/greenict.de\/kontakt\/ noopener noreferrer noreferrer noopener\">Projects with companies<\/a><\/div>\n\n\n\n<div class=\"wp-block-button has-custom-width wp-block-button__width-50\"><a class=\"wp-block-button__link has-white-color has-text-color has-background has-custom-font-size wp-element-button\" href=\"https:\/\/greenict.de\/en\/space-gefoerderte-projekte\/\" style=\"border-radius:50px;background-color:#00735a;font-size:18px\" target=\"_blank\" rel=\"https:\/\/greenict.de\/kontakt\/ noopener noreferrer noreferrer noopener\">Supported start-up projects<\/a><\/div>\n<\/div>\n\n\n\n<div style=\"height:15px\" aria-hidden=\"true\" class=\"wp-block-spacer\"><\/div>\n\n\n\n<hr class=\"wp-block-separator has-alpha-channel-opacity\"\/>\n\n\n<ol class=\"wp-block-footnotes has-small-font-size\"><li id=\"2fa7ac6c-9568-423c-83ba-ac33febdcfb3\">The Shift Project, Climate Crisis: The unsustainable use of online Video &#8211; The practical case study of online video, 2019 <a href=\"#2fa7ac6c-9568-423c-83ba-ac33febdcfb3-link\" aria-label=\"Jump to footnote reference 1\">\u21a9\ufe0e<\/a><\/li><li id=\"a46c7b35-0bf6-42db-97f8-2571462f1a57\">Aslan, T. et al.: Toward climate neutral data centers: Greenhouse gas inventory, scenarios, and strategies. In: iScience, Volume 28, Issue 1 (2025).<a href=\"https:\/\/www.cell.com\/iscience\/fulltext\/S2589-0042(24)02864-5?_returnURL=https%3A%2F%2Flinkinghub.elsevier.com%2Fretrieve%2Fpii%2FS2589004224028645%3Fshowall%3Dtrue\"> Link<\/a> <a href=\"#a46c7b35-0bf6-42db-97f8-2571462f1a57-link\" aria-label=\"Jump to footnote reference 2\">\u21a9\ufe0e<\/a><\/li><li id=\"d88ffa36-40d1-4d64-b9ed-64cd64b4df5f\">TSMC (2021). 2021 Sustainability Report. <a href=\"https:\/\/esg.tsmc.com\/download\/file\/2021_sustainabilityReport\/english\/e-all.pdf\">e-all.pdf (tsmc.com)<\/a> <a href=\"#d88ffa36-40d1-4d64-b9ed-64cd64b4df5f-link\" aria-label=\"Jump to footnote reference 3\">\u21a9\ufe0e<\/a><\/li><\/ol>\n\n\n<hr class=\"wp-block-separator has-alpha-channel-opacity\"\/>\n\n\n\n<div class=\"wp-block-columns is-not-stacked-on-mobile is-layout-flex wp-container-core-columns-is-layout-9d6595d7 wp-block-columns-is-layout-flex\">\n<div class=\"wp-block-column is-layout-flow wp-block-column-is-layout-flow\" style=\"flex-basis:33.33%\"><\/div>\n\n\n\n<div class=\"wp-block-column is-vertically-aligned-center is-layout-flow wp-block-column-is-layout-flow\" style=\"flex-basis:33.34%\">\n<figure class=\"wp-block-image size-large\"><a href=\"https:\/\/www.forschungsfabrik-mikroelektronik.de\/\" target=\"_blank\" rel=\"noreferrer noopener\"><img loading=\"lazy\" decoding=\"async\" width=\"1024\" height=\"450\" src=\"https:\/\/greenict.de\/wp-content\/uploads\/2022\/11\/fmd-logo.1440.1920-1024x450.png\" alt=\"Logo der Forschungsfabrik Mikroelektronik Deutschland\" class=\"wp-image-475\" srcset=\"https:\/\/greenict.de\/wp-content\/uploads\/2022\/11\/fmd-logo.1440.1920-1024x450.png 1024w, https:\/\/greenict.de\/wp-content\/uploads\/2022\/11\/fmd-logo.1440.1920-300x132.png 300w, https:\/\/greenict.de\/wp-content\/uploads\/2022\/11\/fmd-logo.1440.1920-768x338.png 768w, https:\/\/greenict.de\/wp-content\/uploads\/2022\/11\/fmd-logo.1440.1920.png 1440w\" sizes=\"auto, (max-width: 1024px) 100vw, 1024px\" \/><\/a><\/figure>\n<\/div>\n\n\n\n<div class=\"wp-block-column is-vertically-aligned-top is-layout-flow wp-block-column-is-layout-flow\" style=\"flex-basis:33.34%\">\n<figure class=\"wp-block-image size-full\"><a href=\"https:\/\/www.elektronikforschung.de\/projekte\/greenict\" target=\"_blank\" rel=\"noreferrer noopener\"><img loading=\"lazy\" decoding=\"async\" width=\"640\" height=\"453\" src=\"https:\/\/greenict.de\/wp-content\/uploads\/2024\/07\/BMBF-logo-en.jpg\" alt=\"F\u00f6rderkennzeichen des Bundesministeriums f\u00fcr Bildung und Forschung\" class=\"wp-image-137\" srcset=\"https:\/\/greenict.de\/wp-content\/uploads\/2024\/07\/BMBF-logo-en.jpg 945w, https:\/\/greenict.de\/wp-content\/uploads\/2024\/07\/BMBF-logo-en-300x206.jpg 300w, https:\/\/greenict.de\/wp-content\/uploads\/2024\/07\/BMBF-logo-en-768x528.jpg 768w, https:\/\/greenict.de\/wp-content\/uploads\/2024\/07\/BMBF-logo-en-18x12.jpg 18w\" sizes=\"auto, (max-width: 640px) 100vw, 640px\" \/><\/a><\/figure>\n<\/div>\n<\/div>","protected":false},"excerpt":{"rendered":"<p>4% des globalen Stromverbrauchs stammen aus der IKT1 20% mehr Energie als vor 5 Jahren wird ein Rechenzentrum 2030 verbrauchen2 99 Millionen Liter Wasser kann eine gro\u00dfe Halbleiterfabrik t\u00e4glich verbrauchen3 &#8230;also packen wir&#8217;s an! Unsere Leistungen: Erfolgreiche Projekte mit Green&#8230;<\/p>","protected":false},"author":2,"featured_media":3741,"parent":0,"menu_order":0,"comment_status":"closed","ping_status":"closed","template":"","meta":{"_acf_changed":false,"footnotes":"[{\"content\":\"The Shift Project, Climate Crisis: The unsustainable use of online Video - The practical case study of online video, 2019\",\"id\":\"2fa7ac6c-9568-423c-83ba-ac33febdcfb3\"},{\"content\":\"Aslan, T. et al.: Toward climate neutral data centers: Greenhouse gas inventory, scenarios, and strategies. In: iScience, Volume 28, Issue 1 (2025).<a href=\\\"https:\/\/www.cell.com\/iscience\/fulltext\/S2589-0042(24)02864-5?_returnURL=https%3A%2F%2Flinkinghub.elsevier.com%2Fretrieve%2Fpii%2FS2589004224028645%3Fshowall%3Dtrue\\\"> Link<\/a>\",\"id\":\"a46c7b35-0bf6-42db-97f8-2571462f1a57\"},{\"content\":\"TSMC (2021). 2021 Sustainability Report. <a href=\\\"https:\/\/esg.tsmc.com\/download\/file\/2021_sustainabilityReport\/english\/e-all.pdf\\\">e-all.pdf (tsmc.com)<\/a>\",\"id\":\"d88ffa36-40d1-4d64-b9ed-64cd64b4df5f\"}]"},"class_list":["post-7771","page","type-page","status-publish","has-post-thumbnail","hentry"],"acf":[],"yoast_head":"<!-- This site is optimized with the Yoast SEO plugin v27.3 - https:\/\/yoast.com\/product\/yoast-seo-wordpress\/ -->\n<title>Green ICT - Nachhaltige IT und Kommunikationstechnik<\/title>\n<meta name=\"description\" content=\"Kompetenzzentrum f\u00fcr nachhaltige Digitalisierung und Elektronik: \u2713 3 Kernprojekte \u2713 F\u00f6rderprogramme \u2713 Weiterbildungsangebote\" \/>\n<meta name=\"robots\" content=\"index, follow, max-snippet:-1, max-image-preview:large, max-video-preview:-1\" \/>\n<link rel=\"canonical\" href=\"https:\/\/greenict.de\/en\/\" \/>\n<script type=\"application\/ld+json\" class=\"yoast-schema-graph\">{\"@context\":\"https:\\\/\\\/schema.org\",\"@graph\":[{\"@type\":\"WebPage\",\"@id\":\"https:\\\/\\\/greenict.de\\\/\",\"url\":\"https:\\\/\\\/greenict.de\\\/\",\"name\":\"Green ICT - Nachhaltige IT und Kommunikationstechnik\",\"isPartOf\":{\"@id\":\"https:\\\/\\\/greenict.de\\\/#website\"},\"primaryImageOfPage\":{\"@id\":\"https:\\\/\\\/greenict.de\\\/#primaryimage\"},\"image\":{\"@id\":\"https:\\\/\\\/greenict.de\\\/#primaryimage\"},\"thumbnailUrl\":\"https:\\\/\\\/greenict.de\\\/wp-content\\\/uploads\\\/2023\\\/08\\\/220825-loewn_fmd_green_ict_pressebild_21-scaled.jpg\",\"datePublished\":\"2024-04-29T12:20:48+00:00\",\"dateModified\":\"2026-02-27T11:20:20+00:00\",\"description\":\"Kompetenzzentrum f\u00fcr nachhaltige Digitalisierung und Elektronik: \u2713 3 Kernprojekte \u2713 F\u00f6rderprogramme \u2713 Weiterbildungsangebote\",\"breadcrumb\":{\"@id\":\"https:\\\/\\\/greenict.de\\\/#breadcrumb\"},\"inLanguage\":\"en-GB\",\"potentialAction\":[{\"@type\":\"ReadAction\",\"target\":[\"https:\\\/\\\/greenict.de\\\/\"]}]},{\"@type\":\"ImageObject\",\"inLanguage\":\"en-GB\",\"@id\":\"https:\\\/\\\/greenict.de\\\/#primaryimage\",\"url\":\"https:\\\/\\\/greenict.de\\\/wp-content\\\/uploads\\\/2023\\\/08\\\/220825-loewn_fmd_green_ict_pressebild_21-scaled.jpg\",\"contentUrl\":\"https:\\\/\\\/greenict.de\\\/wp-content\\\/uploads\\\/2023\\\/08\\\/220825-loewn_fmd_green_ict_pressebild_21-scaled.jpg\",\"width\":2560,\"height\":1440,\"caption\":\"Green ICT Logo auf gr\u00fcn eingef\u00e4rbter Laboraufnahme mit Menschen\"},{\"@type\":\"BreadcrumbList\",\"@id\":\"https:\\\/\\\/greenict.de\\\/#breadcrumb\",\"itemListElement\":[{\"@type\":\"ListItem\",\"position\":1,\"name\":\"Startseite\",\"item\":\"https:\\\/\\\/greenict.de\\\/\"},{\"@type\":\"ListItem\",\"position\":2,\"name\":\"Es gibt gute Gr\u00fcnde f\u00fcr gr\u00fcne Elektronik&#8230;\"}]},{\"@type\":\"WebSite\",\"@id\":\"https:\\\/\\\/greenict.de\\\/#website\",\"url\":\"https:\\\/\\\/greenict.de\\\/\",\"name\":\"Green ICT\",\"description\":\"Kompetenzzentrum f\u00fcr eine ressourcenbewusste Informations- und Kommunikationstechnik\",\"publisher\":{\"@id\":\"https:\\\/\\\/greenict.de\\\/#organization\"},\"alternateName\":\"Nachhaltige Mikroelektronik\",\"potentialAction\":[{\"@type\":\"SearchAction\",\"target\":{\"@type\":\"EntryPoint\",\"urlTemplate\":\"https:\\\/\\\/greenict.de\\\/?s={search_term_string}\"},\"query-input\":{\"@type\":\"PropertyValueSpecification\",\"valueRequired\":true,\"valueName\":\"search_term_string\"}}],\"inLanguage\":\"en-GB\"},{\"@type\":\"Organization\",\"@id\":\"https:\\\/\\\/greenict.de\\\/#organization\",\"name\":\"Forschungsfabrik Mikroelektronik Deutschland\",\"alternateName\":\"FMD\",\"url\":\"https:\\\/\\\/greenict.de\\\/\",\"logo\":{\"@type\":\"ImageObject\",\"inLanguage\":\"en-GB\",\"@id\":\"https:\\\/\\\/greenict.de\\\/#\\\/schema\\\/logo\\\/image\\\/\",\"url\":\"https:\\\/\\\/greenict.de\\\/wp-content\\\/uploads\\\/2022\\\/11\\\/FMD-Logo_farbe-50-mm.png\",\"contentUrl\":\"https:\\\/\\\/greenict.de\\\/wp-content\\\/uploads\\\/2022\\\/11\\\/FMD-Logo_farbe-50-mm.png\",\"width\":592,\"height\":135,\"caption\":\"Forschungsfabrik Mikroelektronik Deutschland\"},\"image\":{\"@id\":\"https:\\\/\\\/greenict.de\\\/#\\\/schema\\\/logo\\\/image\\\/\"}}]}<\/script>\n<!-- \/ Yoast SEO plugin. -->","yoast_head_json":{"title":"Green ICT - Sustainable IT and communication technology","description":"Competence center for sustainable digitalization and electronics.  \u2713 Student programs \u2713 Funding programs \u2713 Further education","robots":{"index":"index","follow":"follow","max-snippet":"max-snippet:-1","max-image-preview":"max-image-preview:large","max-video-preview":"max-video-preview:-1"},"canonical":"https:\/\/greenict.de\/en\/","schema":{"@context":"https:\/\/schema.org","@graph":[{"@type":"WebPage","@id":"https:\/\/greenict.de\/","url":"https:\/\/greenict.de\/","name":"Green ICT - Sustainable IT and communication technology","isPartOf":{"@id":"https:\/\/greenict.de\/#website"},"primaryImageOfPage":{"@id":"https:\/\/greenict.de\/#primaryimage"},"image":{"@id":"https:\/\/greenict.de\/#primaryimage"},"thumbnailUrl":"https:\/\/greenict.de\/wp-content\/uploads\/2023\/08\/220825-loewn_fmd_green_ict_pressebild_21-scaled.jpg","datePublished":"2024-04-29T12:20:48+00:00","dateModified":"2026-02-27T11:20:20+00:00","description":"Competence center for sustainable digitalization and electronics.  \u2713 Student programs \u2713 Funding programs \u2713 Further education","breadcrumb":{"@id":"https:\/\/greenict.de\/#breadcrumb"},"inLanguage":"en-GB","potentialAction":[{"@type":"ReadAction","target":["https:\/\/greenict.de\/"]}]},{"@type":"ImageObject","inLanguage":"en-GB","@id":"https:\/\/greenict.de\/#primaryimage","url":"https:\/\/greenict.de\/wp-content\/uploads\/2023\/08\/220825-loewn_fmd_green_ict_pressebild_21-scaled.jpg","contentUrl":"https:\/\/greenict.de\/wp-content\/uploads\/2023\/08\/220825-loewn_fmd_green_ict_pressebild_21-scaled.jpg","width":2560,"height":1440,"caption":"Green ICT Logo auf gr\u00fcn eingef\u00e4rbter Laboraufnahme mit Menschen"},{"@type":"BreadcrumbList","@id":"https:\/\/greenict.de\/#breadcrumb","itemListElement":[{"@type":"ListItem","position":1,"name":"Startseite","item":"https:\/\/greenict.de\/"},{"@type":"ListItem","position":2,"name":"Es gibt gute Gr\u00fcnde f\u00fcr gr\u00fcne Elektronik&#8230;"}]},{"@type":"WebSite","@id":"https:\/\/greenict.de\/#website","url":"https:\/\/greenict.de\/","name":"Competence center for sustainable IT and communication technology","description":"Competence center for sustainable information and communication technology","publisher":{"@id":"https:\/\/greenict.de\/#organization"},"alternateName":"Nachhaltige Mikroelektronik","potentialAction":[{"@type":"SearchAction","target":{"@type":"EntryPoint","urlTemplate":"https:\/\/greenict.de\/?s={search_term_string}"},"query-input":{"@type":"PropertyValueSpecification","valueRequired":true,"valueName":"search_term_string"}}],"inLanguage":"en-GB"},{"@type":"Organization","@id":"https:\/\/greenict.de\/#organization","name":"Research Fab Microelectronics Germany","alternateName":"FMD","url":"https:\/\/greenict.de\/","logo":{"@type":"ImageObject","inLanguage":"en-GB","@id":"https:\/\/greenict.de\/#\/schema\/logo\/image\/","url":"https:\/\/greenict.de\/wp-content\/uploads\/2022\/11\/FMD-Logo_farbe-50-mm.png","contentUrl":"https:\/\/greenict.de\/wp-content\/uploads\/2022\/11\/FMD-Logo_farbe-50-mm.png","width":592,"height":135,"caption":"Forschungsfabrik Mikroelektronik Deutschland"},"image":{"@id":"https:\/\/greenict.de\/#\/schema\/logo\/image\/"}}]}},"_links":{"self":[{"href":"https:\/\/greenict.de\/en\/wp-json\/wp\/v2\/pages\/7771","targetHints":{"allow":["GET"]}}],"collection":[{"href":"https:\/\/greenict.de\/en\/wp-json\/wp\/v2\/pages"}],"about":[{"href":"https:\/\/greenict.de\/en\/wp-json\/wp\/v2\/types\/page"}],"author":[{"embeddable":true,"href":"https:\/\/greenict.de\/en\/wp-json\/wp\/v2\/users\/2"}],"replies":[{"embeddable":true,"href":"https:\/\/greenict.de\/en\/wp-json\/wp\/v2\/comments?post=7771"}],"version-history":[{"count":408,"href":"https:\/\/greenict.de\/en\/wp-json\/wp\/v2\/pages\/7771\/revisions"}],"predecessor-version":[{"id":14443,"href":"https:\/\/greenict.de\/en\/wp-json\/wp\/v2\/pages\/7771\/revisions\/14443"}],"wp:featuredmedia":[{"embeddable":true,"href":"https:\/\/greenict.de\/en\/wp-json\/wp\/v2\/media\/3741"}],"wp:attachment":[{"href":"https:\/\/greenict.de\/en\/wp-json\/wp\/v2\/media?parent=7771"}],"curies":[{"name":"wp","href":"https:\/\/api.w.org\/{rel}","templated":true}]}}