{"id":7556,"date":"2024-02-29T10:55:57","date_gmt":"2024-02-29T09:55:57","guid":{"rendered":"https:\/\/greenict.de\/?page_id=7556"},"modified":"2024-06-25T14:56:00","modified_gmt":"2024-06-25T12:56:00","slug":"space-jury-pitch","status":"publish","type":"page","link":"https:\/\/greenict.de\/en\/space-jury-pitch\/","title":{"rendered":"Registration for jury pitch"},"content":{"rendered":"<p><\/p>\n\n\n\n<p><\/p>\n\n\n\n<p><strong>When?<\/strong> <br>Donnerstag, 11. April 2024<br>09:00-12:00 Uhr, Einlass ab 08:30 Uhr<\/p>\n\n\n\n<p><strong>Where?<\/strong><br>Ferdinand-Braun-Institut gGmbH, Leibniz-Institut f\u00fcr H\u00f6chstfrequenztechnik<br>Gustav-Kirchhoff-Str. 4<br>12489 Berlin <a href=\"https:\/\/maps.app.goo.gl\/cLBB8qc6yBBkSNjB8\" target=\"_blank\" rel=\"noreferrer noopener\">-> zur Kartenansicht<\/a><\/p>\n\n\n\n<p><\/p>\n\n\n\n<p><strong>Ablauf<\/strong>:<br>Jedes Green ICT Space-Projektteam \u2013 bestehend aus einem Start-up oder KMU und ein oder mehreren Partnern des FMD-QNC-Konsortiums \u2013 stellt innerhalb von sieben Minuten einer f\u00fcnfk\u00f6pfigen Jury ihr Projekt vor. Anschlie\u00dfend gibt es jeweils eine achtmin\u00fctige Fragerunde.<\/p>\n\n\n\n<p>Zum Abschluss der Veranstaltung werden die Gewinner von der Jury unter Vorbehalt der offiziellen Mittelfreigabe durch den Projekttr\u00e4ger bekanntgegeben.<\/p>\n\n\n\n<p>Hier k\u00f6nnen Sie sich offiziell f\u00fcr die Jury-Pitch-Veranstaltung anmelden. Auf der Veranstaltung werden Fotos gemacht, mit deren sp\u00e4teren Verwendung Sie sich durch den Besuch der Veranstaltung einverstanden erkl\u00e4ren.<\/p>\n\n\n\n<p>Der Bewerbungs- und Auswahlprozess des Green ICT Space endet mit dieser Jury-Pitch-Veranstaltung, die durch die Forschungsfabrik Mikroelektronik Deutschland <a href=\"https:\/\/www.forschungsfabrik-mikroelektronik.de\/\">(FMD)<\/a> organisiert wird.<\/p>\n\n\n\n<p><\/p>\n\n\n\n<h2 class=\"wp-block-heading\">registration form<\/h2>\n\n\n\n<div class=\"wp-block-contact-form-7-contact-form-selector\">\n<div class=\"wpcf7 no-js\" id=\"wpcf7-f2294-o1\" lang=\"de-DE\" dir=\"ltr\" data-wpcf7-id=\"2294\">\n<div class=\"screen-reader-response\"><p role=\"status\" aria-live=\"polite\" aria-atomic=\"true\"><\/p> <ul><\/ul><\/div>\n<form action=\"\/en\/wp-json\/wp\/v2\/pages\/7556#wpcf7-f2294-o1\" method=\"post\" class=\"wpcf7-form init\" aria-label=\"Kontaktformular\" novalidate=\"novalidate\" data-status=\"init\" data-trp-original-action=\"\/en\/wp-json\/wp\/v2\/pages\/7556#wpcf7-f2294-o1\">\n<fieldset class=\"hidden-fields-container\"><input type=\"hidden\" name=\"_wpcf7\" value=\"2294\" \/><input type=\"hidden\" name=\"_wpcf7_version\" value=\"6.1.5\" \/><input type=\"hidden\" name=\"_wpcf7_locale\" value=\"de_DE_formal\" \/><input type=\"hidden\" name=\"_wpcf7_unit_tag\" value=\"wpcf7-f2294-o1\" \/><input type=\"hidden\" name=\"_wpcf7_container_post\" value=\"0\" \/><input type=\"hidden\" name=\"_wpcf7_posted_data_hash\" value=\"\" \/><input type=\"hidden\" name=\"_wpcf7_recaptcha_response\" value=\"\" \/>\n<\/fieldset>\n<p><span class=\"wpcf7-form-control-wrap\" data-name=\"your-salutation\"><select class=\"wpcf7-form-control wpcf7-select wpcf7-validates-as-required\" aria-required=\"true\" aria-invalid=\"false\" name=\"your-salutation\"><option value=\"\">Salutation<\/option><option value=\"Frau\">Mrs<\/option><option value=\"Herr\">Mr<\/option><option value=\"Divers\">Divers<\/option><option value=\"ohne Anrede\">without salutation<\/option><\/select><\/span>\n<\/p>\n<p><span class=\"wpcf7-form-control-wrap\" data-name=\"your-title\"><input size=\"40\" maxlength=\"400\" class=\"wpcf7-form-control wpcf7-text\" aria-invalid=\"false\" placeholder=\"Title\" value=\"\" type=\"text\" name=\"your-title\" \/><\/span>\n<\/p>\n<p><span class=\"wpcf7-form-control-wrap\" data-name=\"your-firstname\"><input size=\"40\" maxlength=\"400\" class=\"wpcf7-form-control wpcf7-text wpcf7-validates-as-required\" aria-required=\"true\" aria-invalid=\"false\" placeholder=\"First name\" value=\"\" type=\"text\" name=\"your-firstname\" \/><\/span>\n<\/p>\n<p><span class=\"wpcf7-form-control-wrap\" data-name=\"your-surname\"><input size=\"40\" maxlength=\"400\" class=\"wpcf7-form-control wpcf7-text wpcf7-validates-as-required\" aria-required=\"true\" aria-invalid=\"false\" placeholder=\"Surname\" value=\"\" type=\"text\" name=\"your-surname\" \/><\/span>\n<\/p>\n<p><span class=\"wpcf7-form-control-wrap\" data-name=\"your-email\"><input size=\"40\" maxlength=\"400\" class=\"wpcf7-form-control wpcf7-email wpcf7-validates-as-required wpcf7-text wpcf7-validates-as-email\" aria-required=\"true\" aria-invalid=\"false\" placeholder=\"Email\" value=\"\" type=\"email\" name=\"your-email\" \/><\/span>\n<\/p>\n<p><span class=\"wpcf7-form-control-wrap\" data-name=\"your-organisation\"><input size=\"40\" maxlength=\"400\" class=\"wpcf7-form-control wpcf7-text wpcf7-validates-as-required\" aria-required=\"true\" aria-invalid=\"false\" placeholder=\"Organisation\" value=\"\" type=\"text\" name=\"your-organisation\" \/><\/span>\n<\/p>\n<p><span class=\"wpcf7-form-control-wrap\" data-name=\"your-position\"><input size=\"40\" maxlength=\"400\" class=\"wpcf7-form-control wpcf7-text wpcf7-validates-as-required\" aria-required=\"true\" aria-invalid=\"false\" placeholder=\"Position\" value=\"\" type=\"text\" name=\"your-position\" \/><\/span>\n<\/p>\n<p><input class=\"wpcf7-form-control wpcf7-submit has-spinner\" type=\"submit\" value=\"Submit\" \/>\n<\/p><div class=\"wpcf7-response-output\" aria-hidden=\"true\"><\/div>\n<input type=\"hidden\" name=\"trp-form-language\" value=\"en\"\/><\/form>\n<\/div>\n<\/div>","protected":false},"excerpt":{"rendered":"<p>Wann? Donnerstag, 11. April 202409:00-12:00 Uhr, Einlass ab 08:30 Uhr Wo?Ferdinand-Braun-Institut gGmbH, Leibniz-Institut f\u00fcr H\u00f6chstfrequenztechnikGustav-Kirchhoff-Str. 412489 Berlin -> zur Kartenansicht Ablauf:Jedes Green ICT Space-Projektteam \u2013 bestehend aus einem Start-up oder KMU und ein oder mehreren Partnern des FMD-QNC-Konsortiums \u2013 stellt&#8230;<\/p>","protected":false},"author":2,"featured_media":2879,"parent":0,"menu_order":0,"comment_status":"closed","ping_status":"closed","template":"","meta":{"_acf_changed":false,"footnotes":""},"class_list":["post-7556","page","type-page","status-publish","has-post-thumbnail","hentry"],"acf":[],"yoast_head":"<!-- This site is optimized with the Yoast SEO plugin v27.5 - https:\/\/yoast.com\/product\/yoast-seo-wordpress\/ -->\n<title>Anmeldung zum Jury-Pitch<\/title>\n<meta name=\"description\" content=\"Melden Sie sich zum Jury-Pitch an und pr\u00e4sentieren Sie Ihre nachhaltigen IT-L\u00f6sungen vor unserer Fachjury!\" \/>\n<meta name=\"robots\" content=\"index, follow, max-snippet:-1, max-image-preview:large, max-video-preview:-1\" \/>\n<link rel=\"canonical\" href=\"https:\/\/greenict.de\/en\/space-jury-pitch\/\" \/>\n<script type=\"application\/ld+json\" class=\"yoast-schema-graph\">{\"@context\":\"https:\\\/\\\/schema.org\",\"@graph\":[{\"@type\":\"WebPage\",\"@id\":\"https:\\\/\\\/greenict.de\\\/space-jury-pitch\\\/\",\"url\":\"https:\\\/\\\/greenict.de\\\/space-jury-pitch\\\/\",\"name\":\"Anmeldung zum Jury-Pitch\",\"isPartOf\":{\"@id\":\"https:\\\/\\\/greenict.de\\\/#website\"},\"primaryImageOfPage\":{\"@id\":\"https:\\\/\\\/greenict.de\\\/space-jury-pitch\\\/#primaryimage\"},\"image\":{\"@id\":\"https:\\\/\\\/greenict.de\\\/space-jury-pitch\\\/#primaryimage\"},\"thumbnailUrl\":\"https:\\\/\\\/greenict.de\\\/wp-content\\\/uploads\\\/2023\\\/05\\\/fmd-greenictspace-keyvisual.jpg\",\"datePublished\":\"2024-02-29T09:55:57+00:00\",\"dateModified\":\"2024-06-25T12:56:00+00:00\",\"description\":\"Melden Sie sich zum Jury-Pitch an und pr\u00e4sentieren Sie Ihre nachhaltigen IT-L\u00f6sungen vor unserer Fachjury!\",\"breadcrumb\":{\"@id\":\"https:\\\/\\\/greenict.de\\\/space-jury-pitch\\\/#breadcrumb\"},\"inLanguage\":\"en-GB\",\"potentialAction\":[{\"@type\":\"ReadAction\",\"target\":[\"https:\\\/\\\/greenict.de\\\/space-jury-pitch\\\/\"]}]},{\"@type\":\"ImageObject\",\"inLanguage\":\"en-GB\",\"@id\":\"https:\\\/\\\/greenict.de\\\/space-jury-pitch\\\/#primaryimage\",\"url\":\"https:\\\/\\\/greenict.de\\\/wp-content\\\/uploads\\\/2023\\\/05\\\/fmd-greenictspace-keyvisual.jpg\",\"contentUrl\":\"https:\\\/\\\/greenict.de\\\/wp-content\\\/uploads\\\/2023\\\/05\\\/fmd-greenictspace-keyvisual.jpg\",\"width\":1024,\"height\":576,\"caption\":\"Green ICT Space Logo \u00fcber Bild von Waldlichtung\"},{\"@type\":\"BreadcrumbList\",\"@id\":\"https:\\\/\\\/greenict.de\\\/space-jury-pitch\\\/#breadcrumb\",\"itemListElement\":[{\"@type\":\"ListItem\",\"position\":1,\"name\":\"Startseite\",\"item\":\"https:\\\/\\\/greenict.de\\\/\"},{\"@type\":\"ListItem\",\"position\":2,\"name\":\"Anmeldung zum Jury-Pitch\"}]},{\"@type\":\"WebSite\",\"@id\":\"https:\\\/\\\/greenict.de\\\/#website\",\"url\":\"https:\\\/\\\/greenict.de\\\/\",\"name\":\"Green ICT\",\"description\":\"Kompetenzzentrum f\u00fcr eine ressourcenbewusste Informations- und Kommunikationstechnik\",\"publisher\":{\"@id\":\"https:\\\/\\\/greenict.de\\\/#organization\"},\"alternateName\":\"Nachhaltige Mikroelektronik\",\"potentialAction\":[{\"@type\":\"SearchAction\",\"target\":{\"@type\":\"EntryPoint\",\"urlTemplate\":\"https:\\\/\\\/greenict.de\\\/?s={search_term_string}\"},\"query-input\":{\"@type\":\"PropertyValueSpecification\",\"valueRequired\":true,\"valueName\":\"search_term_string\"}}],\"inLanguage\":\"en-GB\"},{\"@type\":\"Organization\",\"@id\":\"https:\\\/\\\/greenict.de\\\/#organization\",\"name\":\"Forschungsfabrik Mikroelektronik Deutschland\",\"alternateName\":\"FMD\",\"url\":\"https:\\\/\\\/greenict.de\\\/\",\"logo\":{\"@type\":\"ImageObject\",\"inLanguage\":\"en-GB\",\"@id\":\"https:\\\/\\\/greenict.de\\\/#\\\/schema\\\/logo\\\/image\\\/\",\"url\":\"https:\\\/\\\/greenict.de\\\/wp-content\\\/uploads\\\/2022\\\/11\\\/FMD-Logo_farbe-50-mm.png\",\"contentUrl\":\"https:\\\/\\\/greenict.de\\\/wp-content\\\/uploads\\\/2022\\\/11\\\/FMD-Logo_farbe-50-mm.png\",\"width\":592,\"height\":135,\"caption\":\"Forschungsfabrik Mikroelektronik Deutschland\"},\"image\":{\"@id\":\"https:\\\/\\\/greenict.de\\\/#\\\/schema\\\/logo\\\/image\\\/\"}}]}<\/script>\n<!-- \/ Yoast SEO plugin. -->","yoast_head_json":{"title":"Registration for jury pitch","description":"Register for the jury pitch and present your sustainable IT solutions to our expert jury!","robots":{"index":"index","follow":"follow","max-snippet":"max-snippet:-1","max-image-preview":"max-image-preview:large","max-video-preview":"max-video-preview:-1"},"canonical":"https:\/\/greenict.de\/en\/space-jury-pitch\/","schema":{"@context":"https:\/\/schema.org","@graph":[{"@type":"WebPage","@id":"https:\/\/greenict.de\/space-jury-pitch\/","url":"https:\/\/greenict.de\/space-jury-pitch\/","name":"Registration for jury pitch","isPartOf":{"@id":"https:\/\/greenict.de\/#website"},"primaryImageOfPage":{"@id":"https:\/\/greenict.de\/space-jury-pitch\/#primaryimage"},"image":{"@id":"https:\/\/greenict.de\/space-jury-pitch\/#primaryimage"},"thumbnailUrl":"https:\/\/greenict.de\/wp-content\/uploads\/2023\/05\/fmd-greenictspace-keyvisual.jpg","datePublished":"2024-02-29T09:55:57+00:00","dateModified":"2024-06-25T12:56:00+00:00","description":"Register for the jury pitch and present your sustainable IT solutions to our expert jury!","breadcrumb":{"@id":"https:\/\/greenict.de\/space-jury-pitch\/#breadcrumb"},"inLanguage":"en-GB","potentialAction":[{"@type":"ReadAction","target":["https:\/\/greenict.de\/space-jury-pitch\/"]}]},{"@type":"ImageObject","inLanguage":"en-GB","@id":"https:\/\/greenict.de\/space-jury-pitch\/#primaryimage","url":"https:\/\/greenict.de\/wp-content\/uploads\/2023\/05\/fmd-greenictspace-keyvisual.jpg","contentUrl":"https:\/\/greenict.de\/wp-content\/uploads\/2023\/05\/fmd-greenictspace-keyvisual.jpg","width":1024,"height":576,"caption":"Green ICT Space Logo \u00fcber Bild von Waldlichtung"},{"@type":"BreadcrumbList","@id":"https:\/\/greenict.de\/space-jury-pitch\/#breadcrumb","itemListElement":[{"@type":"ListItem","position":1,"name":"Startseite","item":"https:\/\/greenict.de\/"},{"@type":"ListItem","position":2,"name":"Anmeldung zum Jury-Pitch"}]},{"@type":"WebSite","@id":"https:\/\/greenict.de\/#website","url":"https:\/\/greenict.de\/","name":"Competence center for sustainable IT and communication technology","description":"Competence center for sustainable information and communication technology","publisher":{"@id":"https:\/\/greenict.de\/#organization"},"alternateName":"Nachhaltige Mikroelektronik","potentialAction":[{"@type":"SearchAction","target":{"@type":"EntryPoint","urlTemplate":"https:\/\/greenict.de\/?s={search_term_string}"},"query-input":{"@type":"PropertyValueSpecification","valueRequired":true,"valueName":"search_term_string"}}],"inLanguage":"en-GB"},{"@type":"Organization","@id":"https:\/\/greenict.de\/#organization","name":"Research Fab Microelectronics Germany","alternateName":"FMD","url":"https:\/\/greenict.de\/","logo":{"@type":"ImageObject","inLanguage":"en-GB","@id":"https:\/\/greenict.de\/#\/schema\/logo\/image\/","url":"https:\/\/greenict.de\/wp-content\/uploads\/2022\/11\/FMD-Logo_farbe-50-mm.png","contentUrl":"https:\/\/greenict.de\/wp-content\/uploads\/2022\/11\/FMD-Logo_farbe-50-mm.png","width":592,"height":135,"caption":"Forschungsfabrik Mikroelektronik Deutschland"},"image":{"@id":"https:\/\/greenict.de\/#\/schema\/logo\/image\/"}}]}},"_links":{"self":[{"href":"https:\/\/greenict.de\/en\/wp-json\/wp\/v2\/pages\/7556","targetHints":{"allow":["GET"]}}],"collection":[{"href":"https:\/\/greenict.de\/en\/wp-json\/wp\/v2\/pages"}],"about":[{"href":"https:\/\/greenict.de\/en\/wp-json\/wp\/v2\/types\/page"}],"author":[{"embeddable":true,"href":"https:\/\/greenict.de\/en\/wp-json\/wp\/v2\/users\/2"}],"replies":[{"embeddable":true,"href":"https:\/\/greenict.de\/en\/wp-json\/wp\/v2\/comments?post=7556"}],"version-history":[{"count":18,"href":"https:\/\/greenict.de\/en\/wp-json\/wp\/v2\/pages\/7556\/revisions"}],"predecessor-version":[{"id":9337,"href":"https:\/\/greenict.de\/en\/wp-json\/wp\/v2\/pages\/7556\/revisions\/9337"}],"wp:featuredmedia":[{"embeddable":true,"href":"https:\/\/greenict.de\/en\/wp-json\/wp\/v2\/media\/2879"}],"wp:attachment":[{"href":"https:\/\/greenict.de\/en\/wp-json\/wp\/v2\/media?parent=7556"}],"curies":[{"name":"wp","href":"https:\/\/api.w.org\/{rel}","templated":true}]}}