{"id":6654,"date":"2024-01-29T15:50:08","date_gmt":"2024-01-29T14:50:08","guid":{"rendered":"https:\/\/greenict.de\/?page_id=6654"},"modified":"2025-07-02T12:07:04","modified_gmt":"2025-07-02T10:07:04","slug":"vertiefungsmodule","status":"publish","type":"page","link":"https:\/\/greenict.de\/en\/vertiefungsmodule\/","title":{"rendered":"Specialization modules"},"content":{"rendered":"<p><\/p>\n\n\n\n<p class=\"translation-block\">If you would like to delve deeper into one of the topics we have covered so far on environmental potential analyses, life cycle assessments or life cycle analyses of ICT products and their manufacturing processes, we can offer you and your company a customized training course. It would be advantageous to base the training on a specific example from your sector or product portfolio, which is then analyzed, calculated and evaluated in joint training sessions with our team of experts. This ensures that the learning effect has maximum benefit for your company and that you can then solve new issues as independently as possible.<\/p>\n\n\n\n<p>The scope of the training depends on the topic and the selection of the specific example. Between 6 and 12 units of 45 minutes each are conceivable, depending on the complexity of the task. The training units can be held online or, if required, in person. Our group of experts will be happy to support you in selecting a suitable specific example in an initial consultation. Get in touch with us!<\/p>\n\n\n\n<div class=\"wp-block-buttons has-custom-font-size has-small-font-size is-content-justification-center is-layout-flex wp-container-core-buttons-is-layout-16018d1d wp-block-buttons-is-layout-flex\">\n<div class=\"wp-block-button has-custom-width wp-block-button__width-50\"><a class=\"wp-block-button__link has-white-color has-text-color has-background wp-element-button\" href=\"mailto:hans.walter@mikroelektronik.fraunhofer.de\" style=\"border-radius:50px;background-color:#009374\" target=\"_blank\" rel=\"https:\/\/greenict.de\/kontakt\/ noopener noreferrer\">Contact us<\/a><\/div>\n<\/div>","protected":false},"excerpt":{"rendered":"<p>Falls Sie tiefer in eines der bisher von uns behandelten Themengebiete zu Umweltpotentialanalysen, \u00d6kobilanzierungen oder Lebenszyklusanalysen von IKT-Produkten und deren Herstellungsprozessen einsteigen m\u00f6chten, bieten wir Ihnen und Ihrem Unternehmen ein ma\u00dfgeschneidertes Weiterbildungsangebot an. Daf\u00fcr w\u00e4re es vorteilhaft, die Schulung an&#8230;<\/p>","protected":false},"author":2,"featured_media":0,"parent":0,"menu_order":0,"comment_status":"closed","ping_status":"closed","template":"","meta":{"_acf_changed":false,"footnotes":""},"class_list":["post-6654","page","type-page","status-publish","hentry"],"acf":[],"yoast_head":"<!-- This site is optimized with the Yoast SEO plugin v27.4 - https:\/\/yoast.com\/product\/yoast-seo-wordpress\/ -->\n<title>Vertiefungsmodule<\/title>\n<meta name=\"description\" content=\"Entdecken Sie unsere Expertenmodule und vertiefen Sie Ihr Wissen \u00fcber nachhaltige Kommunikations- und Informationstechnik!\" \/>\n<meta name=\"robots\" content=\"index, follow, max-snippet:-1, max-image-preview:large, max-video-preview:-1\" \/>\n<link rel=\"canonical\" href=\"https:\/\/greenict.de\/en\/vertiefungsmodule\/\" \/>\n<script type=\"application\/ld+json\" class=\"yoast-schema-graph\">{\"@context\":\"https:\\\/\\\/schema.org\",\"@graph\":[{\"@type\":\"WebPage\",\"@id\":\"https:\\\/\\\/greenict.de\\\/vertiefungsmodule\\\/\",\"url\":\"https:\\\/\\\/greenict.de\\\/vertiefungsmodule\\\/\",\"name\":\"Vertiefungsmodule\",\"isPartOf\":{\"@id\":\"https:\\\/\\\/greenict.de\\\/#website\"},\"datePublished\":\"2024-01-29T14:50:08+00:00\",\"dateModified\":\"2025-07-02T10:07:04+00:00\",\"description\":\"Entdecken Sie unsere Expertenmodule und vertiefen Sie Ihr Wissen \u00fcber nachhaltige Kommunikations- und Informationstechnik!\",\"breadcrumb\":{\"@id\":\"https:\\\/\\\/greenict.de\\\/vertiefungsmodule\\\/#breadcrumb\"},\"inLanguage\":\"en-GB\",\"potentialAction\":[{\"@type\":\"ReadAction\",\"target\":[\"https:\\\/\\\/greenict.de\\\/vertiefungsmodule\\\/\"]}]},{\"@type\":\"BreadcrumbList\",\"@id\":\"https:\\\/\\\/greenict.de\\\/vertiefungsmodule\\\/#breadcrumb\",\"itemListElement\":[{\"@type\":\"ListItem\",\"position\":1,\"name\":\"Startseite\",\"item\":\"https:\\\/\\\/greenict.de\\\/\"},{\"@type\":\"ListItem\",\"position\":2,\"name\":\"Vertiefungsmodule\"}]},{\"@type\":\"WebSite\",\"@id\":\"https:\\\/\\\/greenict.de\\\/#website\",\"url\":\"https:\\\/\\\/greenict.de\\\/\",\"name\":\"Green ICT\",\"description\":\"Kompetenzzentrum f\u00fcr eine ressourcenbewusste Informations- und Kommunikationstechnik\",\"publisher\":{\"@id\":\"https:\\\/\\\/greenict.de\\\/#organization\"},\"alternateName\":\"Nachhaltige Mikroelektronik\",\"potentialAction\":[{\"@type\":\"SearchAction\",\"target\":{\"@type\":\"EntryPoint\",\"urlTemplate\":\"https:\\\/\\\/greenict.de\\\/?s={search_term_string}\"},\"query-input\":{\"@type\":\"PropertyValueSpecification\",\"valueRequired\":true,\"valueName\":\"search_term_string\"}}],\"inLanguage\":\"en-GB\"},{\"@type\":\"Organization\",\"@id\":\"https:\\\/\\\/greenict.de\\\/#organization\",\"name\":\"Forschungsfabrik Mikroelektronik Deutschland\",\"alternateName\":\"FMD\",\"url\":\"https:\\\/\\\/greenict.de\\\/\",\"logo\":{\"@type\":\"ImageObject\",\"inLanguage\":\"en-GB\",\"@id\":\"https:\\\/\\\/greenict.de\\\/#\\\/schema\\\/logo\\\/image\\\/\",\"url\":\"https:\\\/\\\/greenict.de\\\/wp-content\\\/uploads\\\/2022\\\/11\\\/FMD-Logo_farbe-50-mm.png\",\"contentUrl\":\"https:\\\/\\\/greenict.de\\\/wp-content\\\/uploads\\\/2022\\\/11\\\/FMD-Logo_farbe-50-mm.png\",\"width\":592,\"height\":135,\"caption\":\"Forschungsfabrik Mikroelektronik Deutschland\"},\"image\":{\"@id\":\"https:\\\/\\\/greenict.de\\\/#\\\/schema\\\/logo\\\/image\\\/\"}}]}<\/script>\n<!-- \/ Yoast SEO plugin. -->","yoast_head_json":{"title":"Specialization modules","description":"Discover our expert modules and deepen your knowledge of sustainable communication and information technology!","robots":{"index":"index","follow":"follow","max-snippet":"max-snippet:-1","max-image-preview":"max-image-preview:large","max-video-preview":"max-video-preview:-1"},"canonical":"https:\/\/greenict.de\/en\/vertiefungsmodule\/","schema":{"@context":"https:\/\/schema.org","@graph":[{"@type":"WebPage","@id":"https:\/\/greenict.de\/vertiefungsmodule\/","url":"https:\/\/greenict.de\/vertiefungsmodule\/","name":"Specialization modules","isPartOf":{"@id":"https:\/\/greenict.de\/#website"},"datePublished":"2024-01-29T14:50:08+00:00","dateModified":"2025-07-02T10:07:04+00:00","description":"Discover our expert modules and deepen your knowledge of sustainable communication and information technology!","breadcrumb":{"@id":"https:\/\/greenict.de\/vertiefungsmodule\/#breadcrumb"},"inLanguage":"en-GB","potentialAction":[{"@type":"ReadAction","target":["https:\/\/greenict.de\/vertiefungsmodule\/"]}]},{"@type":"BreadcrumbList","@id":"https:\/\/greenict.de\/vertiefungsmodule\/#breadcrumb","itemListElement":[{"@type":"ListItem","position":1,"name":"Startseite","item":"https:\/\/greenict.de\/"},{"@type":"ListItem","position":2,"name":"Vertiefungsmodule"}]},{"@type":"WebSite","@id":"https:\/\/greenict.de\/#website","url":"https:\/\/greenict.de\/","name":"Competence center for sustainable IT and communication technology","description":"Competence center for sustainable information and communication technology","publisher":{"@id":"https:\/\/greenict.de\/#organization"},"alternateName":"Nachhaltige Mikroelektronik","potentialAction":[{"@type":"SearchAction","target":{"@type":"EntryPoint","urlTemplate":"https:\/\/greenict.de\/?s={search_term_string}"},"query-input":{"@type":"PropertyValueSpecification","valueRequired":true,"valueName":"search_term_string"}}],"inLanguage":"en-GB"},{"@type":"Organization","@id":"https:\/\/greenict.de\/#organization","name":"Research Fab Microelectronics Germany","alternateName":"FMD","url":"https:\/\/greenict.de\/","logo":{"@type":"ImageObject","inLanguage":"en-GB","@id":"https:\/\/greenict.de\/#\/schema\/logo\/image\/","url":"https:\/\/greenict.de\/wp-content\/uploads\/2022\/11\/FMD-Logo_farbe-50-mm.png","contentUrl":"https:\/\/greenict.de\/wp-content\/uploads\/2022\/11\/FMD-Logo_farbe-50-mm.png","width":592,"height":135,"caption":"Forschungsfabrik Mikroelektronik Deutschland"},"image":{"@id":"https:\/\/greenict.de\/#\/schema\/logo\/image\/"}}]}},"_links":{"self":[{"href":"https:\/\/greenict.de\/en\/wp-json\/wp\/v2\/pages\/6654","targetHints":{"allow":["GET"]}}],"collection":[{"href":"https:\/\/greenict.de\/en\/wp-json\/wp\/v2\/pages"}],"about":[{"href":"https:\/\/greenict.de\/en\/wp-json\/wp\/v2\/types\/page"}],"author":[{"embeddable":true,"href":"https:\/\/greenict.de\/en\/wp-json\/wp\/v2\/users\/2"}],"replies":[{"embeddable":true,"href":"https:\/\/greenict.de\/en\/wp-json\/wp\/v2\/comments?post=6654"}],"version-history":[{"count":66,"href":"https:\/\/greenict.de\/en\/wp-json\/wp\/v2\/pages\/6654\/revisions"}],"predecessor-version":[{"id":12989,"href":"https:\/\/greenict.de\/en\/wp-json\/wp\/v2\/pages\/6654\/revisions\/12989"}],"wp:attachment":[{"href":"https:\/\/greenict.de\/en\/wp-json\/wp\/v2\/media?parent=6654"}],"curies":[{"name":"wp","href":"https:\/\/api.w.org\/{rel}","templated":true}]}}