{"id":6487,"date":"2024-01-25T13:40:48","date_gmt":"2024-01-25T12:40:48","guid":{"rendered":"https:\/\/greenict.de\/?page_id=6487"},"modified":"2025-12-09T14:55:11","modified_gmt":"2025-12-09T13:55:11","slug":"use-cases-hub1","status":"publish","type":"page","link":"https:\/\/greenict.de\/en\/use-cases-hub1\/","title":{"rendered":"Evaluation of use cases starts in the SEC Hub"},"content":{"rendered":"<p><\/p>\n\n\n\n<p class=\"translation-block\">The Green ICT Hub for  <a href=\"https:\/\/greenict.de\/en\/sensor-edge-cloud-systeme\/\" data-wpel-link=\"external\" rel=\"external noopener noreferrer\" class=\"wpel-icon-right\" target=\"_self\"><strong>Sensor Edge Cloud Systems<\/strong><span class=\"wpel-icon wpel-image wpel-icon-6\"><\/span><\/a> (SEC) has launched the first phase of validation projects. In this phase, previous results from the hub will be validated on actual use cases with industry partners.\nTwo industrial partners have been successfully acquired for the \"Metering\" and \"Condition Monitoring\" use cases.<\/p>\n\n\n\n<p><\/p>\n\n\n<div class=\"wp-block-image is-style-rounded\">\n<figure data-wp-context=\"{&quot;imageId&quot;:&quot;69d7e1d86ce56&quot;}\" data-wp-interactive=\"core\/image\" data-wp-key=\"69d7e1d86ce56\" class=\"aligncenter size-full wp-lightbox-container\"><img loading=\"lazy\" decoding=\"async\" width=\"621\" height=\"152\" data-wp-class--hide=\"state.isContentHidden\" data-wp-class--show=\"state.isContentVisible\" data-wp-init=\"callbacks.setButtonStyles\" data-wp-on--click=\"actions.showLightbox\" data-wp-on--load=\"callbacks.setButtonStyles\" data-wp-on-window--resize=\"callbacks.setButtonStyles\" src=\"https:\/\/greenict.de\/wp-content\/uploads\/2024\/01\/grafik.png\" alt=\"Bild zeigt die vier Stationen der Sensor-Edge-Cloud-Kette: Von der Sensor Plattform zur Radio Kommunikation zum Edge Computing zur Edge Cloud und wieder zur\u00fcck. \" class=\"wp-image-6489\" srcset=\"https:\/\/greenict.de\/wp-content\/uploads\/2024\/01\/grafik.png 621w, https:\/\/greenict.de\/wp-content\/uploads\/2024\/01\/grafik-300x73.png 300w, https:\/\/greenict.de\/wp-content\/uploads\/2024\/01\/grafik-18x4.png 18w\" sizes=\"auto, (max-width: 621px) 100vw, 621px\" \/><button\n\t\t\tclass=\"lightbox-trigger\"\n\t\t\ttype=\"button\"\n\t\t\taria-haspopup=\"dialog\"\n\t\t\taria-label=\"Enlarge\"\n\t\t\tdata-wp-init=\"callbacks.initTriggerButton\"\n\t\t\tdata-wp-on--click=\"actions.showLightbox\"\n\t\t\tdata-wp-style--right=\"state.imageButtonRight\"\n\t\t\tdata-wp-style--top=\"state.imageButtonTop\"\n\t\t>\n\t\t\t<svg xmlns=\"http:\/\/www.w3.org\/2000\/svg\" width=\"12\" height=\"12\" fill=\"none\" viewbox=\"0 0 12 12\">\n\t\t\t\t<path fill=\"#fff\" d=\"M2 0a2 2 0 0 0-2 2v2h1.5V2a.5.5 0 0 1 .5-.5h2V0H2Zm2 10.5H2a.5.5 0 0 1-.5-.5V8H0v2a2 2 0 0 0 2 2h2v-1.5ZM8 12v-1.5h2a.5.5 0 0 0 .5-.5V8H12v2a2 2 0 0 1-2 2H8Zm2-12a2 2 0 0 1 2 2v2h-1.5V2a.5.5 0 0 0-.5-.5H8V0h2Z\" \/>\n\t\t\t<\/svg>\n\t\t<\/button><figcaption class=\"wp-element-caption\">Image: Sensor Edge Cloud chain from the sensor to the cloud<\/figcaption><\/figure>\n<\/div>\n\n\n<h2 class=\"wp-block-heading\">Use Case Metering<\/h2>\n\n\n\n<p class=\"translation-block\">Together with an industrial partner from the metering sector, the scientists at Fraunhofer IIS are investigating the possibilities of reducing the CO<sub>2<\/sub> footprint of a metering solution. Today, metering solutions are used to automatically read out consumption values for energy (electricity, gas, water, or heat) remotely. They can thus contribute to a change in consumption behavior and reduce household energy demand by improving the timeliness of consumption values.<\/p>\n\n\n\n<p class=\"translation-block\">In a project phase lasting around six months, scientists at Fraunhofer IIS will use a sample product to investigate the extent to which different communication technologies and optimization of the energy supply can contribute to reducing CO<sub>2<\/sub>. As millions of smart meters are already being installed today, even small increases in efficiency can have a significant impact.<\/p>\n\n\n\n<h2 class=\"wp-block-heading\">Use Case Condition Monitoring<\/h2>\n\n\n\n<p class=\"translation-block\">In collaboration with industry partner Marposs Monitoring Solutions GmbH and Ruhr West University of Applied Sciences, Fraunhofer IMS is investigating the environmental impact of AI-based solutions for condition monitoring, in this case for wear monitoring of machines in machining technology. As supposedly \"old iron\", machining production processes still occupy a key position in mechanical and plant engineering. Innovative technologies such as condition monitoring enable potential savings of up to 37% of CO<sub>2<\/sub> emissions in these applications<sup class=\"fn\"><a href=\"#aee2bd57-a2c0-48e2-9ded-8d38d212ec73\" id=\"aee2bd57-a2c0-48e2-9ded-8d38d212ec73-link\" target=\"_self\">1<\/a><\/sup>, however, this requires additional computing power and sensor technology, and thus, especially in the case of mass distribution, a significant use of energy and materials.<\/p>\n\n\n\n<p class=\"translation-block\">A team of scientists from Fraunhofer IMS, together with Marposs and the Institute of Mechanical Engineering at Ruhr West University of Applied Sciences, is comparing various AI hardware modules that enable process monitoring directly on the machine tool without resorting to computing power in the cloud or at the edge. A comprehensive analysis of the energy consumption of milling machines is intended to identify potential for resource optimization through the use of embedded AI. Over a period of three months, the hardware module with the best environmental balance for this application will be determined from among those available. The further development of these processes and AI methods could lead to significant energy savings and improved sustainability in industry, such as through more efficient, targeted shutdown of machine components and energy-optimized process control.<\/p>\n\n\n\n<hr class=\"wp-block-separator has-alpha-channel-opacity\"\/>\n\n\n<ol style=\"font-size:14px;\" class=\"wp-block-footnotes\"><li id=\"26f27ad1-f343-4687-8456-9ca52730734c\"><a href=\"http:\/\/www.artis.de\" target=\"_blank\" rel=\"noreferrer noopener\">www.artis.de<\/a> <a href=\"#26f27ad1-f343-4687-8456-9ca52730734c-link\" aria-label=\"Jump to footnote reference 1\">\u21a9\ufe0e<\/a><\/li><li id=\"aee2bd57-a2c0-48e2-9ded-8d38d212ec73\">Markus Lorenz, Martin L\u00fcers, Max Ludwig, Simon Rees, Hartmut Rauen, Matthias Zelinger, Robert Stiller, \u201cGr\u00fcne Technologien f\u00fcr gr\u00fcnes Gesch\u00e4ft,\u201d 2020. <a href=\"#aee2bd57-a2c0-48e2-9ded-8d38d212ec73-link\" aria-label=\"Jump to footnote reference 2\">\u21a9\ufe0e<\/a><\/li><\/ol>\n\n\n<p><\/p>","protected":false},"excerpt":{"rendered":"<p>Der Green ICT-Hub f\u00fcr Sensor-Edge-Cloud Systeme (SEC) hat die erste Phase der Validierungsprojekte gestartet. In dieser Phase werden bisherige Ergebnisse aus dem Hub zusammen mit Industriepartnern an realen Use Cases validiert. Es konnten erfolgreich zwei Industriepartner f\u00fcr die Use Cases&#8230;<\/p>","protected":false},"author":2,"featured_media":0,"parent":0,"menu_order":0,"comment_status":"closed","ping_status":"closed","template":"","meta":{"_acf_changed":false,"footnotes":"[{\"content\":\"<a href=\\\"http:\/\/www.artis.de\\\" target=\\\"_blank\\\" rel=\\\"noreferrer noopener\\\">www.artis.de<\/a>\",\"id\":\"26f27ad1-f343-4687-8456-9ca52730734c\"},{\"content\":\"Markus Lorenz, Martin L\u00fcers, Max Ludwig, Simon Rees, Hartmut Rauen, Matthias Zelinger, Robert Stiller, \u201cGr\u00fcne Technologien f\u00fcr gr\u00fcnes Gesch\u00e4ft,\u201d 2020.\",\"id\":\"aee2bd57-a2c0-48e2-9ded-8d38d212ec73\"}]"},"class_list":["post-6487","page","type-page","status-publish","hentry"],"acf":[],"yoast_head":"<!-- This site is optimized with the Yoast SEO plugin v27.3 - https:\/\/yoast.com\/product\/yoast-seo-wordpress\/ -->\n<title>Bewertung von Use Cases startet im SEC-Hub<\/title>\n<meta name=\"description\" content=\"Der Green-ICT-Hub f\u00fcr SEC-Systeme fokussiert sich auf die Umweltbewertung von Sensoren, Datenverarbeitung und Vernetzung.\" \/>\n<meta name=\"robots\" content=\"index, follow, max-snippet:-1, max-image-preview:large, max-video-preview:-1\" \/>\n<link rel=\"canonical\" href=\"https:\/\/greenict.de\/en\/use-cases-hub1\/\" \/>\n<script type=\"application\/ld+json\" class=\"yoast-schema-graph\">{\"@context\":\"https:\\\/\\\/schema.org\",\"@graph\":[{\"@type\":\"WebPage\",\"@id\":\"https:\\\/\\\/greenict.de\\\/use-cases-hub1\\\/\",\"url\":\"https:\\\/\\\/greenict.de\\\/use-cases-hub1\\\/\",\"name\":\"Bewertung von Use Cases startet im SEC-Hub\",\"isPartOf\":{\"@id\":\"https:\\\/\\\/greenict.de\\\/#website\"},\"primaryImageOfPage\":{\"@id\":\"https:\\\/\\\/greenict.de\\\/use-cases-hub1\\\/#primaryimage\"},\"image\":{\"@id\":\"https:\\\/\\\/greenict.de\\\/use-cases-hub1\\\/#primaryimage\"},\"thumbnailUrl\":\"https:\\\/\\\/greenict.de\\\/wp-content\\\/uploads\\\/2024\\\/01\\\/grafik.png\",\"datePublished\":\"2024-01-25T12:40:48+00:00\",\"dateModified\":\"2025-12-09T13:55:11+00:00\",\"description\":\"Der Green-ICT-Hub f\u00fcr SEC-Systeme fokussiert sich auf die Umweltbewertung von Sensoren, Datenverarbeitung und Vernetzung.\",\"breadcrumb\":{\"@id\":\"https:\\\/\\\/greenict.de\\\/use-cases-hub1\\\/#breadcrumb\"},\"inLanguage\":\"en-GB\",\"potentialAction\":[{\"@type\":\"ReadAction\",\"target\":[\"https:\\\/\\\/greenict.de\\\/use-cases-hub1\\\/\"]}]},{\"@type\":\"ImageObject\",\"inLanguage\":\"en-GB\",\"@id\":\"https:\\\/\\\/greenict.de\\\/use-cases-hub1\\\/#primaryimage\",\"url\":\"https:\\\/\\\/greenict.de\\\/wp-content\\\/uploads\\\/2024\\\/01\\\/grafik.png\",\"contentUrl\":\"https:\\\/\\\/greenict.de\\\/wp-content\\\/uploads\\\/2024\\\/01\\\/grafik.png\"},{\"@type\":\"BreadcrumbList\",\"@id\":\"https:\\\/\\\/greenict.de\\\/use-cases-hub1\\\/#breadcrumb\",\"itemListElement\":[{\"@type\":\"ListItem\",\"position\":1,\"name\":\"Startseite\",\"item\":\"https:\\\/\\\/greenict.de\\\/\"},{\"@type\":\"ListItem\",\"position\":2,\"name\":\"Bewertung von Use Cases startet im SEC-Hub\"}]},{\"@type\":\"WebSite\",\"@id\":\"https:\\\/\\\/greenict.de\\\/#website\",\"url\":\"https:\\\/\\\/greenict.de\\\/\",\"name\":\"Green ICT\",\"description\":\"Kompetenzzentrum f\u00fcr eine ressourcenbewusste Informations- und Kommunikationstechnik\",\"publisher\":{\"@id\":\"https:\\\/\\\/greenict.de\\\/#organization\"},\"alternateName\":\"Nachhaltige Mikroelektronik\",\"potentialAction\":[{\"@type\":\"SearchAction\",\"target\":{\"@type\":\"EntryPoint\",\"urlTemplate\":\"https:\\\/\\\/greenict.de\\\/?s={search_term_string}\"},\"query-input\":{\"@type\":\"PropertyValueSpecification\",\"valueRequired\":true,\"valueName\":\"search_term_string\"}}],\"inLanguage\":\"en-GB\"},{\"@type\":\"Organization\",\"@id\":\"https:\\\/\\\/greenict.de\\\/#organization\",\"name\":\"Forschungsfabrik Mikroelektronik Deutschland\",\"alternateName\":\"FMD\",\"url\":\"https:\\\/\\\/greenict.de\\\/\",\"logo\":{\"@type\":\"ImageObject\",\"inLanguage\":\"en-GB\",\"@id\":\"https:\\\/\\\/greenict.de\\\/#\\\/schema\\\/logo\\\/image\\\/\",\"url\":\"https:\\\/\\\/greenict.de\\\/wp-content\\\/uploads\\\/2022\\\/11\\\/FMD-Logo_farbe-50-mm.png\",\"contentUrl\":\"https:\\\/\\\/greenict.de\\\/wp-content\\\/uploads\\\/2022\\\/11\\\/FMD-Logo_farbe-50-mm.png\",\"width\":592,\"height\":135,\"caption\":\"Forschungsfabrik Mikroelektronik Deutschland\"},\"image\":{\"@id\":\"https:\\\/\\\/greenict.de\\\/#\\\/schema\\\/logo\\\/image\\\/\"}}]}<\/script>\n<!-- \/ Yoast SEO plugin. -->","yoast_head_json":{"title":"Evaluation of use cases starts in the SEC Hub","description":"The Green ICT Hub for SEC systems focuses on the environmental assessment of sensors, data processing and networking.","robots":{"index":"index","follow":"follow","max-snippet":"max-snippet:-1","max-image-preview":"max-image-preview:large","max-video-preview":"max-video-preview:-1"},"canonical":"https:\/\/greenict.de\/en\/use-cases-hub1\/","schema":{"@context":"https:\/\/schema.org","@graph":[{"@type":"WebPage","@id":"https:\/\/greenict.de\/use-cases-hub1\/","url":"https:\/\/greenict.de\/use-cases-hub1\/","name":"Evaluation of use cases starts in the SEC Hub","isPartOf":{"@id":"https:\/\/greenict.de\/#website"},"primaryImageOfPage":{"@id":"https:\/\/greenict.de\/use-cases-hub1\/#primaryimage"},"image":{"@id":"https:\/\/greenict.de\/use-cases-hub1\/#primaryimage"},"thumbnailUrl":"https:\/\/greenict.de\/wp-content\/uploads\/2024\/01\/grafik.png","datePublished":"2024-01-25T12:40:48+00:00","dateModified":"2025-12-09T13:55:11+00:00","description":"The Green ICT Hub for SEC systems focuses on the environmental assessment of sensors, data processing and networking.","breadcrumb":{"@id":"https:\/\/greenict.de\/use-cases-hub1\/#breadcrumb"},"inLanguage":"en-GB","potentialAction":[{"@type":"ReadAction","target":["https:\/\/greenict.de\/use-cases-hub1\/"]}]},{"@type":"ImageObject","inLanguage":"en-GB","@id":"https:\/\/greenict.de\/use-cases-hub1\/#primaryimage","url":"https:\/\/greenict.de\/wp-content\/uploads\/2024\/01\/grafik.png","contentUrl":"https:\/\/greenict.de\/wp-content\/uploads\/2024\/01\/grafik.png"},{"@type":"BreadcrumbList","@id":"https:\/\/greenict.de\/use-cases-hub1\/#breadcrumb","itemListElement":[{"@type":"ListItem","position":1,"name":"Startseite","item":"https:\/\/greenict.de\/"},{"@type":"ListItem","position":2,"name":"Bewertung von Use Cases startet im SEC-Hub"}]},{"@type":"WebSite","@id":"https:\/\/greenict.de\/#website","url":"https:\/\/greenict.de\/","name":"Competence center for sustainable IT and communication technology","description":"Competence center for sustainable information and communication technology","publisher":{"@id":"https:\/\/greenict.de\/#organization"},"alternateName":"Nachhaltige Mikroelektronik","potentialAction":[{"@type":"SearchAction","target":{"@type":"EntryPoint","urlTemplate":"https:\/\/greenict.de\/?s={search_term_string}"},"query-input":{"@type":"PropertyValueSpecification","valueRequired":true,"valueName":"search_term_string"}}],"inLanguage":"en-GB"},{"@type":"Organization","@id":"https:\/\/greenict.de\/#organization","name":"Research Fab Microelectronics Germany","alternateName":"FMD","url":"https:\/\/greenict.de\/","logo":{"@type":"ImageObject","inLanguage":"en-GB","@id":"https:\/\/greenict.de\/#\/schema\/logo\/image\/","url":"https:\/\/greenict.de\/wp-content\/uploads\/2022\/11\/FMD-Logo_farbe-50-mm.png","contentUrl":"https:\/\/greenict.de\/wp-content\/uploads\/2022\/11\/FMD-Logo_farbe-50-mm.png","width":592,"height":135,"caption":"Forschungsfabrik Mikroelektronik Deutschland"},"image":{"@id":"https:\/\/greenict.de\/#\/schema\/logo\/image\/"}}]}},"_links":{"self":[{"href":"https:\/\/greenict.de\/en\/wp-json\/wp\/v2\/pages\/6487","targetHints":{"allow":["GET"]}}],"collection":[{"href":"https:\/\/greenict.de\/en\/wp-json\/wp\/v2\/pages"}],"about":[{"href":"https:\/\/greenict.de\/en\/wp-json\/wp\/v2\/types\/page"}],"author":[{"embeddable":true,"href":"https:\/\/greenict.de\/en\/wp-json\/wp\/v2\/users\/2"}],"replies":[{"embeddable":true,"href":"https:\/\/greenict.de\/en\/wp-json\/wp\/v2\/comments?post=6487"}],"version-history":[{"count":44,"href":"https:\/\/greenict.de\/en\/wp-json\/wp\/v2\/pages\/6487\/revisions"}],"predecessor-version":[{"id":14217,"href":"https:\/\/greenict.de\/en\/wp-json\/wp\/v2\/pages\/6487\/revisions\/14217"}],"wp:attachment":[{"href":"https:\/\/greenict.de\/en\/wp-json\/wp\/v2\/media?parent=6487"}],"curies":[{"name":"wp","href":"https:\/\/api.w.org\/{rel}","templated":true}]}}