{"id":631,"date":"2022-11-29T13:57:28","date_gmt":"2022-11-29T12:57:28","guid":{"rendered":"https:\/\/websites.fraunhofer.de\/greenict\/?page_id=631"},"modified":"2026-01-22T14:39:32","modified_gmt":"2026-01-22T13:39:32","slug":"kontakt","status":"publish","type":"page","link":"https:\/\/greenict.de\/en\/kontakt\/","title":{"rendered":"Contact"},"content":{"rendered":"<div style=\"height:15px\" aria-hidden=\"true\" class=\"wp-block-spacer\"><\/div>\n\n\n\n<p>Do you have any questions about Green ICT? Our experts will be happy to help you!<\/p>\n\n\n\n<div style=\"height:20px\" aria-hidden=\"true\" class=\"wp-block-spacer\"><\/div>\n\n\n\n<div class=\"wp-block-columns is-layout-flex wp-container-core-columns-is-layout-9d6595d7 wp-block-columns-is-layout-flex\">\n<div class=\"wp-block-column is-layout-flow wp-block-column-is-layout-flow\">\n<figure class=\"wp-block-image size-full\"><img loading=\"lazy\" decoding=\"async\" width=\"800\" height=\"533\" src=\"https:\/\/greenict.de\/wp-content\/uploads\/2024\/01\/manuel-thesen-fmd.jpg\" alt=\"Portrait Manuel Thesen\" class=\"wp-image-6283\" srcset=\"https:\/\/greenict.de\/wp-content\/uploads\/2024\/01\/manuel-thesen-fmd.jpg 800w, https:\/\/greenict.de\/wp-content\/uploads\/2024\/01\/manuel-thesen-fmd-300x200.jpg 300w, https:\/\/greenict.de\/wp-content\/uploads\/2024\/01\/manuel-thesen-fmd-768x512.jpg 768w, https:\/\/greenict.de\/wp-content\/uploads\/2024\/01\/manuel-thesen-fmd-18x12.jpg 18w\" sizes=\"auto, (max-width: 800px) 100vw, 800px\" \/><\/figure>\n\n\n\n<div style=\"height:18px\" aria-hidden=\"true\" class=\"wp-block-spacer\"><\/div>\n\n\n\n<p><strong>Dr. Manuel Thesen<\/strong><br>Project manager Green ICT @ FMD<br>Business office FMD<br><a href=\"mailto:manuel.thesen@mikroelektronik.fraunhofer.de\" target=\"_blank\" rel=\"noreferrer noopener\">Email<\/a><\/p>\n<\/div>\n\n\n\n<div class=\"wp-block-column is-layout-flow wp-block-column-is-layout-flow\">\n<figure class=\"wp-block-image size-full\"><img loading=\"lazy\" decoding=\"async\" width=\"800\" height=\"533\" src=\"https:\/\/greenict.de\/wp-content\/uploads\/2024\/01\/lotta-adu-fmd.jpg\" alt=\"Portrait Lotta Adu\" class=\"wp-image-6282\" srcset=\"https:\/\/greenict.de\/wp-content\/uploads\/2024\/01\/lotta-adu-fmd.jpg 800w, https:\/\/greenict.de\/wp-content\/uploads\/2024\/01\/lotta-adu-fmd-300x200.jpg 300w, https:\/\/greenict.de\/wp-content\/uploads\/2024\/01\/lotta-adu-fmd-768x512.jpg 768w, https:\/\/greenict.de\/wp-content\/uploads\/2024\/01\/lotta-adu-fmd-18x12.jpg 18w\" sizes=\"auto, (max-width: 800px) 100vw, 800px\" \/><\/figure>\n\n\n\n<div style=\"height:18px\" aria-hidden=\"true\" class=\"wp-block-spacer\"><\/div>\n\n\n\n<p><strong>Lotta Adu<\/strong><br>Umweltbewertung<br>Business office FMD<br><a href=\"mailto: lotta.adu@mikroelektronik.fraunhofer.de\">Email<\/a><br><\/p>\n<\/div>\n\n\n\n<div class=\"wp-block-column is-layout-flow wp-block-column-is-layout-flow\">\n<figure class=\"wp-block-image size-full\"><img loading=\"lazy\" decoding=\"async\" width=\"800\" height=\"533\" src=\"https:\/\/greenict.de\/wp-content\/uploads\/2024\/01\/tugana-aslan-fmd.jpg\" alt=\"Portrait Tugana Ceren Aslan\" class=\"wp-image-6284\" srcset=\"https:\/\/greenict.de\/wp-content\/uploads\/2024\/01\/tugana-aslan-fmd.jpg 800w, https:\/\/greenict.de\/wp-content\/uploads\/2024\/01\/tugana-aslan-fmd-300x200.jpg 300w, https:\/\/greenict.de\/wp-content\/uploads\/2024\/01\/tugana-aslan-fmd-768x512.jpg 768w, https:\/\/greenict.de\/wp-content\/uploads\/2024\/01\/tugana-aslan-fmd-18x12.jpg 18w\" sizes=\"auto, (max-width: 800px) 100vw, 800px\" \/><\/figure>\n\n\n\n<div style=\"height:18px\" aria-hidden=\"true\" class=\"wp-block-spacer\"><\/div>\n\n\n\n<p><strong>Tugana Ceren Aslan<\/strong><br>Umweltbewertung<br>Business office FMD<br><a href=\"mailto: tugana.aslan@mikroelektronik.fraunhofer.de\">Email<\/a><\/p>\n\n\n\n<p><br><\/p>\n<\/div>\n\n\n\n<div class=\"wp-block-column is-layout-flow wp-block-column-is-layout-flow\">\n<figure class=\"wp-block-image size-full\"><img loading=\"lazy\" decoding=\"async\" width=\"1271\" height=\"848\" src=\"https:\/\/greenict.de\/wp-content\/uploads\/2024\/01\/hans-walter-fmd-green-ict.jpg\" alt=\"Dr. Hans Walter\" class=\"wp-image-6179\" style=\"aspect-ratio:3\/2;object-fit:contain\" srcset=\"https:\/\/greenict.de\/wp-content\/uploads\/2024\/01\/hans-walter-fmd-green-ict.jpg 1271w, https:\/\/greenict.de\/wp-content\/uploads\/2024\/01\/hans-walter-fmd-green-ict-300x200.jpg 300w, https:\/\/greenict.de\/wp-content\/uploads\/2024\/01\/hans-walter-fmd-green-ict-1024x683.jpg 1024w, https:\/\/greenict.de\/wp-content\/uploads\/2024\/01\/hans-walter-fmd-green-ict-768x512.jpg 768w, https:\/\/greenict.de\/wp-content\/uploads\/2024\/01\/hans-walter-fmd-green-ict-18x12.jpg 18w\" sizes=\"auto, (max-width: 1271px) 100vw, 1271px\" \/><\/figure>\n\n\n\n<div style=\"height:18px\" aria-hidden=\"true\" class=\"wp-block-spacer\"><\/div>\n\n\n\n<p><strong>Dr. Hans Walter<\/strong><br>Further education<br>Business office FMD<br><a href=\"mailto:andreas.middendorf@mikroelektronik.fraunhofer.de\" target=\"_blank\" rel=\"noreferrer noopener\">Email<\/a><br><\/p>\n<\/div>\n<\/div>\n\n\n\n<div style=\"height:20px\" aria-hidden=\"true\" class=\"wp-block-spacer\"><\/div>\n\n\n\n<h2 class=\"wp-block-heading\">Form for general inquiries<\/h2>\n\n\n\n<p>You cannot find a suitable partner for your inquiry or would like to ask something more general? Then feel free to use the contact form below.<\/p>\n\n\n\n<div class=\"wp-block-contact-form-7-contact-form-selector\">\n<div class=\"wpcf7 no-js\" id=\"wpcf7-f98-o1\" lang=\"de-DE\" dir=\"ltr\" data-wpcf7-id=\"98\">\n<div class=\"screen-reader-response\"><p role=\"status\" aria-live=\"polite\" aria-atomic=\"true\"><\/p> <ul><\/ul><\/div>\n<form action=\"\/en\/wp-json\/wp\/v2\/pages\/631#wpcf7-f98-o1\" method=\"post\" class=\"wpcf7-form init\" aria-label=\"Kontaktformular\" novalidate=\"novalidate\" data-status=\"init\" data-trp-original-action=\"\/en\/wp-json\/wp\/v2\/pages\/631#wpcf7-f98-o1\">\n<fieldset class=\"hidden-fields-container\"><input type=\"hidden\" name=\"_wpcf7\" value=\"98\" \/><input type=\"hidden\" name=\"_wpcf7_version\" value=\"6.1.5\" \/><input type=\"hidden\" name=\"_wpcf7_locale\" value=\"de_DE_formal\" \/><input type=\"hidden\" name=\"_wpcf7_unit_tag\" value=\"wpcf7-f98-o1\" \/><input type=\"hidden\" name=\"_wpcf7_container_post\" value=\"0\" \/><input type=\"hidden\" name=\"_wpcf7_posted_data_hash\" value=\"\" \/><input type=\"hidden\" name=\"_wpcf7_recaptcha_response\" value=\"\" \/>\n<\/fieldset>\n<p><span class=\"wpcf7-form-control-wrap\" data-name=\"your-name\"><input size=\"40\" maxlength=\"400\" class=\"wpcf7-form-control wpcf7-text wpcf7-validates-as-required\" aria-required=\"true\" aria-invalid=\"false\" placeholder=\"Name\" value=\"\" type=\"text\" name=\"your-name\" \/><\/span>\n<\/p>\n<p><span class=\"wpcf7-form-control-wrap\" data-name=\"your-email\"><input size=\"40\" maxlength=\"400\" class=\"wpcf7-form-control wpcf7-email wpcf7-validates-as-required wpcf7-text wpcf7-validates-as-email\" aria-required=\"true\" aria-invalid=\"false\" placeholder=\"Email\" value=\"\" type=\"email\" name=\"your-email\" \/><\/span>\n<\/p>\n<p><span class=\"wpcf7-form-control-wrap\" data-name=\"your-message\"><textarea cols=\"40\" rows=\"10\" maxlength=\"2000\" class=\"wpcf7-form-control wpcf7-textarea\" aria-invalid=\"false\" placeholder=\"Message\" name=\"your-message\"><\/textarea><\/span>\n<\/p>\n<p><span class=\"wpcf7-form-control-wrap\" data-name=\"checkbox-745\"><span class=\"wpcf7-form-control wpcf7-checkbox wpcf7-validates-as-required\"><span class=\"wpcf7-list-item first last\"><input type=\"checkbox\" name=\"checkbox-745[]\" value=\"Ich bin damit einverstanden, dass meine E-Mail-Adresse zur Verarbeitung meiner Anfrage weiterverwendet wird.\" \/><span class=\"wpcf7-list-item-label\">I agree that my e-mail address will be used to process my request.<\/span><\/span><\/span><\/span>\n<\/p>\n<p><input class=\"wpcf7-form-control wpcf7-submit has-spinner\" type=\"submit\" value=\"Submit\" \/>\n<\/p><div class=\"wpcf7-response-output\" aria-hidden=\"true\"><\/div>\n<input type=\"hidden\" name=\"trp-form-language\" value=\"en\"\/><\/form>\n<\/div>\n<\/div>","protected":false},"excerpt":{"rendered":"<p>Haben Sie Fragen zu Green ICT? Unsere Ansprechpartner:innen sind gern f\u00fcr Sie da! Dr. Manuel ThesenProjektleiter Green ICT @ FMDFMD-Gesch\u00e4ftsstelleE-Mail Lotta AduUmweltbewertungFMD-Gesch\u00e4ftsstelleE-Mail Tugana Ceren AslanUmweltbewertungFMD-Gesch\u00e4ftsstelleE-Mail Dr. Hans WalterWeiterbildungenFMD-Gesch\u00e4ftsstelleE-Mail Formular f\u00fcr allgemeine Anfragen Sie finden keinen direkten Ansprechpartner f\u00fcr Ihr Anliegen,&#8230;<\/p>","protected":false},"author":2,"featured_media":0,"parent":0,"menu_order":0,"comment_status":"closed","ping_status":"closed","template":"page-fullwidth.php","meta":{"_acf_changed":false,"footnotes":""},"class_list":["post-631","page","type-page","status-publish","hentry"],"acf":[],"yoast_head":"<!-- This site is optimized with the Yoast SEO plugin v27.4 - https:\/\/yoast.com\/product\/yoast-seo-wordpress\/ -->\n<title>Kontakt<\/title>\n<meta name=\"description\" content=\"Haben Sie Fragen zu Green ICT? Ob zu Forschung, Weiterbildungsangeboten oder F\u00f6rderprogrammen - wir beantworten gern Ihre Anfrage!\" \/>\n<meta name=\"robots\" content=\"index, follow, max-snippet:-1, max-image-preview:large, max-video-preview:-1\" \/>\n<link rel=\"canonical\" href=\"https:\/\/greenict.de\/en\/kontakt\/\" \/>\n<script type=\"application\/ld+json\" class=\"yoast-schema-graph\">{\"@context\":\"https:\\\/\\\/schema.org\",\"@graph\":[{\"@type\":\"WebPage\",\"@id\":\"https:\\\/\\\/greenict.de\\\/kontakt\\\/\",\"url\":\"https:\\\/\\\/greenict.de\\\/kontakt\\\/\",\"name\":\"Kontakt\",\"isPartOf\":{\"@id\":\"https:\\\/\\\/greenict.de\\\/#website\"},\"primaryImageOfPage\":{\"@id\":\"https:\\\/\\\/greenict.de\\\/kontakt\\\/#primaryimage\"},\"image\":{\"@id\":\"https:\\\/\\\/greenict.de\\\/kontakt\\\/#primaryimage\"},\"thumbnailUrl\":\"https:\\\/\\\/greenict.de\\\/wp-content\\\/uploads\\\/2024\\\/01\\\/manuel-thesen-fmd.jpg\",\"datePublished\":\"2022-11-29T12:57:28+00:00\",\"dateModified\":\"2026-01-22T13:39:32+00:00\",\"description\":\"Haben Sie Fragen zu Green ICT? Ob zu Forschung, Weiterbildungsangeboten oder F\u00f6rderprogrammen - wir beantworten gern Ihre Anfrage!\",\"breadcrumb\":{\"@id\":\"https:\\\/\\\/greenict.de\\\/kontakt\\\/#breadcrumb\"},\"inLanguage\":\"en-GB\",\"potentialAction\":[{\"@type\":\"ReadAction\",\"target\":[\"https:\\\/\\\/greenict.de\\\/kontakt\\\/\"]}]},{\"@type\":\"ImageObject\",\"inLanguage\":\"en-GB\",\"@id\":\"https:\\\/\\\/greenict.de\\\/kontakt\\\/#primaryimage\",\"url\":\"https:\\\/\\\/greenict.de\\\/wp-content\\\/uploads\\\/2024\\\/01\\\/manuel-thesen-fmd.jpg\",\"contentUrl\":\"https:\\\/\\\/greenict.de\\\/wp-content\\\/uploads\\\/2024\\\/01\\\/manuel-thesen-fmd.jpg\"},{\"@type\":\"BreadcrumbList\",\"@id\":\"https:\\\/\\\/greenict.de\\\/kontakt\\\/#breadcrumb\",\"itemListElement\":[{\"@type\":\"ListItem\",\"position\":1,\"name\":\"Startseite\",\"item\":\"https:\\\/\\\/greenict.de\\\/\"},{\"@type\":\"ListItem\",\"position\":2,\"name\":\"Kontakt\"}]},{\"@type\":\"WebSite\",\"@id\":\"https:\\\/\\\/greenict.de\\\/#website\",\"url\":\"https:\\\/\\\/greenict.de\\\/\",\"name\":\"Green ICT\",\"description\":\"Kompetenzzentrum f\u00fcr eine ressourcenbewusste Informations- und Kommunikationstechnik\",\"publisher\":{\"@id\":\"https:\\\/\\\/greenict.de\\\/#organization\"},\"alternateName\":\"Nachhaltige Mikroelektronik\",\"potentialAction\":[{\"@type\":\"SearchAction\",\"target\":{\"@type\":\"EntryPoint\",\"urlTemplate\":\"https:\\\/\\\/greenict.de\\\/?s={search_term_string}\"},\"query-input\":{\"@type\":\"PropertyValueSpecification\",\"valueRequired\":true,\"valueName\":\"search_term_string\"}}],\"inLanguage\":\"en-GB\"},{\"@type\":\"Organization\",\"@id\":\"https:\\\/\\\/greenict.de\\\/#organization\",\"name\":\"Forschungsfabrik Mikroelektronik Deutschland\",\"alternateName\":\"FMD\",\"url\":\"https:\\\/\\\/greenict.de\\\/\",\"logo\":{\"@type\":\"ImageObject\",\"inLanguage\":\"en-GB\",\"@id\":\"https:\\\/\\\/greenict.de\\\/#\\\/schema\\\/logo\\\/image\\\/\",\"url\":\"https:\\\/\\\/greenict.de\\\/wp-content\\\/uploads\\\/2022\\\/11\\\/FMD-Logo_farbe-50-mm.png\",\"contentUrl\":\"https:\\\/\\\/greenict.de\\\/wp-content\\\/uploads\\\/2022\\\/11\\\/FMD-Logo_farbe-50-mm.png\",\"width\":592,\"height\":135,\"caption\":\"Forschungsfabrik Mikroelektronik Deutschland\"},\"image\":{\"@id\":\"https:\\\/\\\/greenict.de\\\/#\\\/schema\\\/logo\\\/image\\\/\"}}]}<\/script>\n<!-- \/ Yoast SEO plugin. -->","yoast_head_json":{"title":"Contact","description":"Do you have questions about Green ICT? Whether about research, training opportunities or funding programs - we will be happy to answer your questions!","robots":{"index":"index","follow":"follow","max-snippet":"max-snippet:-1","max-image-preview":"max-image-preview:large","max-video-preview":"max-video-preview:-1"},"canonical":"https:\/\/greenict.de\/en\/kontakt\/","schema":{"@context":"https:\/\/schema.org","@graph":[{"@type":"WebPage","@id":"https:\/\/greenict.de\/kontakt\/","url":"https:\/\/greenict.de\/kontakt\/","name":"Contact","isPartOf":{"@id":"https:\/\/greenict.de\/#website"},"primaryImageOfPage":{"@id":"https:\/\/greenict.de\/kontakt\/#primaryimage"},"image":{"@id":"https:\/\/greenict.de\/kontakt\/#primaryimage"},"thumbnailUrl":"https:\/\/greenict.de\/wp-content\/uploads\/2024\/01\/manuel-thesen-fmd.jpg","datePublished":"2022-11-29T12:57:28+00:00","dateModified":"2026-01-22T13:39:32+00:00","description":"Do you have questions about Green ICT? Whether about research, training opportunities or funding programs - we will be happy to answer your questions!","breadcrumb":{"@id":"https:\/\/greenict.de\/kontakt\/#breadcrumb"},"inLanguage":"en-GB","potentialAction":[{"@type":"ReadAction","target":["https:\/\/greenict.de\/kontakt\/"]}]},{"@type":"ImageObject","inLanguage":"en-GB","@id":"https:\/\/greenict.de\/kontakt\/#primaryimage","url":"https:\/\/greenict.de\/wp-content\/uploads\/2024\/01\/manuel-thesen-fmd.jpg","contentUrl":"https:\/\/greenict.de\/wp-content\/uploads\/2024\/01\/manuel-thesen-fmd.jpg"},{"@type":"BreadcrumbList","@id":"https:\/\/greenict.de\/kontakt\/#breadcrumb","itemListElement":[{"@type":"ListItem","position":1,"name":"Startseite","item":"https:\/\/greenict.de\/"},{"@type":"ListItem","position":2,"name":"Kontakt"}]},{"@type":"WebSite","@id":"https:\/\/greenict.de\/#website","url":"https:\/\/greenict.de\/","name":"Competence center for sustainable IT and communication technology","description":"Competence center for sustainable information and communication technology","publisher":{"@id":"https:\/\/greenict.de\/#organization"},"alternateName":"Nachhaltige Mikroelektronik","potentialAction":[{"@type":"SearchAction","target":{"@type":"EntryPoint","urlTemplate":"https:\/\/greenict.de\/?s={search_term_string}"},"query-input":{"@type":"PropertyValueSpecification","valueRequired":true,"valueName":"search_term_string"}}],"inLanguage":"en-GB"},{"@type":"Organization","@id":"https:\/\/greenict.de\/#organization","name":"Research Fab Microelectronics Germany","alternateName":"FMD","url":"https:\/\/greenict.de\/","logo":{"@type":"ImageObject","inLanguage":"en-GB","@id":"https:\/\/greenict.de\/#\/schema\/logo\/image\/","url":"https:\/\/greenict.de\/wp-content\/uploads\/2022\/11\/FMD-Logo_farbe-50-mm.png","contentUrl":"https:\/\/greenict.de\/wp-content\/uploads\/2022\/11\/FMD-Logo_farbe-50-mm.png","width":592,"height":135,"caption":"Forschungsfabrik Mikroelektronik Deutschland"},"image":{"@id":"https:\/\/greenict.de\/#\/schema\/logo\/image\/"}}]}},"_links":{"self":[{"href":"https:\/\/greenict.de\/en\/wp-json\/wp\/v2\/pages\/631","targetHints":{"allow":["GET"]}}],"collection":[{"href":"https:\/\/greenict.de\/en\/wp-json\/wp\/v2\/pages"}],"about":[{"href":"https:\/\/greenict.de\/en\/wp-json\/wp\/v2\/types\/page"}],"author":[{"embeddable":true,"href":"https:\/\/greenict.de\/en\/wp-json\/wp\/v2\/users\/2"}],"replies":[{"embeddable":true,"href":"https:\/\/greenict.de\/en\/wp-json\/wp\/v2\/comments?post=631"}],"version-history":[{"count":177,"href":"https:\/\/greenict.de\/en\/wp-json\/wp\/v2\/pages\/631\/revisions"}],"predecessor-version":[{"id":14351,"href":"https:\/\/greenict.de\/en\/wp-json\/wp\/v2\/pages\/631\/revisions\/14351"}],"wp:attachment":[{"href":"https:\/\/greenict.de\/en\/wp-json\/wp\/v2\/media?parent=631"}],"curies":[{"name":"wp","href":"https:\/\/api.w.org\/{rel}","templated":true}]}}