{"id":6054,"date":"2024-01-04T12:37:24","date_gmt":"2024-01-04T11:37:24","guid":{"rendered":"https:\/\/greenict.de\/?page_id=6054"},"modified":"2025-12-03T09:03:39","modified_gmt":"2025-12-03T08:03:39","slug":"standardization","status":"publish","type":"page","link":"https:\/\/greenict.de\/en\/standardisierung\/","title":{"rendered":"Norms, standards, and guidelines in Green ICT\u00a0"},"content":{"rendered":"<p><\/p>\n\n\n\n<p>Um Informations- und Kommunikationstechnik (IKT) ressourcenbewusst und energieeffizient zu gestalten, braucht es nachhaltige sowie innovative Produkte und Technologien.&nbsp;Hierbei sollen Standards und Normen&nbsp;helfen, um Technologie-entwicklungen umweltfreundlich zu gestalten. Einzelne FMD-Institute arbeiten bereits aktiv in unterschiedlichen Gremien und Nutzergruppen zur Erarbeitung von Standards, Normen und Richtlinien im Bereich der Mikroelektronik und deren Anwendungen.&nbsp;<\/p>\n\n\n\n<p>Im Rahmen des Projekts Green ICT @ FMD tauschen sich die Forschungsinstitute der FMD gemeinsam in einem Expert:innenkreis zu L\u00fccken im Bereich Umweltstandards f\u00fcr gr\u00fcne IKT aus. Dar\u00fcber hinaus werden im Zuge des Projekts das Fachwissen der Forschungsinstitute und die Forschungsergebnisse in vorhandene Standardisierungs-aktivit\u00e4ten und Gremien eingebracht.<\/p>\n\n\n\n<div style=\"height:20px\" aria-hidden=\"true\" class=\"wp-block-spacer\"><\/div>\n\n\n\n<h3 class=\"wp-block-heading\">Events on Green ICT standards<\/h3>\n\n\n\n<p>Am <strong>28. November 2024<\/strong> fand in Berlin an der BAM der 3. Workshop \u201eStandards &amp; Normen einer ressourcenbewussten IKT\u201c statt. Vertreter aus Forschung und Wirtschaft berichteten \u00fcber ihre normkonformen Aktivit\u00e4ten. Der Fokus des Workshops lag auf der normgerechten Ermittlung der CO2-Bilanz sowohl f\u00fcr Produkte als auch f\u00fcr Produktionsprozesse. <a href=\"https:\/\/greenict.de\/en\/folien-zum-workshop-am-28-11-2024-standards-normen-einer-ressourcenbewussten-ikt\/\">Hier k\u00f6nnen Sie die Vortragsfolien einsehen <\/a>(passwortgesch\u00fctzt).<\/p>\n\n\n\n<p>Am <strong>4. Juli 2024<\/strong> fand der zweite Workshop in Berlin am Fraunhofer Forum statt. &nbsp;&nbsp;27 Expert:innen aus Wissenschaft, Gremien und Industrie tauschten ihre Erfahrungen im Umgang mit aktuellen Normen f\u00fcr umweltfreundliche Technologien und Produkte aus. Zudem wurden die aktuellen Bed\u00fcrfnisse hinsichtlich der umweltbezogenen Standardisierung er\u00f6rtert und diskutiert. <a href=\"https:\/\/greenict.de\/en\/folien-zum-workshop-zu-standards-normen-einer-ressourcenbewussten-ikt\/\">Hier k\u00f6nnen Sie die Vortragsfolien einsehen<\/a> (passwortgesch\u00fctzt).<\/p>\n\n\n\n<p>Am <strong>31. Januar 2024<\/strong> fand online der erste Workshop zu Normen und Standards einer ressourcenschonenden IKT statt, an dem 22 Personen von den beteiligten FMD-Instituten, VDE, Bitkom, BAM sowie vom Projekttr\u00e4ger teilnahmen. Es wurden Ergebnisse einer Umfrage zu Standardisierungen innerhalb der FMD vorgestellt und \u00fcber die gegenw\u00e4rtigen Normungsaktivit\u00e4ten der einzelnen Hubs berichtet und diskutiert. Weiterhin berichteten die Gremienvertreter \u00fcber ihre aktuellen Standardisierungsaktivit\u00e4ten.<\/p>\n\n\n\n<p><\/p>\n\n\n\n<p><\/p>\n\n\n\n<p><\/p>","protected":false},"excerpt":{"rendered":"<p>Um Informations- und Kommunikationstechnik (IKT) ressourcenbewusst und energieeffizient zu gestalten, braucht es nachhaltige sowie innovative Produkte und Technologien.&nbsp;Hierbei sollen Standards und Normen&nbsp;helfen, um Technologie-entwicklungen umweltfreundlich zu gestalten. Einzelne FMD-Institute arbeiten bereits aktiv in unterschiedlichen Gremien und Nutzergruppen zur Erarbeitung von&#8230;<\/p>","protected":false},"author":2,"featured_media":0,"parent":0,"menu_order":0,"comment_status":"closed","ping_status":"closed","template":"","meta":{"_acf_changed":false,"footnotes":""},"class_list":["post-6054","page","type-page","status-publish","hentry"],"acf":[],"yoast_head":"<!-- This site is optimized with the Yoast SEO plugin v27.4 - https:\/\/yoast.com\/product\/yoast-seo-wordpress\/ -->\n<title>Normen, Standards und Richtlinien<\/title>\n<meta name=\"description\" content=\"Die FMD-Institute arbeiten aktiv an der Erarbeitung von Standards, Normen und Richtlinien im Bereich der nachhaltigen IKT. Jetzt informieren!\" \/>\n<meta name=\"robots\" content=\"index, follow, max-snippet:-1, max-image-preview:large, max-video-preview:-1\" \/>\n<link rel=\"canonical\" href=\"https:\/\/greenict.de\/en\/standardization\/\" \/>\n<script type=\"application\/ld+json\" class=\"yoast-schema-graph\">{\"@context\":\"https:\\\/\\\/schema.org\",\"@graph\":[{\"@type\":\"WebPage\",\"@id\":\"https:\\\/\\\/greenict.de\\\/standardisierung\\\/\",\"url\":\"https:\\\/\\\/greenict.de\\\/standardisierung\\\/\",\"name\":\"Normen, Standards und Richtlinien\",\"isPartOf\":{\"@id\":\"https:\\\/\\\/greenict.de\\\/#website\"},\"datePublished\":\"2024-01-04T11:37:24+00:00\",\"dateModified\":\"2025-12-03T08:03:39+00:00\",\"description\":\"Die FMD-Institute arbeiten aktiv an der Erarbeitung von Standards, Normen und Richtlinien im Bereich der nachhaltigen IKT. Jetzt informieren!\",\"breadcrumb\":{\"@id\":\"https:\\\/\\\/greenict.de\\\/standardisierung\\\/#breadcrumb\"},\"inLanguage\":\"en-GB\",\"potentialAction\":[{\"@type\":\"ReadAction\",\"target\":[\"https:\\\/\\\/greenict.de\\\/standardisierung\\\/\"]}]},{\"@type\":\"BreadcrumbList\",\"@id\":\"https:\\\/\\\/greenict.de\\\/standardisierung\\\/#breadcrumb\",\"itemListElement\":[{\"@type\":\"ListItem\",\"position\":1,\"name\":\"Startseite\",\"item\":\"https:\\\/\\\/greenict.de\\\/\"},{\"@type\":\"ListItem\",\"position\":2,\"name\":\"Normen, Standards und Richtlinien im Bereich Green ICT\u00a0\"}]},{\"@type\":\"WebSite\",\"@id\":\"https:\\\/\\\/greenict.de\\\/#website\",\"url\":\"https:\\\/\\\/greenict.de\\\/\",\"name\":\"Green ICT\",\"description\":\"Kompetenzzentrum f\u00fcr eine ressourcenbewusste Informations- und Kommunikationstechnik\",\"publisher\":{\"@id\":\"https:\\\/\\\/greenict.de\\\/#organization\"},\"alternateName\":\"Nachhaltige Mikroelektronik\",\"potentialAction\":[{\"@type\":\"SearchAction\",\"target\":{\"@type\":\"EntryPoint\",\"urlTemplate\":\"https:\\\/\\\/greenict.de\\\/?s={search_term_string}\"},\"query-input\":{\"@type\":\"PropertyValueSpecification\",\"valueRequired\":true,\"valueName\":\"search_term_string\"}}],\"inLanguage\":\"en-GB\"},{\"@type\":\"Organization\",\"@id\":\"https:\\\/\\\/greenict.de\\\/#organization\",\"name\":\"Forschungsfabrik Mikroelektronik Deutschland\",\"alternateName\":\"FMD\",\"url\":\"https:\\\/\\\/greenict.de\\\/\",\"logo\":{\"@type\":\"ImageObject\",\"inLanguage\":\"en-GB\",\"@id\":\"https:\\\/\\\/greenict.de\\\/#\\\/schema\\\/logo\\\/image\\\/\",\"url\":\"https:\\\/\\\/greenict.de\\\/wp-content\\\/uploads\\\/2022\\\/11\\\/FMD-Logo_farbe-50-mm.png\",\"contentUrl\":\"https:\\\/\\\/greenict.de\\\/wp-content\\\/uploads\\\/2022\\\/11\\\/FMD-Logo_farbe-50-mm.png\",\"width\":592,\"height\":135,\"caption\":\"Forschungsfabrik Mikroelektronik Deutschland\"},\"image\":{\"@id\":\"https:\\\/\\\/greenict.de\\\/#\\\/schema\\\/logo\\\/image\\\/\"}}]}<\/script>\n<!-- \/ Yoast SEO plugin. -->","yoast_head_json":{"title":"Norms, standards, and guidelines","description":"The FMD institutes are actively working on the development of standards, norms and guidelines in the field of sustainable ICT. Find out more now!","robots":{"index":"index","follow":"follow","max-snippet":"max-snippet:-1","max-image-preview":"max-image-preview:large","max-video-preview":"max-video-preview:-1"},"canonical":"https:\/\/greenict.de\/en\/standardization\/","schema":{"@context":"https:\/\/schema.org","@graph":[{"@type":"WebPage","@id":"https:\/\/greenict.de\/standardisierung\/","url":"https:\/\/greenict.de\/standardisierung\/","name":"Norms, standards, and guidelines","isPartOf":{"@id":"https:\/\/greenict.de\/#website"},"datePublished":"2024-01-04T11:37:24+00:00","dateModified":"2025-12-03T08:03:39+00:00","description":"The FMD institutes are actively working on the development of standards, norms and guidelines in the field of sustainable ICT. Find out more now!","breadcrumb":{"@id":"https:\/\/greenict.de\/standardisierung\/#breadcrumb"},"inLanguage":"en-GB","potentialAction":[{"@type":"ReadAction","target":["https:\/\/greenict.de\/standardisierung\/"]}]},{"@type":"BreadcrumbList","@id":"https:\/\/greenict.de\/standardisierung\/#breadcrumb","itemListElement":[{"@type":"ListItem","position":1,"name":"Startseite","item":"https:\/\/greenict.de\/"},{"@type":"ListItem","position":2,"name":"Normen, Standards und Richtlinien im Bereich Green ICT\u00a0"}]},{"@type":"WebSite","@id":"https:\/\/greenict.de\/#website","url":"https:\/\/greenict.de\/","name":"Competence center for sustainable IT and communication technology","description":"Competence center for sustainable information and communication technology","publisher":{"@id":"https:\/\/greenict.de\/#organization"},"alternateName":"Nachhaltige Mikroelektronik","potentialAction":[{"@type":"SearchAction","target":{"@type":"EntryPoint","urlTemplate":"https:\/\/greenict.de\/?s={search_term_string}"},"query-input":{"@type":"PropertyValueSpecification","valueRequired":true,"valueName":"search_term_string"}}],"inLanguage":"en-GB"},{"@type":"Organization","@id":"https:\/\/greenict.de\/#organization","name":"Research Fab Microelectronics Germany","alternateName":"FMD","url":"https:\/\/greenict.de\/","logo":{"@type":"ImageObject","inLanguage":"en-GB","@id":"https:\/\/greenict.de\/#\/schema\/logo\/image\/","url":"https:\/\/greenict.de\/wp-content\/uploads\/2022\/11\/FMD-Logo_farbe-50-mm.png","contentUrl":"https:\/\/greenict.de\/wp-content\/uploads\/2022\/11\/FMD-Logo_farbe-50-mm.png","width":592,"height":135,"caption":"Forschungsfabrik Mikroelektronik Deutschland"},"image":{"@id":"https:\/\/greenict.de\/#\/schema\/logo\/image\/"}}]}},"_links":{"self":[{"href":"https:\/\/greenict.de\/en\/wp-json\/wp\/v2\/pages\/6054","targetHints":{"allow":["GET"]}}],"collection":[{"href":"https:\/\/greenict.de\/en\/wp-json\/wp\/v2\/pages"}],"about":[{"href":"https:\/\/greenict.de\/en\/wp-json\/wp\/v2\/types\/page"}],"author":[{"embeddable":true,"href":"https:\/\/greenict.de\/en\/wp-json\/wp\/v2\/users\/2"}],"replies":[{"embeddable":true,"href":"https:\/\/greenict.de\/en\/wp-json\/wp\/v2\/comments?post=6054"}],"version-history":[{"count":59,"href":"https:\/\/greenict.de\/en\/wp-json\/wp\/v2\/pages\/6054\/revisions"}],"predecessor-version":[{"id":14130,"href":"https:\/\/greenict.de\/en\/wp-json\/wp\/v2\/pages\/6054\/revisions\/14130"}],"wp:attachment":[{"href":"https:\/\/greenict.de\/en\/wp-json\/wp\/v2\/media?parent=6054"}],"curies":[{"name":"wp","href":"https:\/\/api.w.org\/{rel}","templated":true}]}}