{"id":5499,"date":"2024-02-14T09:53:21","date_gmt":"2024-02-14T08:53:21","guid":{"rendered":"https:\/\/greenict.de\/?page_id=5499"},"modified":"2026-01-22T15:01:23","modified_gmt":"2026-01-22T14:01:23","slug":"leistunsangebote-industrie","status":"publish","type":"page","link":"https:\/\/greenict.de\/en\/leistunsangebote-industrie\/","title":{"rendered":"Range of services for the industry"},"content":{"rendered":"<p>We examine your products and manufacturing processes free of charge and draw up proposals for<strong>CO<sub>2e<\/sub>footprint<\/strong>. This gives you the opportunity to increase your competitiveness in the area of ecological sustainability.<\/p>\n\n\n\n<div class=\"wp-block-buttons has-custom-font-size has-small-font-size is-content-justification-center is-layout-flex wp-container-core-buttons-is-layout-16018d1d wp-block-buttons-is-layout-flex\">\n<div class=\"wp-block-button has-custom-width wp-block-button__width-50\"><a class=\"wp-block-button__link has-white-color has-text-color has-background wp-element-button\" href=\"https:\/\/greenict.de\/en\/abgeschlossene-projekte-mit-unternehmen\/\" style=\"border-radius:50px;background-color:#009374\" target=\"_blank\" rel=\"https:\/\/greenict.de\/kontakt\/ noopener noreferrer noreferrer noopener\">Completed projects with companies<\/a><\/div>\n\n\n\n<div class=\"wp-block-button has-custom-width wp-block-button__width-50\"><a class=\"wp-block-button__link has-white-color has-text-color has-background wp-element-button\" href=\"https:\/\/greenict.de\/en\/space-gefoerderte-projekte\/\" style=\"border-radius:50px;background-color:#009374\" target=\"_blank\" rel=\"https:\/\/greenict.de\/kontakt\/ noopener noreferrer noreferrer noopener\">Green ICT Space - supported projects<\/a><\/div>\n<\/div>\n\n\n\n<h3 class=\"wp-block-heading\">Our services:<\/h3>\n\n\n\n<ul class=\"wp-block-list\">\n<li class=\"translation-block\">Know-how transfer in the creation of life cycle inventory models, life cycle assessments and calculations of the carbon footprint of products and processes<\/li>\n\n\n\n<li>Advice on more environmentally sustainable components and systems for sensor edge cloud applications and communication infrastructures&nbsp;<\/li>\n\n\n\n<li>More environmentally friendly manufacturing processes for microelectronic components through material substitution and energy savings in clean rooms&nbsp;<\/li>\n\n\n\n<li>Provision and plausibility checks for life cycle assessment data sets from the above-mentioned areas&nbsp;<\/li>\n<\/ul>\n\n\n\n<h3 class=\"wp-block-heading\">Your benefits:&nbsp;<\/h3>\n\n\n\n<ul class=\"wp-block-list\">\n<li>Use of FMD's infrastructure for the production of microelectronics, including know-how and equipment&nbsp;<\/li>\n\n\n\n<li>Processes, materials, and machines that have already been evaluated can be used to compare your market potential&nbsp;<\/li>\n\n\n\n<li>Interdisciplinary expertise (at the technical implementation level and for life cycle assessment)&nbsp;<\/li>\n\n\n\n<li>Unbureaucratic and fast access to results&nbsp;<\/li>\n\n\n\n<li>Targeted problem-solving and determination of results, building on previously acquired knowledge&nbsp;<\/li>\n<\/ul>\n\n\n\n<div class=\"wp-block-buttons has-custom-font-size has-small-font-size is-content-justification-center is-layout-flex wp-container-core-buttons-is-layout-16018d1d wp-block-buttons-is-layout-flex\">\n<div class=\"wp-block-button has-custom-width wp-block-button__width-50\"><a class=\"wp-block-button__link has-white-color has-text-color has-background wp-element-button\" href=\"https:\/\/greenict.de\/wp-content\/uploads\/2025\/09\/One-Pager-MT_eng.pdf\" style=\"border-radius:50px;background-color:#009374\">Range of services as PDF<\/a><\/div>\n<\/div>\n\n\n\n<p><\/p>\n\n\n\n<blockquote class=\"wp-block-quote is-layout-flow wp-block-quote-is-layout-flow\">\n<p class=\"has-small-font-size translation-block\">The constructive, efficient, and seamless collaboration within the framework of the \n Center of Excellence for Green ICT @ FMD GreenICT Competence Centre\u2019s validation project proved highly valuable for SENTECH in determining the carbon footprint of a high-end plasma etching system. Through this process, we gained a deeper understanding of the life cycle assessment of our products, which supports our efforts toward sustainable product development. In addition, we benefited significantly from the learning process, particularly with regard to understanding the data requirements necessary to conduct a comprehensive life cycle assessment.<\/p>\n\n\n\n<p class=\"has-small-font-size\">&#8211; <em>Friedrich Paul Witek \u2013 CEO, <a href=\"https:\/\/sentech.com\/\">SENTECH Instruments GmbH<\/a><\/em><\/p>\n<\/blockquote>\n\n\n\n<h2 class=\"wp-block-heading\">Do the eco-check!<\/h2>\n\n\n\n<p>Please select your subject area and find out more about the content and requirements:<\/p>\n\n\n\n<div class=\"wp-block-columns is-layout-flex wp-container-core-columns-is-layout-9d6595d7 wp-block-columns-is-layout-flex\">\n<div class=\"wp-block-column is-vertically-aligned-top rahmen-schatten pseudo has-black-color has-text-color has-background has-link-color wp-elements-ff44a726f776a525280504c1e0f10d47 is-layout-flow wp-block-column-is-layout-flow\" style=\"background:linear-gradient(180deg,rgb(0,125,112) 0%,rgb(0,147,116) 91%);font-style:normal;font-weight:500\">\n<h3 class=\"wp-block-heading has-text-align-center wenig-padding has-white-color has-text-color has-link-color wp-elements-f1d7d80d526357f2248e5d6caaf5a24d\">Hub I<\/h3>\n\n\n\n<p class=\"has-text-align-center wenig-padding has-white-color has-text-color has-link-color wp-elements-5953315e48a7bbe801190939b357dcc8\">Sensor Edge Cloud Systems<\/p>\n\n\n\n<div class=\"wp-block-buttons has-custom-font-size is-content-justification-center is-layout-flex wp-container-core-buttons-is-layout-16018d1d wp-block-buttons-is-layout-flex\" style=\"font-size:13px\">\n<div class=\"wp-block-button has-custom-width wp-block-button__width-75 is-style-outline is-style-outline--1\"><a class=\"wp-block-button__link has-white-color has-text-color has-background has-custom-font-size wp-element-button\" href=\"https:\/\/greenict.de\/en\/leistungsangebote-des-sensor-edge-cloud-hubs\/\" style=\"background-color:#018b6d;font-size:13px\" target=\"_blank\" rel=\"https:\/\/greenict.de\/kontakt\/ noopener\">Learn more<\/a><\/div>\n<\/div>\n\n\n\n<div style=\"height:20px\" aria-hidden=\"true\" class=\"wp-block-spacer\"><\/div>\n<\/div>\n\n\n\n<div class=\"wp-block-column is-vertically-aligned-top rahmen-schatten pseudo has-white-color has-text-color has-background has-link-color wp-elements-1624feec6b3bc4897bb96d12291ea446 is-layout-flow wp-block-column-is-layout-flow\" style=\"background:linear-gradient(180deg,rgb(0,125,112) 0%,rgb(0,147,116) 91%);font-style:normal;font-weight:500\">\n<h3 class=\"wp-block-heading has-text-align-center wenig-padding has-white-color has-text-color has-link-color wp-elements-a173ad00078cd6e2dc8346664f7e6d0d\">Hub II<\/h3>\n\n\n\n<p class=\"has-text-align-center wenig-padding has-white-color has-text-color has-link-color wp-elements-9c2fa5620c1b92b2861b3fe756b8e805\">Communication infrastructures<\/p>\n\n\n\n<div class=\"wp-block-buttons has-custom-font-size is-content-justification-center is-layout-flex wp-container-core-buttons-is-layout-16018d1d wp-block-buttons-is-layout-flex\" style=\"font-size:13px\">\n<div class=\"wp-block-button has-custom-width wp-block-button__width-75 is-style-outline is-style-outline--2\"><a class=\"wp-block-button__link has-white-color has-text-color has-background has-custom-font-size wp-element-button\" href=\"https:\/\/greenict.de\/en\/nachhaltigkeitscheck-hub2\/\" style=\"background-color:#018b6d;font-size:13px\" target=\"_blank\" rel=\"https:\/\/greenict.de\/kontakt\/ noopener\">Learn more<\/a><\/div>\n<\/div>\n\n\n\n<div style=\"height:20px\" aria-hidden=\"true\" class=\"wp-block-spacer\"><\/div>\n<\/div>\n\n\n\n<div class=\"wp-block-column is-vertically-aligned-top rahmen-schatten pseudo has-black-color has-text-color has-background has-link-color wp-elements-a77630915ac4d70029292220801f5eb7 is-layout-flow wp-block-column-is-layout-flow\" style=\"background:linear-gradient(180deg,rgb(0,125,112) 0%,rgb(0,147,116) 38%);font-style:normal;font-weight:500\">\n<h3 class=\"wp-block-heading has-text-align-center wenig-padding has-white-color has-text-color has-link-color wp-elements-26e34058425245f082efdecdf039ca2a\">Hub III<\/h3>\n\n\n\n<p class=\"has-text-align-center wenig-padding has-white-color has-text-color has-link-color wp-elements-8e27010a73e6a0b1214504c5bbae8fa6\">Resource-optimized electronics production<\/p>\n\n\n\n<div class=\"wp-block-buttons has-custom-font-size is-content-justification-center is-layout-flex wp-container-core-buttons-is-layout-16018d1d wp-block-buttons-is-layout-flex\" style=\"font-size:13px\">\n<div class=\"wp-block-button has-custom-width wp-block-button__width-75 is-style-outline is-style-outline--3\"><a class=\"wp-block-button__link has-white-color has-text-color has-background has-custom-font-size wp-element-button\" href=\"https:\/\/greenict.de\/en\/nachhaltigkeitscheck-prozesse-mikroelektronikfertigung\/\" style=\"background-color:#018b6d;font-size:13px\" target=\"_blank\" rel=\"https:\/\/greenict.de\/kontakt\/ noopener\">Learn more<\/a><\/div>\n<\/div>\n\n\n\n<div style=\"height:20px\" aria-hidden=\"true\" class=\"wp-block-spacer\"><\/div>\n<\/div>\n<\/div>\n\n\n\n<div style=\"height:20px\" aria-hidden=\"true\" class=\"wp-block-spacer\"><\/div>\n\n\n\n<h3 class=\"wp-block-heading\">Summarized offers for life cycle assessment \/ environmental potential analysis<\/h3>\n\n\n\n<ul class=\"wp-block-list\">\n<li>Advice and preparation of life cycle inventory models<\/li>\n\n\n\n<li>Methodological advice on ISO 14040\/44 and definition of specific requirements for special applications<\/li>\n\n\n\n<li>Third-party review for life cycle assessments<\/li>\n\n\n\n<li>Plausibility check for life cycle assessment data sets (especially for electronic component production and printed circuit boards)<\/li>\n\n\n\n<li>Advice on and implementation of eco-design and recycling concepts<\/li>\n\n\n\n<li>Advice on environmental legislation and requirements in the field of electronics (not legally binding) (e.g. substance bans, DPP, Ecodesign Directive, ... )<\/li>\n<\/ul>\n\n\n\n<hr class=\"wp-block-separator has-alpha-channel-opacity\"\/>\n\n\n\n<div class=\"wp-block-columns is-not-stacked-on-mobile is-layout-flex wp-container-core-columns-is-layout-9d6595d7 wp-block-columns-is-layout-flex\">\n<div class=\"wp-block-column is-layout-flow wp-block-column-is-layout-flow\" style=\"flex-basis:33.33%\"><\/div>\n\n\n\n<div class=\"wp-block-column is-vertically-aligned-center is-layout-flow wp-block-column-is-layout-flow\" style=\"flex-basis:33.34%\">\n<figure class=\"wp-block-image size-large\"><a href=\"https:\/\/www.forschungsfabrik-mikroelektronik.de\/\" target=\"_blank\" rel=\"noreferrer noopener\"><img loading=\"lazy\" decoding=\"async\" width=\"1024\" height=\"450\" src=\"https:\/\/greenict.de\/wp-content\/uploads\/2022\/11\/fmd-logo.1440.1920-1024x450.png\" alt=\"Logo Forschungsfabrik Mikroelektronik Deutschland\" class=\"wp-image-475\" srcset=\"https:\/\/greenict.de\/wp-content\/uploads\/2022\/11\/fmd-logo.1440.1920-1024x450.png 1024w, https:\/\/greenict.de\/wp-content\/uploads\/2022\/11\/fmd-logo.1440.1920-300x132.png 300w, https:\/\/greenict.de\/wp-content\/uploads\/2022\/11\/fmd-logo.1440.1920-768x338.png 768w, https:\/\/greenict.de\/wp-content\/uploads\/2022\/11\/fmd-logo.1440.1920.png 1440w\" sizes=\"auto, (max-width: 1024px) 100vw, 1024px\" \/><\/a><\/figure>\n<\/div>\n\n\n\n<div class=\"wp-block-column is-vertically-aligned-top is-layout-flow wp-block-column-is-layout-flow\" style=\"flex-basis:33.34%\">\n<figure class=\"wp-block-image size-full\"><a href=\"https:\/\/www.elektronikforschung.de\/projekte\/greenict\" target=\"_blank\" rel=\"noreferrer noopener\"><img loading=\"lazy\" decoding=\"async\" width=\"640\" height=\"453\" src=\"https:\/\/greenict.de\/wp-content\/uploads\/2024\/07\/BMBF-logo-en.jpg\" alt=\"F\u00f6rderlogo des Bundesministeriums f\u00fcr Bildung und Forschung \" class=\"wp-image-137\" srcset=\"https:\/\/greenict.de\/wp-content\/uploads\/2024\/07\/BMBF-logo-en.jpg 945w, https:\/\/greenict.de\/wp-content\/uploads\/2024\/07\/BMBF-logo-en-300x206.jpg 300w, https:\/\/greenict.de\/wp-content\/uploads\/2024\/07\/BMBF-logo-en-768x528.jpg 768w, https:\/\/greenict.de\/wp-content\/uploads\/2024\/07\/BMBF-logo-en-18x12.jpg 18w\" sizes=\"auto, (max-width: 640px) 100vw, 640px\" \/><\/a><\/figure>\n<\/div>\n<\/div>","protected":false},"excerpt":{"rendered":"<p>Wir untersuchen kostenfrei Ihre Produkte und Herstellungsprozesse und erarbeiten Vorschl\u00e4ge zur\u202fCO2e\u202fFootprint-Reduzierung. Damit erhalten Sie die M\u00f6glichkeit, Ihre Wettbewerbsf\u00e4higkeit im Bereich \u00f6kologische Nachhaltigkeit zu steigern. Unsere Leistungen: Ihre Vorteile:&nbsp; Die konstruktive, effiziente und reibungslose Zusammenarbeit im Rahmen des Validierungsprojekts des Kompetenzzentrums&#8230;<\/p>","protected":false},"author":2,"featured_media":9336,"parent":0,"menu_order":0,"comment_status":"closed","ping_status":"closed","template":"","meta":{"_acf_changed":false,"footnotes":""},"class_list":["post-5499","page","type-page","status-publish","has-post-thumbnail","hentry"],"acf":[],"yoast_head":"<!-- This site is optimized with the Yoast SEO plugin v27.4 - https:\/\/yoast.com\/product\/yoast-seo-wordpress\/ -->\n<title>Leistungsangebote f\u00fcr die Industrie<\/title>\n<meta name=\"description\" content=\"Wir analysieren kostenfrei IKT Produkte und Herstellungsprozesse, um Vorschl\u00e4ge zur Reduzierung Ihres CO2e-Fu\u00dfabdrucks zu entwickeln!\" \/>\n<meta name=\"robots\" content=\"index, follow, max-snippet:-1, max-image-preview:large, max-video-preview:-1\" \/>\n<link rel=\"canonical\" href=\"https:\/\/greenict.de\/en\/leistunsangebote-industrie\/\" \/>\n<script type=\"application\/ld+json\" class=\"yoast-schema-graph\">{\"@context\":\"https:\\\/\\\/schema.org\",\"@graph\":[{\"@type\":\"WebPage\",\"@id\":\"https:\\\/\\\/greenict.de\\\/leistunsangebote-industrie\\\/\",\"url\":\"https:\\\/\\\/greenict.de\\\/leistunsangebote-industrie\\\/\",\"name\":\"Leistungsangebote f\u00fcr die Industrie\",\"isPartOf\":{\"@id\":\"https:\\\/\\\/greenict.de\\\/#website\"},\"primaryImageOfPage\":{\"@id\":\"https:\\\/\\\/greenict.de\\\/leistunsangebote-industrie\\\/#primaryimage\"},\"image\":{\"@id\":\"https:\\\/\\\/greenict.de\\\/leistunsangebote-industrie\\\/#primaryimage\"},\"thumbnailUrl\":\"https:\\\/\\\/greenict.de\\\/wp-content\\\/uploads\\\/2024\\\/07\\\/green-production.jpg\",\"datePublished\":\"2024-02-14T08:53:21+00:00\",\"dateModified\":\"2026-01-22T14:01:23+00:00\",\"description\":\"Wir analysieren kostenfrei IKT Produkte und Herstellungsprozesse, um Vorschl\u00e4ge zur Reduzierung Ihres CO2e-Fu\u00dfabdrucks zu entwickeln!\",\"breadcrumb\":{\"@id\":\"https:\\\/\\\/greenict.de\\\/leistunsangebote-industrie\\\/#breadcrumb\"},\"inLanguage\":\"en-GB\",\"potentialAction\":[{\"@type\":\"ReadAction\",\"target\":[\"https:\\\/\\\/greenict.de\\\/leistunsangebote-industrie\\\/\"]}]},{\"@type\":\"ImageObject\",\"inLanguage\":\"en-GB\",\"@id\":\"https:\\\/\\\/greenict.de\\\/leistunsangebote-industrie\\\/#primaryimage\",\"url\":\"https:\\\/\\\/greenict.de\\\/wp-content\\\/uploads\\\/2024\\\/07\\\/green-production.jpg\",\"contentUrl\":\"https:\\\/\\\/greenict.de\\\/wp-content\\\/uploads\\\/2024\\\/07\\\/green-production.jpg\",\"width\":1440,\"height\":807,\"caption\":\"\u00a9 metamorworks\\\/AdobeStock\"},{\"@type\":\"BreadcrumbList\",\"@id\":\"https:\\\/\\\/greenict.de\\\/leistunsangebote-industrie\\\/#breadcrumb\",\"itemListElement\":[{\"@type\":\"ListItem\",\"position\":1,\"name\":\"Startseite\",\"item\":\"https:\\\/\\\/greenict.de\\\/\"},{\"@type\":\"ListItem\",\"position\":2,\"name\":\"Leistungsangebote f\u00fcr die Industrie\"}]},{\"@type\":\"WebSite\",\"@id\":\"https:\\\/\\\/greenict.de\\\/#website\",\"url\":\"https:\\\/\\\/greenict.de\\\/\",\"name\":\"Green ICT\",\"description\":\"Kompetenzzentrum f\u00fcr eine ressourcenbewusste Informations- und Kommunikationstechnik\",\"publisher\":{\"@id\":\"https:\\\/\\\/greenict.de\\\/#organization\"},\"alternateName\":\"Nachhaltige Mikroelektronik\",\"potentialAction\":[{\"@type\":\"SearchAction\",\"target\":{\"@type\":\"EntryPoint\",\"urlTemplate\":\"https:\\\/\\\/greenict.de\\\/?s={search_term_string}\"},\"query-input\":{\"@type\":\"PropertyValueSpecification\",\"valueRequired\":true,\"valueName\":\"search_term_string\"}}],\"inLanguage\":\"en-GB\"},{\"@type\":\"Organization\",\"@id\":\"https:\\\/\\\/greenict.de\\\/#organization\",\"name\":\"Forschungsfabrik Mikroelektronik Deutschland\",\"alternateName\":\"FMD\",\"url\":\"https:\\\/\\\/greenict.de\\\/\",\"logo\":{\"@type\":\"ImageObject\",\"inLanguage\":\"en-GB\",\"@id\":\"https:\\\/\\\/greenict.de\\\/#\\\/schema\\\/logo\\\/image\\\/\",\"url\":\"https:\\\/\\\/greenict.de\\\/wp-content\\\/uploads\\\/2022\\\/11\\\/FMD-Logo_farbe-50-mm.png\",\"contentUrl\":\"https:\\\/\\\/greenict.de\\\/wp-content\\\/uploads\\\/2022\\\/11\\\/FMD-Logo_farbe-50-mm.png\",\"width\":592,\"height\":135,\"caption\":\"Forschungsfabrik Mikroelektronik Deutschland\"},\"image\":{\"@id\":\"https:\\\/\\\/greenict.de\\\/#\\\/schema\\\/logo\\\/image\\\/\"}}]}<\/script>\n<!-- \/ Yoast SEO plugin. -->","yoast_head_json":{"title":"Range of services for the industry","description":"We analyze ICT products and manufacturing processes free of charge to develop proposals for reducing your CO2e footprint!","robots":{"index":"index","follow":"follow","max-snippet":"max-snippet:-1","max-image-preview":"max-image-preview:large","max-video-preview":"max-video-preview:-1"},"canonical":"https:\/\/greenict.de\/en\/leistunsangebote-industrie\/","schema":{"@context":"https:\/\/schema.org","@graph":[{"@type":"WebPage","@id":"https:\/\/greenict.de\/leistunsangebote-industrie\/","url":"https:\/\/greenict.de\/leistunsangebote-industrie\/","name":"Range of services for the industry","isPartOf":{"@id":"https:\/\/greenict.de\/#website"},"primaryImageOfPage":{"@id":"https:\/\/greenict.de\/leistunsangebote-industrie\/#primaryimage"},"image":{"@id":"https:\/\/greenict.de\/leistunsangebote-industrie\/#primaryimage"},"thumbnailUrl":"https:\/\/greenict.de\/wp-content\/uploads\/2024\/07\/green-production.jpg","datePublished":"2024-02-14T08:53:21+00:00","dateModified":"2026-01-22T14:01:23+00:00","description":"We analyze ICT products and manufacturing processes free of charge to develop proposals for reducing your CO2e footprint!","breadcrumb":{"@id":"https:\/\/greenict.de\/leistunsangebote-industrie\/#breadcrumb"},"inLanguage":"en-GB","potentialAction":[{"@type":"ReadAction","target":["https:\/\/greenict.de\/leistunsangebote-industrie\/"]}]},{"@type":"ImageObject","inLanguage":"en-GB","@id":"https:\/\/greenict.de\/leistunsangebote-industrie\/#primaryimage","url":"https:\/\/greenict.de\/wp-content\/uploads\/2024\/07\/green-production.jpg","contentUrl":"https:\/\/greenict.de\/wp-content\/uploads\/2024\/07\/green-production.jpg","width":1440,"height":807,"caption":"\u00a9 metamorworks\/AdobeStock"},{"@type":"BreadcrumbList","@id":"https:\/\/greenict.de\/leistunsangebote-industrie\/#breadcrumb","itemListElement":[{"@type":"ListItem","position":1,"name":"Startseite","item":"https:\/\/greenict.de\/"},{"@type":"ListItem","position":2,"name":"Leistungsangebote f\u00fcr die Industrie"}]},{"@type":"WebSite","@id":"https:\/\/greenict.de\/#website","url":"https:\/\/greenict.de\/","name":"Competence center for sustainable IT and communication technology","description":"Competence center for sustainable information and communication technology","publisher":{"@id":"https:\/\/greenict.de\/#organization"},"alternateName":"Nachhaltige Mikroelektronik","potentialAction":[{"@type":"SearchAction","target":{"@type":"EntryPoint","urlTemplate":"https:\/\/greenict.de\/?s={search_term_string}"},"query-input":{"@type":"PropertyValueSpecification","valueRequired":true,"valueName":"search_term_string"}}],"inLanguage":"en-GB"},{"@type":"Organization","@id":"https:\/\/greenict.de\/#organization","name":"Research Fab Microelectronics Germany","alternateName":"FMD","url":"https:\/\/greenict.de\/","logo":{"@type":"ImageObject","inLanguage":"en-GB","@id":"https:\/\/greenict.de\/#\/schema\/logo\/image\/","url":"https:\/\/greenict.de\/wp-content\/uploads\/2022\/11\/FMD-Logo_farbe-50-mm.png","contentUrl":"https:\/\/greenict.de\/wp-content\/uploads\/2022\/11\/FMD-Logo_farbe-50-mm.png","width":592,"height":135,"caption":"Forschungsfabrik Mikroelektronik Deutschland"},"image":{"@id":"https:\/\/greenict.de\/#\/schema\/logo\/image\/"}}]}},"_links":{"self":[{"href":"https:\/\/greenict.de\/en\/wp-json\/wp\/v2\/pages\/5499","targetHints":{"allow":["GET"]}}],"collection":[{"href":"https:\/\/greenict.de\/en\/wp-json\/wp\/v2\/pages"}],"about":[{"href":"https:\/\/greenict.de\/en\/wp-json\/wp\/v2\/types\/page"}],"author":[{"embeddable":true,"href":"https:\/\/greenict.de\/en\/wp-json\/wp\/v2\/users\/2"}],"replies":[{"embeddable":true,"href":"https:\/\/greenict.de\/en\/wp-json\/wp\/v2\/comments?post=5499"}],"version-history":[{"count":181,"href":"https:\/\/greenict.de\/en\/wp-json\/wp\/v2\/pages\/5499\/revisions"}],"predecessor-version":[{"id":14368,"href":"https:\/\/greenict.de\/en\/wp-json\/wp\/v2\/pages\/5499\/revisions\/14368"}],"wp:featuredmedia":[{"embeddable":true,"href":"https:\/\/greenict.de\/en\/wp-json\/wp\/v2\/media\/9336"}],"wp:attachment":[{"href":"https:\/\/greenict.de\/en\/wp-json\/wp\/v2\/media?parent=5499"}],"curies":[{"name":"wp","href":"https:\/\/api.w.org\/{rel}","templated":true}]}}