{"id":4935,"date":"2023-11-06T15:35:53","date_gmt":"2023-11-06T14:35:53","guid":{"rendered":"https:\/\/greenict.de\/?page_id=4935"},"modified":"2025-07-14T09:31:35","modified_gmt":"2025-07-14T07:31:35","slug":"space-gefoerderte-projekte","status":"publish","type":"page","link":"https:\/\/greenict.de\/en\/space-gefoerderte-projekte\/","title":{"rendered":"Green ICT Space - supported projects"},"content":{"rendered":"<p><\/p>\n\n\n\n<p><\/p>\n\n\n\n<div class=\"wp-block-columns is-layout-flex wp-container-core-columns-is-layout-9d6595d7 wp-block-columns-is-layout-flex\">\n<div class=\"wp-block-column bordercolumns3 has-background is-layout-flow wp-block-column-is-layout-flow\" style=\"background-color:#f1f8f7\">\n<figure class=\"wp-block-image size-full is-style-default\"><a href=\"https:\/\/greenict.de\/en\/greenclean-intelligent-fluid-iftin\/\"><img loading=\"lazy\" decoding=\"async\" width=\"700\" height=\"484\" src=\"https:\/\/greenict.de\/wp-content\/uploads\/2024\/09\/intelligent-fluids-green-ict-space.jpg\" alt=\"\" class=\"wp-image-9566\" style=\"aspect-ratio:3\/2;object-fit:cover\" srcset=\"https:\/\/greenict.de\/wp-content\/uploads\/2024\/09\/intelligent-fluids-green-ict-space.jpg 700w, https:\/\/greenict.de\/wp-content\/uploads\/2024\/09\/intelligent-fluids-green-ict-space-300x207.jpg 300w, https:\/\/greenict.de\/wp-content\/uploads\/2024\/09\/intelligent-fluids-green-ict-space-18x12.jpg 18w\" sizes=\"auto, (max-width: 700px) 100vw, 700px\" \/><\/a><\/figure>\n\n\n\n<h3 class=\"wp-block-heading has-text-align-center\">intelligent fluids GmbH<\/h3>\n\n\n\n<p class=\"etwas-padding\">The aim is to evaluate an environmentally friendly, water-based alternative to the petroleum-based solvent processes currently used in the semiconductor industry.<\/p>\n\n\n\n<div class=\"wp-block-buttons has-custom-font-size has-small-font-size is-content-justification-center is-layout-flex wp-container-core-buttons-is-layout-16018d1d wp-block-buttons-is-layout-flex\">\n<div class=\"wp-block-button has-custom-width wp-block-button__width-50\"><a class=\"wp-block-button__link has-white-color has-text-color has-background wp-element-button\" href=\"https:\/\/greenict.de\/en\/greenclean-intelligent-fluid-iftin\/\" style=\"border-radius:50px;background-color:#009374\" target=\"_blank\" rel=\"https:\/\/greenict.de\/kontakt\/ noopener noreferrer\">More info<\/a><\/div>\n<\/div>\n\n\n\n<div style=\"height:20px\" aria-hidden=\"true\" class=\"wp-block-spacer\"><\/div>\n<\/div>\n\n\n\n<div class=\"wp-block-column bordercolumns3 has-background is-layout-flow wp-block-column-is-layout-flow\" style=\"background-color:#f1f8f7\">\n<figure class=\"wp-block-image size-full is-style-default\"><a href=\"https:\/\/greenict.de\/en\/co2-reduktion-digitale-schnelltests\/\" target=\"_blank\" rel=\"noreferrer noopener\"><img loading=\"lazy\" decoding=\"async\" width=\"1000\" height=\"570\" src=\"https:\/\/greenict.de\/wp-content\/uploads\/2024\/08\/hyphox-gmbh-green-ict-space.jpg\" alt=\"\" class=\"wp-image-9532\" style=\"aspect-ratio:3\/2;object-fit:cover\" srcset=\"https:\/\/greenict.de\/wp-content\/uploads\/2024\/08\/hyphox-gmbh-green-ict-space.jpg 1000w, https:\/\/greenict.de\/wp-content\/uploads\/2024\/08\/hyphox-gmbh-green-ict-space-300x171.jpg 300w, https:\/\/greenict.de\/wp-content\/uploads\/2024\/08\/hyphox-gmbh-green-ict-space-768x438.jpg 768w, https:\/\/greenict.de\/wp-content\/uploads\/2024\/08\/hyphox-gmbh-green-ict-space-18x10.jpg 18w\" sizes=\"auto, (max-width: 1000px) 100vw, 1000px\" \/><\/a><\/figure>\n\n\n\n<h3 class=\"wp-block-heading has-text-align-center\">HyPhoX GmbH<\/h3>\n\n\n\n<p class=\"etwas-padding translation-block\">The overarching goal of the project is to significantly reduce the CO<sub>2<\/sub> footprint during chip and system production and during the utilization phase of digital rapid tests.<\/p>\n\n\n\n<div class=\"wp-block-buttons has-custom-font-size has-small-font-size is-content-justification-center is-layout-flex wp-container-core-buttons-is-layout-16018d1d wp-block-buttons-is-layout-flex\">\n<div class=\"wp-block-button has-custom-width wp-block-button__width-50\"><a class=\"wp-block-button__link has-white-color has-text-color has-background wp-element-button\" href=\"https:\/\/greenict.de\/en\/co2-reduktion-digitale-schnelltests\/\" style=\"border-radius:50px;background-color:#009374\" target=\"_blank\" rel=\"https:\/\/greenict.de\/kontakt\/ noopener noreferrer\">More info<\/a><\/div>\n<\/div>\n\n\n\n<div style=\"height:20px\" aria-hidden=\"true\" class=\"wp-block-spacer\"><\/div>\n<\/div>\n<\/div>\n\n\n\n<p><\/p>\n\n\n\n<div class=\"wp-block-columns is-layout-flex wp-container-core-columns-is-layout-9d6595d7 wp-block-columns-is-layout-flex\">\n<div class=\"wp-block-column bordercolumns3 has-background is-layout-flow wp-block-column-is-layout-flow\" style=\"background-color:#f1f8f7\">\n<figure class=\"wp-block-image size-full is-style-default\"><a href=\"https:\/\/greenict.de\/en\/optimiertes-wassergestutztes-laser-trennen-von-sic-bauteilen-zurreduzierung-des-co2-fussabdrucks-sicowl-co2\/\" target=\"_blank\" rel=\"noreferrer noopener\"><img loading=\"lazy\" decoding=\"async\" width=\"700\" height=\"422\" src=\"https:\/\/greenict.de\/wp-content\/uploads\/2024\/08\/Lidrotec-green-ict-space.jpg\" alt=\"\" class=\"wp-image-9500\" style=\"aspect-ratio:3\/2;object-fit:cover\" srcset=\"https:\/\/greenict.de\/wp-content\/uploads\/2024\/08\/Lidrotec-green-ict-space.jpg 700w, https:\/\/greenict.de\/wp-content\/uploads\/2024\/08\/Lidrotec-green-ict-space-300x181.jpg 300w, https:\/\/greenict.de\/wp-content\/uploads\/2024\/08\/Lidrotec-green-ict-space-18x12.jpg 18w\" sizes=\"auto, (max-width: 700px) 100vw, 700px\" \/><\/a><\/figure>\n\n\n\n<h3 class=\"wp-block-heading has-text-align-center\">LIDROTEC GmbH<\/h3>\n\n\n\n<p class=\"etwas-padding\">The aim is to reduce the ecological footprint by increasing energy and resource efficiency in the separation of electronic components for high-power applications.<\/p>\n\n\n\n<div class=\"wp-block-buttons has-custom-font-size has-small-font-size is-content-justification-center is-layout-flex wp-container-core-buttons-is-layout-16018d1d wp-block-buttons-is-layout-flex\">\n<div class=\"wp-block-button has-custom-width wp-block-button__width-50\"><a class=\"wp-block-button__link has-white-color has-text-color has-background wp-element-button\" href=\"https:\/\/greenict.de\/en\/optimiertes-wassergestutztes-laser-trennen-von-sic-bauteilen-zurreduzierung-des-co2-fussabdrucks-sicowl-co2\/\" style=\"border-radius:50px;background-color:#009374\" target=\"_blank\" rel=\"https:\/\/greenict.de\/kontakt\/ noopener noreferrer\">More info<\/a><\/div>\n<\/div>\n\n\n\n<div style=\"height:20px\" aria-hidden=\"true\" class=\"wp-block-spacer\"><\/div>\n<\/div>\n\n\n\n<div class=\"wp-block-column bordercolumns3 has-background is-layout-flow wp-block-column-is-layout-flow\" style=\"background-color:#f1f8f7\">\n<figure class=\"wp-block-image size-large is-style-default\"><a href=\"https:\/\/greenict.de\/en\/nest\/\" target=\"_blank\" rel=\"noreferrer noopener\"><img loading=\"lazy\" decoding=\"async\" width=\"1024\" height=\"570\" src=\"https:\/\/greenict.de\/wp-content\/uploads\/2023\/11\/space-wollmann-landgraf-1024x570.jpg\" alt=\"Zwei Wissenschaftler stehen vor Green ICT Space Info-Graphik \" class=\"wp-image-4955\" style=\"aspect-ratio:3\/2;object-fit:cover\" srcset=\"https:\/\/greenict.de\/wp-content\/uploads\/2023\/11\/space-wollmann-landgraf-1024x570.jpg 1024w, https:\/\/greenict.de\/wp-content\/uploads\/2023\/11\/space-wollmann-landgraf-300x167.jpg 300w, https:\/\/greenict.de\/wp-content\/uploads\/2023\/11\/space-wollmann-landgraf-768x427.jpg 768w, https:\/\/greenict.de\/wp-content\/uploads\/2023\/11\/space-wollmann-landgraf-18x10.jpg 18w, https:\/\/greenict.de\/wp-content\/uploads\/2023\/11\/space-wollmann-landgraf.jpg 1100w\" sizes=\"auto, (max-width: 1024px) 100vw, 1024px\" \/><\/a><\/figure>\n\n\n\n<h3 class=\"wp-block-heading has-text-align-center\">DIVE imaging systems GmbH<\/h3>\n\n\n\n<p class=\"etwas-padding\">Die Firma DIVE imaging systems bekommt f\u00fcr die Integration ihres innovativen l\u00f6tbasierten Inspektionstools das Fraunhofer IPMS an die Seite gestellt.<\/p>\n\n\n\n<p><\/p>\n\n\n\n<div class=\"wp-block-buttons has-custom-font-size has-small-font-size is-content-justification-center is-layout-flex wp-container-core-buttons-is-layout-16018d1d wp-block-buttons-is-layout-flex\">\n<div class=\"wp-block-button has-custom-width wp-block-button__width-50\"><a class=\"wp-block-button__link has-white-color has-text-color has-background wp-element-button\" href=\"https:\/\/greenict.de\/en\/nest\/\" style=\"border-radius:50px;background-color:#009374\" target=\"_blank\" rel=\"https:\/\/greenict.de\/kontakt\/ noopener\">More info<\/a><\/div>\n<\/div>\n\n\n\n<div style=\"height:20px\" aria-hidden=\"true\" class=\"wp-block-spacer\"><\/div>\n<\/div>\n<\/div>\n\n\n\n<div style=\"height:30px\" aria-hidden=\"true\" class=\"wp-block-spacer\"><\/div>\n\n\n\n<p><\/p>\n\n\n\n<div class=\"wp-block-columns is-layout-flex wp-container-core-columns-is-layout-9d6595d7 wp-block-columns-is-layout-flex\">\n<div class=\"wp-block-column bordercolumns3 has-background is-layout-flow wp-block-column-is-layout-flow\" style=\"background-color:#f1f8f7\">\n<figure class=\"wp-block-image size-large is-style-default\"><a href=\"https:\/\/greenict.de\/en\/coco\/\" target=\"_blank\" rel=\"noreferrer noopener\"><img loading=\"lazy\" decoding=\"async\" width=\"1024\" height=\"570\" src=\"https:\/\/greenict.de\/wp-content\/uploads\/2023\/11\/dolkemeyer-wagner-1024x570.jpg\" alt=\"Zwei Wissenschaftler stehen vor Green ICT Space Info-Graphik \" class=\"wp-image-4956\" style=\"aspect-ratio:3\/2;object-fit:cover\" srcset=\"https:\/\/greenict.de\/wp-content\/uploads\/2023\/11\/dolkemeyer-wagner-1024x570.jpg 1024w, https:\/\/greenict.de\/wp-content\/uploads\/2023\/11\/dolkemeyer-wagner-300x167.jpg 300w, https:\/\/greenict.de\/wp-content\/uploads\/2023\/11\/dolkemeyer-wagner-768x427.jpg 768w, https:\/\/greenict.de\/wp-content\/uploads\/2023\/11\/dolkemeyer-wagner-18x10.jpg 18w, https:\/\/greenict.de\/wp-content\/uploads\/2023\/11\/dolkemeyer-wagner.jpg 1100w\" sizes=\"auto, (max-width: 1024px) 100vw, 1024px\" \/><\/a><\/figure>\n\n\n\n<h3 class=\"wp-block-heading has-text-align-center\">XCCES GmbH<\/h3>\n\n\n\n<p class=\"etwas-padding\">XCCES GmbH is working with Fraunhofer IZM to evaluate the reliability and optimization of its innovative soldered joints.<\/p>\n\n\n\n<div class=\"wp-block-buttons has-custom-font-size has-small-font-size is-content-justification-center is-layout-flex wp-container-core-buttons-is-layout-16018d1d wp-block-buttons-is-layout-flex\">\n<div class=\"wp-block-button has-custom-width wp-block-button__width-50\"><a class=\"wp-block-button__link has-white-color has-text-color has-background wp-element-button\" href=\"https:\/\/greenict.de\/en\/coco\/\" style=\"border-radius:50px;background-color:#009374\" target=\"_blank\" rel=\"https:\/\/greenict.de\/kontakt\/ noopener\">More info<\/a><\/div>\n<\/div>\n\n\n\n<div style=\"height:20px\" aria-hidden=\"true\" class=\"wp-block-spacer\"><\/div>\n<\/div>\n\n\n\n<div class=\"wp-block-column bordercolumns3 has-background is-layout-flow wp-block-column-is-layout-flow\" style=\"background-color:#f1f8f7\">\n<figure class=\"wp-block-image size-full is-style-default\"><a href=\"https:\/\/greenict.de\/en\/entwicklung-eines-energieeffizienten-asic-fur-mikroventile-green-asic\/\" target=\"_blank\" rel=\"noreferrer noopener\"><img loading=\"lazy\" decoding=\"async\" width=\"1000\" height=\"694\" src=\"https:\/\/greenict.de\/wp-content\/uploads\/2024\/12\/asic.png\" alt=\"\" class=\"wp-image-10901\" style=\"aspect-ratio:3\/2;object-fit:cover\" srcset=\"https:\/\/greenict.de\/wp-content\/uploads\/2024\/12\/asic.png 1000w, https:\/\/greenict.de\/wp-content\/uploads\/2024\/12\/asic-300x208.png 300w, https:\/\/greenict.de\/wp-content\/uploads\/2024\/12\/asic-768x533.png 768w, https:\/\/greenict.de\/wp-content\/uploads\/2024\/12\/asic-18x12.png 18w\" sizes=\"auto, (max-width: 1000px) 100vw, 1000px\" \/><\/a><\/figure>\n\n\n\n<h3 class=\"wp-block-heading has-text-align-center\">muVaP Gmbh<\/h3>\n\n\n\n<p class=\"etwas-padding\">Together with Fraunhofer EMFT, muVaP GmbH is working on the development of an energy-efficient ASIC for microvalves - Green ASIC.<\/p>\n\n\n\n<div class=\"wp-block-buttons has-custom-font-size has-small-font-size is-content-justification-center is-layout-flex wp-container-core-buttons-is-layout-16018d1d wp-block-buttons-is-layout-flex\">\n<div class=\"wp-block-button has-custom-width wp-block-button__width-50\"><a class=\"wp-block-button__link has-white-color has-text-color has-background wp-element-button\" href=\"https:\/\/greenict.de\/en\/entwicklung-eines-energieeffizienten-asic-fur-mikroventile-green-asic\/\" style=\"border-radius:50px;background-color:#009374\" target=\"_blank\" rel=\"https:\/\/greenict.de\/kontakt\/ noopener noreferrer noopener\">More info<\/a><\/div>\n<\/div>\n\n\n\n<div style=\"height:20px\" aria-hidden=\"true\" class=\"wp-block-spacer\"><\/div>\n<\/div>\n<\/div>\n\n\n\n<p><\/p>\n\n\n\n<div class=\"wp-block-columns is-layout-flex wp-container-core-columns-is-layout-9d6595d7 wp-block-columns-is-layout-flex\">\n<div class=\"wp-block-column bordercolumns3 has-background is-layout-flow wp-block-column-is-layout-flow\" style=\"background-color:#f1f8f7\">\n<figure class=\"wp-block-image size-full is-style-default\"><img loading=\"lazy\" decoding=\"async\" width=\"1000\" height=\"667\" src=\"https:\/\/greenict.de\/wp-content\/uploads\/2025\/07\/space-projekt-oeko-quant.jpg\" alt=\"\" class=\"wp-image-13045\" style=\"aspect-ratio:3\/2;object-fit:cover\" srcset=\"https:\/\/greenict.de\/wp-content\/uploads\/2025\/07\/space-projekt-oeko-quant.jpg 1000w, https:\/\/greenict.de\/wp-content\/uploads\/2025\/07\/space-projekt-oeko-quant-300x200.jpg 300w, https:\/\/greenict.de\/wp-content\/uploads\/2025\/07\/space-projekt-oeko-quant-768x512.jpg 768w, https:\/\/greenict.de\/wp-content\/uploads\/2025\/07\/space-projekt-oeko-quant-18x12.jpg 18w\" sizes=\"auto, (max-width: 1000px) 100vw, 1000px\" \/><\/figure>\n\n\n\n<h3 class=\"wp-block-heading has-text-align-center\">\u00d6KO-QUANT<\/h3>\n\n\n\n<p class=\"etwas-padding\">Project objective: to transparently quantify the environmental impact of a quantum-based testing device from QuantumDiamonds GmbH (QD) in semiconductor production.<\/p>\n\n\n\n<div class=\"wp-block-buttons has-custom-font-size has-small-font-size is-content-justification-center is-layout-flex wp-container-core-buttons-is-layout-16018d1d wp-block-buttons-is-layout-flex\">\n<div class=\"wp-block-button has-custom-width wp-block-button__width-50\"><a class=\"wp-block-button__link has-white-color has-text-color has-background wp-element-button\" href=\"https:\/\/greenict.de\/en\/okobilanzierung-von-quantensensor-technologie-in-der-halbleiterfertigung-oeko-quant\/\" style=\"border-radius:50px;background-color:#009374\" target=\"_blank\" rel=\"https:\/\/greenict.de\/kontakt\/ noopener noreferrer noopener\">More info<\/a><\/div>\n<\/div>\n\n\n\n<div style=\"height:20px\" aria-hidden=\"true\" class=\"wp-block-spacer\"><\/div>\n<\/div>\n\n\n\n<div class=\"wp-block-column is-layout-flow wp-block-column-is-layout-flow\">\n<div style=\"height:20px\" aria-hidden=\"true\" class=\"wp-block-spacer\"><\/div>\n<\/div>\n<\/div>","protected":false},"excerpt":{"rendered":"<p>intelligent fluids GmbH Ziel ist es, eine umweltfreundliche, wasserbasierte Alternative zu den derzeit verwendeten erd\u00f6lbasierten L\u00f6sungsmittel-Prozessen in der Halbleiterindustrie zu evaluieren. HyPhoX GmbH Das \u00fcbergeordnete Ziel des Projekts ist die signifikante Reduktion des CO2-Fu\u00dfabdrucks bei der Chip- und Systemherstellung sowie&#8230;<\/p>","protected":false},"author":2,"featured_media":0,"parent":0,"menu_order":0,"comment_status":"closed","ping_status":"closed","template":"","meta":{"_acf_changed":false,"footnotes":""},"class_list":["post-4935","page","type-page","status-publish","hentry"],"acf":[],"yoast_head":"<!-- This site is optimized with the Yoast SEO plugin v27.3 - https:\/\/yoast.com\/product\/yoast-seo-wordpress\/ -->\n<title>Green ICT Space \u2013 gef\u00f6rderte Projekte<\/title>\n<meta name=\"description\" content=\"Zwei Start-ups nehmen seit Januar 2024 am F\u00f6rderprogramm teil: DIVE imaging systems und XCESS. Bewerben auch Sie sich!\" \/>\n<meta name=\"robots\" content=\"index, follow, max-snippet:-1, max-image-preview:large, max-video-preview:-1\" \/>\n<link rel=\"canonical\" href=\"https:\/\/greenict.de\/en\/space-gefoerderte-projekte\/\" \/>\n<script type=\"application\/ld+json\" class=\"yoast-schema-graph\">{\"@context\":\"https:\\\/\\\/schema.org\",\"@graph\":[{\"@type\":\"WebPage\",\"@id\":\"https:\\\/\\\/greenict.de\\\/space-gefoerderte-projekte\\\/\",\"url\":\"https:\\\/\\\/greenict.de\\\/space-gefoerderte-projekte\\\/\",\"name\":\"Green ICT Space \u2013 gef\u00f6rderte Projekte\",\"isPartOf\":{\"@id\":\"https:\\\/\\\/greenict.de\\\/#website\"},\"primaryImageOfPage\":{\"@id\":\"https:\\\/\\\/greenict.de\\\/space-gefoerderte-projekte\\\/#primaryimage\"},\"image\":{\"@id\":\"https:\\\/\\\/greenict.de\\\/space-gefoerderte-projekte\\\/#primaryimage\"},\"thumbnailUrl\":\"https:\\\/\\\/greenict.de\\\/wp-content\\\/uploads\\\/2024\\\/09\\\/intelligent-fluids-green-ict-space.jpg\",\"datePublished\":\"2023-11-06T14:35:53+00:00\",\"dateModified\":\"2025-07-14T07:31:35+00:00\",\"description\":\"Zwei Start-ups nehmen seit Januar 2024 am F\u00f6rderprogramm teil: DIVE imaging systems und XCESS. Bewerben auch Sie sich!\",\"breadcrumb\":{\"@id\":\"https:\\\/\\\/greenict.de\\\/space-gefoerderte-projekte\\\/#breadcrumb\"},\"inLanguage\":\"en-GB\",\"potentialAction\":[{\"@type\":\"ReadAction\",\"target\":[\"https:\\\/\\\/greenict.de\\\/space-gefoerderte-projekte\\\/\"]}]},{\"@type\":\"ImageObject\",\"inLanguage\":\"en-GB\",\"@id\":\"https:\\\/\\\/greenict.de\\\/space-gefoerderte-projekte\\\/#primaryimage\",\"url\":\"https:\\\/\\\/greenict.de\\\/wp-content\\\/uploads\\\/2024\\\/09\\\/intelligent-fluids-green-ict-space.jpg\",\"contentUrl\":\"https:\\\/\\\/greenict.de\\\/wp-content\\\/uploads\\\/2024\\\/09\\\/intelligent-fluids-green-ict-space.jpg\"},{\"@type\":\"BreadcrumbList\",\"@id\":\"https:\\\/\\\/greenict.de\\\/space-gefoerderte-projekte\\\/#breadcrumb\",\"itemListElement\":[{\"@type\":\"ListItem\",\"position\":1,\"name\":\"Startseite\",\"item\":\"https:\\\/\\\/greenict.de\\\/\"},{\"@type\":\"ListItem\",\"position\":2,\"name\":\"Green ICT Space \u2013 gef\u00f6rderte Projekte\"}]},{\"@type\":\"WebSite\",\"@id\":\"https:\\\/\\\/greenict.de\\\/#website\",\"url\":\"https:\\\/\\\/greenict.de\\\/\",\"name\":\"Green ICT\",\"description\":\"Kompetenzzentrum f\u00fcr eine ressourcenbewusste Informations- und Kommunikationstechnik\",\"publisher\":{\"@id\":\"https:\\\/\\\/greenict.de\\\/#organization\"},\"alternateName\":\"Nachhaltige Mikroelektronik\",\"potentialAction\":[{\"@type\":\"SearchAction\",\"target\":{\"@type\":\"EntryPoint\",\"urlTemplate\":\"https:\\\/\\\/greenict.de\\\/?s={search_term_string}\"},\"query-input\":{\"@type\":\"PropertyValueSpecification\",\"valueRequired\":true,\"valueName\":\"search_term_string\"}}],\"inLanguage\":\"en-GB\"},{\"@type\":\"Organization\",\"@id\":\"https:\\\/\\\/greenict.de\\\/#organization\",\"name\":\"Forschungsfabrik Mikroelektronik Deutschland\",\"alternateName\":\"FMD\",\"url\":\"https:\\\/\\\/greenict.de\\\/\",\"logo\":{\"@type\":\"ImageObject\",\"inLanguage\":\"en-GB\",\"@id\":\"https:\\\/\\\/greenict.de\\\/#\\\/schema\\\/logo\\\/image\\\/\",\"url\":\"https:\\\/\\\/greenict.de\\\/wp-content\\\/uploads\\\/2022\\\/11\\\/FMD-Logo_farbe-50-mm.png\",\"contentUrl\":\"https:\\\/\\\/greenict.de\\\/wp-content\\\/uploads\\\/2022\\\/11\\\/FMD-Logo_farbe-50-mm.png\",\"width\":592,\"height\":135,\"caption\":\"Forschungsfabrik Mikroelektronik Deutschland\"},\"image\":{\"@id\":\"https:\\\/\\\/greenict.de\\\/#\\\/schema\\\/logo\\\/image\\\/\"}}]}<\/script>\n<!-- \/ Yoast SEO plugin. -->","yoast_head_json":{"title":"Green ICT Space - supported projects","description":"Two start-ups are participating in the funding program since January 2024: DIVE imaging systems and XCESS. Apply now!","robots":{"index":"index","follow":"follow","max-snippet":"max-snippet:-1","max-image-preview":"max-image-preview:large","max-video-preview":"max-video-preview:-1"},"canonical":"https:\/\/greenict.de\/en\/space-gefoerderte-projekte\/","schema":{"@context":"https:\/\/schema.org","@graph":[{"@type":"WebPage","@id":"https:\/\/greenict.de\/space-gefoerderte-projekte\/","url":"https:\/\/greenict.de\/space-gefoerderte-projekte\/","name":"Green ICT Space - supported projects","isPartOf":{"@id":"https:\/\/greenict.de\/#website"},"primaryImageOfPage":{"@id":"https:\/\/greenict.de\/space-gefoerderte-projekte\/#primaryimage"},"image":{"@id":"https:\/\/greenict.de\/space-gefoerderte-projekte\/#primaryimage"},"thumbnailUrl":"https:\/\/greenict.de\/wp-content\/uploads\/2024\/09\/intelligent-fluids-green-ict-space.jpg","datePublished":"2023-11-06T14:35:53+00:00","dateModified":"2025-07-14T07:31:35+00:00","description":"Two start-ups are participating in the funding program since January 2024: DIVE imaging systems and XCESS. Apply now!","breadcrumb":{"@id":"https:\/\/greenict.de\/space-gefoerderte-projekte\/#breadcrumb"},"inLanguage":"en-GB","potentialAction":[{"@type":"ReadAction","target":["https:\/\/greenict.de\/space-gefoerderte-projekte\/"]}]},{"@type":"ImageObject","inLanguage":"en-GB","@id":"https:\/\/greenict.de\/space-gefoerderte-projekte\/#primaryimage","url":"https:\/\/greenict.de\/wp-content\/uploads\/2024\/09\/intelligent-fluids-green-ict-space.jpg","contentUrl":"https:\/\/greenict.de\/wp-content\/uploads\/2024\/09\/intelligent-fluids-green-ict-space.jpg"},{"@type":"BreadcrumbList","@id":"https:\/\/greenict.de\/space-gefoerderte-projekte\/#breadcrumb","itemListElement":[{"@type":"ListItem","position":1,"name":"Startseite","item":"https:\/\/greenict.de\/"},{"@type":"ListItem","position":2,"name":"Green ICT Space \u2013 gef\u00f6rderte Projekte"}]},{"@type":"WebSite","@id":"https:\/\/greenict.de\/#website","url":"https:\/\/greenict.de\/","name":"Competence center for sustainable IT and communication technology","description":"Competence center for sustainable information and communication technology","publisher":{"@id":"https:\/\/greenict.de\/#organization"},"alternateName":"Nachhaltige Mikroelektronik","potentialAction":[{"@type":"SearchAction","target":{"@type":"EntryPoint","urlTemplate":"https:\/\/greenict.de\/?s={search_term_string}"},"query-input":{"@type":"PropertyValueSpecification","valueRequired":true,"valueName":"search_term_string"}}],"inLanguage":"en-GB"},{"@type":"Organization","@id":"https:\/\/greenict.de\/#organization","name":"Research Fab Microelectronics Germany","alternateName":"FMD","url":"https:\/\/greenict.de\/","logo":{"@type":"ImageObject","inLanguage":"en-GB","@id":"https:\/\/greenict.de\/#\/schema\/logo\/image\/","url":"https:\/\/greenict.de\/wp-content\/uploads\/2022\/11\/FMD-Logo_farbe-50-mm.png","contentUrl":"https:\/\/greenict.de\/wp-content\/uploads\/2022\/11\/FMD-Logo_farbe-50-mm.png","width":592,"height":135,"caption":"Forschungsfabrik Mikroelektronik Deutschland"},"image":{"@id":"https:\/\/greenict.de\/#\/schema\/logo\/image\/"}}]}},"_links":{"self":[{"href":"https:\/\/greenict.de\/en\/wp-json\/wp\/v2\/pages\/4935","targetHints":{"allow":["GET"]}}],"collection":[{"href":"https:\/\/greenict.de\/en\/wp-json\/wp\/v2\/pages"}],"about":[{"href":"https:\/\/greenict.de\/en\/wp-json\/wp\/v2\/types\/page"}],"author":[{"embeddable":true,"href":"https:\/\/greenict.de\/en\/wp-json\/wp\/v2\/users\/2"}],"replies":[{"embeddable":true,"href":"https:\/\/greenict.de\/en\/wp-json\/wp\/v2\/comments?post=4935"}],"version-history":[{"count":259,"href":"https:\/\/greenict.de\/en\/wp-json\/wp\/v2\/pages\/4935\/revisions"}],"predecessor-version":[{"id":13053,"href":"https:\/\/greenict.de\/en\/wp-json\/wp\/v2\/pages\/4935\/revisions\/13053"}],"wp:attachment":[{"href":"https:\/\/greenict.de\/en\/wp-json\/wp\/v2\/media?parent=4935"}],"curies":[{"name":"wp","href":"https:\/\/api.w.org\/{rel}","templated":true}]}}