{"id":4795,"date":"2023-11-02T16:15:15","date_gmt":"2023-11-02T15:15:15","guid":{"rendered":"https:\/\/greenict.de\/?page_id=4795"},"modified":"2024-06-06T11:05:47","modified_gmt":"2024-06-06T09:05:47","slug":"verleihung-fmd-green-ict-award-2023","status":"publish","type":"page","link":"https:\/\/greenict.de\/en\/verleihung-fmd-green-ict-award-2023\/","title":{"rendered":"Presentation of the Green ICT Award 2023"},"content":{"rendered":"<p><\/p>\n\n\n\n<figure class=\"wp-block-image size-large\"><img loading=\"lazy\" decoding=\"async\" width=\"1024\" height=\"789\" src=\"https:\/\/greenict.de\/wp-content\/uploads\/2023\/11\/mst-kongress-2023-fmd-50-1024x789.jpg\" alt=\"Die drei Preistr\u00e4ger*innen des Green ICT Awards, Kareem Mansour, Alexander Busch und Tugana Aslan\" class=\"wp-image-4797\" srcset=\"https:\/\/greenict.de\/wp-content\/uploads\/2023\/11\/mst-kongress-2023-fmd-50-1024x789.jpg 1024w, https:\/\/greenict.de\/wp-content\/uploads\/2023\/11\/mst-kongress-2023-fmd-50-300x231.jpg 300w, https:\/\/greenict.de\/wp-content\/uploads\/2023\/11\/mst-kongress-2023-fmd-50-768x592.jpg 768w, https:\/\/greenict.de\/wp-content\/uploads\/2023\/11\/mst-kongress-2023-fmd-50-1536x1183.jpg 1536w, https:\/\/greenict.de\/wp-content\/uploads\/2023\/11\/mst-kongress-2023-fmd-50-16x12.jpg 16w, https:\/\/greenict.de\/wp-content\/uploads\/2023\/11\/mst-kongress-2023-fmd-50.jpg 1697w\" sizes=\"auto, (max-width: 1024px) 100vw, 1024px\" \/><figcaption class=\"wp-element-caption\">The three winners of the Green ICT Award \u00a9 Fraunhofer Microelectronics<\/figcaption><\/figure>\n\n\n\n<blockquote class=\"wp-block-quote is-layout-flow wp-block-quote-is-layout-flow\">\n<p><strong><br><\/strong>The Green ICT Award is an excellent opportunity to inspire students for sustainability in the field of microelectronics and to give talented researchers a platform to present their developments to the industry.&nbsp;<\/p>\n<cite><strong>Prof. Sabine D\u00f6ring, State Secretary at the Federal Ministry of Education and Research (German: BMBF)<\/strong><\/cite><\/blockquote>\n\n\n\n<p>The Green ICT Award was presented for the first time at the MST Congress in October 2023 as part of the \"Green ICT @ FMD\" project to recognize bachelor's and master's theses on resource-saving information and communication technology (ICT). The award was endowed with prize money totaling 4000 euros.<\/p>\n\n\n\n<p><\/p>\n\n\n\n<h2 class=\"wp-block-heading\">Congratulations to the winners!<\/h2>\n\n\n\n<p><\/p>\n\n\n\n<h3 class=\"wp-block-heading\">1st place: Kareem Mansour (University of Freiburg) <\/h3>\n\n\n\n<p>Master's thesis: \"Design and Implementation of a Highly Efficient Bidirectional DC-DC Converter for Multi-Phase Control of Capacitive Loads\"&nbsp;<\/p>\n\n\n\n<figure class=\"wp-block-embed is-type-video is-provider-youtube wp-block-embed-youtube wp-embed-aspect-16-9 wp-has-aspect-ratio\"><div class=\"wp-block-embed__wrapper\">\n<div class=\"embed-responsive embed-responsive-16by9\"><iframe title=\"Ein Blick auf Innovationen mit Kareem Mansour, Gewinner des Green ICT Awards 2023\" src=\"https:\/\/www.youtube.com\/embed\/nE95TqiJDaM?feature=oembed\" frameborder=\"0\" allow=\"accelerometer; autoplay; clipboard-write; encrypted-media; gyroscope; picture-in-picture; web-share\" referrerpolicy=\"strict-origin-when-cross-origin\" allowfullscreen><\/iframe><\/div>\n<\/div><figcaption class=\"wp-element-caption\">\u00a9 Fraunhofer Mikroelektronik<\/figcaption><\/figure>\n\n\n\n<div style=\"height:5px\" aria-hidden=\"true\" class=\"wp-block-spacer\"><\/div>\n\n\n\n<h3 class=\"wp-block-heading\">2nd place: Alexander Maximilian Busch (HAW Hamburg) <\/h3>\n\n\n\n<p>Bachelor's thesis:\u00a0\"Power Consumption Models for Sustainability in Wireless Communication Systems\"<\/p>\n\n\n\n<figure class=\"wp-block-embed is-type-video is-provider-youtube wp-block-embed-youtube wp-embed-aspect-16-9 wp-has-aspect-ratio\"><div class=\"wp-block-embed__wrapper\">\n<div class=\"embed-responsive embed-responsive-16by9\"><iframe title=\"Nachhaltige IKT im Fokus: Interview mit Alexander Busch, Nominierter f\u00fcr den Green ICT Award 2023\" src=\"https:\/\/www.youtube.com\/embed\/s_LOCLZMyNI?feature=oembed\" frameborder=\"0\" allow=\"accelerometer; autoplay; clipboard-write; encrypted-media; gyroscope; picture-in-picture; web-share\" referrerpolicy=\"strict-origin-when-cross-origin\" allowfullscreen><\/iframe><\/div>\n<\/div><figcaption class=\"wp-element-caption\">\u00a9 Fraunhofer Mikroelektronik<\/figcaption><\/figure>\n\n\n\n<div style=\"height:5px\" aria-hidden=\"true\" class=\"wp-block-spacer\"><\/div>\n\n\n\n<h3 class=\"wp-block-heading\">3rd place: Tu\u011fana Ceren Aslan (TU Berlin)<\/h3>\n\n\n\n<p>Master's thesis: \"Climate Neutral Data Centers by 2030 \u2013 An evaluation of influential parameters based on a scenario analysis\"<\/p>\n\n\n\n<figure class=\"wp-block-embed is-type-video is-provider-youtube wp-block-embed-youtube wp-embed-aspect-16-9 wp-has-aspect-ratio\"><div class=\"wp-block-embed__wrapper\">\n<div class=\"embed-responsive embed-responsive-16by9\"><iframe title=\"Rechenzentren klimaneutral gestalten? Im Gespr\u00e4ch mit Tugana Aslan, Finalistin Green ICT Award 2023\" src=\"https:\/\/www.youtube.com\/embed\/EwKBkWc3FWc?feature=oembed\" frameborder=\"0\" allow=\"accelerometer; autoplay; clipboard-write; encrypted-media; gyroscope; picture-in-picture; web-share\" referrerpolicy=\"strict-origin-when-cross-origin\" allowfullscreen><\/iframe><\/div>\n<\/div><figcaption class=\"wp-element-caption\">\u00a9 Fraunhofer Mikroelektronik<\/figcaption><\/figure>\n\n\n\n<blockquote class=\"wp-block-quote is-layout-flow wp-block-quote-is-layout-flow\">\n<p class=\"translation-block\">The award is intended to help raise students' awareness of resource conservation at an early stage. This is important to initiate a sustainable paradigm shift and use microelectronics to make a significant contribution to saving energy and thus reducing CO<sub>2<\/sub>-emissions.<\/p>\n<cite><strong>Prof. Albert Heuberger, Chairman of the FMD Steering Committee and Spokesman of the Fraunhofer Group for Microelectronics<\/strong><\/cite><\/blockquote>\n\n\n\n<p><\/p>\n\n\n\n<h2 class=\"wp-block-heading\">Video statements<\/h2>\n\n\n\n<div class=\"wp-block-group\"><div class=\"wp-block-group__inner-container is-layout-constrained wp-block-group-is-layout-constrained\">\n<div class=\"wp-block-columns is-layout-flex wp-container-core-columns-is-layout-9d6595d7 wp-block-columns-is-layout-flex\">\n<div class=\"wp-block-column is-layout-flow wp-block-column-is-layout-flow\">\n<figure class=\"wp-block-embed is-type-video is-provider-youtube wp-block-embed-youtube wp-embed-aspect-16-9 wp-has-aspect-ratio\"><div class=\"wp-block-embed__wrapper\">\n<div class=\"embed-responsive embed-responsive-16by9\"><iframe title=\"Dr. Stefan Mengel, Referatsleiter Elektronik; Autonomes elektrisches Fahren; Supercomputing, BMBF\" src=\"https:\/\/www.youtube.com\/embed\/MHqwz8ljkMo?feature=oembed\" frameborder=\"0\" allow=\"accelerometer; autoplay; clipboard-write; encrypted-media; gyroscope; picture-in-picture; web-share\" referrerpolicy=\"strict-origin-when-cross-origin\" allowfullscreen><\/iframe><\/div>\n<\/div><\/figure>\n<\/div>\n\n\n\n<div class=\"wp-block-column is-layout-flow wp-block-column-is-layout-flow\">\n<figure class=\"wp-block-embed is-type-video is-provider-youtube wp-block-embed-youtube wp-embed-aspect-16-9 wp-has-aspect-ratio\"><div class=\"wp-block-embed__wrapper\">\n<div class=\"embed-responsive embed-responsive-16by9\"><iframe title=\"Nachwuchsf\u00f6rderung mit dem Green ICT Award: Prof. Amelie Hagelauer, Jury Vorsitzende Green ICT Award\" src=\"https:\/\/www.youtube.com\/embed\/mnopVZgMkbo?feature=oembed\" frameborder=\"0\" allow=\"accelerometer; autoplay; clipboard-write; encrypted-media; gyroscope; picture-in-picture; web-share\" referrerpolicy=\"strict-origin-when-cross-origin\" allowfullscreen><\/iframe><\/div>\n<\/div><\/figure>\n<\/div>\n<\/div>\n<\/div><\/div>\n\n\n\n<div style=\"height:20px\" aria-hidden=\"true\" class=\"wp-block-spacer\"><\/div>\n\n\n\n<h2 class=\"wp-block-heading\">Photos from the award ceremony<\/h2>\n\n\n\n<div class=\"alignnormal\"><div id=\"metaslider-id-4816\" style=\"width: 100%; margin: 0 auto;\" class=\"ml-slider-3-108-0 metaslider metaslider-flex metaslider-4816 ml-slider has-dots-nav ms-theme-default\" role=\"region\" aria-label=\"Award\" data-height=\"1080\" data-width=\"1920\">\n    <div id=\"metaslider_container_4816\">\n        <div id=\"metaslider_4816\" class=\"flexslider\">\n            <ul class='slides'>\n                <li style=\"display: block; width: 100%;\" class=\"slide-4839 ms-image\" aria-roledescription=\"slide\" data-date=\"2023-11-02 09:45:18\" data-filename=\"mst-kongress-2023-fmd-48-1512x850.jpg\" data-slide-type=\"image\"><img loading=\"lazy\" decoding=\"async\" src=\"https:\/\/greenict.de\/wp-content\/uploads\/2023\/11\/mst-kongress-2023-fmd-48-1512x850.jpg\" height=\"1080\" width=\"1920\" alt=\"Die drei Auszeichnungen f\u00fcr den Green ICT Award 2023 auf der B\u00fchne\" class=\"slider-4816 slide-4839 msDefaultImage\" title=\"mst-kongress-2023-fmd-48\" \/><div class=\"caption-wrap\"><div class=\"caption\">\u00a9 Fraunhofer Mikroelektronik<\/div><\/div><\/li>\n            <\/ul>\n        <\/div>\n        \n    <\/div>\n<\/div><\/div>\n\n\n\n<div style=\"height:30px\" aria-hidden=\"true\" class=\"wp-block-spacer\"><\/div>\n\n\n\n<div class=\"wp-block-buttons is-content-justification-center is-layout-flex wp-container-core-buttons-is-layout-16018d1d wp-block-buttons-is-layout-flex\">\n<div class=\"wp-block-button has-custom-width wp-block-button__width-75 has-custom-font-size has-medium-font-size\"><a class=\"wp-block-button__link has-white-color has-text-color has-background wp-element-button\" href=\"https:\/\/greenict.de\/en\/award\/\" style=\"background-color:#009374\" target=\"_blank\" rel=\"https:\/\/greenict.de\/kontakt\/ noopener\">About the award<\/a><\/div>\n<\/div>\n\n\n\n<p><\/p>\n\n\n\n<div class=\"wp-block-group\"><div class=\"wp-block-group__inner-container is-layout-constrained wp-block-group-is-layout-constrained\">\n<div class=\"wp-block-columns is-layout-flex wp-container-core-columns-is-layout-9d6595d7 wp-block-columns-is-layout-flex\">\n<div class=\"wp-block-column is-layout-flow wp-block-column-is-layout-flow\"><\/div>\n<\/div>\n<\/div><\/div>","protected":false},"excerpt":{"rendered":"<p>Der Green ICT Award ist eine hervorragende M\u00f6glichkeit, Studierende f\u00fcr Nachhaltigkeit im Bereich Mikroelektronik zu begeistern und den Forschungstalenten eine Plattform zu geben, um ihre Entwicklungen der Branche vorzustellen.&nbsp; Prof. Sabine D\u00f6ring, Staatssekret\u00e4rin im Bundesministerium f\u00fcr Bildung und Forschung (BMBF)&#8230;<\/p>","protected":false},"author":2,"featured_media":0,"parent":0,"menu_order":0,"comment_status":"closed","ping_status":"closed","template":"","meta":{"_acf_changed":false,"footnotes":""},"class_list":["post-4795","page","type-page","status-publish","hentry"],"acf":[],"yoast_head":"<!-- This site is optimized with the Yoast SEO plugin v27.4 - https:\/\/yoast.com\/product\/yoast-seo-wordpress\/ -->\n<title>Verleihung des Green ICT Awards 2023<\/title>\n<meta name=\"description\" content=\"Der erste Studierendenpreis f\u00fcr Abschlussarbeiten zum Thema Nachhaltigkeit in der IKT ging an Kareem Mansour, Alexander Busch und Tu\u011fana Aslan\" \/>\n<meta name=\"robots\" content=\"index, follow, max-snippet:-1, max-image-preview:large, max-video-preview:-1\" \/>\n<link rel=\"canonical\" href=\"https:\/\/greenict.de\/en\/verleihung-fmd-green-ict-award-2023\/\" \/>\n<script type=\"application\/ld+json\" class=\"yoast-schema-graph\">{\"@context\":\"https:\\\/\\\/schema.org\",\"@graph\":[{\"@type\":\"WebPage\",\"@id\":\"https:\\\/\\\/greenict.de\\\/verleihung-fmd-green-ict-award-2023\\\/\",\"url\":\"https:\\\/\\\/greenict.de\\\/verleihung-fmd-green-ict-award-2023\\\/\",\"name\":\"Verleihung des Green ICT Awards 2023\",\"isPartOf\":{\"@id\":\"https:\\\/\\\/greenict.de\\\/#website\"},\"primaryImageOfPage\":{\"@id\":\"https:\\\/\\\/greenict.de\\\/verleihung-fmd-green-ict-award-2023\\\/#primaryimage\"},\"image\":{\"@id\":\"https:\\\/\\\/greenict.de\\\/verleihung-fmd-green-ict-award-2023\\\/#primaryimage\"},\"thumbnailUrl\":\"https:\\\/\\\/greenict.de\\\/wp-content\\\/uploads\\\/2023\\\/11\\\/mst-kongress-2023-fmd-50-1024x789.jpg\",\"datePublished\":\"2023-11-02T15:15:15+00:00\",\"dateModified\":\"2024-06-06T09:05:47+00:00\",\"description\":\"Der erste Studierendenpreis f\u00fcr Abschlussarbeiten zum Thema Nachhaltigkeit in der IKT ging an Kareem Mansour, Alexander Busch und Tu\u011fana Aslan\",\"breadcrumb\":{\"@id\":\"https:\\\/\\\/greenict.de\\\/verleihung-fmd-green-ict-award-2023\\\/#breadcrumb\"},\"inLanguage\":\"en-GB\",\"potentialAction\":[{\"@type\":\"ReadAction\",\"target\":[\"https:\\\/\\\/greenict.de\\\/verleihung-fmd-green-ict-award-2023\\\/\"]}]},{\"@type\":\"ImageObject\",\"inLanguage\":\"en-GB\",\"@id\":\"https:\\\/\\\/greenict.de\\\/verleihung-fmd-green-ict-award-2023\\\/#primaryimage\",\"url\":\"https:\\\/\\\/greenict.de\\\/wp-content\\\/uploads\\\/2023\\\/11\\\/mst-kongress-2023-fmd-50-1024x789.jpg\",\"contentUrl\":\"https:\\\/\\\/greenict.de\\\/wp-content\\\/uploads\\\/2023\\\/11\\\/mst-kongress-2023-fmd-50-1024x789.jpg\"},{\"@type\":\"BreadcrumbList\",\"@id\":\"https:\\\/\\\/greenict.de\\\/verleihung-fmd-green-ict-award-2023\\\/#breadcrumb\",\"itemListElement\":[{\"@type\":\"ListItem\",\"position\":1,\"name\":\"Startseite\",\"item\":\"https:\\\/\\\/greenict.de\\\/\"},{\"@type\":\"ListItem\",\"position\":2,\"name\":\"Verleihung des Green ICT Awards 2023\"}]},{\"@type\":\"WebSite\",\"@id\":\"https:\\\/\\\/greenict.de\\\/#website\",\"url\":\"https:\\\/\\\/greenict.de\\\/\",\"name\":\"Green ICT\",\"description\":\"Kompetenzzentrum f\u00fcr eine ressourcenbewusste Informations- und Kommunikationstechnik\",\"publisher\":{\"@id\":\"https:\\\/\\\/greenict.de\\\/#organization\"},\"alternateName\":\"Nachhaltige Mikroelektronik\",\"potentialAction\":[{\"@type\":\"SearchAction\",\"target\":{\"@type\":\"EntryPoint\",\"urlTemplate\":\"https:\\\/\\\/greenict.de\\\/?s={search_term_string}\"},\"query-input\":{\"@type\":\"PropertyValueSpecification\",\"valueRequired\":true,\"valueName\":\"search_term_string\"}}],\"inLanguage\":\"en-GB\"},{\"@type\":\"Organization\",\"@id\":\"https:\\\/\\\/greenict.de\\\/#organization\",\"name\":\"Forschungsfabrik Mikroelektronik Deutschland\",\"alternateName\":\"FMD\",\"url\":\"https:\\\/\\\/greenict.de\\\/\",\"logo\":{\"@type\":\"ImageObject\",\"inLanguage\":\"en-GB\",\"@id\":\"https:\\\/\\\/greenict.de\\\/#\\\/schema\\\/logo\\\/image\\\/\",\"url\":\"https:\\\/\\\/greenict.de\\\/wp-content\\\/uploads\\\/2022\\\/11\\\/FMD-Logo_farbe-50-mm.png\",\"contentUrl\":\"https:\\\/\\\/greenict.de\\\/wp-content\\\/uploads\\\/2022\\\/11\\\/FMD-Logo_farbe-50-mm.png\",\"width\":592,\"height\":135,\"caption\":\"Forschungsfabrik Mikroelektronik Deutschland\"},\"image\":{\"@id\":\"https:\\\/\\\/greenict.de\\\/#\\\/schema\\\/logo\\\/image\\\/\"}}]}<\/script>\n<!-- \/ Yoast SEO plugin. -->","yoast_head_json":{"title":"Presentation of the Green ICT Award 2023","description":"The first student prize for graduation theses on the topic of sustainability in ICT went to Kareem Mansour, Alexander Busch and Tu\u011fana Aslan","robots":{"index":"index","follow":"follow","max-snippet":"max-snippet:-1","max-image-preview":"max-image-preview:large","max-video-preview":"max-video-preview:-1"},"canonical":"https:\/\/greenict.de\/en\/verleihung-fmd-green-ict-award-2023\/","schema":{"@context":"https:\/\/schema.org","@graph":[{"@type":"WebPage","@id":"https:\/\/greenict.de\/verleihung-fmd-green-ict-award-2023\/","url":"https:\/\/greenict.de\/verleihung-fmd-green-ict-award-2023\/","name":"Presentation of the Green ICT Award 2023","isPartOf":{"@id":"https:\/\/greenict.de\/#website"},"primaryImageOfPage":{"@id":"https:\/\/greenict.de\/verleihung-fmd-green-ict-award-2023\/#primaryimage"},"image":{"@id":"https:\/\/greenict.de\/verleihung-fmd-green-ict-award-2023\/#primaryimage"},"thumbnailUrl":"https:\/\/greenict.de\/wp-content\/uploads\/2023\/11\/mst-kongress-2023-fmd-50-1024x789.jpg","datePublished":"2023-11-02T15:15:15+00:00","dateModified":"2024-06-06T09:05:47+00:00","description":"The first student prize for graduation theses on the topic of sustainability in ICT went to Kareem Mansour, Alexander Busch and Tu\u011fana Aslan","breadcrumb":{"@id":"https:\/\/greenict.de\/verleihung-fmd-green-ict-award-2023\/#breadcrumb"},"inLanguage":"en-GB","potentialAction":[{"@type":"ReadAction","target":["https:\/\/greenict.de\/verleihung-fmd-green-ict-award-2023\/"]}]},{"@type":"ImageObject","inLanguage":"en-GB","@id":"https:\/\/greenict.de\/verleihung-fmd-green-ict-award-2023\/#primaryimage","url":"https:\/\/greenict.de\/wp-content\/uploads\/2023\/11\/mst-kongress-2023-fmd-50-1024x789.jpg","contentUrl":"https:\/\/greenict.de\/wp-content\/uploads\/2023\/11\/mst-kongress-2023-fmd-50-1024x789.jpg"},{"@type":"BreadcrumbList","@id":"https:\/\/greenict.de\/verleihung-fmd-green-ict-award-2023\/#breadcrumb","itemListElement":[{"@type":"ListItem","position":1,"name":"Startseite","item":"https:\/\/greenict.de\/"},{"@type":"ListItem","position":2,"name":"Verleihung des Green ICT Awards 2023"}]},{"@type":"WebSite","@id":"https:\/\/greenict.de\/#website","url":"https:\/\/greenict.de\/","name":"Competence center for sustainable IT and communication technology","description":"Competence center for sustainable information and communication technology","publisher":{"@id":"https:\/\/greenict.de\/#organization"},"alternateName":"Nachhaltige Mikroelektronik","potentialAction":[{"@type":"SearchAction","target":{"@type":"EntryPoint","urlTemplate":"https:\/\/greenict.de\/?s={search_term_string}"},"query-input":{"@type":"PropertyValueSpecification","valueRequired":true,"valueName":"search_term_string"}}],"inLanguage":"en-GB"},{"@type":"Organization","@id":"https:\/\/greenict.de\/#organization","name":"Research Fab Microelectronics Germany","alternateName":"FMD","url":"https:\/\/greenict.de\/","logo":{"@type":"ImageObject","inLanguage":"en-GB","@id":"https:\/\/greenict.de\/#\/schema\/logo\/image\/","url":"https:\/\/greenict.de\/wp-content\/uploads\/2022\/11\/FMD-Logo_farbe-50-mm.png","contentUrl":"https:\/\/greenict.de\/wp-content\/uploads\/2022\/11\/FMD-Logo_farbe-50-mm.png","width":592,"height":135,"caption":"Forschungsfabrik Mikroelektronik Deutschland"},"image":{"@id":"https:\/\/greenict.de\/#\/schema\/logo\/image\/"}}]}},"_links":{"self":[{"href":"https:\/\/greenict.de\/en\/wp-json\/wp\/v2\/pages\/4795","targetHints":{"allow":["GET"]}}],"collection":[{"href":"https:\/\/greenict.de\/en\/wp-json\/wp\/v2\/pages"}],"about":[{"href":"https:\/\/greenict.de\/en\/wp-json\/wp\/v2\/types\/page"}],"author":[{"embeddable":true,"href":"https:\/\/greenict.de\/en\/wp-json\/wp\/v2\/users\/2"}],"replies":[{"embeddable":true,"href":"https:\/\/greenict.de\/en\/wp-json\/wp\/v2\/comments?post=4795"}],"version-history":[{"count":40,"href":"https:\/\/greenict.de\/en\/wp-json\/wp\/v2\/pages\/4795\/revisions"}],"predecessor-version":[{"id":10484,"href":"https:\/\/greenict.de\/en\/wp-json\/wp\/v2\/pages\/4795\/revisions\/10484"}],"wp:attachment":[{"href":"https:\/\/greenict.de\/en\/wp-json\/wp\/v2\/media?parent=4795"}],"curies":[{"name":"wp","href":"https:\/\/api.w.org\/{rel}","templated":true}]}}