{"id":3382,"date":"2023-06-30T13:22:39","date_gmt":"2023-06-30T11:22:39","guid":{"rendered":"https:\/\/greenict.de\/?page_id=3382"},"modified":"2025-07-18T12:23:08","modified_gmt":"2025-07-18T10:23:08","slug":"begleitforschung","status":"publish","type":"page","link":"https:\/\/greenict.de\/en\/begleitforschung\/","title":{"rendered":"Accompanying research"},"content":{"rendered":"<p><\/p>\n\n\n\n<p>Das Kompetenzzentrum Green ICT @ FMD unterst\u00fctzt vom BMFTR (ehemals BMBF) gef\u00f6rderte Forschungsvorhaben mit Green ICT-Themen bei der Erstellung von sogenannten Umweltpotenzialanalysen. Ziel dieser Begleitforschung ist es, dass alle Forschungsvorhaben ihre \u00f6kologischen Verbesserungen gegen\u00fcber Standardtechnologien mittels einer vereinfachten Umweltbewertung quantifizieren. Das IZM hat f\u00fcr diese Aufgabe einen vereinfachten methodischen Ansatz zur Bilanzierung des Herstellungs- und Nutzungsbezogenen Carbon Footprints entwickelt. In Schulungen wird den externen Forschungsvorhaben dieser Ansatz vermittelt und die Umsetzung durch direkter Konsultationen begleitet.<\/p>\n\n\n\n<p><\/p>\n\n\n\n<h3 class=\"wp-block-heading\">The following projects are currently undergoing accompanying research:<\/h3>\n\n\n\n<p><\/p>\n\n\n\n<ul class=\"wp-block-list\">\n<li>Data radio network with adaptive hardware and AI optimization to reduce energy consumption <a href=\"https:\/\/www.elektronikforschung.de\/projekte\/dakore-greenict\" target=\"_blank\" rel=\"noreferrer noopener\">(DAKORE)<\/a><\/li>\n\n\n\n<li>Extremely energy-efficient edge cloud hardware (<a href=\"https:\/\/cfaed.tu-dresden.de\/press-releases-201\/reduktion-des-energieverbrauchs-von-funknetzen-tud-mit-zwei-clusterprojektantragen-erfolgreich\">E4C<\/a>)<\/li>\n\n\n\n<li>New power semiconductors and high-frequency electronics for modern energy-saving edge-cloud systems <a href=\"https:\/\/www.iaf.fraunhofer.de\/en\/researchers\/electronic-circuits\/power-electronics\/edgelimit-green-ict.html\" target=\"_blank\" rel=\"noreferrer noopener\">(EdgeLimit2)<\/a><\/li>\n\n\n\n<li>Energy-efficient climate simulations on heterogeneous supercomputers through co-design <a href=\"https:\/\/gauss-allianz.de\/en\/project\/title\/EECliPs\" target=\"_blank\" rel=\"noreferrer noopener\">(EECliPs)<\/a><\/li>\n\n\n\n<li>Open-source solution approaches for monitoring and system settings for energy-optimized data centers <a href=\"https:\/\/gauss-allianz.de\/en\/project\/title\/EE-HPC\" target=\"_blank\" rel=\"noreferrer noopener\">(EE-HPC)<\/a><\/li>\n\n\n\n<li>Energy-optimized simulation methods for application-oriented computational problems <a href=\"https:\/\/gauss-allianz.de\/en\/project\/title\/ENSIMA\" target=\"_blank\" rel=\"noreferrer noopener\">(ENSIMA)<\/a><\/li>\n\n\n\n<li>Energy-optimized supercomputer networks using wind energy <a href=\"https:\/\/www.digital.uni-passau.de\/beitraege\/projektdetails?tx_converis_pi1%5Boverrideuid%5D=10622&amp;tx_converis_pi1%5Bproject%5D=3260&amp;cHash=0f6aa0dfa05c1306a186eb8cc7063fca\" target=\"_blank\" rel=\"noreferrer noopener\">(ESN4NW)<\/a><\/li>\n\n\n\n<li>Energy-saving edge electronics for traffic control <a href=\"https:\/\/www.elektronikforschung.de\/projekte\/greenedge-fue\" target=\"_blank\" rel=\"noreferrer noopener\">(GreenEdge-FuE)<\/a><\/li>\n\n\n\n<li>Ecological perspective of roll-to-roll manufacturing processes <a href=\"https:\/\/elektronikforschung.de\/projekte\/hyperstripes\" target=\"_blank\" rel=\"noreferrer noopener\">(Hyperstripes)<\/a><\/li>\n\n\n\n<li>Operational optimization of energy-efficient data centers through the use of digital twins <a href=\"https:\/\/gauss-allianz.de\/en\/project\/title\/IT-Zauber\" target=\"_blank\" rel=\"noreferrer noopener\">(IT-Zauber)<\/a><\/li>\n\n\n\n<li><a href=\"https:\/\/www.elektronikforschung.de\/projekte\/koko-power\" target=\"_blank\" rel=\"noreferrer noopener\">KoKo-Power<\/a><\/li>\n\n\n\n<li>Modular power electronics for battery management at the level of individual cells <a href=\"https:\/\/www.elektronikforschung.de\/projekte\/mcib\" target=\"_blank\" rel=\"noreferrer noopener\">(MCIB)<\/a><\/li>\n\n\n\n<li>Network-coupled accelerators for energy-efficient heterogeneous computing <a href=\"https:\/\/gauss-allianz.de\/en\/project\/title\/NAAICE\" target=\"_blank\" rel=\"noreferrer noopener\">(NAAICE)<\/a><\/li>\n\n\n\n<li>Energy-optimized genome sequencing library for energy-efficient programmable microelectronics <a href=\"https:\/\/gauss-allianz.de\/en\/project\/title\/SeqAn@FPGA\" target=\"_blank\" rel=\"noreferrer noopener\">(SeqAnonFPGA)<\/a><\/li>\n\n\n\n<li>Energy-optimized supercomputer hardware using stencil and tensor accelerators <a href=\"https:\/\/gauss-allianz.de\/en\/project\/title\/STXDemo\" target=\"_blank\" rel=\"noreferrer noopener\">(STXDemo)<\/a><\/li>\n\n\n\n<li>Second-life computing clusters integrated into wind turbines <a href=\"https:\/\/gauss-allianz.de\/en\/project\/title\/WindHPC\" target=\"_blank\" rel=\"noreferrer noopener\">(WindHPC)<\/a><\/li>\n<\/ul>","protected":false},"excerpt":{"rendered":"<p>Das Kompetenzzentrum Green ICT @ FMD unterst\u00fctzt vom BMFTR (ehemals BMBF) gef\u00f6rderte Forschungsvorhaben mit Green ICT-Themen bei der Erstellung von sogenannten Umweltpotenzialanalysen. Ziel dieser Begleitforschung ist es, dass alle Forschungsvorhaben ihre \u00f6kologischen Verbesserungen gegen\u00fcber Standardtechnologien mittels einer vereinfachten Umweltbewertung quantifizieren&#8230;.<\/p>","protected":false},"author":2,"featured_media":0,"parent":0,"menu_order":0,"comment_status":"closed","ping_status":"closed","template":"","meta":{"_acf_changed":false,"footnotes":""},"class_list":["post-3382","page","type-page","status-publish","hentry"],"acf":[],"yoast_head":"<!-- This site is optimized with the Yoast SEO plugin v27.3 - https:\/\/yoast.com\/product\/yoast-seo-wordpress\/ -->\n<title>Begleitforschung<\/title>\n<meta name=\"description\" content=\"Ziel ist die Quantifizierung der \u00f6kologischen Verbesserungen aller Forschungsvorhaben mittels einer vereinfachten Umweltbewertung.\" \/>\n<meta name=\"robots\" content=\"index, follow, max-snippet:-1, max-image-preview:large, max-video-preview:-1\" \/>\n<link rel=\"canonical\" href=\"https:\/\/greenict.de\/en\/begleitforschung\/\" \/>\n<script type=\"application\/ld+json\" class=\"yoast-schema-graph\">{\"@context\":\"https:\\\/\\\/schema.org\",\"@graph\":[{\"@type\":\"WebPage\",\"@id\":\"https:\\\/\\\/greenict.de\\\/begleitforschung\\\/\",\"url\":\"https:\\\/\\\/greenict.de\\\/begleitforschung\\\/\",\"name\":\"Begleitforschung\",\"isPartOf\":{\"@id\":\"https:\\\/\\\/greenict.de\\\/#website\"},\"datePublished\":\"2023-06-30T11:22:39+00:00\",\"dateModified\":\"2025-07-18T10:23:08+00:00\",\"description\":\"Ziel ist die Quantifizierung der \u00f6kologischen Verbesserungen aller Forschungsvorhaben mittels einer vereinfachten Umweltbewertung.\",\"breadcrumb\":{\"@id\":\"https:\\\/\\\/greenict.de\\\/begleitforschung\\\/#breadcrumb\"},\"inLanguage\":\"en-GB\",\"potentialAction\":[{\"@type\":\"ReadAction\",\"target\":[\"https:\\\/\\\/greenict.de\\\/begleitforschung\\\/\"]}]},{\"@type\":\"BreadcrumbList\",\"@id\":\"https:\\\/\\\/greenict.de\\\/begleitforschung\\\/#breadcrumb\",\"itemListElement\":[{\"@type\":\"ListItem\",\"position\":1,\"name\":\"Startseite\",\"item\":\"https:\\\/\\\/greenict.de\\\/\"},{\"@type\":\"ListItem\",\"position\":2,\"name\":\"Begleitforschung\"}]},{\"@type\":\"WebSite\",\"@id\":\"https:\\\/\\\/greenict.de\\\/#website\",\"url\":\"https:\\\/\\\/greenict.de\\\/\",\"name\":\"Green ICT\",\"description\":\"Kompetenzzentrum f\u00fcr eine ressourcenbewusste Informations- und Kommunikationstechnik\",\"publisher\":{\"@id\":\"https:\\\/\\\/greenict.de\\\/#organization\"},\"alternateName\":\"Nachhaltige Mikroelektronik\",\"potentialAction\":[{\"@type\":\"SearchAction\",\"target\":{\"@type\":\"EntryPoint\",\"urlTemplate\":\"https:\\\/\\\/greenict.de\\\/?s={search_term_string}\"},\"query-input\":{\"@type\":\"PropertyValueSpecification\",\"valueRequired\":true,\"valueName\":\"search_term_string\"}}],\"inLanguage\":\"en-GB\"},{\"@type\":\"Organization\",\"@id\":\"https:\\\/\\\/greenict.de\\\/#organization\",\"name\":\"Forschungsfabrik Mikroelektronik Deutschland\",\"alternateName\":\"FMD\",\"url\":\"https:\\\/\\\/greenict.de\\\/\",\"logo\":{\"@type\":\"ImageObject\",\"inLanguage\":\"en-GB\",\"@id\":\"https:\\\/\\\/greenict.de\\\/#\\\/schema\\\/logo\\\/image\\\/\",\"url\":\"https:\\\/\\\/greenict.de\\\/wp-content\\\/uploads\\\/2022\\\/11\\\/FMD-Logo_farbe-50-mm.png\",\"contentUrl\":\"https:\\\/\\\/greenict.de\\\/wp-content\\\/uploads\\\/2022\\\/11\\\/FMD-Logo_farbe-50-mm.png\",\"width\":592,\"height\":135,\"caption\":\"Forschungsfabrik Mikroelektronik Deutschland\"},\"image\":{\"@id\":\"https:\\\/\\\/greenict.de\\\/#\\\/schema\\\/logo\\\/image\\\/\"}}]}<\/script>\n<!-- \/ Yoast SEO plugin. -->","yoast_head_json":{"title":"Accompanying research","description":"The aim is to quantify the ecological improvements of all research projects using a simplified environmental assessment.","robots":{"index":"index","follow":"follow","max-snippet":"max-snippet:-1","max-image-preview":"max-image-preview:large","max-video-preview":"max-video-preview:-1"},"canonical":"https:\/\/greenict.de\/en\/begleitforschung\/","schema":{"@context":"https:\/\/schema.org","@graph":[{"@type":"WebPage","@id":"https:\/\/greenict.de\/begleitforschung\/","url":"https:\/\/greenict.de\/begleitforschung\/","name":"Accompanying research","isPartOf":{"@id":"https:\/\/greenict.de\/#website"},"datePublished":"2023-06-30T11:22:39+00:00","dateModified":"2025-07-18T10:23:08+00:00","description":"The aim is to quantify the ecological improvements of all research projects using a simplified environmental assessment.","breadcrumb":{"@id":"https:\/\/greenict.de\/begleitforschung\/#breadcrumb"},"inLanguage":"en-GB","potentialAction":[{"@type":"ReadAction","target":["https:\/\/greenict.de\/begleitforschung\/"]}]},{"@type":"BreadcrumbList","@id":"https:\/\/greenict.de\/begleitforschung\/#breadcrumb","itemListElement":[{"@type":"ListItem","position":1,"name":"Startseite","item":"https:\/\/greenict.de\/"},{"@type":"ListItem","position":2,"name":"Begleitforschung"}]},{"@type":"WebSite","@id":"https:\/\/greenict.de\/#website","url":"https:\/\/greenict.de\/","name":"Competence center for sustainable IT and communication technology","description":"Competence center for sustainable information and communication technology","publisher":{"@id":"https:\/\/greenict.de\/#organization"},"alternateName":"Nachhaltige Mikroelektronik","potentialAction":[{"@type":"SearchAction","target":{"@type":"EntryPoint","urlTemplate":"https:\/\/greenict.de\/?s={search_term_string}"},"query-input":{"@type":"PropertyValueSpecification","valueRequired":true,"valueName":"search_term_string"}}],"inLanguage":"en-GB"},{"@type":"Organization","@id":"https:\/\/greenict.de\/#organization","name":"Research Fab Microelectronics Germany","alternateName":"FMD","url":"https:\/\/greenict.de\/","logo":{"@type":"ImageObject","inLanguage":"en-GB","@id":"https:\/\/greenict.de\/#\/schema\/logo\/image\/","url":"https:\/\/greenict.de\/wp-content\/uploads\/2022\/11\/FMD-Logo_farbe-50-mm.png","contentUrl":"https:\/\/greenict.de\/wp-content\/uploads\/2022\/11\/FMD-Logo_farbe-50-mm.png","width":592,"height":135,"caption":"Forschungsfabrik Mikroelektronik Deutschland"},"image":{"@id":"https:\/\/greenict.de\/#\/schema\/logo\/image\/"}}]}},"_links":{"self":[{"href":"https:\/\/greenict.de\/en\/wp-json\/wp\/v2\/pages\/3382","targetHints":{"allow":["GET"]}}],"collection":[{"href":"https:\/\/greenict.de\/en\/wp-json\/wp\/v2\/pages"}],"about":[{"href":"https:\/\/greenict.de\/en\/wp-json\/wp\/v2\/types\/page"}],"author":[{"embeddable":true,"href":"https:\/\/greenict.de\/en\/wp-json\/wp\/v2\/users\/2"}],"replies":[{"embeddable":true,"href":"https:\/\/greenict.de\/en\/wp-json\/wp\/v2\/comments?post=3382"}],"version-history":[{"count":8,"href":"https:\/\/greenict.de\/en\/wp-json\/wp\/v2\/pages\/3382\/revisions"}],"predecessor-version":[{"id":13116,"href":"https:\/\/greenict.de\/en\/wp-json\/wp\/v2\/pages\/3382\/revisions\/13116"}],"wp:attachment":[{"href":"https:\/\/greenict.de\/en\/wp-json\/wp\/v2\/media?parent=3382"}],"curies":[{"name":"wp","href":"https:\/\/api.w.org\/{rel}","templated":true}]}}