{"id":3321,"date":"2023-06-26T11:12:01","date_gmt":"2023-06-26T09:12:01","guid":{"rendered":"https:\/\/greenict.de\/?page_id=3321"},"modified":"2023-07-03T14:40:32","modified_gmt":"2023-07-03T12:40:32","slug":"newsletter-anmeldung-bestaetigung","status":"publish","type":"page","link":"https:\/\/greenict.de\/en\/newsletter-anmeldung-bestaetigung\/","title":{"rendered":"Bitte best\u00e4tigen Sie Ihre Angaben"},"content":{"rendered":"<p><\/p>\n\n\n\n<p>Vielen Dank f\u00fcr Ihr Interesse am <strong>Green ICT Newsletter<\/strong>. <\/p>\n\n\n\n<p>Sie erhalten in K\u00fcrze eine E-Mail mit einem Link zur Best\u00e4tigung der Anmeldung.<\/p>\n\n\n\n<p>Hierdurch stellen wir sicher, dass ihre E-Mail Adresse nicht missbr\u00e4uchlich verwendet wird. Der Link ist 4 Wochen g\u00fcltig.<\/p>\n\n\n\n<p>Sollten Sie unsere E-Mail nach einigen Minuten noch nicht in Ihrem Posteingang finden, pr\u00fcfen&nbsp;Sie bitte auch Ihren Spam-Ordner.<\/p>\n\n\n\n<p>Bei Fragen oder Problemen schreiben Sie uns gerne eine <a href=\"mailto:newsletter@forschungsfabrik-mikroelektronik.de\">Message<\/a>, wie helfen Ihnen gerne weiter.<\/p>","protected":false},"excerpt":{"rendered":"<p>Vielen Dank f\u00fcr Ihr Interesse am Green ICT Newsletter. Sie erhalten in K\u00fcrze eine E-Mail mit einem Link zur Best\u00e4tigung der Anmeldung. Hierdurch stellen wir sicher, dass ihre E-Mail Adresse nicht missbr\u00e4uchlich verwendet wird. Der Link ist 4 Wochen g\u00fcltig&#8230;.<\/p>","protected":false},"author":2,"featured_media":0,"parent":0,"menu_order":0,"comment_status":"closed","ping_status":"closed","template":"","meta":{"_acf_changed":false,"footnotes":""},"class_list":["post-3321","page","type-page","status-publish","hentry"],"acf":[],"yoast_head":"<!-- This site is optimized with the Yoast SEO plugin v27.5 - https:\/\/yoast.com\/product\/yoast-seo-wordpress\/ -->\n<title>Bitte best\u00e4tigen Sie Ihre Angaben &#8211; Green ICT<\/title>\n<meta name=\"robots\" content=\"noindex, follow\" \/>\n<script type=\"application\/ld+json\" class=\"yoast-schema-graph\">{\"@context\":\"https:\\\/\\\/schema.org\",\"@graph\":[{\"@type\":\"WebPage\",\"@id\":\"https:\\\/\\\/greenict.de\\\/newsletter-anmeldung-bestaetigung\\\/\",\"url\":\"https:\\\/\\\/greenict.de\\\/newsletter-anmeldung-bestaetigung\\\/\",\"name\":\"Bitte best\u00e4tigen Sie Ihre Angaben &#8211; Green ICT\",\"isPartOf\":{\"@id\":\"https:\\\/\\\/greenict.de\\\/#website\"},\"datePublished\":\"2023-06-26T09:12:01+00:00\",\"dateModified\":\"2023-07-03T12:40:32+00:00\",\"breadcrumb\":{\"@id\":\"https:\\\/\\\/greenict.de\\\/newsletter-anmeldung-bestaetigung\\\/#breadcrumb\"},\"inLanguage\":\"en-GB\",\"potentialAction\":[{\"@type\":\"ReadAction\",\"target\":[\"https:\\\/\\\/greenict.de\\\/newsletter-anmeldung-bestaetigung\\\/\"]}]},{\"@type\":\"BreadcrumbList\",\"@id\":\"https:\\\/\\\/greenict.de\\\/newsletter-anmeldung-bestaetigung\\\/#breadcrumb\",\"itemListElement\":[{\"@type\":\"ListItem\",\"position\":1,\"name\":\"Startseite\",\"item\":\"https:\\\/\\\/greenict.de\\\/\"},{\"@type\":\"ListItem\",\"position\":2,\"name\":\"Bitte best\u00e4tigen Sie Ihre Angaben\"}]},{\"@type\":\"WebSite\",\"@id\":\"https:\\\/\\\/greenict.de\\\/#website\",\"url\":\"https:\\\/\\\/greenict.de\\\/\",\"name\":\"Green ICT\",\"description\":\"Kompetenzzentrum f\u00fcr eine ressourcenbewusste Informations- und Kommunikationstechnik\",\"publisher\":{\"@id\":\"https:\\\/\\\/greenict.de\\\/#organization\"},\"alternateName\":\"Nachhaltige Mikroelektronik\",\"potentialAction\":[{\"@type\":\"SearchAction\",\"target\":{\"@type\":\"EntryPoint\",\"urlTemplate\":\"https:\\\/\\\/greenict.de\\\/?s={search_term_string}\"},\"query-input\":{\"@type\":\"PropertyValueSpecification\",\"valueRequired\":true,\"valueName\":\"search_term_string\"}}],\"inLanguage\":\"en-GB\"},{\"@type\":\"Organization\",\"@id\":\"https:\\\/\\\/greenict.de\\\/#organization\",\"name\":\"Forschungsfabrik Mikroelektronik Deutschland\",\"alternateName\":\"FMD\",\"url\":\"https:\\\/\\\/greenict.de\\\/\",\"logo\":{\"@type\":\"ImageObject\",\"inLanguage\":\"en-GB\",\"@id\":\"https:\\\/\\\/greenict.de\\\/#\\\/schema\\\/logo\\\/image\\\/\",\"url\":\"https:\\\/\\\/greenict.de\\\/wp-content\\\/uploads\\\/2022\\\/11\\\/FMD-Logo_farbe-50-mm.png\",\"contentUrl\":\"https:\\\/\\\/greenict.de\\\/wp-content\\\/uploads\\\/2022\\\/11\\\/FMD-Logo_farbe-50-mm.png\",\"width\":592,\"height\":135,\"caption\":\"Forschungsfabrik Mikroelektronik Deutschland\"},\"image\":{\"@id\":\"https:\\\/\\\/greenict.de\\\/#\\\/schema\\\/logo\\\/image\\\/\"}}]}<\/script>\n<!-- \/ Yoast SEO plugin. -->","yoast_head_json":{"title":"Bitte best\u00e4tigen Sie Ihre Angaben &#8211; Green ICT","robots":{"index":"noindex","follow":"follow"},"schema":{"@context":"https:\/\/schema.org","@graph":[{"@type":"WebPage","@id":"https:\/\/greenict.de\/newsletter-anmeldung-bestaetigung\/","url":"https:\/\/greenict.de\/newsletter-anmeldung-bestaetigung\/","name":"Bitte best\u00e4tigen Sie Ihre Angaben &#8211; Green ICT","isPartOf":{"@id":"https:\/\/greenict.de\/#website"},"datePublished":"2023-06-26T09:12:01+00:00","dateModified":"2023-07-03T12:40:32+00:00","breadcrumb":{"@id":"https:\/\/greenict.de\/newsletter-anmeldung-bestaetigung\/#breadcrumb"},"inLanguage":"en-GB","potentialAction":[{"@type":"ReadAction","target":["https:\/\/greenict.de\/newsletter-anmeldung-bestaetigung\/"]}]},{"@type":"BreadcrumbList","@id":"https:\/\/greenict.de\/newsletter-anmeldung-bestaetigung\/#breadcrumb","itemListElement":[{"@type":"ListItem","position":1,"name":"Startseite","item":"https:\/\/greenict.de\/"},{"@type":"ListItem","position":2,"name":"Bitte best\u00e4tigen Sie Ihre Angaben"}]},{"@type":"WebSite","@id":"https:\/\/greenict.de\/#website","url":"https:\/\/greenict.de\/","name":"Competence center for sustainable IT and communication technology","description":"Competence center for sustainable information and communication technology","publisher":{"@id":"https:\/\/greenict.de\/#organization"},"alternateName":"Nachhaltige Mikroelektronik","potentialAction":[{"@type":"SearchAction","target":{"@type":"EntryPoint","urlTemplate":"https:\/\/greenict.de\/?s={search_term_string}"},"query-input":{"@type":"PropertyValueSpecification","valueRequired":true,"valueName":"search_term_string"}}],"inLanguage":"en-GB"},{"@type":"Organization","@id":"https:\/\/greenict.de\/#organization","name":"Research Fab Microelectronics Germany","alternateName":"FMD","url":"https:\/\/greenict.de\/","logo":{"@type":"ImageObject","inLanguage":"en-GB","@id":"https:\/\/greenict.de\/#\/schema\/logo\/image\/","url":"https:\/\/greenict.de\/wp-content\/uploads\/2022\/11\/FMD-Logo_farbe-50-mm.png","contentUrl":"https:\/\/greenict.de\/wp-content\/uploads\/2022\/11\/FMD-Logo_farbe-50-mm.png","width":592,"height":135,"caption":"Forschungsfabrik Mikroelektronik Deutschland"},"image":{"@id":"https:\/\/greenict.de\/#\/schema\/logo\/image\/"}}]}},"_links":{"self":[{"href":"https:\/\/greenict.de\/en\/wp-json\/wp\/v2\/pages\/3321","targetHints":{"allow":["GET"]}}],"collection":[{"href":"https:\/\/greenict.de\/en\/wp-json\/wp\/v2\/pages"}],"about":[{"href":"https:\/\/greenict.de\/en\/wp-json\/wp\/v2\/types\/page"}],"author":[{"embeddable":true,"href":"https:\/\/greenict.de\/en\/wp-json\/wp\/v2\/users\/2"}],"replies":[{"embeddable":true,"href":"https:\/\/greenict.de\/en\/wp-json\/wp\/v2\/comments?post=3321"}],"version-history":[{"count":1,"href":"https:\/\/greenict.de\/en\/wp-json\/wp\/v2\/pages\/3321\/revisions"}],"predecessor-version":[{"id":3438,"href":"https:\/\/greenict.de\/en\/wp-json\/wp\/v2\/pages\/3321\/revisions\/3438"}],"wp:attachment":[{"href":"https:\/\/greenict.de\/en\/wp-json\/wp\/v2\/media?parent=3321"}],"curies":[{"name":"wp","href":"https:\/\/api.w.org\/{rel}","templated":true}]}}