{"id":2657,"date":"2023-04-14T11:47:13","date_gmt":"2023-04-14T09:47:13","guid":{"rendered":"https:\/\/greenict.de\/?page_id=2657"},"modified":"2025-12-09T14:53:36","modified_gmt":"2025-12-09T13:53:36","slug":"leistungsangebote-des-sensor-edge-cloud-hubs","status":"publish","type":"page","link":"https:\/\/greenict.de\/en\/leistungsangebote-des-sensor-edge-cloud-hubs\/","title":{"rendered":"The eco-booster for your product"},"content":{"rendered":"<div style=\"height:10px\" aria-hidden=\"true\" class=\"wp-block-spacer\"><\/div>\n\n\n\n<h4 class=\"wp-block-heading\">Service offerings from Hub I: Sensor edge cloud systems<\/h4>\n\n\n\n<p>We examine your products from the IoT and ICT environment and develop proposals for CO<sub>2e<\/sub> footprint reduction. If you would like to have your product checked at no extra cost, you can apply for a validation project.<\/p>\n\n\n\n<p><\/p>\n\n\n\n<div class=\"wp-block-buttons is-content-justification-center is-layout-flex wp-container-core-buttons-is-layout-16018d1d wp-block-buttons-is-layout-flex\">\n<div class=\"wp-block-button is-style-fill\"><a class=\"wp-block-button__link has-background has-custom-font-size wp-element-button\" href=\"#Bewerbungsformular\" style=\"background-color:#009374;font-size:16px\">Application form<\/a><\/div>\n<\/div>\n\n\n\n<p><\/p>\n\n\n\n<p class=\"translation-block\">The result of the validation project is in the form of a case study (theoretical consideration), which presents the savings potential through Green ICT technology. The final results will also be published. Company-specific data will be kept confidential upon request.<\/p>\n\n\n\n<div class=\"wp-block-columns is-layout-flex wp-container-core-columns-is-layout-9d6595d7 wp-block-columns-is-layout-flex\">\n<div class=\"wp-block-column bordercolumns-gruen has-background is-layout-flow wp-block-column-is-layout-flow\" style=\"background:radial-gradient(rgb(2,120,96) 16%,rgb(0,115,90) 78%)\">\n<h3 class=\"wp-block-heading has-white-color has-text-color has-link-color wp-elements-dc6aabcb7625fc4633e48c0258180733\">Services:<\/h3>\n\n\n\n<ul class=\"wp-block-list has-white-color has-text-color has-link-color wp-elements-3c35bfb1bb1a31cb8bafba2d9dc793f4\">\n<li>Advice on ecologically sustainable system architecture, load profile and selection of components and materials&nbsp;<\/li>\n\n\n\n<li>Characterization and analysis of energy efficiency including advice on savings&nbsp;<\/li>\n\n\n\n<li>Alternative energy supply (e.g. energy harvesting)&nbsp;<\/li>\n\n\n\n<li>Quantification and evaluation of the carbon footprint<\/li>\n<\/ul>\n\n\n\n<p class=\"has-white-color has-text-color has-link-color wp-elements-a564f4d1f7a242dda714368c18012432\">Detailed range of services: <a href=\"https:\/\/greenict.de\/wp-content\/uploads\/2024\/10\/Hub1_Leistungsspektrum.pdf\" target=\"_blank\" rel=\"noreferrer noopener\"><strong>download here (pdf)<\/strong><\/a><\/p>\n<\/div>\n<\/div>\n\n\n\n<p><\/p>\n\n\n\n<h3 class=\"wp-block-heading\" style=\"font-style:normal;font-weight:300\">These companies already use the Green ICT network<\/h3>\n\n\n\n<ul class=\"wp-block-list\">\n<li>Enerthing<\/li>\n\n\n\n<li>ELMOS<\/li>\n\n\n\n<li>Cyient<\/li>\n\n\n\n<li>Marposs (<a href=\"https:\/\/www.ingenieur.de\/fachmedien\/vdi-z\/digitalisierung-vdi-z\/eingebettete-ki-fuer-nachhaltige-fraesprozesse\/\">Article in German at VDI-Z \u2013 ingenieur.de<\/a>)<\/li>\n<\/ul>\n\n\n\n<p>First use cases start in Hub 1: <a href=\"https:\/\/greenict.de\/en\/use-cases-hub1\/\">learn more<\/a><\/p>\n\n\n\n<p><\/p>\n\n\n\n<p><\/p>\n\n\n\n<h2 class=\"wp-block-heading has-text-align-left\" id=\"Bewerbungsformular\">Application form<\/h2>\n\n\n\n<div style=\"height:10px\" aria-hidden=\"true\" class=\"wp-block-spacer\"><\/div>\n\n\n\n<div class=\"wp-block-contact-form-7-contact-form-selector\">\n<div class=\"wpcf7 no-js\" id=\"wpcf7-f2884-o1\" lang=\"de-DE\" dir=\"ltr\" data-wpcf7-id=\"2884\">\n<div class=\"screen-reader-response\"><p role=\"status\" aria-live=\"polite\" aria-atomic=\"true\"><\/p> <ul><\/ul><\/div>\n<form action=\"\/en\/wp-json\/wp\/v2\/pages\/2657#wpcf7-f2884-o1\" method=\"post\" class=\"wpcf7-form init\" aria-label=\"Kontaktformular\" novalidate=\"novalidate\" data-status=\"init\" data-trp-original-action=\"\/en\/wp-json\/wp\/v2\/pages\/2657#wpcf7-f2884-o1\">\n<fieldset class=\"hidden-fields-container\"><input type=\"hidden\" name=\"_wpcf7\" value=\"2884\" \/><input type=\"hidden\" name=\"_wpcf7_version\" value=\"6.1.5\" \/><input type=\"hidden\" name=\"_wpcf7_locale\" value=\"de_DE_formal\" \/><input type=\"hidden\" name=\"_wpcf7_unit_tag\" value=\"wpcf7-f2884-o1\" \/><input type=\"hidden\" name=\"_wpcf7_container_post\" value=\"0\" \/><input type=\"hidden\" name=\"_wpcf7_posted_data_hash\" value=\"\" \/><input type=\"hidden\" name=\"_wpcf7_recaptcha_response\" value=\"\" \/>\n<\/fieldset>\n<label1>Company name and address\n<\/label1>\n<p><span class=\"wpcf7-form-control-wrap\" data-name=\"unternehmen\"><input size=\"40\" maxlength=\"400\" class=\"wpcf7-form-control wpcf7-text wpcf7-validates-as-required\" aria-required=\"true\" aria-invalid=\"false\" value=\"\" type=\"text\" name=\"unternehmen\" \/><\/span>\n<\/p>\n<label1>Company website\n<\/label1>\n<p><span class=\"wpcf7-form-control-wrap\" data-name=\"webseite\"><input size=\"40\" maxlength=\"400\" class=\"wpcf7-form-control wpcf7-url wpcf7-text wpcf7-validates-as-url\" aria-invalid=\"false\" value=\"\" type=\"url\" name=\"webseite\" \/><\/span>\n<\/p>\n<label1>Contact person\n<\/label1>\n<p><span class=\"wpcf7-form-control-wrap\" data-name=\"kontaktperson\"><input size=\"40\" maxlength=\"400\" class=\"wpcf7-form-control wpcf7-text wpcf7-validates-as-required\" aria-required=\"true\" aria-invalid=\"false\" value=\"\" type=\"text\" name=\"kontaktperson\" \/><\/span>\n<\/p>\n<label1>Contact person email\n<\/label1>\n<p><span class=\"wpcf7-form-control-wrap\" data-name=\"your-email\"><input size=\"40\" maxlength=\"400\" class=\"wpcf7-form-control wpcf7-email wpcf7-validates-as-required wpcf7-text wpcf7-validates-as-email\" aria-required=\"true\" aria-invalid=\"false\" value=\"\" type=\"email\" name=\"your-email\" \/><\/span>\n<\/p>\n<label1>Contact person phone number\n<\/label1>\n<p><span class=\"wpcf7-form-control-wrap\" data-name=\"telefonnummer\"><input size=\"40\" maxlength=\"400\" class=\"wpcf7-form-control wpcf7-tel wpcf7-text wpcf7-validates-as-tel\" aria-invalid=\"false\" value=\"\" type=\"tel\" name=\"telefonnummer\" \/><\/span>\n<\/p>\n<label1>Which specific product or solution (of the company) from the IoT or ICT environment is it about?\n<\/label1>\n<p><span class=\"wpcf7-form-control-wrap\" data-name=\"produkt\"><textarea cols=\"40\" rows=\"5\" maxlength=\"2000\" class=\"wpcf7-form-control wpcf7-textarea wpcf7-validates-as-required\" aria-required=\"true\" aria-invalid=\"false\" name=\"produkt\"><\/textarea><\/span>\n<\/p>\n<label1>What are the applications and use cases addressed by the product\/solution?\n<\/label1>\n<p><span class=\"wpcf7-form-control-wrap\" data-name=\"anwendungen\"><textarea cols=\"40\" rows=\"5\" maxlength=\"2000\" class=\"wpcf7-form-control wpcf7-textarea wpcf7-validates-as-required\" aria-required=\"true\" aria-invalid=\"false\" name=\"anwendungen\"><\/textarea><\/span>\n<\/p>\n<label1>Which question about CO2e footprint reduction should be answered?\n<\/label1>\n<p><span class=\"wpcf7-form-control-wrap\" data-name=\"fragestellung\"><span class=\"wpcf7-form-control wpcf7-checkbox\"><span class=\"wpcf7-list-item first\"><input type=\"checkbox\" name=\"fragestellung[]\" value=\"Potentielle Energieeinsparung\" \/><span class=\"wpcf7-list-item-label\">Potential energy savings<\/span><\/span><span class=\"wpcf7-list-item last\"><input type=\"checkbox\" name=\"fragestellung[]\" value=\"potentielle Reduktion des Ressourceneinsatzes\" \/><span class=\"wpcf7-list-item-label\">Potential reduction of resource use<\/span><\/span><\/span><\/span>\n<\/p>\n<label1>Through which technological component is the increase in efficiency to be achieved?\n<\/label1>\n<p><span class=\"wpcf7-form-control-wrap\" data-name=\"komponente\"><span class=\"wpcf7-form-control wpcf7-checkbox\"><span class=\"wpcf7-list-item first\"><input type=\"checkbox\" name=\"komponente[]\" value=\"Sensorauswahl\" \/><span class=\"wpcf7-list-item-label\">Sensor selection<\/span><\/span><span class=\"wpcf7-list-item\"><input type=\"checkbox\" name=\"komponente[]\" value=\"Energy Harvesting\" \/><span class=\"wpcf7-list-item-label\">Energy Harvesting<\/span><\/span><span class=\"wpcf7-list-item\"><input type=\"checkbox\" name=\"komponente[]\" value=\"Embedded KI\" \/><span class=\"wpcf7-list-item-label\">Embedded KI<\/span><\/span><span class=\"wpcf7-list-item\"><input type=\"checkbox\" name=\"komponente[]\" value=\"Funkkommunikation\" \/><span class=\"wpcf7-list-item-label\">Radio communication<\/span><\/span><span class=\"wpcf7-list-item last\"><input type=\"checkbox\" name=\"komponente[]\" value=\"Edge Computing\" \/><span class=\"wpcf7-list-item-label\">Edge Computing<\/span><\/span><\/span><\/span><br \/>\n<span class=\"wpcf7-form-control-wrap\" data-name=\"sonstige-komponente\"><input size=\"40\" maxlength=\"400\" class=\"wpcf7-form-control wpcf7-text\" aria-invalid=\"false\" placeholder=\"Other component\" value=\"\" type=\"text\" name=\"sonstige-komponente\" \/><\/span>\n<\/p>\n<p><input class=\"wpcf7-form-control wpcf7-submit has-spinner\" type=\"submit\" value=\"Submit\" \/>\n<\/p><div class=\"wpcf7-response-output\" aria-hidden=\"true\"><\/div>\n<input type=\"hidden\" name=\"trp-form-language\" value=\"en\"\/><\/form>\n<\/div>\n<\/div>\n\n\n\n<p><\/p>\n\n\n\n<div class=\"wp-block-columns is-layout-flex wp-container-core-columns-is-layout-9d6595d7 wp-block-columns-is-layout-flex\">\n<div class=\"wp-block-column pseudo bordercolumns-gruen has-background is-layout-flow wp-block-column-is-layout-flow\" style=\"background:radial-gradient(rgb(2,120,96) 16%,rgb(0,115,90) 78%)\">\n<h3 class=\"wp-block-heading has-white-color has-text-color has-link-color wp-elements-5aed304b8436966f90c48e1419eb5d6e\"><a href=\"https:\/\/greenict.de\/en\/leistunsangebote-industrie\/\">Allgemeine Leistungen von Green ICT @ FMD:<\/a><\/h3>\n\n\n\n<ul class=\"wp-block-list has-white-color has-text-color has-link-color wp-elements-eff6d0faf0a6111e0af10fa2a383d2c2\">\n<li class=\"translation-block\">Know-how transfer in the creation of life cycle inventory models, life cycle assessments and calculations of the carbon footprint of products and processes<\/li>\n\n\n\n<li>Advice on more environmentally sustainable components and systems for sensor edge cloud applications and communication infrastructures&nbsp;<\/li>\n\n\n\n<li>More environmentally friendly manufacturing processes for microelectronic components through material substitution and energy savings in clean rooms&nbsp;<\/li>\n\n\n\n<li>Provision and plausibility checks for life cycle assessment data sets from the above-mentioned areas&nbsp;<\/li>\n<\/ul>\n<\/div>\n<\/div>","protected":false},"excerpt":{"rendered":"<p>Leistungsangebote aus Hub I: Sensor-Edge-Cloud-Systeme Wir untersuchen Ihre Produkte aus dem IoT- und IKT-Umfeld und arbeiten Vorschl\u00e4ge zur CO2e Footprint-Reduzierung aus. Wenn Sie Ihr Produkt kostenneutral \u00fcberpr\u00fcfen lassen m\u00f6chten, k\u00f6nnen Sie sich f\u00fcr ein Validierungsprojekt bei uns bewerben. Das Ergebnis&#8230;<\/p>","protected":false},"author":2,"featured_media":28,"parent":0,"menu_order":0,"comment_status":"closed","ping_status":"closed","template":"","meta":{"_acf_changed":false,"footnotes":""},"class_list":["post-2657","page","type-page","status-publish","has-post-thumbnail","hentry"],"acf":[],"yoast_head":"<!-- This site is optimized with the Yoast SEO plugin v27.4 - https:\/\/yoast.com\/product\/yoast-seo-wordpress\/ -->\n<title>Der \u00d6ko-Booster f\u00fcr Ihr Produkt<\/title>\n<meta name=\"description\" content=\"Der Nachhaltigkeits-Booster: Wir untersuchen Ihre Produkte und arbeiten Vorschl\u00e4ge zur CO2e Footprint-Reduzierung aus \u25ba Jetzt bewerben!\" \/>\n<meta name=\"robots\" content=\"index, follow, max-snippet:-1, max-image-preview:large, max-video-preview:-1\" \/>\n<link rel=\"canonical\" href=\"https:\/\/greenict.de\/en\/leistungsangebote-des-sensor-edge-cloud-hubs\/\" \/>\n<script type=\"application\/ld+json\" class=\"yoast-schema-graph\">{\"@context\":\"https:\\\/\\\/schema.org\",\"@graph\":[{\"@type\":\"WebPage\",\"@id\":\"https:\\\/\\\/greenict.de\\\/leistungsangebote-des-sensor-edge-cloud-hubs\\\/\",\"url\":\"https:\\\/\\\/greenict.de\\\/leistungsangebote-des-sensor-edge-cloud-hubs\\\/\",\"name\":\"Der \u00d6ko-Booster f\u00fcr Ihr Produkt\",\"isPartOf\":{\"@id\":\"https:\\\/\\\/greenict.de\\\/#website\"},\"primaryImageOfPage\":{\"@id\":\"https:\\\/\\\/greenict.de\\\/leistungsangebote-des-sensor-edge-cloud-hubs\\\/#primaryimage\"},\"image\":{\"@id\":\"https:\\\/\\\/greenict.de\\\/leistungsangebote-des-sensor-edge-cloud-hubs\\\/#primaryimage\"},\"thumbnailUrl\":\"https:\\\/\\\/greenict.de\\\/wp-content\\\/uploads\\\/2022\\\/11\\\/Ressourceneffizienz_Banner-1.jpg\",\"datePublished\":\"2023-04-14T09:47:13+00:00\",\"dateModified\":\"2025-12-09T13:53:36+00:00\",\"description\":\"Der Nachhaltigkeits-Booster: Wir untersuchen Ihre Produkte und arbeiten Vorschl\u00e4ge zur CO2e Footprint-Reduzierung aus \u25ba Jetzt bewerben!\",\"breadcrumb\":{\"@id\":\"https:\\\/\\\/greenict.de\\\/leistungsangebote-des-sensor-edge-cloud-hubs\\\/#breadcrumb\"},\"inLanguage\":\"en-GB\",\"potentialAction\":[{\"@type\":\"ReadAction\",\"target\":[\"https:\\\/\\\/greenict.de\\\/leistungsangebote-des-sensor-edge-cloud-hubs\\\/\"]}]},{\"@type\":\"ImageObject\",\"inLanguage\":\"en-GB\",\"@id\":\"https:\\\/\\\/greenict.de\\\/leistungsangebote-des-sensor-edge-cloud-hubs\\\/#primaryimage\",\"url\":\"https:\\\/\\\/greenict.de\\\/wp-content\\\/uploads\\\/2022\\\/11\\\/Ressourceneffizienz_Banner-1.jpg\",\"contentUrl\":\"https:\\\/\\\/greenict.de\\\/wp-content\\\/uploads\\\/2022\\\/11\\\/Ressourceneffizienz_Banner-1.jpg\",\"width\":671,\"height\":472,\"caption\":\"Gr\u00fcne Pflanze als Sinnbild f\u00fcr Nachhaltigkeit in der Mikroelektronik\"},{\"@type\":\"BreadcrumbList\",\"@id\":\"https:\\\/\\\/greenict.de\\\/leistungsangebote-des-sensor-edge-cloud-hubs\\\/#breadcrumb\",\"itemListElement\":[{\"@type\":\"ListItem\",\"position\":1,\"name\":\"Startseite\",\"item\":\"https:\\\/\\\/greenict.de\\\/\"},{\"@type\":\"ListItem\",\"position\":2,\"name\":\"Der \u00d6ko-Booster f\u00fcr Ihr Produkt\"}]},{\"@type\":\"WebSite\",\"@id\":\"https:\\\/\\\/greenict.de\\\/#website\",\"url\":\"https:\\\/\\\/greenict.de\\\/\",\"name\":\"Green ICT\",\"description\":\"Kompetenzzentrum f\u00fcr eine ressourcenbewusste Informations- und Kommunikationstechnik\",\"publisher\":{\"@id\":\"https:\\\/\\\/greenict.de\\\/#organization\"},\"alternateName\":\"Nachhaltige Mikroelektronik\",\"potentialAction\":[{\"@type\":\"SearchAction\",\"target\":{\"@type\":\"EntryPoint\",\"urlTemplate\":\"https:\\\/\\\/greenict.de\\\/?s={search_term_string}\"},\"query-input\":{\"@type\":\"PropertyValueSpecification\",\"valueRequired\":true,\"valueName\":\"search_term_string\"}}],\"inLanguage\":\"en-GB\"},{\"@type\":\"Organization\",\"@id\":\"https:\\\/\\\/greenict.de\\\/#organization\",\"name\":\"Forschungsfabrik Mikroelektronik Deutschland\",\"alternateName\":\"FMD\",\"url\":\"https:\\\/\\\/greenict.de\\\/\",\"logo\":{\"@type\":\"ImageObject\",\"inLanguage\":\"en-GB\",\"@id\":\"https:\\\/\\\/greenict.de\\\/#\\\/schema\\\/logo\\\/image\\\/\",\"url\":\"https:\\\/\\\/greenict.de\\\/wp-content\\\/uploads\\\/2022\\\/11\\\/FMD-Logo_farbe-50-mm.png\",\"contentUrl\":\"https:\\\/\\\/greenict.de\\\/wp-content\\\/uploads\\\/2022\\\/11\\\/FMD-Logo_farbe-50-mm.png\",\"width\":592,\"height\":135,\"caption\":\"Forschungsfabrik Mikroelektronik Deutschland\"},\"image\":{\"@id\":\"https:\\\/\\\/greenict.de\\\/#\\\/schema\\\/logo\\\/image\\\/\"}}]}<\/script>\n<!-- \/ Yoast SEO plugin. -->","yoast_head_json":{"title":"The eco-booster for your product","description":"The sustainability booster: We analyze your products and develop proposals to reduce your carbon footprint \u25ba Apply now!","robots":{"index":"index","follow":"follow","max-snippet":"max-snippet:-1","max-image-preview":"max-image-preview:large","max-video-preview":"max-video-preview:-1"},"canonical":"https:\/\/greenict.de\/en\/leistungsangebote-des-sensor-edge-cloud-hubs\/","schema":{"@context":"https:\/\/schema.org","@graph":[{"@type":"WebPage","@id":"https:\/\/greenict.de\/leistungsangebote-des-sensor-edge-cloud-hubs\/","url":"https:\/\/greenict.de\/leistungsangebote-des-sensor-edge-cloud-hubs\/","name":"The eco-booster for your product","isPartOf":{"@id":"https:\/\/greenict.de\/#website"},"primaryImageOfPage":{"@id":"https:\/\/greenict.de\/leistungsangebote-des-sensor-edge-cloud-hubs\/#primaryimage"},"image":{"@id":"https:\/\/greenict.de\/leistungsangebote-des-sensor-edge-cloud-hubs\/#primaryimage"},"thumbnailUrl":"https:\/\/greenict.de\/wp-content\/uploads\/2022\/11\/Ressourceneffizienz_Banner-1.jpg","datePublished":"2023-04-14T09:47:13+00:00","dateModified":"2025-12-09T13:53:36+00:00","description":"The sustainability booster: We analyze your products and develop proposals to reduce your carbon footprint \u25ba Apply now!","breadcrumb":{"@id":"https:\/\/greenict.de\/leistungsangebote-des-sensor-edge-cloud-hubs\/#breadcrumb"},"inLanguage":"en-GB","potentialAction":[{"@type":"ReadAction","target":["https:\/\/greenict.de\/leistungsangebote-des-sensor-edge-cloud-hubs\/"]}]},{"@type":"ImageObject","inLanguage":"en-GB","@id":"https:\/\/greenict.de\/leistungsangebote-des-sensor-edge-cloud-hubs\/#primaryimage","url":"https:\/\/greenict.de\/wp-content\/uploads\/2022\/11\/Ressourceneffizienz_Banner-1.jpg","contentUrl":"https:\/\/greenict.de\/wp-content\/uploads\/2022\/11\/Ressourceneffizienz_Banner-1.jpg","width":671,"height":472,"caption":"Gr\u00fcne Pflanze als Sinnbild f\u00fcr Nachhaltigkeit in der Mikroelektronik"},{"@type":"BreadcrumbList","@id":"https:\/\/greenict.de\/leistungsangebote-des-sensor-edge-cloud-hubs\/#breadcrumb","itemListElement":[{"@type":"ListItem","position":1,"name":"Startseite","item":"https:\/\/greenict.de\/"},{"@type":"ListItem","position":2,"name":"Der \u00d6ko-Booster f\u00fcr Ihr Produkt"}]},{"@type":"WebSite","@id":"https:\/\/greenict.de\/#website","url":"https:\/\/greenict.de\/","name":"Competence center for sustainable IT and communication technology","description":"Competence center for sustainable information and communication technology","publisher":{"@id":"https:\/\/greenict.de\/#organization"},"alternateName":"Nachhaltige Mikroelektronik","potentialAction":[{"@type":"SearchAction","target":{"@type":"EntryPoint","urlTemplate":"https:\/\/greenict.de\/?s={search_term_string}"},"query-input":{"@type":"PropertyValueSpecification","valueRequired":true,"valueName":"search_term_string"}}],"inLanguage":"en-GB"},{"@type":"Organization","@id":"https:\/\/greenict.de\/#organization","name":"Research Fab Microelectronics Germany","alternateName":"FMD","url":"https:\/\/greenict.de\/","logo":{"@type":"ImageObject","inLanguage":"en-GB","@id":"https:\/\/greenict.de\/#\/schema\/logo\/image\/","url":"https:\/\/greenict.de\/wp-content\/uploads\/2022\/11\/FMD-Logo_farbe-50-mm.png","contentUrl":"https:\/\/greenict.de\/wp-content\/uploads\/2022\/11\/FMD-Logo_farbe-50-mm.png","width":592,"height":135,"caption":"Forschungsfabrik Mikroelektronik Deutschland"},"image":{"@id":"https:\/\/greenict.de\/#\/schema\/logo\/image\/"}}]}},"_links":{"self":[{"href":"https:\/\/greenict.de\/en\/wp-json\/wp\/v2\/pages\/2657","targetHints":{"allow":["GET"]}}],"collection":[{"href":"https:\/\/greenict.de\/en\/wp-json\/wp\/v2\/pages"}],"about":[{"href":"https:\/\/greenict.de\/en\/wp-json\/wp\/v2\/types\/page"}],"author":[{"embeddable":true,"href":"https:\/\/greenict.de\/en\/wp-json\/wp\/v2\/users\/2"}],"replies":[{"embeddable":true,"href":"https:\/\/greenict.de\/en\/wp-json\/wp\/v2\/comments?post=2657"}],"version-history":[{"count":76,"href":"https:\/\/greenict.de\/en\/wp-json\/wp\/v2\/pages\/2657\/revisions"}],"predecessor-version":[{"id":14216,"href":"https:\/\/greenict.de\/en\/wp-json\/wp\/v2\/pages\/2657\/revisions\/14216"}],"wp:featuredmedia":[{"embeddable":true,"href":"https:\/\/greenict.de\/en\/wp-json\/wp\/v2\/media\/28"}],"wp:attachment":[{"href":"https:\/\/greenict.de\/en\/wp-json\/wp\/v2\/media?parent=2657"}],"curies":[{"name":"wp","href":"https:\/\/api.w.org\/{rel}","templated":true}]}}