{"id":265,"date":"2022-11-21T15:12:49","date_gmt":"2022-11-21T14:12:49","guid":{"rendered":"https:\/\/websites.fraunhofer.de\/greenict\/?page_id=265"},"modified":"2025-12-08T10:27:08","modified_gmt":"2025-12-08T09:27:08","slug":"further-education","status":"publish","type":"page","link":"https:\/\/greenict.de\/en\/weiterbildung\/","title":{"rendered":"Weiterbildungsprogramm"},"content":{"rendered":"<p><\/p>\n\n\n\n<figure class=\"wp-block-image size-full\"><img loading=\"lazy\" decoding=\"async\" width=\"1000\" height=\"563\" src=\"https:\/\/greenict.de\/wp-content\/uploads\/2025\/02\/green-ict-courses-fmd-a.jpg\" alt=\"\" class=\"wp-image-11288\" srcset=\"https:\/\/greenict.de\/wp-content\/uploads\/2025\/02\/green-ict-courses-fmd-a.jpg 1000w, https:\/\/greenict.de\/wp-content\/uploads\/2025\/02\/green-ict-courses-fmd-a-300x169.jpg 300w, https:\/\/greenict.de\/wp-content\/uploads\/2025\/02\/green-ict-courses-fmd-a-768x432.jpg 768w, https:\/\/greenict.de\/wp-content\/uploads\/2025\/02\/green-ict-courses-fmd-a-18x10.jpg 18w\" sizes=\"auto, (max-width: 1000px) 100vw, 1000px\" \/><\/figure>\n\n\n\n<p><\/p>\n\n\n\n<p>The Green ICT Tutorials teach you the basics of environmental sustainability. Based on specific application examples, you will gain the necessary understanding to develop your own sustainable concepts in technical projects. Take advantage of the wide range of topics on offer and strengthen your skills for resource-efficient practice.<\/p>\n\n\n\n<p><\/p>\n\n\n\n<div class=\"wp-block-columns mehr-padding is-layout-flex wp-container-core-columns-is-layout-9d6595d7 wp-block-columns-is-layout-flex\">\n<div class=\"wp-block-column is-vertically-aligned-top box-2 pseudo has-background is-layout-flow wp-block-column-is-layout-flow\" style=\"background:linear-gradient(345deg,rgb(2,112,88) 0%,rgb(0,147,116) 97%);font-style:normal;font-weight:500\">\n<h3 class=\"wp-block-heading has-text-align-center has-white-color has-text-color has-link-color wp-elements-338da447b815bd5f950aaa897930dcdc\" style=\"font-style:normal;font-weight:400;text-transform:none\"><a href=\"https:\/\/greenict.de\/en\/basismodule\/\">Short tutorials (German)<\/a><\/h3>\n\n\n\n<p class=\"has-text-align-center etwas-padding has-white-color has-text-color has-link-color has-small-font-size wp-elements-651b36f80d99cfe33c6c58b9aeec3103\" style=\"font-style:normal;font-weight:300\">Imparting basic knowledge, introduction to the topic<br>(3-10 Min.)<\/p>\n\n\n\n<div class=\"wp-block-buttons has-custom-font-size is-content-justification-center is-layout-flex wp-container-core-buttons-is-layout-16018d1d wp-block-buttons-is-layout-flex\" style=\"font-size:16px\">\n<div class=\"wp-block-button has-custom-width wp-block-button__width-75 is-style-outline is-style-outline--1\"><a class=\"wp-block-button__link has-white-color has-text-color has-background has-small-font-size has-custom-font-size wp-element-button\" href=\"https:\/\/greenict.de\/en\/basismodule\/\" style=\"border-radius:50px;background:linear-gradient(135deg,rgb(0,124,97) 0%,rgb(0,106,83) 100%)\" target=\"_blank\" rel=\"https:\/\/greenict.de\/kontakt\/ noopener\">Watch now<\/a><\/div>\n<\/div>\n\n\n\n<p><\/p>\n<\/div>\n\n\n\n<div class=\"wp-block-column box-2 pseudo has-background is-layout-flow wp-block-column-is-layout-flow\" style=\"background:linear-gradient(316deg,rgb(2,112,88) 0%,rgb(0,147,116) 74%);font-style:normal;font-weight:500\">\n<h3 class=\"wp-block-heading has-text-align-center has-white-color has-text-color has-link-color wp-elements-bdc30b14631e879914100d2f8ae4d217\" style=\"font-style:normal;font-weight:400;text-transform:none\"><a href=\"https:\/\/greenict.de\/en\/aufbaumodule\/\">Long tutorials (German)<\/a><\/h3>\n\n\n\n<p class=\"has-text-align-center etwas-padding has-white-color has-text-color has-link-color has-small-font-size wp-elements-5c06178038987f2edda333777de16c3e\" style=\"font-style:normal;font-weight:300\">Imparting specific knowledge<br> (&gt;24 Min.)<\/p>\n\n\n\n<div class=\"wp-block-buttons has-custom-font-size is-content-justification-center is-layout-flex wp-container-core-buttons-is-layout-16018d1d wp-block-buttons-is-layout-flex\" style=\"font-size:16px\">\n<div class=\"wp-block-button has-custom-width wp-block-button__width-75 is-style-outline is-style-outline--2\"><a class=\"wp-block-button__link has-white-color has-text-color has-background has-small-font-size has-custom-font-size wp-element-button\" href=\"https:\/\/greenict.de\/en\/aufbaumodule\/\" style=\"border-radius:50px;background:linear-gradient(135deg,rgb(0,124,97) 0%,rgb(0,106,83) 100%)\" target=\"_blank\" rel=\"https:\/\/greenict.de\/kontakt\/ noopener noreferrer noopener\">Watch now<\/a><\/div>\n<\/div>\n\n\n\n<p><\/p>\n<\/div>\n<\/div>\n\n\n\n<div style=\"height:20px\" aria-hidden=\"true\" class=\"wp-block-spacer\"><\/div>\n\n\n\n<p class=\"has-small-font-size\"><\/p>\n\n\n\n<p>The development of the advanced training offering within the \"Green ICT @ FMD\" competence center takes place in close cooperation with the Microtec Academy.<br><a href=\"https:\/\/microtec-academy.de\/?lang=en\" target=\"_blank\" rel=\"noreferrer noopener\"><img loading=\"lazy\" decoding=\"async\" width=\"150\" height=\"79\" class=\"wp-image-12415\" style=\"width: 150px;\" src=\"https:\/\/greenict.de\/wp-content\/uploads\/2025\/05\/cropped-Logo_MTA.png\" alt=\"\" srcset=\"https:\/\/greenict.de\/wp-content\/uploads\/2025\/05\/cropped-Logo_MTA.png 421w, https:\/\/greenict.de\/wp-content\/uploads\/2025\/05\/cropped-Logo_MTA-300x157.png 300w, https:\/\/greenict.de\/wp-content\/uploads\/2025\/05\/cropped-Logo_MTA-18x9.png 18w\" sizes=\"auto, (max-width: 150px) 100vw, 150px\" \/><\/a><\/p>\n\n\n\n<p>You can find these and more tutorials in the interactive FMD newsroom:<br><a href=\"https:\/\/fmd-insight.de\/de\/news\/tutorials\/green-ict-tutorials\/\"><img loading=\"lazy\" decoding=\"async\" width=\"150\" height=\"38\" class=\"wp-image-14172\" style=\"width: 150px;\" src=\"https:\/\/greenict.de\/wp-content\/uploads\/2025\/12\/Screenshot-2025-12-05-100300-1.png\" alt=\"\" srcset=\"https:\/\/greenict.de\/wp-content\/uploads\/2025\/12\/Screenshot-2025-12-05-100300-1.png 300w, https:\/\/greenict.de\/wp-content\/uploads\/2025\/12\/Screenshot-2025-12-05-100300-1-18x5.png 18w\" sizes=\"auto, (max-width: 150px) 100vw, 150px\" \/><\/a><\/p>","protected":false},"excerpt":{"rendered":"<p>Die Green ICT Tutorials vermitteln Ihnen die Grundlagen der \u00f6kologischen Nachhaltigkeit. Anhand von konkreten Anwendungsbeispielen erhalten Sie das notwendige Verst\u00e4ndnis, um eigene nachhaltige Konzepte in technischen Projekten zu entwickeln. Nutzen Sie das breite Themenangebot und st\u00e4rken Sie Ihre Kompetenzen f\u00fcr&#8230;<\/p>","protected":false},"author":2,"featured_media":0,"parent":0,"menu_order":0,"comment_status":"closed","ping_status":"closed","template":"","meta":{"_acf_changed":false,"footnotes":""},"class_list":["post-265","page","type-page","status-publish","hentry"],"acf":[],"yoast_head":"<!-- This site is optimized with the Yoast SEO plugin v27.5 - https:\/\/yoast.com\/product\/yoast-seo-wordpress\/ -->\n<title>Weiterbildungsprogramm<\/title>\n<meta name=\"description\" content=\"Kurse und Workshops zu nachhaltiger Mikroelektronik f\u00fcr Absolvent:innen aus der Informations- und Kommunikationstechnik. Jetzt informieren!\" \/>\n<meta name=\"robots\" content=\"index, follow, max-snippet:-1, max-image-preview:large, max-video-preview:-1\" \/>\n<link rel=\"canonical\" href=\"https:\/\/greenict.de\/en\/further-education\/\" \/>\n<script type=\"application\/ld+json\" class=\"yoast-schema-graph\">{\"@context\":\"https:\\\/\\\/schema.org\",\"@graph\":[{\"@type\":\"WebPage\",\"@id\":\"https:\\\/\\\/greenict.de\\\/weiterbildung\\\/\",\"url\":\"https:\\\/\\\/greenict.de\\\/weiterbildung\\\/\",\"name\":\"Weiterbildungsprogramm\",\"isPartOf\":{\"@id\":\"https:\\\/\\\/greenict.de\\\/#website\"},\"primaryImageOfPage\":{\"@id\":\"https:\\\/\\\/greenict.de\\\/weiterbildung\\\/#primaryimage\"},\"image\":{\"@id\":\"https:\\\/\\\/greenict.de\\\/weiterbildung\\\/#primaryimage\"},\"thumbnailUrl\":\"https:\\\/\\\/greenict.de\\\/wp-content\\\/uploads\\\/2025\\\/02\\\/green-ict-courses-fmd-a.jpg\",\"datePublished\":\"2022-11-21T14:12:49+00:00\",\"dateModified\":\"2025-12-08T09:27:08+00:00\",\"description\":\"Kurse und Workshops zu nachhaltiger Mikroelektronik f\u00fcr Absolvent:innen aus der Informations- und Kommunikationstechnik. Jetzt informieren!\",\"breadcrumb\":{\"@id\":\"https:\\\/\\\/greenict.de\\\/weiterbildung\\\/#breadcrumb\"},\"inLanguage\":\"en-GB\",\"potentialAction\":[{\"@type\":\"ReadAction\",\"target\":[\"https:\\\/\\\/greenict.de\\\/weiterbildung\\\/\"]}]},{\"@type\":\"ImageObject\",\"inLanguage\":\"en-GB\",\"@id\":\"https:\\\/\\\/greenict.de\\\/weiterbildung\\\/#primaryimage\",\"url\":\"https:\\\/\\\/greenict.de\\\/wp-content\\\/uploads\\\/2025\\\/02\\\/green-ict-courses-fmd-a.jpg\",\"contentUrl\":\"https:\\\/\\\/greenict.de\\\/wp-content\\\/uploads\\\/2025\\\/02\\\/green-ict-courses-fmd-a.jpg\"},{\"@type\":\"BreadcrumbList\",\"@id\":\"https:\\\/\\\/greenict.de\\\/weiterbildung\\\/#breadcrumb\",\"itemListElement\":[{\"@type\":\"ListItem\",\"position\":1,\"name\":\"Startseite\",\"item\":\"https:\\\/\\\/greenict.de\\\/\"},{\"@type\":\"ListItem\",\"position\":2,\"name\":\"Weiterbildungsprogramm\"}]},{\"@type\":\"WebSite\",\"@id\":\"https:\\\/\\\/greenict.de\\\/#website\",\"url\":\"https:\\\/\\\/greenict.de\\\/\",\"name\":\"Green ICT\",\"description\":\"Kompetenzzentrum f\u00fcr eine ressourcenbewusste Informations- und Kommunikationstechnik\",\"publisher\":{\"@id\":\"https:\\\/\\\/greenict.de\\\/#organization\"},\"alternateName\":\"Nachhaltige Mikroelektronik\",\"potentialAction\":[{\"@type\":\"SearchAction\",\"target\":{\"@type\":\"EntryPoint\",\"urlTemplate\":\"https:\\\/\\\/greenict.de\\\/?s={search_term_string}\"},\"query-input\":{\"@type\":\"PropertyValueSpecification\",\"valueRequired\":true,\"valueName\":\"search_term_string\"}}],\"inLanguage\":\"en-GB\"},{\"@type\":\"Organization\",\"@id\":\"https:\\\/\\\/greenict.de\\\/#organization\",\"name\":\"Forschungsfabrik Mikroelektronik Deutschland\",\"alternateName\":\"FMD\",\"url\":\"https:\\\/\\\/greenict.de\\\/\",\"logo\":{\"@type\":\"ImageObject\",\"inLanguage\":\"en-GB\",\"@id\":\"https:\\\/\\\/greenict.de\\\/#\\\/schema\\\/logo\\\/image\\\/\",\"url\":\"https:\\\/\\\/greenict.de\\\/wp-content\\\/uploads\\\/2022\\\/11\\\/FMD-Logo_farbe-50-mm.png\",\"contentUrl\":\"https:\\\/\\\/greenict.de\\\/wp-content\\\/uploads\\\/2022\\\/11\\\/FMD-Logo_farbe-50-mm.png\",\"width\":592,\"height\":135,\"caption\":\"Forschungsfabrik Mikroelektronik Deutschland\"},\"image\":{\"@id\":\"https:\\\/\\\/greenict.de\\\/#\\\/schema\\\/logo\\\/image\\\/\"}}]}<\/script>\n<!-- \/ Yoast SEO plugin. -->","yoast_head_json":{"title":"Weiterbildungsprogramm","description":"Courses and workshops on sustainable microelectronics for graduates in information and communication technology. Join now!","robots":{"index":"index","follow":"follow","max-snippet":"max-snippet:-1","max-image-preview":"max-image-preview:large","max-video-preview":"max-video-preview:-1"},"canonical":"https:\/\/greenict.de\/en\/further-education\/","schema":{"@context":"https:\/\/schema.org","@graph":[{"@type":"WebPage","@id":"https:\/\/greenict.de\/weiterbildung\/","url":"https:\/\/greenict.de\/weiterbildung\/","name":"Weiterbildungsprogramm","isPartOf":{"@id":"https:\/\/greenict.de\/#website"},"primaryImageOfPage":{"@id":"https:\/\/greenict.de\/weiterbildung\/#primaryimage"},"image":{"@id":"https:\/\/greenict.de\/weiterbildung\/#primaryimage"},"thumbnailUrl":"https:\/\/greenict.de\/wp-content\/uploads\/2025\/02\/green-ict-courses-fmd-a.jpg","datePublished":"2022-11-21T14:12:49+00:00","dateModified":"2025-12-08T09:27:08+00:00","description":"Courses and workshops on sustainable microelectronics for graduates in information and communication technology. Join now!","breadcrumb":{"@id":"https:\/\/greenict.de\/weiterbildung\/#breadcrumb"},"inLanguage":"en-GB","potentialAction":[{"@type":"ReadAction","target":["https:\/\/greenict.de\/weiterbildung\/"]}]},{"@type":"ImageObject","inLanguage":"en-GB","@id":"https:\/\/greenict.de\/weiterbildung\/#primaryimage","url":"https:\/\/greenict.de\/wp-content\/uploads\/2025\/02\/green-ict-courses-fmd-a.jpg","contentUrl":"https:\/\/greenict.de\/wp-content\/uploads\/2025\/02\/green-ict-courses-fmd-a.jpg"},{"@type":"BreadcrumbList","@id":"https:\/\/greenict.de\/weiterbildung\/#breadcrumb","itemListElement":[{"@type":"ListItem","position":1,"name":"Startseite","item":"https:\/\/greenict.de\/"},{"@type":"ListItem","position":2,"name":"Weiterbildungsprogramm"}]},{"@type":"WebSite","@id":"https:\/\/greenict.de\/#website","url":"https:\/\/greenict.de\/","name":"Competence center for sustainable IT and communication technology","description":"Competence center for sustainable information and communication technology","publisher":{"@id":"https:\/\/greenict.de\/#organization"},"alternateName":"Nachhaltige Mikroelektronik","potentialAction":[{"@type":"SearchAction","target":{"@type":"EntryPoint","urlTemplate":"https:\/\/greenict.de\/?s={search_term_string}"},"query-input":{"@type":"PropertyValueSpecification","valueRequired":true,"valueName":"search_term_string"}}],"inLanguage":"en-GB"},{"@type":"Organization","@id":"https:\/\/greenict.de\/#organization","name":"Research Fab Microelectronics Germany","alternateName":"FMD","url":"https:\/\/greenict.de\/","logo":{"@type":"ImageObject","inLanguage":"en-GB","@id":"https:\/\/greenict.de\/#\/schema\/logo\/image\/","url":"https:\/\/greenict.de\/wp-content\/uploads\/2022\/11\/FMD-Logo_farbe-50-mm.png","contentUrl":"https:\/\/greenict.de\/wp-content\/uploads\/2022\/11\/FMD-Logo_farbe-50-mm.png","width":592,"height":135,"caption":"Forschungsfabrik Mikroelektronik Deutschland"},"image":{"@id":"https:\/\/greenict.de\/#\/schema\/logo\/image\/"}}]}},"_links":{"self":[{"href":"https:\/\/greenict.de\/en\/wp-json\/wp\/v2\/pages\/265","targetHints":{"allow":["GET"]}}],"collection":[{"href":"https:\/\/greenict.de\/en\/wp-json\/wp\/v2\/pages"}],"about":[{"href":"https:\/\/greenict.de\/en\/wp-json\/wp\/v2\/types\/page"}],"author":[{"embeddable":true,"href":"https:\/\/greenict.de\/en\/wp-json\/wp\/v2\/users\/2"}],"replies":[{"embeddable":true,"href":"https:\/\/greenict.de\/en\/wp-json\/wp\/v2\/comments?post=265"}],"version-history":[{"count":268,"href":"https:\/\/greenict.de\/en\/wp-json\/wp\/v2\/pages\/265\/revisions"}],"predecessor-version":[{"id":14186,"href":"https:\/\/greenict.de\/en\/wp-json\/wp\/v2\/pages\/265\/revisions\/14186"}],"wp:attachment":[{"href":"https:\/\/greenict.de\/en\/wp-json\/wp\/v2\/media?parent=265"}],"curies":[{"name":"wp","href":"https:\/\/api.w.org\/{rel}","templated":true}]}}