{"id":2492,"date":"2023-03-31T11:16:42","date_gmt":"2023-03-31T09:16:42","guid":{"rendered":"https:\/\/greenict.de\/?page_id=2492"},"modified":"2024-09-03T14:18:06","modified_gmt":"2024-09-03T12:18:06","slug":"green-ict-industry-partner-day","status":"publish","type":"page","link":"https:\/\/greenict.de\/en\/green-ict-industry-partner-day\/","title":{"rendered":"\"FMD Innovation Day\" on Green ICT"},"content":{"rendered":"<p><\/p>\n\n\n\n<p>Sie haben das Event am 14.09.2023 verpasst? Kein Problem! Schauen Sie sich unseren ausf\u00fchrlichen R\u00fcckblick auf der FMD-Webseite an, inkl. Fotos, Videoaufzeichnungen der gesamten Veranstaltung und Vortragsfolien. <a href=\"https:\/\/www.forschungsfabrik-mikroelektronik.de\/de\/ueber-die-fmd\/Veranstaltungen\/review-green-ict-connect.html\"><strong>To the 2023 review<\/strong><\/a> <\/p>\n\n\n\n<p><\/p>\n\n\n\n<div class=\"wp-block-media-text is-stacked-on-mobile\"><figure class=\"wp-block-media-text__media\"><a href=\"https:\/\/greenict.de\/en\/connect-2024\/\"><img loading=\"lazy\" decoding=\"async\" width=\"768\" height=\"511\" src=\"https:\/\/greenict.de\/wp-content\/uploads\/2024\/07\/fahne-connect-768x511-1.jpg\" alt=\"FMD und Green ICT Connect Banner vor dem Veranstaltungsort des Innovation Day 2024\" class=\"wp-image-9347 size-full\" srcset=\"https:\/\/greenict.de\/wp-content\/uploads\/2024\/07\/fahne-connect-768x511-1.jpg 768w, https:\/\/greenict.de\/wp-content\/uploads\/2024\/07\/fahne-connect-768x511-1-300x200.jpg 300w, https:\/\/greenict.de\/wp-content\/uploads\/2024\/07\/fahne-connect-768x511-1-18x12.jpg 18w\" sizes=\"auto, (max-width: 768px) 100vw, 768px\" \/><\/a><\/figure><div class=\"wp-block-media-text__content\">\n<h3 class=\"wp-block-heading\">Green ICT Connect 2024<\/h3>\n\n\n\n<p>Am 16.\/17. Oktober 2024 findet zum zweiten Mal das gro\u00dfe Event zu \u00f6kologisch nachhaltiger Mikroelektronik statt.<\/p>\n\n\n\n<div class=\"wp-block-buttons is-content-justification-center is-layout-flex wp-container-core-buttons-is-layout-16018d1d wp-block-buttons-is-layout-flex\">\n<div class=\"wp-block-button has-custom-width wp-block-button__width-75 has-custom-font-size has-small-font-size\"><a class=\"wp-block-button__link has-white-color has-text-color has-background wp-element-button\" href=\"https:\/\/greenict.de\/en\/connect-2024\/\" style=\"background-color:#009374\" target=\"_blank\" rel=\"https:\/\/greenict.de\/kontakt\/ noopener noreferrer\">Find out more<\/a><\/div>\n<\/div>\n<\/div><\/div>","protected":false},"excerpt":{"rendered":"<p>Sie haben das Event am 14.09.2023 verpasst? Kein Problem! Schauen Sie sich unseren ausf\u00fchrlichen R\u00fcckblick auf der FMD-Webseite an, inkl. Fotos, Videoaufzeichnungen der gesamten Veranstaltung und Vortragsfolien. Zum R\u00fcckblick 2023<\/p>","protected":false},"author":2,"featured_media":0,"parent":0,"menu_order":0,"comment_status":"closed","ping_status":"closed","template":"","meta":{"_acf_changed":false,"footnotes":""},"class_list":["post-2492","page","type-page","status-publish","hentry"],"acf":[],"yoast_head":"<!-- This site is optimized with the Yoast SEO plugin v27.5 - https:\/\/yoast.com\/product\/yoast-seo-wordpress\/ -->\n<title>\u00bbFMD Innovation Day\u00ab zu Green ICT<\/title>\n<meta name=\"description\" content=\"Event f\u00fcr Industrie, Politik und Wissenschaft \u2713 Ressourcenverbrauch \u2713 k\u00fcnstliche Intelligenz \u2713 Fortschritt \u2713 Nachhaltigkeit. Zum Review\" \/>\n<meta name=\"robots\" content=\"index, follow, max-snippet:-1, max-image-preview:large, max-video-preview:-1\" \/>\n<link rel=\"canonical\" href=\"https:\/\/greenict.de\/en\/green-ict-industry-partner-day\/\" \/>\n<script type=\"application\/ld+json\" class=\"yoast-schema-graph\">{\"@context\":\"https:\\\/\\\/schema.org\",\"@graph\":[{\"@type\":\"WebPage\",\"@id\":\"https:\\\/\\\/greenict.de\\\/green-ict-industry-partner-day\\\/\",\"url\":\"https:\\\/\\\/greenict.de\\\/green-ict-industry-partner-day\\\/\",\"name\":\"\u00bbFMD Innovation Day\u00ab zu Green ICT\",\"isPartOf\":{\"@id\":\"https:\\\/\\\/greenict.de\\\/#website\"},\"primaryImageOfPage\":{\"@id\":\"https:\\\/\\\/greenict.de\\\/green-ict-industry-partner-day\\\/#primaryimage\"},\"image\":{\"@id\":\"https:\\\/\\\/greenict.de\\\/green-ict-industry-partner-day\\\/#primaryimage\"},\"thumbnailUrl\":\"https:\\\/\\\/greenict.de\\\/wp-content\\\/uploads\\\/2024\\\/07\\\/fahne-connect-768x511-1.jpg\",\"datePublished\":\"2023-03-31T09:16:42+00:00\",\"dateModified\":\"2024-09-03T12:18:06+00:00\",\"description\":\"Event f\u00fcr Industrie, Politik und Wissenschaft \u2713 Ressourcenverbrauch \u2713 k\u00fcnstliche Intelligenz \u2713 Fortschritt \u2713 Nachhaltigkeit. Zum Review\",\"breadcrumb\":{\"@id\":\"https:\\\/\\\/greenict.de\\\/green-ict-industry-partner-day\\\/#breadcrumb\"},\"inLanguage\":\"en-GB\",\"potentialAction\":[{\"@type\":\"ReadAction\",\"target\":[\"https:\\\/\\\/greenict.de\\\/green-ict-industry-partner-day\\\/\"]}]},{\"@type\":\"ImageObject\",\"inLanguage\":\"en-GB\",\"@id\":\"https:\\\/\\\/greenict.de\\\/green-ict-industry-partner-day\\\/#primaryimage\",\"url\":\"https:\\\/\\\/greenict.de\\\/wp-content\\\/uploads\\\/2024\\\/07\\\/fahne-connect-768x511-1.jpg\",\"contentUrl\":\"https:\\\/\\\/greenict.de\\\/wp-content\\\/uploads\\\/2024\\\/07\\\/fahne-connect-768x511-1.jpg\"},{\"@type\":\"BreadcrumbList\",\"@id\":\"https:\\\/\\\/greenict.de\\\/green-ict-industry-partner-day\\\/#breadcrumb\",\"itemListElement\":[{\"@type\":\"ListItem\",\"position\":1,\"name\":\"Startseite\",\"item\":\"https:\\\/\\\/greenict.de\\\/\"},{\"@type\":\"ListItem\",\"position\":2,\"name\":\"\u00bbFMD Innovation Day\u00ab zu Green ICT\"}]},{\"@type\":\"WebSite\",\"@id\":\"https:\\\/\\\/greenict.de\\\/#website\",\"url\":\"https:\\\/\\\/greenict.de\\\/\",\"name\":\"Green ICT\",\"description\":\"Kompetenzzentrum f\u00fcr eine ressourcenbewusste Informations- und Kommunikationstechnik\",\"publisher\":{\"@id\":\"https:\\\/\\\/greenict.de\\\/#organization\"},\"alternateName\":\"Nachhaltige Mikroelektronik\",\"potentialAction\":[{\"@type\":\"SearchAction\",\"target\":{\"@type\":\"EntryPoint\",\"urlTemplate\":\"https:\\\/\\\/greenict.de\\\/?s={search_term_string}\"},\"query-input\":{\"@type\":\"PropertyValueSpecification\",\"valueRequired\":true,\"valueName\":\"search_term_string\"}}],\"inLanguage\":\"en-GB\"},{\"@type\":\"Organization\",\"@id\":\"https:\\\/\\\/greenict.de\\\/#organization\",\"name\":\"Forschungsfabrik Mikroelektronik Deutschland\",\"alternateName\":\"FMD\",\"url\":\"https:\\\/\\\/greenict.de\\\/\",\"logo\":{\"@type\":\"ImageObject\",\"inLanguage\":\"en-GB\",\"@id\":\"https:\\\/\\\/greenict.de\\\/#\\\/schema\\\/logo\\\/image\\\/\",\"url\":\"https:\\\/\\\/greenict.de\\\/wp-content\\\/uploads\\\/2022\\\/11\\\/FMD-Logo_farbe-50-mm.png\",\"contentUrl\":\"https:\\\/\\\/greenict.de\\\/wp-content\\\/uploads\\\/2022\\\/11\\\/FMD-Logo_farbe-50-mm.png\",\"width\":592,\"height\":135,\"caption\":\"Forschungsfabrik Mikroelektronik Deutschland\"},\"image\":{\"@id\":\"https:\\\/\\\/greenict.de\\\/#\\\/schema\\\/logo\\\/image\\\/\"}}]}<\/script>\n<!-- \/ Yoast SEO plugin. -->","yoast_head_json":{"title":"\"FMD Innovation Day\" on Green ICT","description":"Event for industry, politics, and science \u2713 Resource consumption \u2713 Artificial intelligence \u2713 Progress \u2713 Sustainability. To the review (in German)","robots":{"index":"index","follow":"follow","max-snippet":"max-snippet:-1","max-image-preview":"max-image-preview:large","max-video-preview":"max-video-preview:-1"},"canonical":"https:\/\/greenict.de\/en\/green-ict-industry-partner-day\/","schema":{"@context":"https:\/\/schema.org","@graph":[{"@type":"WebPage","@id":"https:\/\/greenict.de\/green-ict-industry-partner-day\/","url":"https:\/\/greenict.de\/green-ict-industry-partner-day\/","name":"\"FMD Innovation Day\" on Green ICT","isPartOf":{"@id":"https:\/\/greenict.de\/#website"},"primaryImageOfPage":{"@id":"https:\/\/greenict.de\/green-ict-industry-partner-day\/#primaryimage"},"image":{"@id":"https:\/\/greenict.de\/green-ict-industry-partner-day\/#primaryimage"},"thumbnailUrl":"https:\/\/greenict.de\/wp-content\/uploads\/2024\/07\/fahne-connect-768x511-1.jpg","datePublished":"2023-03-31T09:16:42+00:00","dateModified":"2024-09-03T12:18:06+00:00","description":"Event for industry, politics, and science \u2713 Resource consumption \u2713 Artificial intelligence \u2713 Progress \u2713 Sustainability. To the review (in German)","breadcrumb":{"@id":"https:\/\/greenict.de\/green-ict-industry-partner-day\/#breadcrumb"},"inLanguage":"en-GB","potentialAction":[{"@type":"ReadAction","target":["https:\/\/greenict.de\/green-ict-industry-partner-day\/"]}]},{"@type":"ImageObject","inLanguage":"en-GB","@id":"https:\/\/greenict.de\/green-ict-industry-partner-day\/#primaryimage","url":"https:\/\/greenict.de\/wp-content\/uploads\/2024\/07\/fahne-connect-768x511-1.jpg","contentUrl":"https:\/\/greenict.de\/wp-content\/uploads\/2024\/07\/fahne-connect-768x511-1.jpg"},{"@type":"BreadcrumbList","@id":"https:\/\/greenict.de\/green-ict-industry-partner-day\/#breadcrumb","itemListElement":[{"@type":"ListItem","position":1,"name":"Startseite","item":"https:\/\/greenict.de\/"},{"@type":"ListItem","position":2,"name":"\u00bbFMD Innovation Day\u00ab zu Green ICT"}]},{"@type":"WebSite","@id":"https:\/\/greenict.de\/#website","url":"https:\/\/greenict.de\/","name":"Competence center for sustainable IT and communication technology","description":"Competence center for sustainable information and communication technology","publisher":{"@id":"https:\/\/greenict.de\/#organization"},"alternateName":"Nachhaltige Mikroelektronik","potentialAction":[{"@type":"SearchAction","target":{"@type":"EntryPoint","urlTemplate":"https:\/\/greenict.de\/?s={search_term_string}"},"query-input":{"@type":"PropertyValueSpecification","valueRequired":true,"valueName":"search_term_string"}}],"inLanguage":"en-GB"},{"@type":"Organization","@id":"https:\/\/greenict.de\/#organization","name":"Research Fab Microelectronics Germany","alternateName":"FMD","url":"https:\/\/greenict.de\/","logo":{"@type":"ImageObject","inLanguage":"en-GB","@id":"https:\/\/greenict.de\/#\/schema\/logo\/image\/","url":"https:\/\/greenict.de\/wp-content\/uploads\/2022\/11\/FMD-Logo_farbe-50-mm.png","contentUrl":"https:\/\/greenict.de\/wp-content\/uploads\/2022\/11\/FMD-Logo_farbe-50-mm.png","width":592,"height":135,"caption":"Forschungsfabrik Mikroelektronik Deutschland"},"image":{"@id":"https:\/\/greenict.de\/#\/schema\/logo\/image\/"}}]}},"_links":{"self":[{"href":"https:\/\/greenict.de\/en\/wp-json\/wp\/v2\/pages\/2492","targetHints":{"allow":["GET"]}}],"collection":[{"href":"https:\/\/greenict.de\/en\/wp-json\/wp\/v2\/pages"}],"about":[{"href":"https:\/\/greenict.de\/en\/wp-json\/wp\/v2\/types\/page"}],"author":[{"embeddable":true,"href":"https:\/\/greenict.de\/en\/wp-json\/wp\/v2\/users\/2"}],"replies":[{"embeddable":true,"href":"https:\/\/greenict.de\/en\/wp-json\/wp\/v2\/comments?post=2492"}],"version-history":[{"count":87,"href":"https:\/\/greenict.de\/en\/wp-json\/wp\/v2\/pages\/2492\/revisions"}],"predecessor-version":[{"id":9702,"href":"https:\/\/greenict.de\/en\/wp-json\/wp\/v2\/pages\/2492\/revisions\/9702"}],"wp:attachment":[{"href":"https:\/\/greenict.de\/en\/wp-json\/wp\/v2\/media?parent=2492"}],"curies":[{"name":"wp","href":"https:\/\/api.w.org\/{rel}","templated":true}]}}