{"id":2024,"date":"2023-02-27T12:14:35","date_gmt":"2023-02-27T11:14:35","guid":{"rendered":"https:\/\/greenict.de\/?page_id=2024"},"modified":"2025-12-03T09:07:05","modified_gmt":"2025-12-03T08:07:05","slug":"studierende","status":"publish","type":"page","link":"https:\/\/greenict.de\/en\/studierende\/","title":{"rendered":"What we offer to students"},"content":{"rendered":"<p><\/p>\n\n\n\n<figure class=\"wp-block-image size-large\"><img loading=\"lazy\" decoding=\"async\" width=\"1024\" height=\"318\" src=\"https:\/\/greenict.de\/wp-content\/uploads\/2023\/02\/fmd-green-ict-studienpreis-gehirn-gruen-1024x318.png\" alt=\"Leiterplatte formt gr\u00fcn-leuchtendes Gehirn \" class=\"wp-image-1766\" srcset=\"https:\/\/greenict.de\/wp-content\/uploads\/2023\/02\/fmd-green-ict-studienpreis-gehirn-gruen-1024x318.png 1024w, https:\/\/greenict.de\/wp-content\/uploads\/2023\/02\/fmd-green-ict-studienpreis-gehirn-gruen-300x93.png 300w, https:\/\/greenict.de\/wp-content\/uploads\/2023\/02\/fmd-green-ict-studienpreis-gehirn-gruen-768x239.png 768w, https:\/\/greenict.de\/wp-content\/uploads\/2023\/02\/fmd-green-ict-studienpreis-gehirn-gruen-1536x478.png 1536w, https:\/\/greenict.de\/wp-content\/uploads\/2023\/02\/fmd-green-ict-studienpreis-gehirn-gruen.png 1920w\" sizes=\"auto, (max-width: 1024px) 100vw, 1024px\" \/><figcaption class=\"wp-element-caption\">\u00a9 knssr | Adobe Stock<\/figcaption><\/figure>\n\n\n\n<h3 class=\"wp-block-heading\" style=\"font-style:normal;font-weight:300\">Discover ICT.factory\u2014the new sustainability game all about electronics!<\/h3>\n\n\n\n<p><\/p>\n\n\n\n<div class=\"wp-block-media-text is-stacked-on-mobile is-vertically-aligned-top\"><figure class=\"wp-block-media-text__media\"><a href=\"https:\/\/greenict.de\/en\/online-spiel-ict-factory\/\"><img loading=\"lazy\" decoding=\"async\" width=\"1000\" height=\"563\" src=\"https:\/\/greenict.de\/wp-content\/uploads\/2025\/09\/factory-online-game.jpg\" alt=\"\" class=\"wp-image-13703 size-full\" srcset=\"https:\/\/greenict.de\/wp-content\/uploads\/2025\/09\/factory-online-game.jpg 1000w, https:\/\/greenict.de\/wp-content\/uploads\/2025\/09\/factory-online-game-300x169.jpg 300w, https:\/\/greenict.de\/wp-content\/uploads\/2025\/09\/factory-online-game-768x432.jpg 768w, https:\/\/greenict.de\/wp-content\/uploads\/2025\/09\/factory-online-game-18x10.jpg 18w\" sizes=\"auto, (max-width: 1000px) 100vw, 1000px\" \/><\/a><\/figure><div class=\"wp-block-media-text__content\">\n<p>You will take charge of your own production line and try to make it more environmentally friendly. <\/p>\n\n\n\n<p><a href=\"https:\/\/ict-factory.de\"><strong>Play now<\/strong><\/a><\/p>\n<\/div><\/div>\n\n\n\n<h3 class=\"wp-block-heading\" style=\"font-style:normal;font-weight:300\">Take part in shaping ecological sustainability - your brainpower for Green ICT!<\/h3>\n\n\n\n<p class=\"has-text-align-left\">The Research Factory Microelectronics Germany (FMD) has created a platform with the Green ICT @ FMD competence center to sustainably reduce the energy and resource consumption of digital technologies through research and development. A particular focus was placed on promoting young talent who were able to contribute their ideas for greener microelectronics.<\/p>\n\n\n\n<p class=\"translation-block\">With the Green ICT Camp and the Green ICT Award, we have given students the opportunity to develop innovative approaches and network with experts from research and industry. Both projects have now been successfully completed.<\/p>\n\n\n\n<p class=\"has-text-align-left translation-block\">We would like to thank all participants for their creative contributions and their commitment to sustainable technologies. There are currently no plans for new offerings for students, but the results and momentum generated by previous projects continue to have an impact on research. The last Green ICT Award will be presented at <a href=\"https:\/\/greenict.de\/connect-2025\/\" data-wpel-link=\"external\" rel=\"external noopener noreferrer\" class=\"wpel-icon-right\" target=\"_self\">Green ICT Connect 2025<span class=\"wpel-icon wpel-image wpel-icon-6\"><\/span><\/a>.<\/p>\n\n\n\n<p><\/p>\n\n\n\n<h3 class=\"wp-block-heading has-text-align-center\" style=\"font-style:normal;font-weight:300\">Check out the reviews of the  <br><a href=\"https:\/\/greenict.de\/en\/camp-2025-dresden\/\" target=\"_blank\" rel=\"noreferrer noopener\">Green ICT Camp<\/a> or the <a href=\"https:\/\/greenict.de\/en\/award\/\" target=\"_blank\" rel=\"noreferrer noopener\">Green ICT Award<\/a> !<\/h3>\n\n\n\n<div style=\"height:50px\" aria-hidden=\"true\" class=\"wp-block-spacer\"><\/div>\n\n\n\n<div class=\"wp-block-columns is-layout-flex wp-container-core-columns-is-layout-9d6595d7 wp-block-columns-is-layout-flex\">\n<div class=\"wp-block-column bordercolumns pseudo is-layout-flow wp-block-column-is-layout-flow\">\n<div style=\"height:15px\" aria-hidden=\"true\" class=\"wp-block-spacer\"><\/div>\n\n\n<div class=\"wp-block-image is-style-default\">\n<figure class=\"aligncenter size-full\"><a href=\"https:\/\/greenict.de\/en\/award\/\"><img loading=\"lazy\" decoding=\"async\" width=\"1000\" height=\"183\" src=\"https:\/\/greenict.de\/wp-content\/uploads\/2024\/11\/241022-loewn_fmd_greenict_award_logo25.jpg\" alt=\"\" class=\"wp-image-10744\" srcset=\"https:\/\/greenict.de\/wp-content\/uploads\/2024\/11\/241022-loewn_fmd_greenict_award_logo25.jpg 1000w, https:\/\/greenict.de\/wp-content\/uploads\/2024\/11\/241022-loewn_fmd_greenict_award_logo25-300x55.jpg 300w, https:\/\/greenict.de\/wp-content\/uploads\/2024\/11\/241022-loewn_fmd_greenict_award_logo25-768x141.jpg 768w, https:\/\/greenict.de\/wp-content\/uploads\/2024\/11\/241022-loewn_fmd_greenict_award_logo25-18x3.jpg 18w\" sizes=\"auto, (max-width: 1000px) 100vw, 1000px\" \/><\/a><\/figure>\n<\/div>\n\n\n<p class=\"has-text-align-center\"><\/p>\n<\/div>\n\n\n\n<div class=\"wp-block-column bordercolumns pseudo is-layout-flow wp-block-column-is-layout-flow\">\n<div style=\"height:15px\" aria-hidden=\"true\" class=\"wp-block-spacer\"><\/div>\n\n\n<div class=\"wp-block-image is-style-default\">\n<figure class=\"aligncenter size-full\"><a href=\"https:\/\/greenict.de\/en\/camp-2025-dresden\/\" target=\"_blank\" rel=\"noopener\"><img loading=\"lazy\" decoding=\"async\" width=\"1000\" height=\"158\" src=\"https:\/\/greenict.de\/wp-content\/uploads\/2024\/10\/fmd_greenict_camp_logo25.jpg\" alt=\"\" class=\"wp-image-10551\" srcset=\"https:\/\/greenict.de\/wp-content\/uploads\/2024\/10\/fmd_greenict_camp_logo25.jpg 1000w, https:\/\/greenict.de\/wp-content\/uploads\/2024\/10\/fmd_greenict_camp_logo25-300x47.jpg 300w, https:\/\/greenict.de\/wp-content\/uploads\/2024\/10\/fmd_greenict_camp_logo25-768x121.jpg 768w, https:\/\/greenict.de\/wp-content\/uploads\/2024\/10\/fmd_greenict_camp_logo25-18x3.jpg 18w\" sizes=\"auto, (max-width: 1000px) 100vw, 1000px\" \/><\/a><\/figure>\n<\/div>\n\n\n<p class=\"has-text-align-center\"><\/p>\n<\/div>\n<\/div>\n\n\n\n<div style=\"height:30px\" aria-hidden=\"true\" class=\"wp-block-spacer\"><\/div>\n\n\n\n<p><\/p>\n\n\n\n<div class=\"wp-block-buttons has-custom-font-size has-small-font-size is-content-justification-center is-layout-flex wp-container-core-buttons-is-layout-16018d1d wp-block-buttons-is-layout-flex\">\n<div class=\"wp-block-button has-custom-width wp-block-button__width-50\"><a class=\"wp-block-button__link has-white-color has-text-color has-background wp-element-button\" href=\"https:\/\/greenict.de\/wp-content\/uploads\/2025\/06\/GreenICT@FMD_Studierende-2-1.pdf\" style=\"border-radius:50px;background-color:#009374\" target=\"_blank\" rel=\"https:\/\/greenict.de\/kontakt\/ noopener noreferrer noreferrer noopener\">Offers for students at a glance (PDF)<\/a><\/div>\n<\/div>","protected":false},"excerpt":{"rendered":"<p>Entdecke die ICT.factory \u2013 das neue Nachhaltigkeitsspiel rund um Elektronik! In diesem Game \u00fcbernimmst du die Leitung einer eigenen Produktionslinie und versuchst, sie umweltfreundlicher zu gestalten. Jetzt spielen \u00d6kologische Nachhaltigkeit mitgestalten &#8211; Deine Brainpower f\u00fcr Green ICT! Die Forschungsfabrik Mikroelektronik&#8230;<\/p>","protected":false},"author":2,"featured_media":0,"parent":0,"menu_order":0,"comment_status":"closed","ping_status":"closed","template":"","meta":{"_acf_changed":false,"footnotes":""},"class_list":["post-2024","page","type-page","status-publish","hentry"],"acf":[],"yoast_head":"<!-- This site is optimized with the Yoast SEO plugin v27.5 - https:\/\/yoast.com\/product\/yoast-seo-wordpress\/ -->\n<title>Angebote f\u00fcr Studierende &#8211; Green ICT<\/title>\n<meta name=\"description\" content=\"Nachhaltigkeit mitgestalten - Deine Brainpower f\u00fcr eine gr\u00fcnere Mikroelektronik. Bewirb Dich f\u00fcr den Green ICT Award oder das Green ICT Camp!\" \/>\n<meta name=\"robots\" content=\"index, follow, max-snippet:-1, max-image-preview:large, max-video-preview:-1\" \/>\n<link rel=\"canonical\" href=\"https:\/\/greenict.de\/en\/studierende\/\" \/>\n<script type=\"application\/ld+json\" class=\"yoast-schema-graph\">{\"@context\":\"https:\\\/\\\/schema.org\",\"@graph\":[{\"@type\":\"WebPage\",\"@id\":\"https:\\\/\\\/greenict.de\\\/studierende\\\/\",\"url\":\"https:\\\/\\\/greenict.de\\\/studierende\\\/\",\"name\":\"Angebote f\u00fcr Studierende &#8211; Green ICT\",\"isPartOf\":{\"@id\":\"https:\\\/\\\/greenict.de\\\/#website\"},\"primaryImageOfPage\":{\"@id\":\"https:\\\/\\\/greenict.de\\\/studierende\\\/#primaryimage\"},\"image\":{\"@id\":\"https:\\\/\\\/greenict.de\\\/studierende\\\/#primaryimage\"},\"thumbnailUrl\":\"https:\\\/\\\/greenict.de\\\/wp-content\\\/uploads\\\/2023\\\/02\\\/fmd-green-ict-studienpreis-gehirn-gruen-1024x318.png\",\"datePublished\":\"2023-02-27T11:14:35+00:00\",\"dateModified\":\"2025-12-03T08:07:05+00:00\",\"description\":\"Nachhaltigkeit mitgestalten - Deine Brainpower f\u00fcr eine gr\u00fcnere Mikroelektronik. Bewirb Dich f\u00fcr den Green ICT Award oder das Green ICT Camp!\",\"breadcrumb\":{\"@id\":\"https:\\\/\\\/greenict.de\\\/studierende\\\/#breadcrumb\"},\"inLanguage\":\"en-GB\",\"potentialAction\":[{\"@type\":\"ReadAction\",\"target\":[\"https:\\\/\\\/greenict.de\\\/studierende\\\/\"]}]},{\"@type\":\"ImageObject\",\"inLanguage\":\"en-GB\",\"@id\":\"https:\\\/\\\/greenict.de\\\/studierende\\\/#primaryimage\",\"url\":\"https:\\\/\\\/greenict.de\\\/wp-content\\\/uploads\\\/2023\\\/02\\\/fmd-green-ict-studienpreis-gehirn-gruen-1024x318.png\",\"contentUrl\":\"https:\\\/\\\/greenict.de\\\/wp-content\\\/uploads\\\/2023\\\/02\\\/fmd-green-ict-studienpreis-gehirn-gruen-1024x318.png\"},{\"@type\":\"BreadcrumbList\",\"@id\":\"https:\\\/\\\/greenict.de\\\/studierende\\\/#breadcrumb\",\"itemListElement\":[{\"@type\":\"ListItem\",\"position\":1,\"name\":\"Startseite\",\"item\":\"https:\\\/\\\/greenict.de\\\/\"},{\"@type\":\"ListItem\",\"position\":2,\"name\":\"Angebote f\u00fcr Studierende\"}]},{\"@type\":\"WebSite\",\"@id\":\"https:\\\/\\\/greenict.de\\\/#website\",\"url\":\"https:\\\/\\\/greenict.de\\\/\",\"name\":\"Green ICT\",\"description\":\"Kompetenzzentrum f\u00fcr eine ressourcenbewusste Informations- und Kommunikationstechnik\",\"publisher\":{\"@id\":\"https:\\\/\\\/greenict.de\\\/#organization\"},\"alternateName\":\"Nachhaltige Mikroelektronik\",\"potentialAction\":[{\"@type\":\"SearchAction\",\"target\":{\"@type\":\"EntryPoint\",\"urlTemplate\":\"https:\\\/\\\/greenict.de\\\/?s={search_term_string}\"},\"query-input\":{\"@type\":\"PropertyValueSpecification\",\"valueRequired\":true,\"valueName\":\"search_term_string\"}}],\"inLanguage\":\"en-GB\"},{\"@type\":\"Organization\",\"@id\":\"https:\\\/\\\/greenict.de\\\/#organization\",\"name\":\"Forschungsfabrik Mikroelektronik Deutschland\",\"alternateName\":\"FMD\",\"url\":\"https:\\\/\\\/greenict.de\\\/\",\"logo\":{\"@type\":\"ImageObject\",\"inLanguage\":\"en-GB\",\"@id\":\"https:\\\/\\\/greenict.de\\\/#\\\/schema\\\/logo\\\/image\\\/\",\"url\":\"https:\\\/\\\/greenict.de\\\/wp-content\\\/uploads\\\/2022\\\/11\\\/FMD-Logo_farbe-50-mm.png\",\"contentUrl\":\"https:\\\/\\\/greenict.de\\\/wp-content\\\/uploads\\\/2022\\\/11\\\/FMD-Logo_farbe-50-mm.png\",\"width\":592,\"height\":135,\"caption\":\"Forschungsfabrik Mikroelektronik Deutschland\"},\"image\":{\"@id\":\"https:\\\/\\\/greenict.de\\\/#\\\/schema\\\/logo\\\/image\\\/\"}}]}<\/script>\n<!-- \/ Yoast SEO plugin. -->","yoast_head_json":{"title":"Angebote f\u00fcr Studierende &#8211; Green ICT","description":"Help shape sustainability - your brainpower for greener microelectronics. Apply for the Green ICT Award or the Green ICT Camp!","robots":{"index":"index","follow":"follow","max-snippet":"max-snippet:-1","max-image-preview":"max-image-preview:large","max-video-preview":"max-video-preview:-1"},"canonical":"https:\/\/greenict.de\/en\/studierende\/","schema":{"@context":"https:\/\/schema.org","@graph":[{"@type":"WebPage","@id":"https:\/\/greenict.de\/studierende\/","url":"https:\/\/greenict.de\/studierende\/","name":"Angebote f\u00fcr Studierende &#8211; Green ICT","isPartOf":{"@id":"https:\/\/greenict.de\/#website"},"primaryImageOfPage":{"@id":"https:\/\/greenict.de\/studierende\/#primaryimage"},"image":{"@id":"https:\/\/greenict.de\/studierende\/#primaryimage"},"thumbnailUrl":"https:\/\/greenict.de\/wp-content\/uploads\/2023\/02\/fmd-green-ict-studienpreis-gehirn-gruen-1024x318.png","datePublished":"2023-02-27T11:14:35+00:00","dateModified":"2025-12-03T08:07:05+00:00","description":"Help shape sustainability - your brainpower for greener microelectronics. Apply for the Green ICT Award or the Green ICT Camp!","breadcrumb":{"@id":"https:\/\/greenict.de\/studierende\/#breadcrumb"},"inLanguage":"en-GB","potentialAction":[{"@type":"ReadAction","target":["https:\/\/greenict.de\/studierende\/"]}]},{"@type":"ImageObject","inLanguage":"en-GB","@id":"https:\/\/greenict.de\/studierende\/#primaryimage","url":"https:\/\/greenict.de\/wp-content\/uploads\/2023\/02\/fmd-green-ict-studienpreis-gehirn-gruen-1024x318.png","contentUrl":"https:\/\/greenict.de\/wp-content\/uploads\/2023\/02\/fmd-green-ict-studienpreis-gehirn-gruen-1024x318.png"},{"@type":"BreadcrumbList","@id":"https:\/\/greenict.de\/studierende\/#breadcrumb","itemListElement":[{"@type":"ListItem","position":1,"name":"Startseite","item":"https:\/\/greenict.de\/"},{"@type":"ListItem","position":2,"name":"Angebote f\u00fcr Studierende"}]},{"@type":"WebSite","@id":"https:\/\/greenict.de\/#website","url":"https:\/\/greenict.de\/","name":"Competence center for sustainable IT and communication technology","description":"Competence center for sustainable information and communication technology","publisher":{"@id":"https:\/\/greenict.de\/#organization"},"alternateName":"Nachhaltige Mikroelektronik","potentialAction":[{"@type":"SearchAction","target":{"@type":"EntryPoint","urlTemplate":"https:\/\/greenict.de\/?s={search_term_string}"},"query-input":{"@type":"PropertyValueSpecification","valueRequired":true,"valueName":"search_term_string"}}],"inLanguage":"en-GB"},{"@type":"Organization","@id":"https:\/\/greenict.de\/#organization","name":"Research Fab Microelectronics Germany","alternateName":"FMD","url":"https:\/\/greenict.de\/","logo":{"@type":"ImageObject","inLanguage":"en-GB","@id":"https:\/\/greenict.de\/#\/schema\/logo\/image\/","url":"https:\/\/greenict.de\/wp-content\/uploads\/2022\/11\/FMD-Logo_farbe-50-mm.png","contentUrl":"https:\/\/greenict.de\/wp-content\/uploads\/2022\/11\/FMD-Logo_farbe-50-mm.png","width":592,"height":135,"caption":"Forschungsfabrik Mikroelektronik Deutschland"},"image":{"@id":"https:\/\/greenict.de\/#\/schema\/logo\/image\/"}}]}},"_links":{"self":[{"href":"https:\/\/greenict.de\/en\/wp-json\/wp\/v2\/pages\/2024","targetHints":{"allow":["GET"]}}],"collection":[{"href":"https:\/\/greenict.de\/en\/wp-json\/wp\/v2\/pages"}],"about":[{"href":"https:\/\/greenict.de\/en\/wp-json\/wp\/v2\/types\/page"}],"author":[{"embeddable":true,"href":"https:\/\/greenict.de\/en\/wp-json\/wp\/v2\/users\/2"}],"replies":[{"embeddable":true,"href":"https:\/\/greenict.de\/en\/wp-json\/wp\/v2\/comments?post=2024"}],"version-history":[{"count":50,"href":"https:\/\/greenict.de\/en\/wp-json\/wp\/v2\/pages\/2024\/revisions"}],"predecessor-version":[{"id":14131,"href":"https:\/\/greenict.de\/en\/wp-json\/wp\/v2\/pages\/2024\/revisions\/14131"}],"wp:attachment":[{"href":"https:\/\/greenict.de\/en\/wp-json\/wp\/v2\/media?parent=2024"}],"curies":[{"name":"wp","href":"https:\/\/api.w.org\/{rel}","templated":true}]}}