{"id":163,"date":"2022-11-16T14:33:16","date_gmt":"2022-11-16T13:33:16","guid":{"rendered":"https:\/\/websites.fraunhofer.de\/greenict\/?page_id=163"},"modified":"2024-10-25T11:38:03","modified_gmt":"2024-10-25T09:38:03","slug":"forschungsueberblick","status":"publish","type":"page","link":"https:\/\/greenict.de\/en\/forschungsueberblick\/","title":{"rendered":"Research Overview"},"content":{"rendered":"<div style=\"height:20px\" aria-hidden=\"true\" class=\"wp-block-spacer\"><\/div>\n\n\n\n<figure class=\"wp-block-image size-large is-style-default\"><img loading=\"lazy\" decoding=\"async\" width=\"1024\" height=\"394\" src=\"https:\/\/greenict.de\/wp-content\/uploads\/2022\/12\/Startsups-Green-ICT-1024x394.jpg\" alt=\"Gr\u00fcn leuchtende Mikroelektronik Leiterplatte\" class=\"wp-image-952\" srcset=\"https:\/\/greenict.de\/wp-content\/uploads\/2022\/12\/Startsups-Green-ICT-1024x394.jpg 1024w, https:\/\/greenict.de\/wp-content\/uploads\/2022\/12\/Startsups-Green-ICT-300x116.jpg 300w, https:\/\/greenict.de\/wp-content\/uploads\/2022\/12\/Startsups-Green-ICT-768x296.jpg 768w, https:\/\/greenict.de\/wp-content\/uploads\/2022\/12\/Startsups-Green-ICT-1536x591.jpg 1536w, https:\/\/greenict.de\/wp-content\/uploads\/2022\/12\/Startsups-Green-ICT.jpg 1600w\" sizes=\"auto, (max-width: 1024px) 100vw, 1024px\" \/><figcaption class=\"wp-element-caption\">\u00a9 Adobe Stock | Studio-FI<\/figcaption><\/figure>\n\n\n\n<div style=\"height:20px\" aria-hidden=\"true\" class=\"wp-block-spacer\"><\/div>\n\n\n\n<p class=\"translation-block\">The FMD offers a wide range of technological approaches to industrial partners in Germany and Europe, enabling them to manufacture and use information and communications technology more ecological sustainably in the future. To expand this portfolio of application-oriented solutions to meet current market requirements, the existing expertise is being thematically bundled and continuously developed in<strong> three Green ICT hubs:<\/strong><\/p>\n\n\n\n<ul class=\"wp-block-list\">\n<li><a data-type=\"page\" data-id=\"115\" href=\"https:\/\/greenict.de\/en\/sensor-edge-cloud-systeme\/\">Sensor Edge Cloud Systems <\/a><\/li>\n\n\n\n<li><a href=\"https:\/\/greenict.de\/en\/energiesparende-kommunikationsinfrastrukturen\/\" data-type=\"page\" data-id=\"116\">Energy-saving communication infrastructures<\/a> <\/li>\n\n\n\n<li><a data-type=\"URL\" data-id=\"https:\/\/greenict.de\/ressourcenoptimierte-elektronikproduktion\/\" href=\"https:\/\/greenict.de\/en\/ressourcenoptimierte-elektronikproduktion\/\">Resource-optimized electronics production<\/a> <\/li>\n<\/ul>\n\n\n\n<p><\/p>\n\n\n\n<p>For each thematic focus of the Green ICT hubs, we provide the required infrastructure to evaluate and subsequently optimize the systems and subsystems of our industry partners regarding their resource consumption. <\/p>\n\n\n\n<div style=\"height:10px\" aria-hidden=\"true\" class=\"wp-block-spacer\"><\/div>\n\n\n\n<div class=\"wp-block-buttons has-custom-font-size has-small-font-size is-content-justification-center is-layout-flex wp-container-core-buttons-is-layout-16018d1d wp-block-buttons-is-layout-flex\">\n<div class=\"wp-block-button has-custom-width wp-block-button__width-75\"><a class=\"wp-block-button__link has-white-color has-text-color has-background wp-element-button\" href=\"https:\/\/greenict.de\/en\/kontakt\/\" style=\"background-color:#009374\" target=\"_blank\" rel=\"https:\/\/greenict.de\/kontakt\/ noopener\">Contact us now<\/a><\/div>\n<\/div>\n\n\n\n<div style=\"height:10px\" aria-hidden=\"true\" class=\"wp-block-spacer\"><\/div>\n\n\n\n<p><\/p>\n\n\n\n<h3 class=\"wp-block-heading\">First point of contact for partners from industry and the scientific community <\/h3>\n\n\n\n<p class=\"translation-block\">The three Green ICT hubs constitute an initial contact point for project partners from industry and the scientific community. Here, existing systems and products are ecologically assessed so that new products can be manufactured sustainably (already in the development phase), and their use phase can likewise be designed resource-efficiently. All this is enabled through specific validation projects.<\/p>\n\n\n\n<p class=\"translation-block\">Besides the office of the FMD <a href=\"https:\/\/www.forschungsfabrik-mikroelektronik.de\/en.html\" target=\"_blank\" rel=\"noreferrer noopener external\" data-wpel-link=\"external\" class=\"wpel-icon-right\">One-Stop-Shop<span class=\"wpel-icon wpel-image wpel-icon-6\"><\/span><\/a>, the hubs are the crucial interface for the partners to the thematically bundled technology competencies and testbeds. By contrast to the One-Stop-Shop, where a general and overarching approach is provided, the Hubs enable specific issues to be explored in more depth and examined in practice.<\/p>\n\n\n\n<div style=\"height:10px\" aria-hidden=\"true\" class=\"wp-block-spacer\"><\/div>\n\n\n<div class=\"wp-block-image aligncenter size-large\">\n<figure ><img decoding=\"async\" src=\"https:\/\/greenict.de\/wp-content\/uploads\/2023\/01\/green-ict-process-716x1024.png\" alt=\"Ablaufsplan der Validierungsprojekte der drei Green ICT-Hubs. Von Industrial User-Groups zu Green ICT Testbeds zu Open Green ICT Data Platform zu Validation Projects zur Implementierung in neuen Anwendungen, Produkten und Bildungsangeboten\"\/><\/figure>\n<\/div>\n\n\n<div style=\"height:10px\" aria-hidden=\"true\" class=\"wp-block-spacer\"><\/div>\n\n\n\n<h3 class=\"wp-block-heading\" id=\"validierungsprojekte-anker\">Validation projects: Get the sustainability booster for your product!<\/h3>\n\n\n\n<p>In the first phase of the \"Green ICT @ FMD\" project, the FMD partner institutes will start or use already established cooperations with the industry to determine the current and potential future demand for LCA data. Based on these requirement profiles, the partners from a specific work package in the hubs will collect and assess the data. Subsequently, this database will profitably validate or adapt the approach using a particular application case. The data set obtained after going through these iteration phases and its collection and assessment should provide a basis for future ICT products designed from the outset for an environmentally sustainable production approach or a resource-saving operation mode during the product use phase.<\/p>\n\n\n\n<p><\/p>\n\n\n\n<div class=\"wp-block-buttons has-custom-font-size has-small-font-size is-content-justification-center is-layout-flex wp-container-core-buttons-is-layout-16018d1d wp-block-buttons-is-layout-flex\">\n<div class=\"wp-block-button has-custom-width wp-block-button__width-75 has-custom-font-size\" style=\"font-size:15px\"><a class=\"wp-block-button__link has-white-color has-text-color has-background wp-element-button\" href=\"https:\/\/greenict.de\/en\/leistunsangebote-industrie\/\" style=\"border-radius:74px;background-color:#009374\" target=\"_blank\" rel=\"https:\/\/greenict.de\/kontakt\/ noopener\">Check the ecological sustainability of your product<\/a><\/div>\n<\/div>\n\n\n\n<div style=\"height:20px\" aria-hidden=\"true\" class=\"wp-block-spacer\"><\/div>\n\n\n\n<h2 class=\"wp-block-heading\">Video presentations of the hubs<\/h2>\n\n\n\n<p><strong>Hub1: Sensor-Edge-Cloud-Systems (in German)<\/strong><\/p>\n\n\n\n<figure class=\"wp-block-embed is-type-video is-provider-youtube wp-block-embed-youtube wp-embed-aspect-16-9 wp-has-aspect-ratio\"><div class=\"wp-block-embed__wrapper\">\n<div class=\"embed-responsive embed-responsive-16by9\"><iframe title=\"Hub 1: Sensor Edge Cloud - Auf dem Weg zum gr\u00fcnen IoT System\" src=\"https:\/\/www.youtube.com\/embed\/z68Hf9ufoIM?feature=oembed\" frameborder=\"0\" allow=\"accelerometer; autoplay; clipboard-write; encrypted-media; gyroscope; picture-in-picture; web-share\" referrerpolicy=\"strict-origin-when-cross-origin\" allowfullscreen><\/iframe><\/div>\n<\/div><\/figure>\n\n\n\n<hr class=\"wp-block-separator has-alpha-channel-opacity\"\/>\n\n\n\n<p><strong>Hub 2: Energy-saving communication infrastructures<\/strong><\/p>\n\n\n\n<figure class=\"wp-block-embed is-type-video is-provider-youtube wp-block-embed-youtube wp-embed-aspect-16-9 wp-has-aspect-ratio\"><div class=\"wp-block-embed__wrapper\">\n<div class=\"embed-responsive embed-responsive-16by9\"><iframe title=\"Hub 2: Energy-saving communication infrastructures\" src=\"https:\/\/www.youtube.com\/embed\/-6rxE_O-ky0?feature=oembed\" frameborder=\"0\" allow=\"accelerometer; autoplay; clipboard-write; encrypted-media; gyroscope; picture-in-picture; web-share\" referrerpolicy=\"strict-origin-when-cross-origin\" allowfullscreen><\/iframe><\/div>\n<\/div><\/figure>\n\n\n\n<hr class=\"wp-block-separator has-alpha-channel-opacity\"\/>\n\n\n\n<p><strong>Hub 3: Resource-optimized electronics production<\/strong><\/p>\n\n\n\n<figure class=\"wp-block-embed is-type-video is-provider-youtube wp-block-embed-youtube wp-embed-aspect-16-9 wp-has-aspect-ratio\"><div class=\"wp-block-embed__wrapper\">\n<div class=\"embed-responsive embed-responsive-16by9\"><iframe title=\"Hub 3: Ressourcenoptimierte Elektronik-Produktion\" src=\"https:\/\/www.youtube.com\/embed\/xhwDTB317Tk?feature=oembed\" frameborder=\"0\" allow=\"accelerometer; autoplay; clipboard-write; encrypted-media; gyroscope; picture-in-picture; web-share\" referrerpolicy=\"strict-origin-when-cross-origin\" allowfullscreen><\/iframe><\/div>\n<\/div><\/figure>\n\n\n\n<hr class=\"wp-block-separator has-alpha-channel-opacity\"\/>\n\n\n\n<p>Further project content on the topic of research:<\/p>\n\n\n\n<ul class=\"wp-block-list\">\n<li><a href=\"https:\/\/greenict.de\/en\/begleitforschung\/\">Accompanying research<\/a><\/li>\n\n\n\n<li><a href=\"https:\/\/greenict.de\/en\/standardization\/\">Standardization<\/a><\/li>\n\n\n\n<li><a href=\"https:\/\/greenict.de\/en\/publikationen\/\">Publications<\/a><\/li>\n<\/ul>\n\n\n\n<p><\/p>\n\n\n\n<p><\/p>","protected":false},"excerpt":{"rendered":"<p>Die FMD stellt industriellen Partnern in Deutschland und Europa eine Vielzahl an technologischen Ans\u00e4tzen zur Verf\u00fcgung, um Informations- und Kommunikationstechnologie zuk\u00fcnftig \u00f6kologisch nachhaltiger herstellen und nutzen zu k\u00f6nnen. Um diese Angebote anwendungsorientiert an wirtschaftlichen Erfordernissen auszubauen, werden die vorhandenen Kompetenzen&#8230;<\/p>","protected":false},"author":2,"featured_media":0,"parent":0,"menu_order":0,"comment_status":"closed","ping_status":"closed","template":"","meta":{"_acf_changed":false,"footnotes":""},"class_list":["post-163","page","type-page","status-publish","hentry"],"acf":[],"yoast_head":"<!-- This site is optimized with the Yoast SEO plugin v27.3 - https:\/\/yoast.com\/product\/yoast-seo-wordpress\/ -->\n<title>Forschungs\u00fcberblick<\/title>\n<meta name=\"description\" content=\"3 Hubs: \u2713 Sensor-Edge-Cloud Systeme \u2713 Energiesparende Kommunikationsinfrastrukturen \u2713 Ressourcenoptimierte Elektronikproduktion\" \/>\n<meta name=\"robots\" content=\"index, follow, max-snippet:-1, max-image-preview:large, max-video-preview:-1\" \/>\n<link rel=\"canonical\" href=\"https:\/\/greenict.de\/en\/forschungsueberblick\/\" \/>\n<script type=\"application\/ld+json\" class=\"yoast-schema-graph\">{\"@context\":\"https:\\\/\\\/schema.org\",\"@graph\":[{\"@type\":\"WebPage\",\"@id\":\"https:\\\/\\\/greenict.de\\\/forschungsueberblick\\\/\",\"url\":\"https:\\\/\\\/greenict.de\\\/forschungsueberblick\\\/\",\"name\":\"Forschungs\u00fcberblick\",\"isPartOf\":{\"@id\":\"https:\\\/\\\/greenict.de\\\/#website\"},\"primaryImageOfPage\":{\"@id\":\"https:\\\/\\\/greenict.de\\\/forschungsueberblick\\\/#primaryimage\"},\"image\":{\"@id\":\"https:\\\/\\\/greenict.de\\\/forschungsueberblick\\\/#primaryimage\"},\"thumbnailUrl\":\"https:\\\/\\\/greenict.de\\\/wp-content\\\/uploads\\\/2022\\\/12\\\/Startsups-Green-ICT-1024x394.jpg\",\"datePublished\":\"2022-11-16T13:33:16+00:00\",\"dateModified\":\"2024-10-25T09:38:03+00:00\",\"description\":\"3 Hubs: \u2713 Sensor-Edge-Cloud Systeme \u2713 Energiesparende Kommunikationsinfrastrukturen \u2713 Ressourcenoptimierte Elektronikproduktion\",\"breadcrumb\":{\"@id\":\"https:\\\/\\\/greenict.de\\\/forschungsueberblick\\\/#breadcrumb\"},\"inLanguage\":\"en-GB\",\"potentialAction\":[{\"@type\":\"ReadAction\",\"target\":[\"https:\\\/\\\/greenict.de\\\/forschungsueberblick\\\/\"]}]},{\"@type\":\"ImageObject\",\"inLanguage\":\"en-GB\",\"@id\":\"https:\\\/\\\/greenict.de\\\/forschungsueberblick\\\/#primaryimage\",\"url\":\"https:\\\/\\\/greenict.de\\\/wp-content\\\/uploads\\\/2022\\\/12\\\/Startsups-Green-ICT-1024x394.jpg\",\"contentUrl\":\"https:\\\/\\\/greenict.de\\\/wp-content\\\/uploads\\\/2022\\\/12\\\/Startsups-Green-ICT-1024x394.jpg\"},{\"@type\":\"BreadcrumbList\",\"@id\":\"https:\\\/\\\/greenict.de\\\/forschungsueberblick\\\/#breadcrumb\",\"itemListElement\":[{\"@type\":\"ListItem\",\"position\":1,\"name\":\"Startseite\",\"item\":\"https:\\\/\\\/greenict.de\\\/\"},{\"@type\":\"ListItem\",\"position\":2,\"name\":\"Forschungs\u00fcberblick\"}]},{\"@type\":\"WebSite\",\"@id\":\"https:\\\/\\\/greenict.de\\\/#website\",\"url\":\"https:\\\/\\\/greenict.de\\\/\",\"name\":\"Green ICT\",\"description\":\"Kompetenzzentrum f\u00fcr eine ressourcenbewusste Informations- und Kommunikationstechnik\",\"publisher\":{\"@id\":\"https:\\\/\\\/greenict.de\\\/#organization\"},\"alternateName\":\"Nachhaltige Mikroelektronik\",\"potentialAction\":[{\"@type\":\"SearchAction\",\"target\":{\"@type\":\"EntryPoint\",\"urlTemplate\":\"https:\\\/\\\/greenict.de\\\/?s={search_term_string}\"},\"query-input\":{\"@type\":\"PropertyValueSpecification\",\"valueRequired\":true,\"valueName\":\"search_term_string\"}}],\"inLanguage\":\"en-GB\"},{\"@type\":\"Organization\",\"@id\":\"https:\\\/\\\/greenict.de\\\/#organization\",\"name\":\"Forschungsfabrik Mikroelektronik Deutschland\",\"alternateName\":\"FMD\",\"url\":\"https:\\\/\\\/greenict.de\\\/\",\"logo\":{\"@type\":\"ImageObject\",\"inLanguage\":\"en-GB\",\"@id\":\"https:\\\/\\\/greenict.de\\\/#\\\/schema\\\/logo\\\/image\\\/\",\"url\":\"https:\\\/\\\/greenict.de\\\/wp-content\\\/uploads\\\/2022\\\/11\\\/FMD-Logo_farbe-50-mm.png\",\"contentUrl\":\"https:\\\/\\\/greenict.de\\\/wp-content\\\/uploads\\\/2022\\\/11\\\/FMD-Logo_farbe-50-mm.png\",\"width\":592,\"height\":135,\"caption\":\"Forschungsfabrik Mikroelektronik Deutschland\"},\"image\":{\"@id\":\"https:\\\/\\\/greenict.de\\\/#\\\/schema\\\/logo\\\/image\\\/\"}}]}<\/script>\n<!-- \/ Yoast SEO plugin. -->","yoast_head_json":{"title":"Research Overview","description":"3 Hubs: \u2713 Sensor edge cloud systems \u2713 Energy-saving communication infrastructures \u2713 Resource-optimized electronics production","robots":{"index":"index","follow":"follow","max-snippet":"max-snippet:-1","max-image-preview":"max-image-preview:large","max-video-preview":"max-video-preview:-1"},"canonical":"https:\/\/greenict.de\/en\/forschungsueberblick\/","schema":{"@context":"https:\/\/schema.org","@graph":[{"@type":"WebPage","@id":"https:\/\/greenict.de\/forschungsueberblick\/","url":"https:\/\/greenict.de\/forschungsueberblick\/","name":"Research Overview","isPartOf":{"@id":"https:\/\/greenict.de\/#website"},"primaryImageOfPage":{"@id":"https:\/\/greenict.de\/forschungsueberblick\/#primaryimage"},"image":{"@id":"https:\/\/greenict.de\/forschungsueberblick\/#primaryimage"},"thumbnailUrl":"https:\/\/greenict.de\/wp-content\/uploads\/2022\/12\/Startsups-Green-ICT-1024x394.jpg","datePublished":"2022-11-16T13:33:16+00:00","dateModified":"2024-10-25T09:38:03+00:00","description":"3 Hubs: \u2713 Sensor edge cloud systems \u2713 Energy-saving communication infrastructures \u2713 Resource-optimized electronics production","breadcrumb":{"@id":"https:\/\/greenict.de\/forschungsueberblick\/#breadcrumb"},"inLanguage":"en-GB","potentialAction":[{"@type":"ReadAction","target":["https:\/\/greenict.de\/forschungsueberblick\/"]}]},{"@type":"ImageObject","inLanguage":"en-GB","@id":"https:\/\/greenict.de\/forschungsueberblick\/#primaryimage","url":"https:\/\/greenict.de\/wp-content\/uploads\/2022\/12\/Startsups-Green-ICT-1024x394.jpg","contentUrl":"https:\/\/greenict.de\/wp-content\/uploads\/2022\/12\/Startsups-Green-ICT-1024x394.jpg"},{"@type":"BreadcrumbList","@id":"https:\/\/greenict.de\/forschungsueberblick\/#breadcrumb","itemListElement":[{"@type":"ListItem","position":1,"name":"Startseite","item":"https:\/\/greenict.de\/"},{"@type":"ListItem","position":2,"name":"Forschungs\u00fcberblick"}]},{"@type":"WebSite","@id":"https:\/\/greenict.de\/#website","url":"https:\/\/greenict.de\/","name":"Competence center for sustainable IT and communication technology","description":"Competence center for sustainable information and communication technology","publisher":{"@id":"https:\/\/greenict.de\/#organization"},"alternateName":"Nachhaltige Mikroelektronik","potentialAction":[{"@type":"SearchAction","target":{"@type":"EntryPoint","urlTemplate":"https:\/\/greenict.de\/?s={search_term_string}"},"query-input":{"@type":"PropertyValueSpecification","valueRequired":true,"valueName":"search_term_string"}}],"inLanguage":"en-GB"},{"@type":"Organization","@id":"https:\/\/greenict.de\/#organization","name":"Research Fab Microelectronics Germany","alternateName":"FMD","url":"https:\/\/greenict.de\/","logo":{"@type":"ImageObject","inLanguage":"en-GB","@id":"https:\/\/greenict.de\/#\/schema\/logo\/image\/","url":"https:\/\/greenict.de\/wp-content\/uploads\/2022\/11\/FMD-Logo_farbe-50-mm.png","contentUrl":"https:\/\/greenict.de\/wp-content\/uploads\/2022\/11\/FMD-Logo_farbe-50-mm.png","width":592,"height":135,"caption":"Forschungsfabrik Mikroelektronik Deutschland"},"image":{"@id":"https:\/\/greenict.de\/#\/schema\/logo\/image\/"}}]}},"_links":{"self":[{"href":"https:\/\/greenict.de\/en\/wp-json\/wp\/v2\/pages\/163","targetHints":{"allow":["GET"]}}],"collection":[{"href":"https:\/\/greenict.de\/en\/wp-json\/wp\/v2\/pages"}],"about":[{"href":"https:\/\/greenict.de\/en\/wp-json\/wp\/v2\/types\/page"}],"author":[{"embeddable":true,"href":"https:\/\/greenict.de\/en\/wp-json\/wp\/v2\/users\/2"}],"replies":[{"embeddable":true,"href":"https:\/\/greenict.de\/en\/wp-json\/wp\/v2\/comments?post=163"}],"version-history":[{"count":35,"href":"https:\/\/greenict.de\/en\/wp-json\/wp\/v2\/pages\/163\/revisions"}],"predecessor-version":[{"id":10459,"href":"https:\/\/greenict.de\/en\/wp-json\/wp\/v2\/pages\/163\/revisions\/10459"}],"wp:attachment":[{"href":"https:\/\/greenict.de\/en\/wp-json\/wp\/v2\/media?parent=163"}],"curies":[{"name":"wp","href":"https:\/\/api.w.org\/{rel}","templated":true}]}}