{"id":13899,"date":"2025-10-22T09:41:31","date_gmt":"2025-10-22T07:41:31","guid":{"rendered":"https:\/\/greenict.de\/?page_id=13899"},"modified":"2025-10-24T10:33:07","modified_gmt":"2025-10-24T08:33:07","slug":"online-spiel-ict-factory","status":"publish","type":"page","link":"https:\/\/greenict.de\/en\/online-spiel-ict-factory\/","title":{"rendered":"Online Game \u00bbICT.factory\u00ab"},"content":{"rendered":"<p><\/p>\n\n\n\n<figure class=\"wp-block-image size-full\"><a href=\"https:\/\/ict-factory.de\" target=\"_blank\" rel=\" noreferrer noopener\"><img loading=\"lazy\" decoding=\"async\" width=\"1000\" height=\"563\" src=\"https:\/\/greenict.de\/wp-content\/uploads\/2025\/09\/factory-online-game.jpg\" alt=\"\" class=\"wp-image-13703\" srcset=\"https:\/\/greenict.de\/wp-content\/uploads\/2025\/09\/factory-online-game.jpg 1000w, https:\/\/greenict.de\/wp-content\/uploads\/2025\/09\/factory-online-game-300x169.jpg 300w, https:\/\/greenict.de\/wp-content\/uploads\/2025\/09\/factory-online-game-768x432.jpg 768w, https:\/\/greenict.de\/wp-content\/uploads\/2025\/09\/factory-online-game-18x10.jpg 18w\" sizes=\"auto, (max-width: 1000px) 100vw, 1000px\" \/><\/a><\/figure>\n\n\n\n<h3 class=\"wp-block-heading\" style=\"font-style:normal;font-weight:300\">Werde CEO deiner eigenen Elektronikfabrik<\/h3>\n\n\n\n<p>M\u00f6chtest du herausfinden, wie man Elektronik nachhaltig herstellt? In \u00bbICT.factory\u00ab \u00fcbernimmst du die Leitung einer eigenen Produktionslinie und stellst dich der Herausforderung, ein veraltetes Unternehmen zukunftsf\u00e4hig zu machen. Du triffst Entscheidungen, die von der Beschaffung der Rohstoffe \u00fcber die Herstellung bis hin zum Recycling reichen!<\/p>\n\n\n\n<p><strong>Deine Aufgabe: Modernisiere die Fabrik und mache sie fit f\u00fcr die Zukunft. <\/strong>Entscheide, wie du Ressourcen effizient nutzt, umweltfreundliche Materialien w\u00e4hlst und nachhaltige Produktionsmethoden umsetzt. Aber denk daran, jede Entscheidung hat Folgen \u2013 und die Nachfrage nach bestimmten Produkten ver\u00e4ndert sich st\u00e4ndig.<\/p>\n\n\n\n<p><\/p>\n\n\n\n<div class=\"wp-block-buttons has-custom-font-size has-small-font-size is-content-justification-center is-layout-flex wp-container-core-buttons-is-layout-16018d1d wp-block-buttons-is-layout-flex\">\n<div class=\"wp-block-button has-custom-width wp-block-button__width-50\"><a class=\"wp-block-button__link has-white-color has-text-color has-background has-custom-font-size wp-element-button\" href=\"https:\/\/ict-factory.de\" style=\"border-radius:50px;background-color:#009374;font-size:18px\" target=\"_blank\" rel=\"https:\/\/greenict.de\/kontakt\/ noopener noreferrer noreferrer noopener\">Play now<\/a><\/div>\n<\/div>\n\n\n\n<p><\/p>\n\n\n\n<h2 class=\"wp-block-heading\" style=\"font-style:normal;font-weight:300\">Spielelaunch im Computerspielemuseum<\/h2>\n\n\n\n<p><\/p>\n\n\n\n<figure class=\"wp-block-image size-large\"><img loading=\"lazy\" decoding=\"async\" width=\"1024\" height=\"768\" src=\"https:\/\/greenict.de\/wp-content\/uploads\/2025\/10\/IMG_4192-1024x768.jpg\" alt=\"\" class=\"wp-image-13935\" srcset=\"https:\/\/greenict.de\/wp-content\/uploads\/2025\/10\/IMG_4192-1024x768.jpg 1024w, https:\/\/greenict.de\/wp-content\/uploads\/2025\/10\/IMG_4192-300x225.jpg 300w, https:\/\/greenict.de\/wp-content\/uploads\/2025\/10\/IMG_4192-768x576.jpg 768w, https:\/\/greenict.de\/wp-content\/uploads\/2025\/10\/IMG_4192-16x12.jpg 16w, https:\/\/greenict.de\/wp-content\/uploads\/2025\/10\/IMG_4192.jpg 1200w\" sizes=\"auto, (max-width: 1024px) 100vw, 1024px\" \/><\/figure>\n\n\n\n<p><\/p>\n\n\n\n<p>Der Launch f\u00fcr das Spiel fand am 23. Oktober 2025 im Computerspielemuseum in Berlin statt. Bei einem <strong>Treffen mit den Entwickler:innen<\/strong> konnten Jugendliche und Erwachsene die Story hinter dem Spiel kennenlernen \u2013 inklusive Tipps direkt vom Team. Beim anschlie\u00dfenden Testen zeigte sich: Nachhaltig planen und wirtschaften kann richtig Spa\u00df machen! Entwickelt von jungen Wissenschaftler:innen des Fraunhofer IZM und der Agentur loewn, vereint das Spiel echtes Fachwissen, Strategie und \u00f6kologische Nachhaltigkeit zu einem unterhaltsamen Game. Zum <a href=\"https:\/\/greenict.de\/wp-content\/uploads\/2025\/10\/Spielanleitung_251022-loewn_fmd_gict_game_erlaeuterung_v4.pdf\"><\/a><a href=\"https:\/\/greenict.de\/wp-content\/uploads\/2025\/10\/Spielanleitung_251022-loewn_fmd_gict_game_erlaeuterung_v4.pdf\">Download Spieleanleitung<\/a><\/p>\n\n\n\n<div class=\"wp-block-columns is-layout-flex wp-container-core-columns-is-layout-9d6595d7 wp-block-columns-is-layout-flex\">\n<div class=\"wp-block-column is-layout-flow wp-block-column-is-layout-flow\">\n<figure class=\"wp-block-image size-full\"><img loading=\"lazy\" decoding=\"async\" width=\"1000\" height=\"750\" src=\"https:\/\/greenict.de\/wp-content\/uploads\/2025\/10\/IMG_E4174.jpg\" alt=\"\" class=\"wp-image-13941\" srcset=\"https:\/\/greenict.de\/wp-content\/uploads\/2025\/10\/IMG_E4174.jpg 1000w, https:\/\/greenict.de\/wp-content\/uploads\/2025\/10\/IMG_E4174-300x225.jpg 300w, https:\/\/greenict.de\/wp-content\/uploads\/2025\/10\/IMG_E4174-768x576.jpg 768w, https:\/\/greenict.de\/wp-content\/uploads\/2025\/10\/IMG_E4174-16x12.jpg 16w\" sizes=\"auto, (max-width: 1000px) 100vw, 1000px\" \/><\/figure>\n<\/div>\n\n\n\n<div class=\"wp-block-column is-layout-flow wp-block-column-is-layout-flow\">\n<figure class=\"wp-block-image size-full\"><img loading=\"lazy\" decoding=\"async\" width=\"1000\" height=\"750\" src=\"https:\/\/greenict.de\/wp-content\/uploads\/2025\/10\/IMG_4187.jpg\" alt=\"\" class=\"wp-image-13932\" srcset=\"https:\/\/greenict.de\/wp-content\/uploads\/2025\/10\/IMG_4187.jpg 1000w, https:\/\/greenict.de\/wp-content\/uploads\/2025\/10\/IMG_4187-300x225.jpg 300w, https:\/\/greenict.de\/wp-content\/uploads\/2025\/10\/IMG_4187-768x576.jpg 768w, https:\/\/greenict.de\/wp-content\/uploads\/2025\/10\/IMG_4187-16x12.jpg 16w\" sizes=\"auto, (max-width: 1000px) 100vw, 1000px\" \/><\/figure>\n<\/div>\n\n\n\n<div class=\"wp-block-column is-layout-flow wp-block-column-is-layout-flow\">\n<figure class=\"wp-block-image size-full\"><img loading=\"lazy\" decoding=\"async\" width=\"800\" height=\"600\" src=\"https:\/\/greenict.de\/wp-content\/uploads\/2025\/10\/IMG_E4183.jpg\" alt=\"\" class=\"wp-image-13942\" srcset=\"https:\/\/greenict.de\/wp-content\/uploads\/2025\/10\/IMG_E4183.jpg 800w, https:\/\/greenict.de\/wp-content\/uploads\/2025\/10\/IMG_E4183-300x225.jpg 300w, https:\/\/greenict.de\/wp-content\/uploads\/2025\/10\/IMG_E4183-768x576.jpg 768w, https:\/\/greenict.de\/wp-content\/uploads\/2025\/10\/IMG_E4183-16x12.jpg 16w\" sizes=\"auto, (max-width: 800px) 100vw, 800px\" \/><\/figure>\n<\/div>\n<\/div>\n\n\n\n<p><\/p>\n\n\n\n<div class=\"wp-block-columns is-layout-flex wp-container-core-columns-is-layout-9d6595d7 wp-block-columns-is-layout-flex\">\n<div class=\"wp-block-column is-layout-flow wp-block-column-is-layout-flow\">\n<figure class=\"wp-block-image size-full\"><img loading=\"lazy\" decoding=\"async\" width=\"1000\" height=\"750\" src=\"https:\/\/greenict.de\/wp-content\/uploads\/2025\/10\/IMG_E4167.jpg\" alt=\"\" class=\"wp-image-13940\" srcset=\"https:\/\/greenict.de\/wp-content\/uploads\/2025\/10\/IMG_E4167.jpg 1000w, https:\/\/greenict.de\/wp-content\/uploads\/2025\/10\/IMG_E4167-300x225.jpg 300w, https:\/\/greenict.de\/wp-content\/uploads\/2025\/10\/IMG_E4167-768x576.jpg 768w, https:\/\/greenict.de\/wp-content\/uploads\/2025\/10\/IMG_E4167-16x12.jpg 16w\" sizes=\"auto, (max-width: 1000px) 100vw, 1000px\" \/><\/figure>\n<\/div>\n\n\n\n<div class=\"wp-block-column is-layout-flow wp-block-column-is-layout-flow\">\n<figure class=\"wp-block-image size-full\"><img loading=\"lazy\" decoding=\"async\" width=\"1000\" height=\"750\" src=\"https:\/\/greenict.de\/wp-content\/uploads\/2025\/10\/IMG_E4165.jpg\" alt=\"\" class=\"wp-image-13938\" srcset=\"https:\/\/greenict.de\/wp-content\/uploads\/2025\/10\/IMG_E4165.jpg 1000w, https:\/\/greenict.de\/wp-content\/uploads\/2025\/10\/IMG_E4165-300x225.jpg 300w, https:\/\/greenict.de\/wp-content\/uploads\/2025\/10\/IMG_E4165-768x576.jpg 768w, https:\/\/greenict.de\/wp-content\/uploads\/2025\/10\/IMG_E4165-16x12.jpg 16w\" sizes=\"auto, (max-width: 1000px) 100vw, 1000px\" \/><\/figure>\n<\/div>\n\n\n\n<div class=\"wp-block-column is-layout-flow wp-block-column-is-layout-flow\">\n<figure class=\"wp-block-image size-full\"><img loading=\"lazy\" decoding=\"async\" width=\"684\" height=\"516\" src=\"https:\/\/greenict.de\/wp-content\/uploads\/2025\/10\/IMG_4184-1.jpg\" alt=\"\" class=\"wp-image-13981\" srcset=\"https:\/\/greenict.de\/wp-content\/uploads\/2025\/10\/IMG_4184-1.jpg 684w, https:\/\/greenict.de\/wp-content\/uploads\/2025\/10\/IMG_4184-1-300x226.jpg 300w, https:\/\/greenict.de\/wp-content\/uploads\/2025\/10\/IMG_4184-1-16x12.jpg 16w\" sizes=\"auto, (max-width: 684px) 100vw, 684px\" \/><\/figure>\n<\/div>\n<\/div>\n\n\n\n<p><\/p>\n\n\n\n<p>\u00bbICT.factory\u00ab wurde gemeinsam im Rahmen des \u00bbGreen ICT @ FMD\u00ab Projekts mit dem <a href=\"https:\/\/www.izm.fraunhofer.de\/en.html\">Fraunhofer IZM<\/a> entwickelt. \u00bbGreen ICT @ FMD\u00ab, das Kompetenzzentrum f\u00fcr eine ressourcenbewusste Informations- und Kommunikationstechnik, wird vom Bundesministerium f\u00fcr Forschung, Technologie und Raumfahrt (BMFTR) gef\u00f6rdert. <em>Das Spiel befindet sich noch in der ersten Version und wird kontinuierlich weiterentwickelt.  <\/em><a href=\"https:\/\/greenict.de\/wp-content\/uploads\/2025\/10\/Spielanleitung_251022-loewn_fmd_gict_game_erlaeuterung_v4.pdf\"><a href=\"https:\/\/greenict.de\/wp-content\/uploads\/2025\/10\/Spielanleitung_251022-loewn_fmd_gict_game_erlaeuterung_v4.pdf\">Download Spieleanleitung<\/a><\/a><\/p>\n\n\n\n<div class=\"wp-block-columns is-layout-flex wp-container-core-columns-is-layout-9d6595d7 wp-block-columns-is-layout-flex\">\n<div class=\"wp-block-column is-layout-flow wp-block-column-is-layout-flow\">\n<figure class=\"wp-block-image size-full\"><img loading=\"lazy\" decoding=\"async\" width=\"1000\" height=\"750\" src=\"https:\/\/greenict.de\/wp-content\/uploads\/2025\/10\/IMG_4190.jpg\" alt=\"\" class=\"wp-image-13934\" srcset=\"https:\/\/greenict.de\/wp-content\/uploads\/2025\/10\/IMG_4190.jpg 1000w, https:\/\/greenict.de\/wp-content\/uploads\/2025\/10\/IMG_4190-300x225.jpg 300w, https:\/\/greenict.de\/wp-content\/uploads\/2025\/10\/IMG_4190-768x576.jpg 768w, https:\/\/greenict.de\/wp-content\/uploads\/2025\/10\/IMG_4190-16x12.jpg 16w\" sizes=\"auto, (max-width: 1000px) 100vw, 1000px\" \/><\/figure>\n<\/div>\n\n\n\n<div class=\"wp-block-column is-layout-flow wp-block-column-is-layout-flow\">\n<figure class=\"wp-block-image size-full\"><img loading=\"lazy\" decoding=\"async\" width=\"1000\" height=\"750\" src=\"https:\/\/greenict.de\/wp-content\/uploads\/2025\/10\/IMG_4172.jpg\" alt=\"\" class=\"wp-image-13928\" srcset=\"https:\/\/greenict.de\/wp-content\/uploads\/2025\/10\/IMG_4172.jpg 1000w, https:\/\/greenict.de\/wp-content\/uploads\/2025\/10\/IMG_4172-300x225.jpg 300w, https:\/\/greenict.de\/wp-content\/uploads\/2025\/10\/IMG_4172-768x576.jpg 768w, https:\/\/greenict.de\/wp-content\/uploads\/2025\/10\/IMG_4172-16x12.jpg 16w\" sizes=\"auto, (max-width: 1000px) 100vw, 1000px\" \/><\/figure>\n<\/div>\n\n\n\n<div class=\"wp-block-column is-layout-flow wp-block-column-is-layout-flow\">\n<figure class=\"wp-block-image size-full\"><img loading=\"lazy\" decoding=\"async\" width=\"1000\" height=\"750\" src=\"https:\/\/greenict.de\/wp-content\/uploads\/2025\/10\/IMG_E4144.jpg\" alt=\"\" class=\"wp-image-13936\" srcset=\"https:\/\/greenict.de\/wp-content\/uploads\/2025\/10\/IMG_E4144.jpg 1000w, https:\/\/greenict.de\/wp-content\/uploads\/2025\/10\/IMG_E4144-300x225.jpg 300w, https:\/\/greenict.de\/wp-content\/uploads\/2025\/10\/IMG_E4144-768x576.jpg 768w, https:\/\/greenict.de\/wp-content\/uploads\/2025\/10\/IMG_E4144-16x12.jpg 16w\" sizes=\"auto, (max-width: 1000px) 100vw, 1000px\" \/><\/figure>\n<\/div>\n<\/div>\n\n\n\n<p><\/p>\n\n\n\n<div class=\"wp-block-buttons has-custom-font-size has-small-font-size is-content-justification-center is-layout-flex wp-container-core-buttons-is-layout-16018d1d wp-block-buttons-is-layout-flex\">\n<div class=\"wp-block-button has-custom-width wp-block-button__width-50\"><a class=\"wp-block-button__link has-white-color has-text-color has-background has-custom-font-size wp-element-button\" href=\"https:\/\/ict-factory.de\" style=\"border-radius:50px;background-color:#009374;font-size:18px\" target=\"_blank\" rel=\"https:\/\/greenict.de\/kontakt\/ noopener noreferrer noreferrer noopener\">Jetzt spielen!<\/a><\/div>\n<\/div>\n\n\n\n<p><\/p>","protected":false},"excerpt":{"rendered":"<p>Werde CEO deiner eigenen Elektronikfabrik M\u00f6chtest du herausfinden, wie man Elektronik nachhaltig herstellt? In \u00bbICT.factory\u00ab \u00fcbernimmst du die Leitung einer eigenen Produktionslinie und stellst dich der Herausforderung, ein veraltetes Unternehmen zukunftsf\u00e4hig zu machen. Du triffst Entscheidungen, die von der Beschaffung&#8230;<\/p>","protected":false},"author":2,"featured_media":0,"parent":0,"menu_order":0,"comment_status":"closed","ping_status":"closed","template":"","meta":{"_acf_changed":false,"footnotes":""},"class_list":["post-13899","page","type-page","status-publish","hentry"],"acf":[],"yoast_head":"<!-- This site is optimized with the Yoast SEO plugin v27.3 - https:\/\/yoast.com\/product\/yoast-seo-wordpress\/ -->\n<title>Online-Spiel \u00bbICT.factory\u00ab &#8211; Green ICT<\/title>\n<meta name=\"robots\" content=\"noindex, nofollow\" \/>\n<script type=\"application\/ld+json\" class=\"yoast-schema-graph\">{\"@context\":\"https:\\\/\\\/schema.org\",\"@graph\":[{\"@type\":\"WebPage\",\"@id\":\"https:\\\/\\\/greenict.de\\\/online-spiel-ict-factory\\\/\",\"url\":\"https:\\\/\\\/greenict.de\\\/online-spiel-ict-factory\\\/\",\"name\":\"Online-Spiel \u00bbICT.factory\u00ab &#8211; Green ICT\",\"isPartOf\":{\"@id\":\"https:\\\/\\\/greenict.de\\\/#website\"},\"primaryImageOfPage\":{\"@id\":\"https:\\\/\\\/greenict.de\\\/online-spiel-ict-factory\\\/#primaryimage\"},\"image\":{\"@id\":\"https:\\\/\\\/greenict.de\\\/online-spiel-ict-factory\\\/#primaryimage\"},\"thumbnailUrl\":\"https:\\\/\\\/greenict.de\\\/wp-content\\\/uploads\\\/2025\\\/09\\\/factory-online-game.jpg\",\"datePublished\":\"2025-10-22T07:41:31+00:00\",\"dateModified\":\"2025-10-24T08:33:07+00:00\",\"breadcrumb\":{\"@id\":\"https:\\\/\\\/greenict.de\\\/online-spiel-ict-factory\\\/#breadcrumb\"},\"inLanguage\":\"en-GB\",\"potentialAction\":[{\"@type\":\"ReadAction\",\"target\":[\"https:\\\/\\\/greenict.de\\\/online-spiel-ict-factory\\\/\"]}]},{\"@type\":\"ImageObject\",\"inLanguage\":\"en-GB\",\"@id\":\"https:\\\/\\\/greenict.de\\\/online-spiel-ict-factory\\\/#primaryimage\",\"url\":\"https:\\\/\\\/greenict.de\\\/wp-content\\\/uploads\\\/2025\\\/09\\\/factory-online-game.jpg\",\"contentUrl\":\"https:\\\/\\\/greenict.de\\\/wp-content\\\/uploads\\\/2025\\\/09\\\/factory-online-game.jpg\"},{\"@type\":\"BreadcrumbList\",\"@id\":\"https:\\\/\\\/greenict.de\\\/online-spiel-ict-factory\\\/#breadcrumb\",\"itemListElement\":[{\"@type\":\"ListItem\",\"position\":1,\"name\":\"Startseite\",\"item\":\"https:\\\/\\\/greenict.de\\\/\"},{\"@type\":\"ListItem\",\"position\":2,\"name\":\"Online-Spiel \u00bbICT.factory\u00ab\"}]},{\"@type\":\"WebSite\",\"@id\":\"https:\\\/\\\/greenict.de\\\/#website\",\"url\":\"https:\\\/\\\/greenict.de\\\/\",\"name\":\"Green ICT\",\"description\":\"Kompetenzzentrum f\u00fcr eine ressourcenbewusste Informations- und Kommunikationstechnik\",\"publisher\":{\"@id\":\"https:\\\/\\\/greenict.de\\\/#organization\"},\"alternateName\":\"Nachhaltige Mikroelektronik\",\"potentialAction\":[{\"@type\":\"SearchAction\",\"target\":{\"@type\":\"EntryPoint\",\"urlTemplate\":\"https:\\\/\\\/greenict.de\\\/?s={search_term_string}\"},\"query-input\":{\"@type\":\"PropertyValueSpecification\",\"valueRequired\":true,\"valueName\":\"search_term_string\"}}],\"inLanguage\":\"en-GB\"},{\"@type\":\"Organization\",\"@id\":\"https:\\\/\\\/greenict.de\\\/#organization\",\"name\":\"Forschungsfabrik Mikroelektronik Deutschland\",\"alternateName\":\"FMD\",\"url\":\"https:\\\/\\\/greenict.de\\\/\",\"logo\":{\"@type\":\"ImageObject\",\"inLanguage\":\"en-GB\",\"@id\":\"https:\\\/\\\/greenict.de\\\/#\\\/schema\\\/logo\\\/image\\\/\",\"url\":\"https:\\\/\\\/greenict.de\\\/wp-content\\\/uploads\\\/2022\\\/11\\\/FMD-Logo_farbe-50-mm.png\",\"contentUrl\":\"https:\\\/\\\/greenict.de\\\/wp-content\\\/uploads\\\/2022\\\/11\\\/FMD-Logo_farbe-50-mm.png\",\"width\":592,\"height\":135,\"caption\":\"Forschungsfabrik Mikroelektronik Deutschland\"},\"image\":{\"@id\":\"https:\\\/\\\/greenict.de\\\/#\\\/schema\\\/logo\\\/image\\\/\"}}]}<\/script>\n<!-- \/ Yoast SEO plugin. -->","yoast_head_json":{"title":"Online-Spiel \u00bbICT.factory\u00ab &#8211; Green ICT","robots":{"index":"noindex","follow":"nofollow"},"schema":{"@context":"https:\/\/schema.org","@graph":[{"@type":"WebPage","@id":"https:\/\/greenict.de\/online-spiel-ict-factory\/","url":"https:\/\/greenict.de\/online-spiel-ict-factory\/","name":"Online-Spiel \u00bbICT.factory\u00ab &#8211; Green ICT","isPartOf":{"@id":"https:\/\/greenict.de\/#website"},"primaryImageOfPage":{"@id":"https:\/\/greenict.de\/online-spiel-ict-factory\/#primaryimage"},"image":{"@id":"https:\/\/greenict.de\/online-spiel-ict-factory\/#primaryimage"},"thumbnailUrl":"https:\/\/greenict.de\/wp-content\/uploads\/2025\/09\/factory-online-game.jpg","datePublished":"2025-10-22T07:41:31+00:00","dateModified":"2025-10-24T08:33:07+00:00","breadcrumb":{"@id":"https:\/\/greenict.de\/online-spiel-ict-factory\/#breadcrumb"},"inLanguage":"en-GB","potentialAction":[{"@type":"ReadAction","target":["https:\/\/greenict.de\/online-spiel-ict-factory\/"]}]},{"@type":"ImageObject","inLanguage":"en-GB","@id":"https:\/\/greenict.de\/online-spiel-ict-factory\/#primaryimage","url":"https:\/\/greenict.de\/wp-content\/uploads\/2025\/09\/factory-online-game.jpg","contentUrl":"https:\/\/greenict.de\/wp-content\/uploads\/2025\/09\/factory-online-game.jpg"},{"@type":"BreadcrumbList","@id":"https:\/\/greenict.de\/online-spiel-ict-factory\/#breadcrumb","itemListElement":[{"@type":"ListItem","position":1,"name":"Startseite","item":"https:\/\/greenict.de\/"},{"@type":"ListItem","position":2,"name":"Online-Spiel \u00bbICT.factory\u00ab"}]},{"@type":"WebSite","@id":"https:\/\/greenict.de\/#website","url":"https:\/\/greenict.de\/","name":"Competence center for sustainable IT and communication technology","description":"Competence center for sustainable information and communication technology","publisher":{"@id":"https:\/\/greenict.de\/#organization"},"alternateName":"Nachhaltige Mikroelektronik","potentialAction":[{"@type":"SearchAction","target":{"@type":"EntryPoint","urlTemplate":"https:\/\/greenict.de\/?s={search_term_string}"},"query-input":{"@type":"PropertyValueSpecification","valueRequired":true,"valueName":"search_term_string"}}],"inLanguage":"en-GB"},{"@type":"Organization","@id":"https:\/\/greenict.de\/#organization","name":"Research Fab Microelectronics Germany","alternateName":"FMD","url":"https:\/\/greenict.de\/","logo":{"@type":"ImageObject","inLanguage":"en-GB","@id":"https:\/\/greenict.de\/#\/schema\/logo\/image\/","url":"https:\/\/greenict.de\/wp-content\/uploads\/2022\/11\/FMD-Logo_farbe-50-mm.png","contentUrl":"https:\/\/greenict.de\/wp-content\/uploads\/2022\/11\/FMD-Logo_farbe-50-mm.png","width":592,"height":135,"caption":"Forschungsfabrik Mikroelektronik Deutschland"},"image":{"@id":"https:\/\/greenict.de\/#\/schema\/logo\/image\/"}}]}},"_links":{"self":[{"href":"https:\/\/greenict.de\/en\/wp-json\/wp\/v2\/pages\/13899","targetHints":{"allow":["GET"]}}],"collection":[{"href":"https:\/\/greenict.de\/en\/wp-json\/wp\/v2\/pages"}],"about":[{"href":"https:\/\/greenict.de\/en\/wp-json\/wp\/v2\/types\/page"}],"author":[{"embeddable":true,"href":"https:\/\/greenict.de\/en\/wp-json\/wp\/v2\/users\/2"}],"replies":[{"embeddable":true,"href":"https:\/\/greenict.de\/en\/wp-json\/wp\/v2\/comments?post=13899"}],"version-history":[{"count":28,"href":"https:\/\/greenict.de\/en\/wp-json\/wp\/v2\/pages\/13899\/revisions"}],"predecessor-version":[{"id":13984,"href":"https:\/\/greenict.de\/en\/wp-json\/wp\/v2\/pages\/13899\/revisions\/13984"}],"wp:attachment":[{"href":"https:\/\/greenict.de\/en\/wp-json\/wp\/v2\/media?parent=13899"}],"curies":[{"name":"wp","href":"https:\/\/api.w.org\/{rel}","templated":true}]}}