{"id":13197,"date":"2025-07-31T14:28:16","date_gmt":"2025-07-31T12:28:16","guid":{"rendered":"https:\/\/greenict.de\/?page_id=13197"},"modified":"2025-07-31T15:01:43","modified_gmt":"2025-07-31T13:01:43","slug":"oekobilanzierung-in-der-elektronik","status":"publish","type":"page","link":"https:\/\/greenict.de\/en\/oekobilanzierung-in-der-elektronik\/","title":{"rendered":"Themenfeld LCA: \u00d6kobilanzierung in der Elektronik"},"content":{"rendered":"<p>Wir empfehlen, zuerst das jeweilige Basismodul anzuschauen (falls vorhanden).<\/p>\n\n\n\n<h2 class=\"wp-block-heading\" style=\"font-style:normal;font-weight:300\">Modul <em>\u00bb<\/em>LCA-1\u00ab<\/h2>\n\n\n\n<h3 class=\"wp-block-heading\" style=\"font-style:normal;font-weight:300\">Basismodul<\/h3>\n\n\n\n<p><strong>\u00bbEinf\u00fchrung \u00d6kobilanzierung in IKT\u00ab<\/strong><br>Inhalt folgt<\/p>\n\n\n\n<hr class=\"wp-block-separator has-alpha-channel-opacity\"\/>\n\n\n\n<h2 class=\"wp-block-heading\" style=\"font-style:normal;font-weight:300\">Modul <em>\u00bb<\/em>LCA-2\u00ab<\/h2>\n\n\n\n<h3 class=\"wp-block-heading\" style=\"font-style:normal;font-weight:300\">Basismodul 1<\/h3>\n\n\n\n<p><strong>J. R\u00fcckschloss: \u00bbUmweltbewertung von Komponenten\u00ab&nbsp;<\/strong><br>Inhalt: In diesem Video erl\u00e4utern wir die Methode der \u00d6kobilanz. Anschlie\u00dfend zeigen wir, wie wir konkret \u00d6kobilanzen f\u00fcr Elektronikprodukte erstellen und wie wir die L\u00fccke zwischen dem theoretischen Idealfall und den realen Datenl\u00fccken schlie\u00dfen.<\/p>\n\n\n\n<p>Dauer: 9 min <br><a href=\"https:\/\/youtu.be\/hoUdhmM1M1o?list=PLk-ixsN065wlPhXch5KFzJhmGS4gv-__e\" target=\"_blank\" rel=\"noreferrer noopener\">Link zum Video<\/a><\/p>\n\n\n\n<h3 class=\"wp-block-heading\" style=\"font-style:normal;font-weight:300\">Basismodul 2<\/h3>\n\n\n\n<p><strong>M. Billaud: \u00bb\u00d6kobilanz \u2013 Bestimmung der Die-Fl\u00e4che\u00ab&nbsp;<\/strong><br>Inhalt: In diesem Video erl\u00e4utern wir die Methode der \u00d6kobilanz und erkl\u00e4ren, warum der Halbleiteranteil in integrierten Schaltkreisen von entscheidender Bedeutung ist. Die Chipfl\u00e4che ist ein wesentlicher Parameter f\u00fcr die \u00d6kobilanz eines Elektronikprodukts. Wir zeigen anhand physikalischer Analysen, wie stark verf\u00fcgbare Daten und die Realit\u00e4t teilweise voneinander abweichen. Die verschiedenen Analysemethoden haben somit erhebliche Auswirkungen auf unser Endergebnis.<\/p>\n\n\n\n<p>Dauer: 13 min <br><a href=\"https:\/\/youtu.be\/hoUdhmM1M1o?list=PLk-ixsN065wlPhXch5KFzJhmGS4gv-__e\" target=\"_blank\" rel=\"noreferrer noopener\">Link zum Video<\/a><\/p>\n\n\n\n<h3 class=\"wp-block-heading\" style=\"font-style:normal;font-weight:300\">Basismodul 3<\/h3>\n\n\n\n<p><strong>J. R\u00fcckschloss: \u00bbSmartcity &#8211; vereinfachte LCA f\u00fcr Sensoren in der Stadt\u00ab&nbsp;<\/strong><br>Inhalt: Digitalisierte L\u00f6sungen f\u00fcr das Abfallmanagement und die Beleuchtung in St\u00e4dten k\u00f6nnen die nachhaltige Stadtplanung unterst\u00fctzen. In diesem Video erkl\u00e4ren wir, unter welchen Bedingungen diese intelligente Sensorik tats\u00e4chlich nachhaltiger ist. Mithilfe einer vereinfachten \u00d6kobilanz wurde die erforderliche IT-Infrastruktur und Sensorik den sp\u00e4teren Vorteilen, wie beispielsweise einem verringerten Stromverbrauch, gegen\u00fcbergestellt.<\/p>\n\n\n\n<p>Dauer: 19 min <br><a href=\"https:\/\/youtu.be\/G3f0aj3WXVY\" target=\"_blank\" rel=\"noreferrer noopener\">Link zum Video<\/a><\/p>","protected":false},"excerpt":{"rendered":"<p>Wir empfehlen, zuerst das jeweilige Basismodul anzuschauen (falls vorhanden). Modul \u00bbLCA-1\u00ab Basismodul \u00bbEinf\u00fchrung \u00d6kobilanzierung in IKT\u00abInhalt folgt Modul \u00bbLCA-2\u00ab Basismodul 1 J. R\u00fcckschloss: \u00bbUmweltbewertung von Komponenten\u00ab&nbsp;Inhalt: In diesem Video erl\u00e4utern wir die Methode der \u00d6kobilanz. Anschlie\u00dfend zeigen wir, wie wir&#8230;<\/p>","protected":false},"author":9,"featured_media":0,"parent":0,"menu_order":0,"comment_status":"closed","ping_status":"closed","template":"","meta":{"_acf_changed":false,"footnotes":""},"class_list":["post-13197","page","type-page","status-publish","hentry"],"acf":[],"yoast_head":"<!-- This site is optimized with the Yoast SEO plugin v27.4 - https:\/\/yoast.com\/product\/yoast-seo-wordpress\/ -->\n<title>Themenfeld LCA: \u00d6kobilanzierung in der Elektronik &#8211; Green ICT<\/title>\n<meta name=\"robots\" content=\"index, follow, max-snippet:-1, max-image-preview:large, max-video-preview:-1\" \/>\n<link rel=\"canonical\" href=\"https:\/\/greenict.de\/en\/oekobilanzierung-in-der-elektronik\/\" \/>\n<script type=\"application\/ld+json\" class=\"yoast-schema-graph\">{\"@context\":\"https:\\\/\\\/schema.org\",\"@graph\":[{\"@type\":\"WebPage\",\"@id\":\"https:\\\/\\\/greenict.de\\\/oekobilanzierung-in-der-elektronik\\\/\",\"url\":\"https:\\\/\\\/greenict.de\\\/oekobilanzierung-in-der-elektronik\\\/\",\"name\":\"Themenfeld LCA: \u00d6kobilanzierung in der Elektronik &#8211; Green ICT\",\"isPartOf\":{\"@id\":\"https:\\\/\\\/greenict.de\\\/#website\"},\"datePublished\":\"2025-07-31T12:28:16+00:00\",\"dateModified\":\"2025-07-31T13:01:43+00:00\",\"breadcrumb\":{\"@id\":\"https:\\\/\\\/greenict.de\\\/oekobilanzierung-in-der-elektronik\\\/#breadcrumb\"},\"inLanguage\":\"en-GB\",\"potentialAction\":[{\"@type\":\"ReadAction\",\"target\":[\"https:\\\/\\\/greenict.de\\\/oekobilanzierung-in-der-elektronik\\\/\"]}]},{\"@type\":\"BreadcrumbList\",\"@id\":\"https:\\\/\\\/greenict.de\\\/oekobilanzierung-in-der-elektronik\\\/#breadcrumb\",\"itemListElement\":[{\"@type\":\"ListItem\",\"position\":1,\"name\":\"Startseite\",\"item\":\"https:\\\/\\\/greenict.de\\\/\"},{\"@type\":\"ListItem\",\"position\":2,\"name\":\"Themenfeld LCA: \u00d6kobilanzierung in der Elektronik\"}]},{\"@type\":\"WebSite\",\"@id\":\"https:\\\/\\\/greenict.de\\\/#website\",\"url\":\"https:\\\/\\\/greenict.de\\\/\",\"name\":\"Green ICT\",\"description\":\"Kompetenzzentrum f\u00fcr eine ressourcenbewusste Informations- und Kommunikationstechnik\",\"publisher\":{\"@id\":\"https:\\\/\\\/greenict.de\\\/#organization\"},\"alternateName\":\"Nachhaltige Mikroelektronik\",\"potentialAction\":[{\"@type\":\"SearchAction\",\"target\":{\"@type\":\"EntryPoint\",\"urlTemplate\":\"https:\\\/\\\/greenict.de\\\/?s={search_term_string}\"},\"query-input\":{\"@type\":\"PropertyValueSpecification\",\"valueRequired\":true,\"valueName\":\"search_term_string\"}}],\"inLanguage\":\"en-GB\"},{\"@type\":\"Organization\",\"@id\":\"https:\\\/\\\/greenict.de\\\/#organization\",\"name\":\"Forschungsfabrik Mikroelektronik Deutschland\",\"alternateName\":\"FMD\",\"url\":\"https:\\\/\\\/greenict.de\\\/\",\"logo\":{\"@type\":\"ImageObject\",\"inLanguage\":\"en-GB\",\"@id\":\"https:\\\/\\\/greenict.de\\\/#\\\/schema\\\/logo\\\/image\\\/\",\"url\":\"https:\\\/\\\/greenict.de\\\/wp-content\\\/uploads\\\/2022\\\/11\\\/FMD-Logo_farbe-50-mm.png\",\"contentUrl\":\"https:\\\/\\\/greenict.de\\\/wp-content\\\/uploads\\\/2022\\\/11\\\/FMD-Logo_farbe-50-mm.png\",\"width\":592,\"height\":135,\"caption\":\"Forschungsfabrik Mikroelektronik Deutschland\"},\"image\":{\"@id\":\"https:\\\/\\\/greenict.de\\\/#\\\/schema\\\/logo\\\/image\\\/\"}}]}<\/script>\n<!-- \/ Yoast SEO plugin. -->","yoast_head_json":{"title":"Themenfeld LCA: \u00d6kobilanzierung in der Elektronik &#8211; Green ICT","robots":{"index":"index","follow":"follow","max-snippet":"max-snippet:-1","max-image-preview":"max-image-preview:large","max-video-preview":"max-video-preview:-1"},"canonical":"https:\/\/greenict.de\/en\/oekobilanzierung-in-der-elektronik\/","schema":{"@context":"https:\/\/schema.org","@graph":[{"@type":"WebPage","@id":"https:\/\/greenict.de\/oekobilanzierung-in-der-elektronik\/","url":"https:\/\/greenict.de\/oekobilanzierung-in-der-elektronik\/","name":"Themenfeld LCA: \u00d6kobilanzierung in der Elektronik &#8211; Green ICT","isPartOf":{"@id":"https:\/\/greenict.de\/#website"},"datePublished":"2025-07-31T12:28:16+00:00","dateModified":"2025-07-31T13:01:43+00:00","breadcrumb":{"@id":"https:\/\/greenict.de\/oekobilanzierung-in-der-elektronik\/#breadcrumb"},"inLanguage":"en-GB","potentialAction":[{"@type":"ReadAction","target":["https:\/\/greenict.de\/oekobilanzierung-in-der-elektronik\/"]}]},{"@type":"BreadcrumbList","@id":"https:\/\/greenict.de\/oekobilanzierung-in-der-elektronik\/#breadcrumb","itemListElement":[{"@type":"ListItem","position":1,"name":"Startseite","item":"https:\/\/greenict.de\/"},{"@type":"ListItem","position":2,"name":"Themenfeld LCA: \u00d6kobilanzierung in der Elektronik"}]},{"@type":"WebSite","@id":"https:\/\/greenict.de\/#website","url":"https:\/\/greenict.de\/","name":"Competence center for sustainable IT and communication technology","description":"Competence center for sustainable information and communication technology","publisher":{"@id":"https:\/\/greenict.de\/#organization"},"alternateName":"Nachhaltige Mikroelektronik","potentialAction":[{"@type":"SearchAction","target":{"@type":"EntryPoint","urlTemplate":"https:\/\/greenict.de\/?s={search_term_string}"},"query-input":{"@type":"PropertyValueSpecification","valueRequired":true,"valueName":"search_term_string"}}],"inLanguage":"en-GB"},{"@type":"Organization","@id":"https:\/\/greenict.de\/#organization","name":"Research Fab Microelectronics Germany","alternateName":"FMD","url":"https:\/\/greenict.de\/","logo":{"@type":"ImageObject","inLanguage":"en-GB","@id":"https:\/\/greenict.de\/#\/schema\/logo\/image\/","url":"https:\/\/greenict.de\/wp-content\/uploads\/2022\/11\/FMD-Logo_farbe-50-mm.png","contentUrl":"https:\/\/greenict.de\/wp-content\/uploads\/2022\/11\/FMD-Logo_farbe-50-mm.png","width":592,"height":135,"caption":"Forschungsfabrik Mikroelektronik Deutschland"},"image":{"@id":"https:\/\/greenict.de\/#\/schema\/logo\/image\/"}}]}},"_links":{"self":[{"href":"https:\/\/greenict.de\/en\/wp-json\/wp\/v2\/pages\/13197","targetHints":{"allow":["GET"]}}],"collection":[{"href":"https:\/\/greenict.de\/en\/wp-json\/wp\/v2\/pages"}],"about":[{"href":"https:\/\/greenict.de\/en\/wp-json\/wp\/v2\/types\/page"}],"author":[{"embeddable":true,"href":"https:\/\/greenict.de\/en\/wp-json\/wp\/v2\/users\/9"}],"replies":[{"embeddable":true,"href":"https:\/\/greenict.de\/en\/wp-json\/wp\/v2\/comments?post=13197"}],"version-history":[{"count":3,"href":"https:\/\/greenict.de\/en\/wp-json\/wp\/v2\/pages\/13197\/revisions"}],"predecessor-version":[{"id":13236,"href":"https:\/\/greenict.de\/en\/wp-json\/wp\/v2\/pages\/13197\/revisions\/13236"}],"wp:attachment":[{"href":"https:\/\/greenict.de\/en\/wp-json\/wp\/v2\/media?parent=13197"}],"curies":[{"name":"wp","href":"https:\/\/api.w.org\/{rel}","templated":true}]}}