{"id":12920,"date":"2025-06-30T13:39:03","date_gmt":"2025-06-30T11:39:03","guid":{"rendered":"https:\/\/greenict.de\/?page_id=12920"},"modified":"2025-07-31T14:48:59","modified_gmt":"2025-07-31T12:48:59","slug":"oekologische-nachhaltigkeit-elektronischer-systeme","status":"publish","type":"page","link":"https:\/\/greenict.de\/en\/oekologische-nachhaltigkeit-elektronischer-systeme\/","title":{"rendered":"Themenfeld ECO: \u00d6kologische Nachhaltigkeit elektronischer Systeme"},"content":{"rendered":"<p>Wir empfehlen, zuerst das jeweilige Basismodul anzuschauen (falls vorhanden).<\/p>\n\n\n\n<h2 class=\"wp-block-heading\" style=\"font-style:normal;font-weight:300\">Modul <em>\u00bb<\/em>ECO-1\u00ab<\/h2>\n\n\n\n<h3 class=\"wp-block-heading\" style=\"font-style:normal;font-weight:300\">Aufbaumodul <\/h3>\n\n\n\n<p><strong>N. F. Nissen: \u00bb\u00d6kobilanzierung und Klimaneutralit\u00e4t von IKT \u2013 Basiswissen und Herausforderungen f\u00fcr Unternehmen\u00ab<\/strong><br>Inhalt: In diesem Webinar werden die Grundlagen und Werkzeuge zur hardware- und prozessnahen Umweltbewertung im Elektroniksektor vorgestellt und durch praktische Beispiele vertieft. Ein kurzer \u00dcberblick \u00fcber die Umweltpolitik und relevante Umweltgesetze f\u00fcr die Elektronikbranche rundet das Seminar ab.&nbsp;<\/p>\n\n\n\n<p>Dauer: 120 min <br><a href=\"https:\/\/www.youtube.com\/watch?v=OC_JL08NAF4&amp;list=PLBalY6aFaHHT6-o_oSyZI-2VwtYP-Bt6m\" target=\"_blank\" rel=\"noreferrer noopener\">Link zum Video<\/a><\/p>\n\n\n\n<hr class=\"wp-block-separator has-alpha-channel-opacity\"\/>\n\n\n\n<h2 class=\"wp-block-heading\" style=\"font-style:normal;font-weight:300\">Modul <em>\u00bb<\/em>ECO-2\u00ab<\/h2>\n\n\n\n<h3 class=\"wp-block-heading\" style=\"font-style:normal;font-weight:300\">Basismodul <\/h3>\n\n\n\n<p><strong>R. Quay: \u00bbEinf\u00fchrung &#8211; Nachhaltige elektronische Systeme \/Elektronikproduktion\u00ab\u00a0<\/strong><br>Inhalt folgt<\/p>\n\n\n\n<h3 class=\"wp-block-heading\" style=\"font-style:normal;font-weight:300\">Aufbaumodul <\/h3>\n\n\n\n<p><strong>R. Quay: \u00bbCircularity in der Elektronik: Strategien f\u00fcr eine nachhaltige Elektronik\u00ab\u00a0<\/strong><br>Inhalt folgt<\/p>\n\n\n\n<hr class=\"wp-block-separator has-alpha-channel-opacity\"\/>\n\n\n\n<h2 class=\"wp-block-heading\" style=\"font-style:normal;font-weight:300\">Modul <em>\u00bb<\/em>ECO-3\u00ab<\/h2>\n\n\n\n<h3 class=\"wp-block-heading\" style=\"font-style:normal;font-weight:300\">Aufbaumodul 1<\/h3>\n\n\n\n<p><strong>M. Wagih: \u00bbNachhaltige Elektronik von der Herstellung bis zu RF-gest\u00fctzten Anwendungen\u00ab<\/strong> (English)<br>Inhalt: Um den \u00f6kologischen Fu\u00dfabdruck von Elektronik und Informations- und Kommunikationstechnik (IKT) zu reduzieren, ist ein ganzheitlicher Ansatz n\u00f6tig, der die Leistung nicht beeintr\u00e4chtigt. In diesem Vortrag werden Beispiele f\u00fcr umweltfreundliche Produktions- und Recyclingmethoden in der Hochleistungselektronik vorgestellt, mit Fokus auf PCB-L\u00f6sungen. Zudem werden RF-Systeme f\u00fcr drahtlose IoT-Anwendungen pr\u00e4sentiert, die unter Ber\u00fccksichtigung von Umweltrichtlinien entwickelt wurden, einschlie\u00dflich batterieloser und chiploser Sensorsysteme. Abschlie\u00dfend werden vorl\u00e4ufige \u00d6kobilanzen f\u00fcr drahtlose Ger\u00e4te diskutiert, die zuk\u00fcnftige Richtlinien f\u00fcr nachhaltiges Design aufzeigen.<\/p>\n\n\n\n<p>Dauer: 46 min <br><a href=\"https:\/\/youtu.be\/UdNNntULVok\" target=\"_blank\" rel=\"noreferrer noopener\">Link zum Video<\/a><\/p>\n\n\n\n<h3 class=\"wp-block-heading\" style=\"font-style:normal;font-weight:300\">Aufbaumodul 2<\/h3>\n\n\n\n<p><strong>J.-P. Raskin: \u00bbNachhaltigkeit in Informations- und Kommunikationstechnologien\u00ab<\/strong> (English)<br>Inhalt: In dem Vortrag werden die unsichtbaren Aspekte der digitalen Welt beleuchtet. Die Auswirkungen der Informations- und Kommunikationstechnologien (IKT) werden untersucht und technologischen Entscheidungen im digitalen Wandel hinterfragt. Ein ganzheitlicher, interdisziplin\u00e4rer und praktischer Ansatz f\u00f6rdert kreatives Denken und Handeln innerhalb unseres \u00d6kosystems. Es werden aktuelle Beispiele aus der Forschung vorgestellt und diskutiert.<\/p>\n\n\n\n<p>Dauer: 32 min <br><a href=\"https:\/\/youtu.be\/2H4I3ufmrj0\" target=\"_blank\" rel=\"noreferrer noopener\">Link zum Video<\/a><\/p>\n\n\n\n<p><\/p>","protected":false},"excerpt":{"rendered":"<p>Wir empfehlen, zuerst das jeweilige Basismodul anzuschauen (falls vorhanden). Modul \u00bbECO-1\u00ab Aufbaumodul N. F. Nissen: \u00bb\u00d6kobilanzierung und Klimaneutralit\u00e4t von IKT \u2013 Basiswissen und Herausforderungen f\u00fcr Unternehmen\u00abInhalt: In diesem Webinar werden die Grundlagen und Werkzeuge zur hardware- und prozessnahen Umweltbewertung im&#8230;<\/p>","protected":false},"author":2,"featured_media":0,"parent":0,"menu_order":0,"comment_status":"closed","ping_status":"closed","template":"","meta":{"_acf_changed":false,"footnotes":""},"class_list":["post-12920","page","type-page","status-publish","hentry"],"acf":[],"yoast_head":"<!-- This site is optimized with the Yoast SEO plugin v27.4 - https:\/\/yoast.com\/product\/yoast-seo-wordpress\/ -->\n<title>Themenfeld ECO: \u00d6kologische Nachhaltigkeit elektronischer Systeme &#8211; Green ICT<\/title>\n<meta name=\"robots\" content=\"index, follow, max-snippet:-1, max-image-preview:large, max-video-preview:-1\" \/>\n<link rel=\"canonical\" href=\"https:\/\/greenict.de\/en\/oekologische-nachhaltigkeit-elektronischer-systeme\/\" \/>\n<script type=\"application\/ld+json\" class=\"yoast-schema-graph\">{\"@context\":\"https:\\\/\\\/schema.org\",\"@graph\":[{\"@type\":\"WebPage\",\"@id\":\"https:\\\/\\\/greenict.de\\\/oekologische-nachhaltigkeit-elektronischer-systeme\\\/\",\"url\":\"https:\\\/\\\/greenict.de\\\/oekologische-nachhaltigkeit-elektronischer-systeme\\\/\",\"name\":\"Themenfeld ECO: \u00d6kologische Nachhaltigkeit elektronischer Systeme &#8211; Green ICT\",\"isPartOf\":{\"@id\":\"https:\\\/\\\/greenict.de\\\/#website\"},\"datePublished\":\"2025-06-30T11:39:03+00:00\",\"dateModified\":\"2025-07-31T12:48:59+00:00\",\"breadcrumb\":{\"@id\":\"https:\\\/\\\/greenict.de\\\/oekologische-nachhaltigkeit-elektronischer-systeme\\\/#breadcrumb\"},\"inLanguage\":\"en-GB\",\"potentialAction\":[{\"@type\":\"ReadAction\",\"target\":[\"https:\\\/\\\/greenict.de\\\/oekologische-nachhaltigkeit-elektronischer-systeme\\\/\"]}]},{\"@type\":\"BreadcrumbList\",\"@id\":\"https:\\\/\\\/greenict.de\\\/oekologische-nachhaltigkeit-elektronischer-systeme\\\/#breadcrumb\",\"itemListElement\":[{\"@type\":\"ListItem\",\"position\":1,\"name\":\"Startseite\",\"item\":\"https:\\\/\\\/greenict.de\\\/\"},{\"@type\":\"ListItem\",\"position\":2,\"name\":\"Themenfeld ECO: \u00d6kologische Nachhaltigkeit elektronischer Systeme\"}]},{\"@type\":\"WebSite\",\"@id\":\"https:\\\/\\\/greenict.de\\\/#website\",\"url\":\"https:\\\/\\\/greenict.de\\\/\",\"name\":\"Green ICT\",\"description\":\"Kompetenzzentrum f\u00fcr eine ressourcenbewusste Informations- und Kommunikationstechnik\",\"publisher\":{\"@id\":\"https:\\\/\\\/greenict.de\\\/#organization\"},\"alternateName\":\"Nachhaltige Mikroelektronik\",\"potentialAction\":[{\"@type\":\"SearchAction\",\"target\":{\"@type\":\"EntryPoint\",\"urlTemplate\":\"https:\\\/\\\/greenict.de\\\/?s={search_term_string}\"},\"query-input\":{\"@type\":\"PropertyValueSpecification\",\"valueRequired\":true,\"valueName\":\"search_term_string\"}}],\"inLanguage\":\"en-GB\"},{\"@type\":\"Organization\",\"@id\":\"https:\\\/\\\/greenict.de\\\/#organization\",\"name\":\"Forschungsfabrik Mikroelektronik Deutschland\",\"alternateName\":\"FMD\",\"url\":\"https:\\\/\\\/greenict.de\\\/\",\"logo\":{\"@type\":\"ImageObject\",\"inLanguage\":\"en-GB\",\"@id\":\"https:\\\/\\\/greenict.de\\\/#\\\/schema\\\/logo\\\/image\\\/\",\"url\":\"https:\\\/\\\/greenict.de\\\/wp-content\\\/uploads\\\/2022\\\/11\\\/FMD-Logo_farbe-50-mm.png\",\"contentUrl\":\"https:\\\/\\\/greenict.de\\\/wp-content\\\/uploads\\\/2022\\\/11\\\/FMD-Logo_farbe-50-mm.png\",\"width\":592,\"height\":135,\"caption\":\"Forschungsfabrik Mikroelektronik Deutschland\"},\"image\":{\"@id\":\"https:\\\/\\\/greenict.de\\\/#\\\/schema\\\/logo\\\/image\\\/\"}}]}<\/script>\n<!-- \/ Yoast SEO plugin. -->","yoast_head_json":{"title":"Themenfeld ECO: \u00d6kologische Nachhaltigkeit elektronischer Systeme &#8211; Green ICT","robots":{"index":"index","follow":"follow","max-snippet":"max-snippet:-1","max-image-preview":"max-image-preview:large","max-video-preview":"max-video-preview:-1"},"canonical":"https:\/\/greenict.de\/en\/oekologische-nachhaltigkeit-elektronischer-systeme\/","schema":{"@context":"https:\/\/schema.org","@graph":[{"@type":"WebPage","@id":"https:\/\/greenict.de\/oekologische-nachhaltigkeit-elektronischer-systeme\/","url":"https:\/\/greenict.de\/oekologische-nachhaltigkeit-elektronischer-systeme\/","name":"Themenfeld ECO: \u00d6kologische Nachhaltigkeit elektronischer Systeme &#8211; Green ICT","isPartOf":{"@id":"https:\/\/greenict.de\/#website"},"datePublished":"2025-06-30T11:39:03+00:00","dateModified":"2025-07-31T12:48:59+00:00","breadcrumb":{"@id":"https:\/\/greenict.de\/oekologische-nachhaltigkeit-elektronischer-systeme\/#breadcrumb"},"inLanguage":"en-GB","potentialAction":[{"@type":"ReadAction","target":["https:\/\/greenict.de\/oekologische-nachhaltigkeit-elektronischer-systeme\/"]}]},{"@type":"BreadcrumbList","@id":"https:\/\/greenict.de\/oekologische-nachhaltigkeit-elektronischer-systeme\/#breadcrumb","itemListElement":[{"@type":"ListItem","position":1,"name":"Startseite","item":"https:\/\/greenict.de\/"},{"@type":"ListItem","position":2,"name":"Themenfeld ECO: \u00d6kologische Nachhaltigkeit elektronischer Systeme"}]},{"@type":"WebSite","@id":"https:\/\/greenict.de\/#website","url":"https:\/\/greenict.de\/","name":"Competence center for sustainable IT and communication technology","description":"Competence center for sustainable information and communication technology","publisher":{"@id":"https:\/\/greenict.de\/#organization"},"alternateName":"Nachhaltige Mikroelektronik","potentialAction":[{"@type":"SearchAction","target":{"@type":"EntryPoint","urlTemplate":"https:\/\/greenict.de\/?s={search_term_string}"},"query-input":{"@type":"PropertyValueSpecification","valueRequired":true,"valueName":"search_term_string"}}],"inLanguage":"en-GB"},{"@type":"Organization","@id":"https:\/\/greenict.de\/#organization","name":"Research Fab Microelectronics Germany","alternateName":"FMD","url":"https:\/\/greenict.de\/","logo":{"@type":"ImageObject","inLanguage":"en-GB","@id":"https:\/\/greenict.de\/#\/schema\/logo\/image\/","url":"https:\/\/greenict.de\/wp-content\/uploads\/2022\/11\/FMD-Logo_farbe-50-mm.png","contentUrl":"https:\/\/greenict.de\/wp-content\/uploads\/2022\/11\/FMD-Logo_farbe-50-mm.png","width":592,"height":135,"caption":"Forschungsfabrik Mikroelektronik Deutschland"},"image":{"@id":"https:\/\/greenict.de\/#\/schema\/logo\/image\/"}}]}},"_links":{"self":[{"href":"https:\/\/greenict.de\/en\/wp-json\/wp\/v2\/pages\/12920","targetHints":{"allow":["GET"]}}],"collection":[{"href":"https:\/\/greenict.de\/en\/wp-json\/wp\/v2\/pages"}],"about":[{"href":"https:\/\/greenict.de\/en\/wp-json\/wp\/v2\/types\/page"}],"author":[{"embeddable":true,"href":"https:\/\/greenict.de\/en\/wp-json\/wp\/v2\/users\/2"}],"replies":[{"embeddable":true,"href":"https:\/\/greenict.de\/en\/wp-json\/wp\/v2\/comments?post=12920"}],"version-history":[{"count":62,"href":"https:\/\/greenict.de\/en\/wp-json\/wp\/v2\/pages\/12920\/revisions"}],"predecessor-version":[{"id":13234,"href":"https:\/\/greenict.de\/en\/wp-json\/wp\/v2\/pages\/12920\/revisions\/13234"}],"wp:attachment":[{"href":"https:\/\/greenict.de\/en\/wp-json\/wp\/v2\/media?parent=12920"}],"curies":[{"name":"wp","href":"https:\/\/api.w.org\/{rel}","templated":true}]}}