{"id":12819,"date":"2025-06-18T14:21:52","date_gmt":"2025-06-18T12:21:52","guid":{"rendered":"https:\/\/greenict.de\/?page_id=12819"},"modified":"2026-01-05T15:24:05","modified_gmt":"2026-01-05T14:24:05","slug":"studie-strombedarf-carbon-footprint-ikt-deutschland","status":"publish","type":"page","link":"https:\/\/greenict.de\/en\/studie-strombedarf-carbon-footprint-ikt-deutschland\/","title":{"rendered":"Studie zum Strombedarf und Carbon Footprint der IKT in Deutschland"},"content":{"rendered":"<p><\/p>\n\n\n\n<p><a href=\"https:\/\/greenict.de\/wp-content\/uploads\/2026\/01\/2025_12_09_IKT-StudieIZM.pdf\" target=\"_blank\" rel=\"noreferrer noopener\">> Direkt zur Studie<\/a><\/p>\n\n\n\n<p>Im Kontext der fortschreitenden Digitalisierung und des zunehmenden Einsatzes von Informations- und Kommunikationstechnik (IKT) ist die Analyse der damit verbundenen Umweltwirkungen von zentraler Bedeutung. Der vorliegende Bericht prognostiziert den j\u00e4hrlichen Strombedarf der IKT in Deutschland sowie die Treibhausgasemissionen, die durch die Herstellung und Nutzung der IKT-Ger\u00e4te entstehen. Diese Studie wurde vom Bundesministerium f\u00fcr Bildung und Forschung (BMBF), heute Bundesministerium f\u00fcr Forschung, Technologie und Raumfahrt (BMFTR), im Rahmen des Kompetenzzentrums Green ICT @ FMD in Auftrag gegeben und bietet eine fundierte Grundlage f\u00fcr die Bewertung der Entwicklungen im Zeitraum von 2010 bis 2036.<\/p>\n\n\n\n<p>Das vom Fraunhofer IZM entwickelte Datenmodell ber\u00fccksichtigt wesentliche Anwendungsbereiche und Produktkategorien der IKT, darunter Haushalte, Arbeitspl\u00e4tze, Rechenzentren und Telekommunikationsnetze. Ziel dieser Analyse ist es, ein umfassendes Verst\u00e4ndnis \u00fcber den Energieverbrauch und die umweltbezogenen Herausforderungen der IKT zu erlangen, um dadurch k\u00fcnftige Handlungsempfehlungen f\u00fcr eine reduzierte Klimawirkung von IKT abzuleiten. Die Ergebnisse der Studie werden im Folgenden detailliert dargestellt und diskutiert.<\/p>\n\n\n\n<h2 class=\"wp-block-heading\">Kernaussagen der Studie<\/h2>\n\n\n\n<ul class=\"wp-block-list\">\n<li>Trotz immer effizienter werdender Ger\u00e4te und Infrastrukturen stieg der j\u00e4hrliche Stromverbrauch der IKT in Deutschland von 2015 (46,4 TWh) bis 2025 (54,4 TWh) signifikant um 17 % an<\/li>\n\n\n\n<li>In den n\u00e4chsten 10 Jahren (bis 2035) wird von einem noch steileren Anstieg um 39 % auf insgesamt 75,5 TWh ausgegangen<\/li>\n\n\n\n<li>Rechenzentren werden dabei zum gr\u00f6\u00dften Treiber des k\u00fcnftigen Strombedarfs von IKT in Deutschland<\/li>\n\n\n\n<li>Der Anteil der Rechenzentren am Gesamtstrombedarf der IKT w\u00e4chst deutlich an: von ca. 30 % im Jahr 2015 wird sich dieser im Jahr 2035 auf 54,7 % erh\u00f6hen<\/li>\n<\/ul>\n\n\n<div class=\"wp-block-image\">\n<figure class=\"aligncenter size-full\"><a href=\"https:\/\/greenict.de\/wp-content\/uploads\/2026\/01\/2025_12_09_IKT-StudieIZM.pdf\"><img loading=\"lazy\" decoding=\"async\" width=\"640\" height=\"580\" src=\"https:\/\/greenict.de\/wp-content\/uploads\/2025\/07\/grafik.png\" alt=\"\" class=\"wp-image-13100\" srcset=\"https:\/\/greenict.de\/wp-content\/uploads\/2025\/07\/grafik.png 640w, https:\/\/greenict.de\/wp-content\/uploads\/2025\/07\/grafik-300x272.png 300w, https:\/\/greenict.de\/wp-content\/uploads\/2025\/07\/grafik-13x12.png 13w\" sizes=\"auto, (max-width: 640px) 100vw, 640px\" \/><\/a><\/figure>\n<\/div>\n\n\n<p><\/p>\n\n\n\n<div class=\"wp-block-buttons is-content-justification-center is-layout-flex wp-container-core-buttons-is-layout-16018d1d wp-block-buttons-is-layout-flex\">\n<div class=\"wp-block-button has-custom-width wp-block-button__width-75\"><a class=\"wp-block-button__link has-white-color has-text-color has-background has-small-font-size has-custom-font-size wp-element-button\" href=\"https:\/\/greenict.de\/wp-content\/uploads\/2026\/01\/2025_12_09_IKT-StudieIZM.pdf\" style=\"background-color:#009374\" target=\"_blank\" rel=\"https:\/\/greenict.de\/kontakt\/ noopener noreferrer noreferrer noopener\">Learn more<\/a><\/div>\n<\/div>","protected":false},"excerpt":{"rendered":"<p>> Direkt zur Studie Im Kontext der fortschreitenden Digitalisierung und des zunehmenden Einsatzes von Informations- und Kommunikationstechnik (IKT) ist die Analyse der damit verbundenen Umweltwirkungen von zentraler Bedeutung. Der vorliegende Bericht prognostiziert den j\u00e4hrlichen Strombedarf der IKT in Deutschland sowie&#8230;<\/p>","protected":false},"author":2,"featured_media":0,"parent":0,"menu_order":0,"comment_status":"closed","ping_status":"closed","template":"","meta":{"_acf_changed":false,"footnotes":""},"class_list":["post-12819","page","type-page","status-publish","hentry"],"acf":[],"yoast_head":"<!-- This site is optimized with the Yoast SEO plugin v27.3 - https:\/\/yoast.com\/product\/yoast-seo-wordpress\/ -->\n<title>Studie zum Strombedarf und Carbon Footprint der IKT in Deutschland &#8211; Green ICT<\/title>\n<meta name=\"robots\" content=\"noindex, nofollow\" \/>\n<script type=\"application\/ld+json\" class=\"yoast-schema-graph\">{\"@context\":\"https:\\\/\\\/schema.org\",\"@graph\":[{\"@type\":\"WebPage\",\"@id\":\"https:\\\/\\\/greenict.de\\\/studie-strombedarf-carbon-footprint-ikt-deutschland\\\/\",\"url\":\"https:\\\/\\\/greenict.de\\\/studie-strombedarf-carbon-footprint-ikt-deutschland\\\/\",\"name\":\"Studie zum Strombedarf und Carbon Footprint der IKT in Deutschland &#8211; Green ICT\",\"isPartOf\":{\"@id\":\"https:\\\/\\\/greenict.de\\\/#website\"},\"primaryImageOfPage\":{\"@id\":\"https:\\\/\\\/greenict.de\\\/studie-strombedarf-carbon-footprint-ikt-deutschland\\\/#primaryimage\"},\"image\":{\"@id\":\"https:\\\/\\\/greenict.de\\\/studie-strombedarf-carbon-footprint-ikt-deutschland\\\/#primaryimage\"},\"thumbnailUrl\":\"https:\\\/\\\/greenict.de\\\/wp-content\\\/uploads\\\/2025\\\/07\\\/grafik.png\",\"datePublished\":\"2025-06-18T12:21:52+00:00\",\"dateModified\":\"2026-01-05T14:24:05+00:00\",\"breadcrumb\":{\"@id\":\"https:\\\/\\\/greenict.de\\\/studie-strombedarf-carbon-footprint-ikt-deutschland\\\/#breadcrumb\"},\"inLanguage\":\"en-GB\",\"potentialAction\":[{\"@type\":\"ReadAction\",\"target\":[\"https:\\\/\\\/greenict.de\\\/studie-strombedarf-carbon-footprint-ikt-deutschland\\\/\"]}]},{\"@type\":\"ImageObject\",\"inLanguage\":\"en-GB\",\"@id\":\"https:\\\/\\\/greenict.de\\\/studie-strombedarf-carbon-footprint-ikt-deutschland\\\/#primaryimage\",\"url\":\"https:\\\/\\\/greenict.de\\\/wp-content\\\/uploads\\\/2025\\\/07\\\/grafik.png\",\"contentUrl\":\"https:\\\/\\\/greenict.de\\\/wp-content\\\/uploads\\\/2025\\\/07\\\/grafik.png\"},{\"@type\":\"BreadcrumbList\",\"@id\":\"https:\\\/\\\/greenict.de\\\/studie-strombedarf-carbon-footprint-ikt-deutschland\\\/#breadcrumb\",\"itemListElement\":[{\"@type\":\"ListItem\",\"position\":1,\"name\":\"Startseite\",\"item\":\"https:\\\/\\\/greenict.de\\\/\"},{\"@type\":\"ListItem\",\"position\":2,\"name\":\"Studie zum Strombedarf und Carbon Footprint der IKT in Deutschland\"}]},{\"@type\":\"WebSite\",\"@id\":\"https:\\\/\\\/greenict.de\\\/#website\",\"url\":\"https:\\\/\\\/greenict.de\\\/\",\"name\":\"Green ICT\",\"description\":\"Kompetenzzentrum f\u00fcr eine ressourcenbewusste Informations- und Kommunikationstechnik\",\"publisher\":{\"@id\":\"https:\\\/\\\/greenict.de\\\/#organization\"},\"alternateName\":\"Nachhaltige Mikroelektronik\",\"potentialAction\":[{\"@type\":\"SearchAction\",\"target\":{\"@type\":\"EntryPoint\",\"urlTemplate\":\"https:\\\/\\\/greenict.de\\\/?s={search_term_string}\"},\"query-input\":{\"@type\":\"PropertyValueSpecification\",\"valueRequired\":true,\"valueName\":\"search_term_string\"}}],\"inLanguage\":\"en-GB\"},{\"@type\":\"Organization\",\"@id\":\"https:\\\/\\\/greenict.de\\\/#organization\",\"name\":\"Forschungsfabrik Mikroelektronik Deutschland\",\"alternateName\":\"FMD\",\"url\":\"https:\\\/\\\/greenict.de\\\/\",\"logo\":{\"@type\":\"ImageObject\",\"inLanguage\":\"en-GB\",\"@id\":\"https:\\\/\\\/greenict.de\\\/#\\\/schema\\\/logo\\\/image\\\/\",\"url\":\"https:\\\/\\\/greenict.de\\\/wp-content\\\/uploads\\\/2022\\\/11\\\/FMD-Logo_farbe-50-mm.png\",\"contentUrl\":\"https:\\\/\\\/greenict.de\\\/wp-content\\\/uploads\\\/2022\\\/11\\\/FMD-Logo_farbe-50-mm.png\",\"width\":592,\"height\":135,\"caption\":\"Forschungsfabrik Mikroelektronik Deutschland\"},\"image\":{\"@id\":\"https:\\\/\\\/greenict.de\\\/#\\\/schema\\\/logo\\\/image\\\/\"}}]}<\/script>\n<!-- \/ Yoast SEO plugin. -->","yoast_head_json":{"title":"Studie zum Strombedarf und Carbon Footprint der IKT in Deutschland &#8211; Green ICT","robots":{"index":"noindex","follow":"nofollow"},"schema":{"@context":"https:\/\/schema.org","@graph":[{"@type":"WebPage","@id":"https:\/\/greenict.de\/studie-strombedarf-carbon-footprint-ikt-deutschland\/","url":"https:\/\/greenict.de\/studie-strombedarf-carbon-footprint-ikt-deutschland\/","name":"Studie zum Strombedarf und Carbon Footprint der IKT in Deutschland &#8211; Green ICT","isPartOf":{"@id":"https:\/\/greenict.de\/#website"},"primaryImageOfPage":{"@id":"https:\/\/greenict.de\/studie-strombedarf-carbon-footprint-ikt-deutschland\/#primaryimage"},"image":{"@id":"https:\/\/greenict.de\/studie-strombedarf-carbon-footprint-ikt-deutschland\/#primaryimage"},"thumbnailUrl":"https:\/\/greenict.de\/wp-content\/uploads\/2025\/07\/grafik.png","datePublished":"2025-06-18T12:21:52+00:00","dateModified":"2026-01-05T14:24:05+00:00","breadcrumb":{"@id":"https:\/\/greenict.de\/studie-strombedarf-carbon-footprint-ikt-deutschland\/#breadcrumb"},"inLanguage":"en-GB","potentialAction":[{"@type":"ReadAction","target":["https:\/\/greenict.de\/studie-strombedarf-carbon-footprint-ikt-deutschland\/"]}]},{"@type":"ImageObject","inLanguage":"en-GB","@id":"https:\/\/greenict.de\/studie-strombedarf-carbon-footprint-ikt-deutschland\/#primaryimage","url":"https:\/\/greenict.de\/wp-content\/uploads\/2025\/07\/grafik.png","contentUrl":"https:\/\/greenict.de\/wp-content\/uploads\/2025\/07\/grafik.png"},{"@type":"BreadcrumbList","@id":"https:\/\/greenict.de\/studie-strombedarf-carbon-footprint-ikt-deutschland\/#breadcrumb","itemListElement":[{"@type":"ListItem","position":1,"name":"Startseite","item":"https:\/\/greenict.de\/"},{"@type":"ListItem","position":2,"name":"Studie zum Strombedarf und Carbon Footprint der IKT in Deutschland"}]},{"@type":"WebSite","@id":"https:\/\/greenict.de\/#website","url":"https:\/\/greenict.de\/","name":"Competence center for sustainable IT and communication technology","description":"Competence center for sustainable information and communication technology","publisher":{"@id":"https:\/\/greenict.de\/#organization"},"alternateName":"Nachhaltige Mikroelektronik","potentialAction":[{"@type":"SearchAction","target":{"@type":"EntryPoint","urlTemplate":"https:\/\/greenict.de\/?s={search_term_string}"},"query-input":{"@type":"PropertyValueSpecification","valueRequired":true,"valueName":"search_term_string"}}],"inLanguage":"en-GB"},{"@type":"Organization","@id":"https:\/\/greenict.de\/#organization","name":"Research Fab Microelectronics Germany","alternateName":"FMD","url":"https:\/\/greenict.de\/","logo":{"@type":"ImageObject","inLanguage":"en-GB","@id":"https:\/\/greenict.de\/#\/schema\/logo\/image\/","url":"https:\/\/greenict.de\/wp-content\/uploads\/2022\/11\/FMD-Logo_farbe-50-mm.png","contentUrl":"https:\/\/greenict.de\/wp-content\/uploads\/2022\/11\/FMD-Logo_farbe-50-mm.png","width":592,"height":135,"caption":"Forschungsfabrik Mikroelektronik Deutschland"},"image":{"@id":"https:\/\/greenict.de\/#\/schema\/logo\/image\/"}}]}},"_links":{"self":[{"href":"https:\/\/greenict.de\/en\/wp-json\/wp\/v2\/pages\/12819","targetHints":{"allow":["GET"]}}],"collection":[{"href":"https:\/\/greenict.de\/en\/wp-json\/wp\/v2\/pages"}],"about":[{"href":"https:\/\/greenict.de\/en\/wp-json\/wp\/v2\/types\/page"}],"author":[{"embeddable":true,"href":"https:\/\/greenict.de\/en\/wp-json\/wp\/v2\/users\/2"}],"replies":[{"embeddable":true,"href":"https:\/\/greenict.de\/en\/wp-json\/wp\/v2\/comments?post=12819"}],"version-history":[{"count":23,"href":"https:\/\/greenict.de\/en\/wp-json\/wp\/v2\/pages\/12819\/revisions"}],"predecessor-version":[{"id":14296,"href":"https:\/\/greenict.de\/en\/wp-json\/wp\/v2\/pages\/12819\/revisions\/14296"}],"wp:attachment":[{"href":"https:\/\/greenict.de\/en\/wp-json\/wp\/v2\/media?parent=12819"}],"curies":[{"name":"wp","href":"https:\/\/api.w.org\/{rel}","templated":true}]}}