{"id":12732,"date":"2025-06-05T10:07:03","date_gmt":"2025-06-05T08:07:03","guid":{"rendered":"https:\/\/greenict.de\/?page_id=12732"},"modified":"2025-06-05T16:00:26","modified_gmt":"2025-06-05T14:00:26","slug":"energieeinsparung","status":"publish","type":"page","link":"https:\/\/greenict.de\/en\/energieeinsparung\/","title":{"rendered":"Best Practice"},"content":{"rendered":"<p><\/p>\n\n\n\n\n\n<div class=\"lwn_gict_tool lwn_gict_tool_presentation center thewidth\" style=\"min-height: 60vh\">\n    <div class=\"lwn_gict_pp_box\"><div id=\"lwn_gict_pp_slide1\" class=\"lwn_gict_pp_slide\">\n        <div class=\"lwn_gict_pp_slide_box gicttools_single_slide_buttons_position_url lwn_gict_pp_slide_box_1 lwn_gict_pp_slide_box_full_img\" >\n            <div class=\"lwn_gict_pp_slide_box_height\">\n    <div class=\"lwn_gict_pp_slide_box_content\"><h2 class=\"lwn_gict_pp_slide_box_hl\">Energy management<\/h2><div class=\"lwn_gict_pp_slide_box_text\"><p>M\u00f6chten Sie durch einfache energetische Ma\u00dfnahmen auch Ihre Herstellungsprozesse kosteng\u00fcnstiger gestalten?<\/p>\n<p><strong>Denken Sie \u00fcber konkrete Ressourceneinsparungen nach, bspw. in Form von Energie- und Materialeinsparung in Ihren Prozessschritten und Produktionsanlagen durch<\/strong><\/p>\n<ul>\n<li>Einsatz aktueller und hocheffizienter Maschinen und Peripherieger\u00e4te<\/li>\n<li>Optimale Ausnutzung der Run-Time<\/li>\n<li>Reduktion der Standby-Zeit einzelner Produktionstools<\/li>\n<li>Reduktion von Materialien und anderen Ressourcen<\/li>\n<\/ul>\n<p>&nbsp;<\/p>\n<p><strong>Beachten Sie unser Best-Practice-Szenario des Fraunhofer ISIT f\u00fcr die energetische Optimierung von Herstellungsprozessen am Beispiel von Reinraumtools f\u00fcr die Herstellung mikroelektronischer Komponenten<\/strong><\/p>\n<\/div>\n    <\/div><ul class=\"lwn_gict_pp_slide_box_buttons\"><li>\n    <button class=\"lwn_gict_pp_slide_button\"\n        data-target=\"lwn_gict_pp_slide2\"\n        data-movein=\"lwn_gict_pp_slide_in_right\"\n        data-moveout=\"lwn_gict_pp_slide_out_left\"\n        >N\u00e4chste Folie<\/button><\/li>        \n            <\/ul>\n            <\/div>\n        <\/div>\n    <\/div><div id=\"lwn_gict_pp_slide2\" class=\"lwn_gict_pp_slide lwn_gict_pp_slide_out\">\n        <div class=\"lwn_gict_pp_slide_box gicttools_single_slide_buttons_position_uril lwn_gict_pp_slide_box_1 lwn_gict_pp_slide_box_h1 lwn_gict_pp_slide_box_split\" >\n            <div class=\"lwn_gict_pp_slide_box_height\">\n        <div class=\"lwn_gict_pp_slide_box_ori\">\n            <div class=\"lwn_gict_pp_slide_box_ori_height\">\n            \n    <div class=\"lwn_gict_pp_slide_box_content\"><h2 class=\"lwn_gict_pp_slide_box_hl\">Beispielszenario: 200 mm Wafer-Fab f\u00fcr MEMS-Bauteile<\/h2><div class=\"lwn_gict_pp_slide_box_text\"><p>Gr\u00fcnde des hohen Energiebedarfs anhand eines Beispiels:<\/p>\n<ul>\n<li>Chemisch-mechanisches Polieren (CMP), Grinding und S\u00e4gen auf 300 m\u00b2 Reinraumfl\u00e4che<\/li>\n<li>Verschiedene Entwicklungs- und Messlabore auf 900 m\u00b2<\/li>\n<li>Entwicklung und Pilot-Fertigungslinie f\u00fcr Lithium-Polymer-Akkumulatoren<\/li>\n<\/ul>\n<p>&nbsp;<\/p>\n<p><b>MEMS-Produktionslinie f\u00fcr die Entwicklung und Produktion von 200 mm Wafern auf ca. 1170 m\u00b2 Reinraumfl\u00e4che <\/b><\/p>\n<\/div>\n    <\/div><ul class=\"lwn_gict_pp_slide_box_buttons\"><li>\n    <button class=\"lwn_gict_pp_slide_button\"\n        data-target=\"lwn_gict_pp_slide1\"\n        data-movein=\"lwn_gict_pp_slide_in_left\"\n        data-moveout=\"lwn_gict_pp_slide_out_right\"\n        >Zur\u00fcck<\/button><\/li><li>\n    <button class=\"lwn_gict_pp_slide_button\"\n        data-target=\"lwn_gict_pp_slide3\"\n        data-movein=\"lwn_gict_pp_slide_in_right\"\n        data-moveout=\"lwn_gict_pp_slide_out_left\"\n        >N\u00e4chste Folie<\/button><\/li>        \n            <\/ul>\n            <\/div>\n        <\/div>\n        <div class=\"lwn_gict_pp_slide_box_ori\">\n            <div class=\"lwn_gict_pp_slide_box_ori_height\">\n            <div class=\"lwn_gict_pp_slide_box_image lwn_gict_pp_slide_box_image_contain\"><img src=\"https:\/\/greenict.de\/wp-content\/uploads\/2025\/04\/Screenshot-5-1-e1747145884655.png\" decoding=\"sync\">\n        <\/div>\n            <\/div>\n        <\/div>\n        \n            <\/div>\n        <\/div>\n    <\/div><div id=\"lwn_gict_pp_slide3\" class=\"lwn_gict_pp_slide lwn_gict_pp_slide_out\">\n        <div class=\"lwn_gict_pp_slide_box gicttools_single_slide_buttons_position_uril lwn_gict_pp_slide_box_1 lwn_gict_pp_slide_box_h1 lwn_gict_pp_slide_box_split\" >\n            <div class=\"lwn_gict_pp_slide_box_height\">\n        <div class=\"lwn_gict_pp_slide_box_ori\">\n            <div class=\"lwn_gict_pp_slide_box_ori_height\">\n            \n    <div class=\"lwn_gict_pp_slide_box_content\"><h2 class=\"lwn_gict_pp_slide_box_hl\">Entwicklung des Stromverbrauchs der 200 mm-FAB<\/h2><div class=\"lwn_gict_pp_slide_box_text\"><p>Stetiger Anstieg des Stromverbrauchs und damit stetige Erh\u00f6hung von Betriebskosten und CO2-Aussto\u00df<\/p>\n<p>&nbsp;<\/p>\n<p><strong>Kontinuierlich steigender Energieverbrauch bringt erh\u00f6hte Mehrausgaben mit sich und betont den Bedarf an Ma\u00dfnahmen im Bereich Energieeffizienz und Ressourcenschonung.<\/strong><\/p>\n<\/div>\n    <\/div><ul class=\"lwn_gict_pp_slide_box_buttons\"><li>\n    <button class=\"lwn_gict_pp_slide_button\"\n        data-target=\"lwn_gict_pp_slide2\"\n        data-movein=\"lwn_gict_pp_slide_in_left\"\n        data-moveout=\"lwn_gict_pp_slide_out_right\"\n        >Zur\u00fcck<\/button><\/li><li>\n    <button class=\"lwn_gict_pp_slide_button\"\n        data-target=\"lwn_gict_pp_slide4\"\n        data-movein=\"lwn_gict_pp_slide_in_right\"\n        data-moveout=\"lwn_gict_pp_slide_out_left\"\n        >N\u00e4chste Folie<\/button><\/li>        \n            <\/ul>\n            <\/div>\n        <\/div>\n        <div class=\"lwn_gict_pp_slide_box_ori\">\n            <div class=\"lwn_gict_pp_slide_box_ori_height\">\n            <div class=\"lwn_gict_pp_slide_box_image lwn_gict_pp_slide_box_image_contain\"><img src=\"https:\/\/greenict.de\/wp-content\/uploads\/2025\/04\/Screenshot-13-1024x326.png\" decoding=\"sync\">\n        <\/div>\n            <\/div>\n        <\/div>\n        \n            <\/div>\n        <\/div>\n    <\/div><div id=\"lwn_gict_pp_slide4\" class=\"lwn_gict_pp_slide lwn_gict_pp_slide_out\">\n        <div class=\"lwn_gict_pp_slide_box gicttools_single_slide_buttons_position_uril lwn_gict_pp_slide_box_1 lwn_gict_pp_slide_box_h1 lwn_gict_pp_slide_box_split\" >\n            <div class=\"lwn_gict_pp_slide_box_height\">\n        <div class=\"lwn_gict_pp_slide_box_ori\">\n            <div class=\"lwn_gict_pp_slide_box_ori_height\">\n            \n    <div class=\"lwn_gict_pp_slide_box_content\"><h2 class=\"lwn_gict_pp_slide_box_hl\">Kosteneinsparungen durch Prozessoptimierung<\/h2><div class=\"lwn_gict_pp_slide_box_text\"><ol>\n<li>Energiemonitoring: Installation eines Sensorsystems \/ Energiemesssystems an bestehenden Prozessanlagen\u200b<\/li>\n<li>Bewertung der Einzelprozesse bzw. Prozessanlagen in Bezug auf deren Energieverbrauch\u200b<\/li>\n<li>Umsetzung von Ma\u00dfnahmen (Prozessoptimierung, Optimierung Downtime vs. Idle-Mode, Erneuerung Maschinenpark bzw. von Einzelkomponenten, etc.)<\/li>\n<\/ol>\n<\/div>\n    <\/div><ul class=\"lwn_gict_pp_slide_box_buttons\"><li>\n    <button class=\"lwn_gict_pp_slide_button\"\n        data-target=\"lwn_gict_pp_slide3\"\n        data-movein=\"lwn_gict_pp_slide_in_left\"\n        data-moveout=\"lwn_gict_pp_slide_out_right\"\n        >Zur\u00fcck<\/button><\/li><li>\n    <button class=\"lwn_gict_pp_slide_button\"\n        data-target=\"lwn_gict_pp_slide5\"\n        data-movein=\"lwn_gict_pp_slide_in_right\"\n        data-moveout=\"lwn_gict_pp_slide_out_left\"\n        >n\u00e4chste Folie<\/button><\/li>        \n            <\/ul>\n            <\/div>\n        <\/div>\n        <div class=\"lwn_gict_pp_slide_box_ori\">\n            <div class=\"lwn_gict_pp_slide_box_ori_height\">\n            <div class=\"lwn_gict_pp_slide_box_image lwn_gict_pp_slide_box_image_contain\"><img src=\"https:\/\/greenict.de\/wp-content\/uploads\/2025\/04\/Screenshot-14-1024x317.png\" decoding=\"sync\">\n        <\/div>\n            <\/div>\n        <\/div>\n        \n            <\/div>\n        <\/div>\n    <\/div><div id=\"lwn_gict_pp_slide5\" class=\"lwn_gict_pp_slide lwn_gict_pp_slide_out\">\n        <div class=\"lwn_gict_pp_slide_box gicttools_single_slide_buttons_position_uril lwn_gict_pp_slide_box_1 lwn_gict_pp_slide_box_h2 lwn_gict_pp_slide_box_split\" >\n            <div class=\"lwn_gict_pp_slide_box_height\">\n        <div class=\"lwn_gict_pp_slide_box_ori\">\n            <div class=\"lwn_gict_pp_slide_box_ori_height\">\n            <div class=\"lwn_gict_pp_slide_box_image lwn_gict_pp_slide_box_image_contain\"><img src=\"https:\/\/greenict.de\/wp-content\/uploads\/2025\/04\/einsparpotenzial-grafik.png\" decoding=\"sync\">\n        <\/div>\n            <\/div>\n        <\/div>\n        <div class=\"lwn_gict_pp_slide_box_ori\">\n            <div class=\"lwn_gict_pp_slide_box_ori_height\">\n            \n    <div class=\"lwn_gict_pp_slide_box_content\"><h2 class=\"lwn_gict_pp_slide_box_hl\">Kosteneinsparungen durch Prozessoptimierung<\/h2><div class=\"lwn_gict_pp_slide_box_text\"><p>&nbsp;<\/p>\n<p><b>Stromkosteneinsparungen von bis zu 10.000 \u20ac\/a durch einfache Ma\u00dfnahmen realisierbar, die sich zudem z\u00fcgig amortisieren und einer CO<\/b><b>2<\/b><b>-Einsparung von 15 Tonnen entsprechen<\/b><\/p>\n<\/div>\n    <\/div><ul class=\"lwn_gict_pp_slide_box_buttons\"><li>\n    <button class=\"lwn_gict_pp_slide_button\"\n        data-target=\"lwn_gict_pp_slide4\"\n        data-movein=\"lwn_gict_pp_slide_in_left\"\n        data-moveout=\"lwn_gict_pp_slide_out_right\"\n        >Zur\u00fcck<\/button><\/li><li>\n    <button class=\"lwn_gict_pp_slide_button\"\n        data-target=\"lwn_gict_pp_slide1\"\n        data-movein=\"lwn_gict_pp_slide_in_right\"\n        data-moveout=\"lwn_gict_pp_slide_out_left\"\n        >erste Folie<\/button><\/li>        \n            <\/ul>\n            <\/div>\n        <\/div>\n        \n            <\/div>\n        <\/div>\n    <\/div>      \n    <\/div>   \n<\/div>\n\n\n\n<p><\/p>","protected":false},"excerpt":{"rendered":"","protected":false},"author":2,"featured_media":0,"parent":0,"menu_order":0,"comment_status":"closed","ping_status":"closed","template":"","meta":{"_acf_changed":false,"footnotes":""},"class_list":["post-12732","page","type-page","status-publish","hentry"],"acf":[],"yoast_head":"<!-- This site is optimized with the Yoast SEO plugin v27.3 - https:\/\/yoast.com\/product\/yoast-seo-wordpress\/ -->\n<title>Best Practice &#8211; Green ICT<\/title>\n<meta name=\"robots\" content=\"index, follow, max-snippet:-1, max-image-preview:large, max-video-preview:-1\" \/>\n<link rel=\"canonical\" href=\"https:\/\/greenict.de\/en\/energieeinsparung\/\" \/>\n<script type=\"application\/ld+json\" class=\"yoast-schema-graph\">{\"@context\":\"https:\\\/\\\/schema.org\",\"@graph\":[{\"@type\":\"WebPage\",\"@id\":\"https:\\\/\\\/greenict.de\\\/energieeinsparung\\\/\",\"url\":\"https:\\\/\\\/greenict.de\\\/energieeinsparung\\\/\",\"name\":\"Best Practice &#8211; Green ICT\",\"isPartOf\":{\"@id\":\"https:\\\/\\\/greenict.de\\\/#website\"},\"datePublished\":\"2025-06-05T08:07:03+00:00\",\"dateModified\":\"2025-06-05T14:00:26+00:00\",\"breadcrumb\":{\"@id\":\"https:\\\/\\\/greenict.de\\\/energieeinsparung\\\/#breadcrumb\"},\"inLanguage\":\"en-GB\",\"potentialAction\":[{\"@type\":\"ReadAction\",\"target\":[\"https:\\\/\\\/greenict.de\\\/energieeinsparung\\\/\"]}]},{\"@type\":\"BreadcrumbList\",\"@id\":\"https:\\\/\\\/greenict.de\\\/energieeinsparung\\\/#breadcrumb\",\"itemListElement\":[{\"@type\":\"ListItem\",\"position\":1,\"name\":\"Startseite\",\"item\":\"https:\\\/\\\/greenict.de\\\/\"},{\"@type\":\"ListItem\",\"position\":2,\"name\":\"Best Practice\"}]},{\"@type\":\"WebSite\",\"@id\":\"https:\\\/\\\/greenict.de\\\/#website\",\"url\":\"https:\\\/\\\/greenict.de\\\/\",\"name\":\"Green ICT\",\"description\":\"Kompetenzzentrum f\u00fcr eine ressourcenbewusste Informations- und Kommunikationstechnik\",\"publisher\":{\"@id\":\"https:\\\/\\\/greenict.de\\\/#organization\"},\"alternateName\":\"Nachhaltige Mikroelektronik\",\"potentialAction\":[{\"@type\":\"SearchAction\",\"target\":{\"@type\":\"EntryPoint\",\"urlTemplate\":\"https:\\\/\\\/greenict.de\\\/?s={search_term_string}\"},\"query-input\":{\"@type\":\"PropertyValueSpecification\",\"valueRequired\":true,\"valueName\":\"search_term_string\"}}],\"inLanguage\":\"en-GB\"},{\"@type\":\"Organization\",\"@id\":\"https:\\\/\\\/greenict.de\\\/#organization\",\"name\":\"Forschungsfabrik Mikroelektronik Deutschland\",\"alternateName\":\"FMD\",\"url\":\"https:\\\/\\\/greenict.de\\\/\",\"logo\":{\"@type\":\"ImageObject\",\"inLanguage\":\"en-GB\",\"@id\":\"https:\\\/\\\/greenict.de\\\/#\\\/schema\\\/logo\\\/image\\\/\",\"url\":\"https:\\\/\\\/greenict.de\\\/wp-content\\\/uploads\\\/2022\\\/11\\\/FMD-Logo_farbe-50-mm.png\",\"contentUrl\":\"https:\\\/\\\/greenict.de\\\/wp-content\\\/uploads\\\/2022\\\/11\\\/FMD-Logo_farbe-50-mm.png\",\"width\":592,\"height\":135,\"caption\":\"Forschungsfabrik Mikroelektronik Deutschland\"},\"image\":{\"@id\":\"https:\\\/\\\/greenict.de\\\/#\\\/schema\\\/logo\\\/image\\\/\"}}]}<\/script>\n<!-- \/ Yoast SEO plugin. -->","yoast_head_json":{"title":"Best Practice &#8211; Green ICT","robots":{"index":"index","follow":"follow","max-snippet":"max-snippet:-1","max-image-preview":"max-image-preview:large","max-video-preview":"max-video-preview:-1"},"canonical":"https:\/\/greenict.de\/en\/energieeinsparung\/","schema":{"@context":"https:\/\/schema.org","@graph":[{"@type":"WebPage","@id":"https:\/\/greenict.de\/energieeinsparung\/","url":"https:\/\/greenict.de\/energieeinsparung\/","name":"Best Practice &#8211; Green ICT","isPartOf":{"@id":"https:\/\/greenict.de\/#website"},"datePublished":"2025-06-05T08:07:03+00:00","dateModified":"2025-06-05T14:00:26+00:00","breadcrumb":{"@id":"https:\/\/greenict.de\/energieeinsparung\/#breadcrumb"},"inLanguage":"en-GB","potentialAction":[{"@type":"ReadAction","target":["https:\/\/greenict.de\/energieeinsparung\/"]}]},{"@type":"BreadcrumbList","@id":"https:\/\/greenict.de\/energieeinsparung\/#breadcrumb","itemListElement":[{"@type":"ListItem","position":1,"name":"Startseite","item":"https:\/\/greenict.de\/"},{"@type":"ListItem","position":2,"name":"Best Practice"}]},{"@type":"WebSite","@id":"https:\/\/greenict.de\/#website","url":"https:\/\/greenict.de\/","name":"Competence center for sustainable IT and communication technology","description":"Competence center for sustainable information and communication technology","publisher":{"@id":"https:\/\/greenict.de\/#organization"},"alternateName":"Nachhaltige Mikroelektronik","potentialAction":[{"@type":"SearchAction","target":{"@type":"EntryPoint","urlTemplate":"https:\/\/greenict.de\/?s={search_term_string}"},"query-input":{"@type":"PropertyValueSpecification","valueRequired":true,"valueName":"search_term_string"}}],"inLanguage":"en-GB"},{"@type":"Organization","@id":"https:\/\/greenict.de\/#organization","name":"Research Fab Microelectronics Germany","alternateName":"FMD","url":"https:\/\/greenict.de\/","logo":{"@type":"ImageObject","inLanguage":"en-GB","@id":"https:\/\/greenict.de\/#\/schema\/logo\/image\/","url":"https:\/\/greenict.de\/wp-content\/uploads\/2022\/11\/FMD-Logo_farbe-50-mm.png","contentUrl":"https:\/\/greenict.de\/wp-content\/uploads\/2022\/11\/FMD-Logo_farbe-50-mm.png","width":592,"height":135,"caption":"Forschungsfabrik Mikroelektronik Deutschland"},"image":{"@id":"https:\/\/greenict.de\/#\/schema\/logo\/image\/"}}]}},"_links":{"self":[{"href":"https:\/\/greenict.de\/en\/wp-json\/wp\/v2\/pages\/12732","targetHints":{"allow":["GET"]}}],"collection":[{"href":"https:\/\/greenict.de\/en\/wp-json\/wp\/v2\/pages"}],"about":[{"href":"https:\/\/greenict.de\/en\/wp-json\/wp\/v2\/types\/page"}],"author":[{"embeddable":true,"href":"https:\/\/greenict.de\/en\/wp-json\/wp\/v2\/users\/2"}],"replies":[{"embeddable":true,"href":"https:\/\/greenict.de\/en\/wp-json\/wp\/v2\/comments?post=12732"}],"version-history":[{"count":4,"href":"https:\/\/greenict.de\/en\/wp-json\/wp\/v2\/pages\/12732\/revisions"}],"predecessor-version":[{"id":12740,"href":"https:\/\/greenict.de\/en\/wp-json\/wp\/v2\/pages\/12732\/revisions\/12740"}],"wp:attachment":[{"href":"https:\/\/greenict.de\/en\/wp-json\/wp\/v2\/media?parent=12732"}],"curies":[{"name":"wp","href":"https:\/\/api.w.org\/{rel}","templated":true}]}}