{"id":12437,"date":"2025-05-14T09:54:46","date_gmt":"2025-05-14T07:54:46","guid":{"rendered":"https:\/\/greenict.de\/?page_id=12437"},"modified":"2025-05-14T15:23:07","modified_gmt":"2025-05-14T13:23:07","slug":"oekobilanz-smartphone","status":"publish","type":"page","link":"https:\/\/greenict.de\/en\/oekobilanz-smartphone\/","title":{"rendered":"Lifecycle assessment of smartphone"},"content":{"rendered":"<p>Wie viel CO\u2082 sich sparen l\u00e4sst, wenn man sein Handy repariert, statt es durch ein neues zu ersetzen, zeigt dieses Mini-Tool \u2013 fundiert auf echten \u00d6kobilanzen modular aufgebauter Smartphones.<\/p>\n\n\n\n\n\n<div class=\"lwn_gict_tool lwn_gict_tool_presentation center thewidth\" style=\"min-height: 50vh\">\n    <div class=\"lwn_gict_pp_box\"><div id=\"lwn_gict_pp_slide1\" class=\"lwn_gict_pp_slide\">\n        <div class=\"lwn_gict_pp_slide_box gicttools_single_slide_buttons_position_url lwn_gict_pp_slide_box_1 lwn_gict_pp_slide_box_v1 lwn_gict_pp_slide_box_split\" >\n            <div class=\"lwn_gict_pp_slide_box_height\">\n        <div class=\"lwn_gict_pp_slide_box_ori\">\n            <div class=\"lwn_gict_pp_slide_box_ori_height\">\n            \n    <div class=\"lwn_gict_pp_slide_box_content\"><h2 class=\"lwn_gict_pp_slide_box_hl\">Neues Smartphone kaufen oder altes reparieren?<\/h2><div class=\"lwn_gict_pp_slide_box_text\"><p>&nbsp;<\/p>\n<p>Die Entscheidung zwischen Reparatur und Neukauf von Smartphones hat erheblichen Einfluss auf die Umweltbilanz. Ein bewusster Umgang mit Elektroger\u00e4ten kann einen wesentlichen Beitrag zur Ressourcenschonung und Emissionsreduktion leisten.<\/p>\n<p>&nbsp;<\/p>\n<p>&nbsp;<\/p>\n<p>&nbsp;<\/p>\n<p>&nbsp;<\/p>\n<p>Disclaimer: Die Daten basieren auf\u00a0 einer Studie vom Fairphone 4.<\/p>\n<p>D. S\u00e1nchez, M. Proske, S.J. Baur, <em>Life Cycle Assessment of the Fairphone 4<\/em>, Fraunhofer IZM, Berlin, 2022.<\/p>\n<\/div>\n    <\/div><ul class=\"lwn_gict_pp_slide_box_buttons\"><li>\n    <button class=\"lwn_gict_pp_slide_button\"\n        data-target=\"lwn_gict_pp_slide2\"\n        data-movein=\"lwn_gict_pp_slide_in_right\"\n        data-moveout=\"lwn_gict_pp_slide_out_left\"\n        >Jetzt herausfinden!<\/button><\/li>        \n            <\/ul>\n            <\/div>\n        <\/div>\n        <div class=\"lwn_gict_pp_slide_box_ori\">\n            <div class=\"lwn_gict_pp_slide_box_ori_height\">\n            <div class=\"lwn_gict_pp_slide_box_image lwn_gict_pp_slide_box_image_contain\"><img decoding=\"async\" src=\"https:\/\/greenict.de\/wp-content\/uploads\/2025\/04\/highres2_edite-Edit-scaled-e1748345235741-137x300.jpg\">\n        <\/div>\n            <\/div>\n        <\/div>\n        \n            <\/div>\n        <\/div>\n    <\/div><div id=\"lwn_gict_pp_slide2\" class=\"lwn_gict_pp_slide lwn_gict_pp_slide_out\">\n        <div class=\"lwn_gict_pp_slide_box gicttools_single_slide_buttons_position_uril lwn_gict_pp_slide_box_1 lwn_gict_pp_slide_box_full_img\" >\n            <div class=\"lwn_gict_pp_slide_box_height\">\n    <div class=\"lwn_gict_pp_slide_box_content\"><h2 class=\"lwn_gict_pp_slide_box_hl\">Diese Komponenten haben den gr\u00f6\u00dften Einfluss auf die CO\u2082-Bilanz<\/h2>\n    <\/div><div class=\"lwn_gict_pp_slide_box_image lwn_gict_pp_slide_box_image_contain\"><img src=\"https:\/\/greenict.de\/wp-content\/uploads\/2025\/04\/Core-Display.png\" decoding=\"sync\">\n        <\/div><ul class=\"lwn_gict_pp_slide_box_buttons\"><li>\n    <button class=\"lwn_gict_pp_slide_button\"\n        data-target=\"lwn_gict_pp_slide1\"\n        data-movein=\"lwn_gict_pp_slide_in_right\"\n        data-moveout=\"lwn_gict_pp_slide_out_left\"\n        >Zur\u00fcck<\/button><\/li><li>\n    <button class=\"lwn_gict_pp_slide_button\"\n        data-target=\"lwn_gict_pp_slide3\"\n        data-movein=\"lwn_gict_pp_slide_in_scale\"\n        data-moveout=\"lwn_gict_pp_slide_out_scale\"\n        >Core (Rechenkern) Komponente<\/button><\/li>        \n            <\/ul>\n            <\/div>\n        <\/div>\n    <\/div><div id=\"lwn_gict_pp_slide3\" class=\"lwn_gict_pp_slide lwn_gict_pp_slide_out\">\n        <div class=\"lwn_gict_pp_slide_box gicttools_single_slide_buttons_position_uril lwn_gict_pp_slide_box_1 lwn_gict_pp_slide_box_full_img\" >\n            <div class=\"lwn_gict_pp_slide_box_height\">\n    <div class=\"lwn_gict_pp_slide_box_content\"><h2 class=\"lwn_gict_pp_slide_box_hl\">In dem Core (Rechenkern) befinden sich wichtige mikroelektronische Komponenten, die einen wesentlcihen Einfluss auf die CO\u2082-Bilanz haben<\/h2>\n    <\/div><div class=\"lwn_gict_pp_slide_box_image lwn_gict_pp_slide_box_image_contain\"><img src=\"https:\/\/greenict.de\/wp-content\/uploads\/2025\/04\/F4_Core_Inhalre-1024x420.png\" decoding=\"sync\">\n        <\/div><ul class=\"lwn_gict_pp_slide_box_buttons\"><li>\n    <button class=\"lwn_gict_pp_slide_button\"\n        data-target=\"lwn_gict_pp_slide2\"\n        data-movein=\"lwn_gict_pp_slide_in_scale\"\n        data-moveout=\"lwn_gict_pp_slide_out_scale\"\n        >Zur\u00fcck<\/button><\/li><li>\n    <button class=\"lwn_gict_pp_slide_button\"\n        data-target=\"lwn_gict_pp_slide4\"\n        data-movein=\"lwn_gict_pp_slide_in_right\"\n        data-moveout=\"lwn_gict_pp_slide_out_left\"\n        >Weiter<\/button><\/li>        \n            <\/ul>\n            <\/div>\n        <\/div>\n    <\/div><div id=\"lwn_gict_pp_slide4\" class=\"lwn_gict_pp_slide lwn_gict_pp_slide_out\">\n        <div class=\"lwn_gict_pp_slide_box gicttools_single_slide_buttons_position_uril lwn_gict_pp_slide_box_1 lwn_gict_pp_slide_box_full_img\" >\n            <div class=\"lwn_gict_pp_slide_box_height\">\n    <div class=\"lwn_gict_pp_slide_box_content\"><h2 class=\"lwn_gict_pp_slide_box_hl\">Wie wirkt sich eine Reparatur auf die CO\u2082-Bilanz meines Smartphones aus?\u200b<\/h2><div class=\"lwn_gict_pp_slide_box_text\"><p>Dein Handy ist kaputt, was machst du?<\/p>\n<p>A) <a href=\"#\" class=\"lwn_gict_pp_slide_button lwn_gict_pp_slide_button_inline\" data-target=\"lwn_gict_pp_slide5\" data-movein=\"lwn_gict_pp_slide_in_right\" data-moveout=\"lwn_gict_pp_slide_out_left\">Smartphone reparieren<\/a><\/p>\n<p>oder<\/p>\n<p>B) <a href=\"#\" class=\"lwn_gict_pp_slide_button lwn_gict_pp_slide_button_inline\" data-target=\"lwn_gict_pp_slide6\" data-movein=\"lwn_gict_pp_slide_in_right\" data-moveout=\"lwn_gict_pp_slide_out_left\">Neues Smartphone kaufen<\/a><\/p>\n<p>Referenz: Die durchschnittliche Nutzung\u200b von Smartphones sind 3 Jahre<\/p>\n<\/div>\n    <\/div><ul class=\"lwn_gict_pp_slide_box_buttons\"><li>\n    <button class=\"lwn_gict_pp_slide_button\"\n        data-target=\"lwn_gict_pp_slide3\"\n        data-movein=\"lwn_gict_pp_slide_in_left\"\n        data-moveout=\"lwn_gict_pp_slide_out_right\"\n        >Zur\u00fcck<\/button><\/li>        \n            <\/ul>\n            <\/div>\n        <\/div>\n    <\/div><div id=\"lwn_gict_pp_slide5\" class=\"lwn_gict_pp_slide lwn_gict_pp_slide_out\">\n        <div class=\"lwn_gict_pp_slide_box gicttools_single_slide_buttons_position_uril lwn_gict_pp_slide_box_1 lwn_gict_pp_slide_box_full_img\" >\n            <div class=\"lwn_gict_pp_slide_box_height\">\n    <div class=\"lwn_gict_pp_slide_box_content\"><h2 class=\"lwn_gict_pp_slide_box_hl\">Smartphone reparieren<\/h2><div class=\"lwn_gict_pp_slide_box_text\"><p>Durch eine Reparatur k\u00f6nnen kaputte Komponenten ausgetauscht werden, ohne dass das gesamte Smartphone durch ein neues ersetzt werden muss. Somit kann die durchschnittliche Lebensdauer erh\u00f6ht werden. \u200bDie Nutzung des Smartphones w\u00e4re dann 5 Jahre.<\/p>\n<p>&nbsp;<\/p>\n<p>Um wie viel kann man den CO\u2082-Fu\u00dfabdruck pro Jahr verringern?<\/p>\n<p><strong>4,75 kg pro Smartphone<\/strong><\/p>\n<p><b><\/b><b> Hochskaliert macht das \u2026<\/b><\/p>\n<p>Bestand 2024: 64.172.000 x 4,75 kg CO\u2082 = 304.817 Tonnen CO\u2082 Einsparung in einem Jahr.<\/p>\n<p><b>\u00c4quivalent des j\u00e4hrlichen CO\u2082-Aussto\u00dfes von einem Braunkohlekraftwerk mit 135 MW Leistung<\/b><\/p>\n<p>&nbsp;<\/p>\n<a href=\"#\" class=\"lwn_gict_pp_slide_button lwn_gict_pp_slide_button_inline\" data-target=\"lwn_gict_pp_slide6\" data-movein=\"lwn_gict_pp_slide_in_left\" data-moveout=\"lwn_gict_pp_slide_out_right\">Alternativ ein neues Smartphone kaufen<\/a>\n<p>&nbsp;<\/p>\n<\/div>\n    <\/div>\n            <\/div>\n        <\/div>\n    \n        <div class=\"lwn_gict_pp_slide_box gicttools_single_slide_buttons_position_uril lwn_gict_pp_slide_box_2 lwn_gict_pp_slide_box_full_img\" >\n            <div class=\"lwn_gict_pp_slide_box_height\">\n    <div class=\"lwn_gict_pp_slide_box_content\"><div class=\"lwn_gict_pp_slide_box_text\"><p>&nbsp;<\/p>\n<p>&nbsp;<\/p>\n<p>&nbsp;<\/p>\n<p>&nbsp;<\/p>\n<\/div>\n    <\/div><div class=\"lwn_gict_pp_slide_box_image lwn_gict_pp_slide_box_image_contain\"><img src=\"https:\/\/greenict.de\/wp-content\/uploads\/2025\/04\/fairphone-einsparung-reparatur.png\" decoding=\"sync\">\n        <\/div><ul class=\"lwn_gict_pp_slide_box_buttons\"><li>\n    <button class=\"lwn_gict_pp_slide_button\"\n        data-target=\"lwn_gict_pp_slide4\"\n        data-movein=\"lwn_gict_pp_slide_in_left\"\n        data-moveout=\"lwn_gict_pp_slide_out_right\"\n        >Zur\u00fcck<\/button><\/li><li>\n    <button class=\"lwn_gict_pp_slide_button\"\n        data-target=\"lwn_gict_pp_slide8\"\n        data-movein=\"lwn_gict_pp_slide_in_right\"\n        data-moveout=\"lwn_gict_pp_slide_out_left\"\n        >Weiter<\/button><\/li>        \n            <\/ul>\n            <\/div>\n        <\/div>\n    <\/div><div id=\"lwn_gict_pp_slide6\" class=\"lwn_gict_pp_slide lwn_gict_pp_slide_out\">\n        <div class=\"lwn_gict_pp_slide_box gicttools_single_slide_buttons_position_uril lwn_gict_pp_slide_box_1 lwn_gict_pp_slide_box_full_img\" >\n            <div class=\"lwn_gict_pp_slide_box_height\">\n    <div class=\"lwn_gict_pp_slide_box_content\"><h2 class=\"lwn_gict_pp_slide_box_hl\">Neues Smartphone<\/h2><div class=\"lwn_gict_pp_slide_box_text\"><p>Nach 3 Jahren Austausch, ein neues\u00a0 Smartphone wird gekauft.<\/p>\n<p>Gesamtnutzungsdauer sind 6 Jahre mit 2 Smartphones<\/p>\n<a href=\"#\" class=\"lwn_gict_pp_slide_button lwn_gict_pp_slide_button_inline\" data-target=\"lwn_gict_pp_slide5\" data-movein=\"lwn_gict_pp_slide_in_left\" data-moveout=\"lwn_gict_pp_slide_out_right\">Alternativ das alte Smartphone reparieren<\/a>\n<\/div>\n    <\/div>\n            <\/div>\n        <\/div>\n    \n        <div class=\"lwn_gict_pp_slide_box gicttools_single_slide_buttons_position_uril lwn_gict_pp_slide_box_2 lwn_gict_pp_slide_box_full_img\" >\n            <div class=\"lwn_gict_pp_slide_box_height\">\n    <div class=\"lwn_gict_pp_slide_box_content\"><div class=\"lwn_gict_pp_slide_box_text\"><p>&nbsp;<\/p>\n<p>&nbsp;<\/p>\n<p>&nbsp;<\/p>\n<\/div>\n    <\/div><div class=\"lwn_gict_pp_slide_box_image lwn_gict_pp_slide_box_image_contain\"><img src=\"https:\/\/greenict.de\/wp-content\/uploads\/2025\/04\/fairphone-einsparung-neukauf-e1747136099188.png\" decoding=\"sync\">\n        <\/div><ul class=\"lwn_gict_pp_slide_box_buttons\"><li>\n    <button class=\"lwn_gict_pp_slide_button\"\n        data-target=\"lwn_gict_pp_slide4\"\n        data-movein=\"lwn_gict_pp_slide_in_left\"\n        data-moveout=\"lwn_gict_pp_slide_out_right\"\n        >Zur\u00fcck<\/button><\/li><li>\n    <button class=\"lwn_gict_pp_slide_button\"\n        data-target=\"lwn_gict_pp_slide8\"\n        data-movein=\"lwn_gict_pp_slide_in_right\"\n        data-moveout=\"lwn_gict_pp_slide_out_left\"\n        >Weiter<\/button><\/li>        \n            <\/ul>\n            <\/div>\n        <\/div>\n    <\/div><div id=\"lwn_gict_pp_slide7\" class=\"lwn_gict_pp_slide lwn_gict_pp_slide_out\">\n        <div class=\"lwn_gict_pp_slide_box gicttools_single_slide_buttons_position_uril lwn_gict_pp_slide_box_1 lwn_gict_pp_slide_box_full_img\" >\n            <div class=\"lwn_gict_pp_slide_box_height\">\n    <div class=\"lwn_gict_pp_slide_box_content\"><h2 class=\"lwn_gict_pp_slide_box_hl\">Vergleich Neukauf und Reparatur - unterschiedliche Szenarien<\/h2>\n    <\/div><ul class=\"lwn_gict_pp_slide_box_buttons\"><li>\n    <button class=\"lwn_gict_pp_slide_button\"\n        data-target=\"lwn_gict_pp_slide6\"\n        data-movein=\"lwn_gict_pp_slide_in_left\"\n        data-moveout=\"lwn_gict_pp_slide_out_right\"\n        >Zur\u00fcck<\/button><\/li><li>\n    <button class=\"lwn_gict_pp_slide_button\"\n        data-target=\"lwn_gict_pp_slide1\"\n        data-movein=\"lwn_gict_pp_slide_in_right\"\n        data-moveout=\"lwn_gict_pp_slide_out_left\"\n        >Ende<\/button><\/li>        \n            <\/ul>\n            <\/div>\n        <\/div>\n    <\/div><div id=\"lwn_gict_pp_slide8\" class=\"lwn_gict_pp_slide lwn_gict_pp_slide_out\">\n        <div class=\"lwn_gict_pp_slide_box gicttools_single_slide_buttons_position_uril lwn_gict_pp_slide_box_1 lwn_gict_pp_slide_box_h1 lwn_gict_pp_slide_box_split\" >\n            <div class=\"lwn_gict_pp_slide_box_height\">\n    <div class=\"lwn_gict_pp_slide_box_content\"><h2 class=\"lwn_gict_pp_slide_box_hl\">Modulaustausch oder Reparatur? Was lohnt sich bei welchen Komponenten und wie hoch ist die \u00f6kologische Amortisationszeit?<\/h2><div class=\"lwn_gict_pp_slide_box_text\"><p>Die Reparatur von Modulen oder Komponenten erzeugt eine Umweltbelastung. Um diese auszugleichen muss eine gewisse Zeit vergehen.<\/p>\n<p>Diese Amortisationszeit ist der theoretische Wert daf\u00fcr, wie viel l\u00e4nger das Ger\u00e4t in Betrieb bleiben sollte, damit sich die zus\u00e4tzliche Umweltbelastung durch den Reparaturaufwand durch die Verringerung der j\u00e4hrlichen Emissionen aufgrund der l\u00e4ngeren Nutzung amortisiert.<\/p>\n<\/div>\n    <\/div><ul class=\"lwn_gict_pp_slide_box_buttons\"><li>\n    <button class=\"lwn_gict_pp_slide_button\"\n        data-target=\"lwn_gict_pp_slide4\"\n        data-movein=\"lwn_gict_pp_slide_in_left\"\n        data-moveout=\"lwn_gict_pp_slide_out_right\"\n        >Zur\u00fcck<\/button><\/li><li>\n    <button class=\"lwn_gict_pp_slide_button\"\n        data-target=\"lwn_gict_pp_slide9\"\n        data-movein=\"lwn_gict_pp_slide_in_right\"\n        data-moveout=\"lwn_gict_pp_slide_out_left\"\n        >Weiter<\/button><\/li>        \n            <\/ul>\n            <\/div>\n        <\/div>\n    <\/div><div id=\"lwn_gict_pp_slide9\" class=\"lwn_gict_pp_slide lwn_gict_pp_slide_out\">\n        <div class=\"lwn_gict_pp_slide_box gicttools_single_slide_buttons_position_cil lwn_gict_pp_slide_box_1 lwn_gict_pp_slide_box_full_img\" >\n            <div class=\"lwn_gict_pp_slide_box_height\">\n    <div class=\"lwn_gict_pp_slide_box_content\"><h2 class=\"lwn_gict_pp_slide_box_hl\">Modulaustausch komplett<\/h2><div class=\"lwn_gict_pp_slide_box_text\"><p><strong>Amortisationszeit in Jahren<\/strong><\/p>\n<p>Core: 1,97 Jahre<\/p>\n<p>R\u00fcckkamera: 0,33 Jahre<\/p>\n<p>Display 0,09 Jahre<\/p>\n<p>Batterie 0,15 Jahre<\/p>\n<p>&nbsp;<\/p>\n<p>&nbsp;<\/p>\n<p>&nbsp;<\/p>\n<p>&nbsp;<\/p>\n<\/div>\n    <\/div>\n            <\/div>\n        <\/div>\n    \n        <div class=\"lwn_gict_pp_slide_box gicttools_single_slide_buttons_position_uril lwn_gict_pp_slide_box_2 lwn_gict_pp_slide_box_full_img\" >\n            <div class=\"lwn_gict_pp_slide_box_height\">\n    <div class=\"lwn_gict_pp_slide_box_content\"><h2 class=\"lwn_gict_pp_slide_box_hl\">Reparatur Komponente<\/h2><div class=\"lwn_gict_pp_slide_box_text\"><p>Nicht das Gesamtmodul, sondern nur fehlerhafte Komponente innerhalb des Moduls werden repariert!<\/p>\n<p>Core: 0,32 Jahre<\/p>\n<p>R\u00fcckkamera: 0,19 Jahre<\/p>\n<p>Display 0,097Jahre<\/p>\n<p>&nbsp;<\/p>\n<p>Bei Umweltkritischen Komponenten lohnt sich eine Reparatur aus Umweltsicht mehr, statt das Modul vollst\u00e4ndig auszutauschen.<\/p>\n<p>Bei Komponenten, die in deren Herstellung weniger Umweltkritisch sind (z.B. Display) kann auch das Gesamte Modul ausgetauscht werden.<\/p>\n<p>Austausch lohnt sich nicht, wenn man das Handy z.B. nur noch einen Monat l\u00e4nger benutzt<\/p>\n<\/div>\n    <\/div><ul class=\"lwn_gict_pp_slide_box_buttons\"><li>\n    <button class=\"lwn_gict_pp_slide_button\"\n        data-target=\"lwn_gict_pp_slide8\"\n        data-movein=\"lwn_gict_pp_slide_in_left\"\n        data-moveout=\"lwn_gict_pp_slide_out_right\"\n        >Zur\u00fcck<\/button><\/li><li>\n    <button class=\"lwn_gict_pp_slide_button\"\n        data-target=\"lwn_gict_pp_slide1\"\n        data-movein=\"lwn_gict_pp_slide_in_bottom\"\n        data-moveout=\"lwn_gict_pp_slide_out_top\"\n        >Ende<\/button><\/li>        \n            <\/ul>\n            <\/div>\n        <\/div>\n    <\/div>      \n    <\/div>   \n<\/div>","protected":false},"excerpt":{"rendered":"<p>Wie viel CO\u2082 sich sparen l\u00e4sst, wenn man sein Handy repariert, statt es durch ein neues zu ersetzen, zeigt dieses Mini-Tool \u2013 fundiert auf echten \u00d6kobilanzen modular aufgebauter Smartphones.<\/p>","protected":false},"author":2,"featured_media":0,"parent":0,"menu_order":0,"comment_status":"closed","ping_status":"closed","template":"","meta":{"_acf_changed":false,"footnotes":""},"class_list":["post-12437","page","type-page","status-publish","hentry"],"acf":[],"yoast_head":"<!-- This site is optimized with the Yoast SEO plugin v27.3 - https:\/\/yoast.com\/product\/yoast-seo-wordpress\/ -->\n<title>\u00d6kobilanz meines Smartphones &#8211; Green ICT<\/title>\n<meta name=\"robots\" content=\"index, follow, max-snippet:-1, max-image-preview:large, max-video-preview:-1\" \/>\n<link rel=\"canonical\" href=\"https:\/\/greenict.de\/en\/oekobilanz-smartphone\/\" \/>\n<script type=\"application\/ld+json\" class=\"yoast-schema-graph\">{\"@context\":\"https:\\\/\\\/schema.org\",\"@graph\":[{\"@type\":\"WebPage\",\"@id\":\"https:\\\/\\\/greenict.de\\\/oekobilanz-smartphone\\\/\",\"url\":\"https:\\\/\\\/greenict.de\\\/oekobilanz-smartphone\\\/\",\"name\":\"\u00d6kobilanz meines Smartphones &#8211; Green ICT\",\"isPartOf\":{\"@id\":\"https:\\\/\\\/greenict.de\\\/#website\"},\"datePublished\":\"2025-05-14T07:54:46+00:00\",\"dateModified\":\"2025-05-14T13:23:07+00:00\",\"breadcrumb\":{\"@id\":\"https:\\\/\\\/greenict.de\\\/oekobilanz-smartphone\\\/#breadcrumb\"},\"inLanguage\":\"en-GB\",\"potentialAction\":[{\"@type\":\"ReadAction\",\"target\":[\"https:\\\/\\\/greenict.de\\\/oekobilanz-smartphone\\\/\"]}]},{\"@type\":\"BreadcrumbList\",\"@id\":\"https:\\\/\\\/greenict.de\\\/oekobilanz-smartphone\\\/#breadcrumb\",\"itemListElement\":[{\"@type\":\"ListItem\",\"position\":1,\"name\":\"Startseite\",\"item\":\"https:\\\/\\\/greenict.de\\\/\"},{\"@type\":\"ListItem\",\"position\":2,\"name\":\"\u00d6kobilanz meines Smartphones\"}]},{\"@type\":\"WebSite\",\"@id\":\"https:\\\/\\\/greenict.de\\\/#website\",\"url\":\"https:\\\/\\\/greenict.de\\\/\",\"name\":\"Green ICT\",\"description\":\"Kompetenzzentrum f\u00fcr eine ressourcenbewusste Informations- und Kommunikationstechnik\",\"publisher\":{\"@id\":\"https:\\\/\\\/greenict.de\\\/#organization\"},\"alternateName\":\"Nachhaltige Mikroelektronik\",\"potentialAction\":[{\"@type\":\"SearchAction\",\"target\":{\"@type\":\"EntryPoint\",\"urlTemplate\":\"https:\\\/\\\/greenict.de\\\/?s={search_term_string}\"},\"query-input\":{\"@type\":\"PropertyValueSpecification\",\"valueRequired\":true,\"valueName\":\"search_term_string\"}}],\"inLanguage\":\"en-GB\"},{\"@type\":\"Organization\",\"@id\":\"https:\\\/\\\/greenict.de\\\/#organization\",\"name\":\"Forschungsfabrik Mikroelektronik Deutschland\",\"alternateName\":\"FMD\",\"url\":\"https:\\\/\\\/greenict.de\\\/\",\"logo\":{\"@type\":\"ImageObject\",\"inLanguage\":\"en-GB\",\"@id\":\"https:\\\/\\\/greenict.de\\\/#\\\/schema\\\/logo\\\/image\\\/\",\"url\":\"https:\\\/\\\/greenict.de\\\/wp-content\\\/uploads\\\/2022\\\/11\\\/FMD-Logo_farbe-50-mm.png\",\"contentUrl\":\"https:\\\/\\\/greenict.de\\\/wp-content\\\/uploads\\\/2022\\\/11\\\/FMD-Logo_farbe-50-mm.png\",\"width\":592,\"height\":135,\"caption\":\"Forschungsfabrik Mikroelektronik Deutschland\"},\"image\":{\"@id\":\"https:\\\/\\\/greenict.de\\\/#\\\/schema\\\/logo\\\/image\\\/\"}}]}<\/script>\n<!-- \/ Yoast SEO plugin. -->","yoast_head_json":{"title":"\u00d6kobilanz meines Smartphones &#8211; Green ICT","robots":{"index":"index","follow":"follow","max-snippet":"max-snippet:-1","max-image-preview":"max-image-preview:large","max-video-preview":"max-video-preview:-1"},"canonical":"https:\/\/greenict.de\/en\/oekobilanz-smartphone\/","schema":{"@context":"https:\/\/schema.org","@graph":[{"@type":"WebPage","@id":"https:\/\/greenict.de\/oekobilanz-smartphone\/","url":"https:\/\/greenict.de\/oekobilanz-smartphone\/","name":"\u00d6kobilanz meines Smartphones &#8211; Green ICT","isPartOf":{"@id":"https:\/\/greenict.de\/#website"},"datePublished":"2025-05-14T07:54:46+00:00","dateModified":"2025-05-14T13:23:07+00:00","breadcrumb":{"@id":"https:\/\/greenict.de\/oekobilanz-smartphone\/#breadcrumb"},"inLanguage":"en-GB","potentialAction":[{"@type":"ReadAction","target":["https:\/\/greenict.de\/oekobilanz-smartphone\/"]}]},{"@type":"BreadcrumbList","@id":"https:\/\/greenict.de\/oekobilanz-smartphone\/#breadcrumb","itemListElement":[{"@type":"ListItem","position":1,"name":"Startseite","item":"https:\/\/greenict.de\/"},{"@type":"ListItem","position":2,"name":"\u00d6kobilanz meines Smartphones"}]},{"@type":"WebSite","@id":"https:\/\/greenict.de\/#website","url":"https:\/\/greenict.de\/","name":"Competence center for sustainable IT and communication technology","description":"Competence center for sustainable information and communication technology","publisher":{"@id":"https:\/\/greenict.de\/#organization"},"alternateName":"Nachhaltige Mikroelektronik","potentialAction":[{"@type":"SearchAction","target":{"@type":"EntryPoint","urlTemplate":"https:\/\/greenict.de\/?s={search_term_string}"},"query-input":{"@type":"PropertyValueSpecification","valueRequired":true,"valueName":"search_term_string"}}],"inLanguage":"en-GB"},{"@type":"Organization","@id":"https:\/\/greenict.de\/#organization","name":"Research Fab Microelectronics Germany","alternateName":"FMD","url":"https:\/\/greenict.de\/","logo":{"@type":"ImageObject","inLanguage":"en-GB","@id":"https:\/\/greenict.de\/#\/schema\/logo\/image\/","url":"https:\/\/greenict.de\/wp-content\/uploads\/2022\/11\/FMD-Logo_farbe-50-mm.png","contentUrl":"https:\/\/greenict.de\/wp-content\/uploads\/2022\/11\/FMD-Logo_farbe-50-mm.png","width":592,"height":135,"caption":"Forschungsfabrik Mikroelektronik Deutschland"},"image":{"@id":"https:\/\/greenict.de\/#\/schema\/logo\/image\/"}}]}},"_links":{"self":[{"href":"https:\/\/greenict.de\/en\/wp-json\/wp\/v2\/pages\/12437","targetHints":{"allow":["GET"]}}],"collection":[{"href":"https:\/\/greenict.de\/en\/wp-json\/wp\/v2\/pages"}],"about":[{"href":"https:\/\/greenict.de\/en\/wp-json\/wp\/v2\/types\/page"}],"author":[{"embeddable":true,"href":"https:\/\/greenict.de\/en\/wp-json\/wp\/v2\/users\/2"}],"replies":[{"embeddable":true,"href":"https:\/\/greenict.de\/en\/wp-json\/wp\/v2\/comments?post=12437"}],"version-history":[{"count":10,"href":"https:\/\/greenict.de\/en\/wp-json\/wp\/v2\/pages\/12437\/revisions"}],"predecessor-version":[{"id":12461,"href":"https:\/\/greenict.de\/en\/wp-json\/wp\/v2\/pages\/12437\/revisions\/12461"}],"wp:attachment":[{"href":"https:\/\/greenict.de\/en\/wp-json\/wp\/v2\/media?parent=12437"}],"curies":[{"name":"wp","href":"https:\/\/api.w.org\/{rel}","templated":true}]}}