{"id":12090,"date":"2025-04-08T13:57:31","date_gmt":"2025-04-08T11:57:31","guid":{"rendered":"https:\/\/greenict.de\/?page_id=12090"},"modified":"2025-07-17T10:02:29","modified_gmt":"2025-07-17T08:02:29","slug":"wissenschaftsblog-fraunhofer-izm","status":"publish","type":"page","link":"https:\/\/greenict.de\/en\/wissenschaftsblog-fraunhofer-izm\/","title":{"rendered":"Articles from the Fraunhofer IZM science blog"},"content":{"rendered":"<p><\/p>\n\n\n\n<figure class=\"wp-block-table is-style-stripes\"><table class=\"has-fixed-layout\"><tbody><tr><td><a href=\"https:\/\/blog.izm.fraunhofer.de\/alternative-chemicals-for-processing\/\">Alternatives to hazardous and environmentally harmful chemicals for processing in wafer level packaging<\/a><\/td><\/tr><tr><td><a href=\"https:\/\/blog.izm.fraunhofer.de\/energy-efficient-iiot-systems\/\">Hardware-Software Co-Design for Energy-efficient IIoT Systems<\/a><\/td><\/tr><tr><td><a href=\"https:\/\/blog.izm.fraunhofer.de\/de\/wie-koennen-digitale-technologien-gruner-werden\/\" target=\"_blank\" rel=\"noreferrer noopener\">ICT: How can digital technologies become greener?<\/a><\/td><\/tr><tr><td><a href=\"https:\/\/blog.izm.fraunhofer.de\/de\/nachhaltigkeit-smartphones-und-tablets\/\" target=\"_blank\" rel=\"noreferrer noopener\">Nachhaltige mobile IT-Ger\u00e4te f\u00fcr die Umwelt: Lang lebe das Smartphone und Tablet!<\/a><\/td><\/tr><tr><td><a href=\"https:\/\/blog.izm.fraunhofer.de\/circular-business-models\/\" target=\"_blank\" rel=\"noreferrer noopener\">UNDRESS \u2013 Circularity: Circular Business Models for Electronic Products \u2013 Are they worth it?<\/a><\/td><\/tr><tr><td><a href=\"https:\/\/blog.izm.fraunhofer.de\/de\/nachhaltige-elektronik-made-in-germany\/\">Sustainable electronics made in Germany: The Green ICT Competence Center<\/a><\/td><\/tr><tr><td><a href=\"https:\/\/blog.izm.fraunhofer.de\/ict-study\/\" target=\"_blank\" rel=\"noreferrer noopener\">Fraunhofer IZM study shows trend reversal in the demand for electricity in Germany\u2019s ICT sector by 2033<\/a><\/td><\/tr><tr><td><a href=\"https:\/\/blog.izm.fraunhofer.de\/sustainable-electronics\/\" target=\"_blank\" rel=\"noreferrer noopener\">Expert knowledge, just a click away: training videos on green electronics<\/a><\/td><\/tr><tr><td><a href=\"https:\/\/blog.izm.fraunhofer.de\/hardware-security-for-industry-4-0\/\" target=\"_blank\" rel=\"noreferrer noopener\">Hardware security for Industry 4.0: A trustworthy value chain in manufacturing<\/a><\/td><\/tr><tr><td><a href=\"https:\/\/blog.izm.fraunhofer.de\/hardware-security\/\" target=\"_blank\" rel=\"noreferrer noopener\">Threats and protection mechanisms for the trustworthiness of electronic hardware<\/a><\/td><\/tr><tr><td><a href=\"https:\/\/blog.izm.fraunhofer.de\/modular-smartphones\/\">What makes modular smartphones sustainable for different user groups?<\/a><\/td><\/tr><\/tbody><\/table><\/figure>\n\n\n\n<h3 class=\"wp-block-heading\" style=\"font-style:normal;font-weight:300\">All blog posts:<\/h3>\n\n\n\n<p><a href=\"https:\/\/blog.izm.fraunhofer.de\/\"><img loading=\"lazy\" decoding=\"async\" width=\"150\" height=\"48\" class=\"wp-image-12092\" style=\"width: 150px;\" src=\"https:\/\/greenict.de\/wp-content\/uploads\/2025\/04\/RealIZM-Logo.png\" alt=\"\" srcset=\"https:\/\/greenict.de\/wp-content\/uploads\/2025\/04\/RealIZM-Logo.png 300w, https:\/\/greenict.de\/wp-content\/uploads\/2025\/04\/RealIZM-Logo-18x6.png 18w\" sizes=\"auto, (max-width: 150px) 100vw, 150px\" \/><\/a><\/p>","protected":false},"excerpt":{"rendered":"<p>Alternativen f\u00fcr gef\u00e4hrliche und umweltsch\u00e4dliche Prozesschemikalien im Wafer Level Packaging Hardware-Software-Co-Design f\u00fcr energieeffiziente IIoT-Systeme IKT: Wie k\u00f6nnen digitale Technologien gr\u00fcner werden? Nachhaltige mobile IT-Ger\u00e4te f\u00fcr die Umwelt: Lang lebe das Smartphone und Tablet! UNDRESS \u2013 Circularity: Zirkul\u00e4re Gesch\u00e4ftsmodelle f\u00fcr Elektronikprodukte&#8230;<\/p>","protected":false},"author":2,"featured_media":0,"parent":0,"menu_order":0,"comment_status":"closed","ping_status":"closed","template":"","meta":{"_acf_changed":false,"footnotes":""},"class_list":["post-12090","page","type-page","status-publish","hentry"],"acf":[],"yoast_head":"<!-- This site is optimized with the Yoast SEO plugin v27.3 - https:\/\/yoast.com\/product\/yoast-seo-wordpress\/ -->\n<title>Beitr\u00e4ge aus dem Wissenschaftsblog des Fraunhofer IZM &#8211; Green ICT<\/title>\n<meta name=\"robots\" content=\"index, follow, max-snippet:-1, max-image-preview:large, max-video-preview:-1\" \/>\n<link rel=\"canonical\" href=\"https:\/\/greenict.de\/en\/wissenschaftsblog-fraunhofer-izm\/\" \/>\n<script type=\"application\/ld+json\" class=\"yoast-schema-graph\">{\"@context\":\"https:\\\/\\\/schema.org\",\"@graph\":[{\"@type\":\"WebPage\",\"@id\":\"https:\\\/\\\/greenict.de\\\/wissenschaftsblog-fraunhofer-izm\\\/\",\"url\":\"https:\\\/\\\/greenict.de\\\/wissenschaftsblog-fraunhofer-izm\\\/\",\"name\":\"Beitr\u00e4ge aus dem Wissenschaftsblog des Fraunhofer IZM &#8211; Green ICT\",\"isPartOf\":{\"@id\":\"https:\\\/\\\/greenict.de\\\/#website\"},\"primaryImageOfPage\":{\"@id\":\"https:\\\/\\\/greenict.de\\\/wissenschaftsblog-fraunhofer-izm\\\/#primaryimage\"},\"image\":{\"@id\":\"https:\\\/\\\/greenict.de\\\/wissenschaftsblog-fraunhofer-izm\\\/#primaryimage\"},\"thumbnailUrl\":\"https:\\\/\\\/greenict.de\\\/wp-content\\\/uploads\\\/2025\\\/04\\\/RealIZM-Logo.png\",\"datePublished\":\"2025-04-08T11:57:31+00:00\",\"dateModified\":\"2025-07-17T08:02:29+00:00\",\"breadcrumb\":{\"@id\":\"https:\\\/\\\/greenict.de\\\/wissenschaftsblog-fraunhofer-izm\\\/#breadcrumb\"},\"inLanguage\":\"en-GB\",\"potentialAction\":[{\"@type\":\"ReadAction\",\"target\":[\"https:\\\/\\\/greenict.de\\\/wissenschaftsblog-fraunhofer-izm\\\/\"]}]},{\"@type\":\"ImageObject\",\"inLanguage\":\"en-GB\",\"@id\":\"https:\\\/\\\/greenict.de\\\/wissenschaftsblog-fraunhofer-izm\\\/#primaryimage\",\"url\":\"https:\\\/\\\/greenict.de\\\/wp-content\\\/uploads\\\/2025\\\/04\\\/RealIZM-Logo.png\",\"contentUrl\":\"https:\\\/\\\/greenict.de\\\/wp-content\\\/uploads\\\/2025\\\/04\\\/RealIZM-Logo.png\"},{\"@type\":\"BreadcrumbList\",\"@id\":\"https:\\\/\\\/greenict.de\\\/wissenschaftsblog-fraunhofer-izm\\\/#breadcrumb\",\"itemListElement\":[{\"@type\":\"ListItem\",\"position\":1,\"name\":\"Startseite\",\"item\":\"https:\\\/\\\/greenict.de\\\/\"},{\"@type\":\"ListItem\",\"position\":2,\"name\":\"Beitr\u00e4ge aus dem Wissenschaftsblog des Fraunhofer IZM\"}]},{\"@type\":\"WebSite\",\"@id\":\"https:\\\/\\\/greenict.de\\\/#website\",\"url\":\"https:\\\/\\\/greenict.de\\\/\",\"name\":\"Green ICT\",\"description\":\"Kompetenzzentrum f\u00fcr eine ressourcenbewusste Informations- und Kommunikationstechnik\",\"publisher\":{\"@id\":\"https:\\\/\\\/greenict.de\\\/#organization\"},\"alternateName\":\"Nachhaltige Mikroelektronik\",\"potentialAction\":[{\"@type\":\"SearchAction\",\"target\":{\"@type\":\"EntryPoint\",\"urlTemplate\":\"https:\\\/\\\/greenict.de\\\/?s={search_term_string}\"},\"query-input\":{\"@type\":\"PropertyValueSpecification\",\"valueRequired\":true,\"valueName\":\"search_term_string\"}}],\"inLanguage\":\"en-GB\"},{\"@type\":\"Organization\",\"@id\":\"https:\\\/\\\/greenict.de\\\/#organization\",\"name\":\"Forschungsfabrik Mikroelektronik Deutschland\",\"alternateName\":\"FMD\",\"url\":\"https:\\\/\\\/greenict.de\\\/\",\"logo\":{\"@type\":\"ImageObject\",\"inLanguage\":\"en-GB\",\"@id\":\"https:\\\/\\\/greenict.de\\\/#\\\/schema\\\/logo\\\/image\\\/\",\"url\":\"https:\\\/\\\/greenict.de\\\/wp-content\\\/uploads\\\/2022\\\/11\\\/FMD-Logo_farbe-50-mm.png\",\"contentUrl\":\"https:\\\/\\\/greenict.de\\\/wp-content\\\/uploads\\\/2022\\\/11\\\/FMD-Logo_farbe-50-mm.png\",\"width\":592,\"height\":135,\"caption\":\"Forschungsfabrik Mikroelektronik Deutschland\"},\"image\":{\"@id\":\"https:\\\/\\\/greenict.de\\\/#\\\/schema\\\/logo\\\/image\\\/\"}}]}<\/script>\n<!-- \/ Yoast SEO plugin. -->","yoast_head_json":{"title":"Beitr\u00e4ge aus dem Wissenschaftsblog des Fraunhofer IZM &#8211; Green ICT","robots":{"index":"index","follow":"follow","max-snippet":"max-snippet:-1","max-image-preview":"max-image-preview:large","max-video-preview":"max-video-preview:-1"},"canonical":"https:\/\/greenict.de\/en\/wissenschaftsblog-fraunhofer-izm\/","schema":{"@context":"https:\/\/schema.org","@graph":[{"@type":"WebPage","@id":"https:\/\/greenict.de\/wissenschaftsblog-fraunhofer-izm\/","url":"https:\/\/greenict.de\/wissenschaftsblog-fraunhofer-izm\/","name":"Beitr\u00e4ge aus dem Wissenschaftsblog des Fraunhofer IZM &#8211; Green ICT","isPartOf":{"@id":"https:\/\/greenict.de\/#website"},"primaryImageOfPage":{"@id":"https:\/\/greenict.de\/wissenschaftsblog-fraunhofer-izm\/#primaryimage"},"image":{"@id":"https:\/\/greenict.de\/wissenschaftsblog-fraunhofer-izm\/#primaryimage"},"thumbnailUrl":"https:\/\/greenict.de\/wp-content\/uploads\/2025\/04\/RealIZM-Logo.png","datePublished":"2025-04-08T11:57:31+00:00","dateModified":"2025-07-17T08:02:29+00:00","breadcrumb":{"@id":"https:\/\/greenict.de\/wissenschaftsblog-fraunhofer-izm\/#breadcrumb"},"inLanguage":"en-GB","potentialAction":[{"@type":"ReadAction","target":["https:\/\/greenict.de\/wissenschaftsblog-fraunhofer-izm\/"]}]},{"@type":"ImageObject","inLanguage":"en-GB","@id":"https:\/\/greenict.de\/wissenschaftsblog-fraunhofer-izm\/#primaryimage","url":"https:\/\/greenict.de\/wp-content\/uploads\/2025\/04\/RealIZM-Logo.png","contentUrl":"https:\/\/greenict.de\/wp-content\/uploads\/2025\/04\/RealIZM-Logo.png"},{"@type":"BreadcrumbList","@id":"https:\/\/greenict.de\/wissenschaftsblog-fraunhofer-izm\/#breadcrumb","itemListElement":[{"@type":"ListItem","position":1,"name":"Startseite","item":"https:\/\/greenict.de\/"},{"@type":"ListItem","position":2,"name":"Beitr\u00e4ge aus dem Wissenschaftsblog des Fraunhofer IZM"}]},{"@type":"WebSite","@id":"https:\/\/greenict.de\/#website","url":"https:\/\/greenict.de\/","name":"Competence center for sustainable IT and communication technology","description":"Competence center for sustainable information and communication technology","publisher":{"@id":"https:\/\/greenict.de\/#organization"},"alternateName":"Nachhaltige Mikroelektronik","potentialAction":[{"@type":"SearchAction","target":{"@type":"EntryPoint","urlTemplate":"https:\/\/greenict.de\/?s={search_term_string}"},"query-input":{"@type":"PropertyValueSpecification","valueRequired":true,"valueName":"search_term_string"}}],"inLanguage":"en-GB"},{"@type":"Organization","@id":"https:\/\/greenict.de\/#organization","name":"Research Fab Microelectronics Germany","alternateName":"FMD","url":"https:\/\/greenict.de\/","logo":{"@type":"ImageObject","inLanguage":"en-GB","@id":"https:\/\/greenict.de\/#\/schema\/logo\/image\/","url":"https:\/\/greenict.de\/wp-content\/uploads\/2022\/11\/FMD-Logo_farbe-50-mm.png","contentUrl":"https:\/\/greenict.de\/wp-content\/uploads\/2022\/11\/FMD-Logo_farbe-50-mm.png","width":592,"height":135,"caption":"Forschungsfabrik Mikroelektronik Deutschland"},"image":{"@id":"https:\/\/greenict.de\/#\/schema\/logo\/image\/"}}]}},"_links":{"self":[{"href":"https:\/\/greenict.de\/en\/wp-json\/wp\/v2\/pages\/12090","targetHints":{"allow":["GET"]}}],"collection":[{"href":"https:\/\/greenict.de\/en\/wp-json\/wp\/v2\/pages"}],"about":[{"href":"https:\/\/greenict.de\/en\/wp-json\/wp\/v2\/types\/page"}],"author":[{"embeddable":true,"href":"https:\/\/greenict.de\/en\/wp-json\/wp\/v2\/users\/2"}],"replies":[{"embeddable":true,"href":"https:\/\/greenict.de\/en\/wp-json\/wp\/v2\/comments?post=12090"}],"version-history":[{"count":16,"href":"https:\/\/greenict.de\/en\/wp-json\/wp\/v2\/pages\/12090\/revisions"}],"predecessor-version":[{"id":13099,"href":"https:\/\/greenict.de\/en\/wp-json\/wp\/v2\/pages\/12090\/revisions\/13099"}],"wp:attachment":[{"href":"https:\/\/greenict.de\/en\/wp-json\/wp\/v2\/media?parent=12090"}],"curies":[{"name":"wp","href":"https:\/\/api.w.org\/{rel}","templated":true}]}}