{"id":116,"date":"2022-11-14T15:38:08","date_gmt":"2022-11-14T14:38:08","guid":{"rendered":"https:\/\/websites.fraunhofer.de\/greenict\/?page_id=116"},"modified":"2024-10-08T11:19:09","modified_gmt":"2024-10-08T09:19:09","slug":"energiesparende-kommunikationsinfrastrukturen","status":"publish","type":"page","link":"https:\/\/greenict.de\/en\/energiesparende-kommunikationsinfrastrukturen\/","title":{"rendered":"Energy-saving communication infrastructures"},"content":{"rendered":"<figure class=\"wp-block-image size-large\"><img loading=\"lazy\" decoding=\"async\" width=\"1024\" height=\"340\" src=\"https:\/\/greenict.de\/wp-content\/uploads\/2024\/07\/hub2-en.jpg\" alt=\"\" class=\"wp-image-9357\" srcset=\"https:\/\/greenict.de\/wp-content\/uploads\/2024\/07\/hub2-en.jpg 2560w, https:\/\/greenict.de\/wp-content\/uploads\/2024\/07\/hub2-en-300x66.jpg 300w, https:\/\/greenict.de\/wp-content\/uploads\/2024\/07\/hub2-en-1024x227.jpg 1024w, https:\/\/greenict.de\/wp-content\/uploads\/2024\/07\/hub2-en-768x170.jpg 768w, https:\/\/greenict.de\/wp-content\/uploads\/2024\/07\/hub2-en-1536x340.jpg 1536w, https:\/\/greenict.de\/wp-content\/uploads\/2024\/07\/hub2-en-2048x454.jpg 2048w, https:\/\/greenict.de\/wp-content\/uploads\/2024\/07\/hub2-en-18x4.jpg 18w\" sizes=\"auto, (max-width: 1024px) 100vw, 1024px\" \/><\/figure>\n\n\n\n<div style=\"height:10px\" aria-hidden=\"true\" class=\"wp-block-spacer\"><\/div>\n\n\n\n<p>It is impossible to imagine social and economic life without robust communications networks. Wireless communications technology is of particular importance, without which the progress of digitization is not feasible. It is necessary to put this development on a resource-conserving and energy-saving basis to analyze the ecological impact of the telecommunications infrastructure of wireless radio networks and optical aggregation and transport networks. In this hub, test environments are provided with the help of which industrial providers can professionally evaluate the ecological balance and optimize it in a targeted manner. The circle of potentially interested parties ranges from network operators and system equipment suppliers to individual hardware and software-related component manufacturers with high demand for customized, low-resource, and reliable 5G and 6G communication solutions.<\/p>\n\n\n\n<p><\/p>\n\n\n\n<h3 class=\"wp-block-heading\" style=\"font-style:normal;font-weight:300\">Our services:<\/h3>\n\n\n\n<ul class=\"wp-block-list\">\n<li>Provision of the use of various measuring stations&nbsp;<\/li>\n\n\n\n<li>Development and testing of algorithms to optimize energy consumption&nbsp;<\/li>\n\n\n\n<li>Characterization of systems and components&nbsp;<\/li>\n\n\n\n<li>Data acquisition on the energy consumption of components, subsystems and overall installations&nbsp;<\/li>\n\n\n\n<li>Conformity, interoperability and performance tests&nbsp;<\/li>\n\n\n\n<li>Digitization, energy-efficient circuits, modules and front ends&nbsp;<\/li>\n<\/ul>\n\n\n\n<p><\/p>\n\n\n\n<div class=\"wp-block-buttons has-custom-font-size has-medium-font-size is-content-justification-center is-layout-flex wp-container-core-buttons-is-layout-16018d1d wp-block-buttons-is-layout-flex\">\n<div class=\"wp-block-button has-custom-width wp-block-button__width-50 has-custom-font-size\" style=\"font-size:16px\"><a class=\"wp-block-button__link has-white-color has-text-color has-background wp-element-button\" href=\"https:\/\/greenict.de\/en\/nachhaltigkeitscheck-hub2\/\" style=\"background-color:#009374\" target=\"_blank\" rel=\"https:\/\/greenict.de\/kontakt\/ noopener noreferrer\">Start your validation project now<\/a><\/div>\n<\/div>\n\n\n\n<h3 class=\"wp-block-heading\" style=\"font-style:normal;font-weight:300\">Video presentation of the hubs (only available in German)<\/h3>\n\n\n\n<figure class=\"wp-block-embed is-type-video is-provider-youtube wp-block-embed-youtube wp-embed-aspect-16-9 wp-has-aspect-ratio\"><div class=\"wp-block-embed__wrapper\">\n<div class=\"embed-responsive embed-responsive-16by9\"><iframe title=\"Hub 2: Energy-saving communication infrastructures\" src=\"https:\/\/www.youtube.com\/embed\/-6rxE_O-ky0?feature=oembed\" frameborder=\"0\" allow=\"accelerometer; autoplay; clipboard-write; encrypted-media; gyroscope; picture-in-picture; web-share\" referrerpolicy=\"strict-origin-when-cross-origin\" allowfullscreen><\/iframe><\/div>\n<\/div><\/figure>\n\n\n\n<h3 class=\"wp-block-heading\" style=\"font-style:normal;font-weight:300\">Info poster (only available in German)<\/h3>\n\n\n\n<div class=\"wp-block-columns is-layout-flex wp-container-core-columns-is-layout-9d6595d7 wp-block-columns-is-layout-flex\">\n<div class=\"wp-block-column is-layout-flow wp-block-column-is-layout-flow\" style=\"flex-basis:25%\">\n<figure class=\"wp-block-image size-large\"><a href=\"https:\/\/greenict.de\/wp-content\/uploads\/2023\/09\/hub-2-validierungsprojekte.jpg\" target=\"_blank\" rel=\"noreferrer noopener\"><img loading=\"lazy\" decoding=\"async\" width=\"724\" height=\"1024\" src=\"https:\/\/greenict.de\/wp-content\/uploads\/2023\/09\/hub-2-validierungsprojekte-724x1024.jpg\" alt=\"Infoposter zur Validierung des gr\u00fcnen Potentials Ihrer Anwendung in der Kommunikationsinfrastruktur \" class=\"wp-image-4273\" srcset=\"https:\/\/greenict.de\/wp-content\/uploads\/2023\/09\/hub-2-validierungsprojekte-724x1024.jpg 724w, https:\/\/greenict.de\/wp-content\/uploads\/2023\/09\/hub-2-validierungsprojekte-212x300.jpg 212w, https:\/\/greenict.de\/wp-content\/uploads\/2023\/09\/hub-2-validierungsprojekte-768x1086.jpg 768w, https:\/\/greenict.de\/wp-content\/uploads\/2023\/09\/hub-2-validierungsprojekte-1086x1536.jpg 1086w, https:\/\/greenict.de\/wp-content\/uploads\/2023\/09\/hub-2-validierungsprojekte-8x12.jpg 8w, https:\/\/greenict.de\/wp-content\/uploads\/2023\/09\/hub-2-validierungsprojekte.jpg 1358w\" sizes=\"auto, (max-width: 724px) 100vw, 724px\" \/><\/a><\/figure>\n<\/div>\n\n\n\n<div class=\"wp-block-column is-layout-flow wp-block-column-is-layout-flow\" style=\"flex-basis:25%\">\n<figure class=\"wp-block-image size-large\"><a href=\"https:\/\/greenict.de\/wp-content\/uploads\/2023\/09\/hub-2-gruene-technologien.jpg\" target=\"_blank\" rel=\"noreferrer noopener\"><img loading=\"lazy\" decoding=\"async\" width=\"724\" height=\"1024\" src=\"https:\/\/greenict.de\/wp-content\/uploads\/2023\/09\/hub-2-gruene-technologien-724x1024.jpg\" alt=\"Infoposter zur Relevanz von gr\u00fcneren Technologien f\u00fcr die Digitalisierung, besonders zum Energiebedarf der Telekommunikationsnetze \" class=\"wp-image-4272\" srcset=\"https:\/\/greenict.de\/wp-content\/uploads\/2023\/09\/hub-2-gruene-technologien-724x1024.jpg 724w, https:\/\/greenict.de\/wp-content\/uploads\/2023\/09\/hub-2-gruene-technologien-212x300.jpg 212w, https:\/\/greenict.de\/wp-content\/uploads\/2023\/09\/hub-2-gruene-technologien-768x1086.jpg 768w, https:\/\/greenict.de\/wp-content\/uploads\/2023\/09\/hub-2-gruene-technologien-1086x1536.jpg 1086w, https:\/\/greenict.de\/wp-content\/uploads\/2023\/09\/hub-2-gruene-technologien-8x12.jpg 8w, https:\/\/greenict.de\/wp-content\/uploads\/2023\/09\/hub-2-gruene-technologien.jpg 1358w\" sizes=\"auto, (max-width: 724px) 100vw, 724px\" \/><\/a><\/figure>\n<\/div>\n\n\n\n<div class=\"wp-block-column is-layout-flow wp-block-column-is-layout-flow\" style=\"flex-basis:25%\">\n<figure class=\"wp-block-image size-large\"><a href=\"https:\/\/greenict.de\/wp-content\/uploads\/2023\/09\/hub-2-arbeitspakete.jpg\" target=\"_blank\" rel=\"noreferrer noopener\"><img loading=\"lazy\" decoding=\"async\" width=\"724\" height=\"1024\" src=\"https:\/\/greenict.de\/wp-content\/uploads\/2023\/09\/hub-2-arbeitspakete-724x1024.jpg\" alt=\"Infoposter zu den Arbeitspaketen im Hub &quot;Energiesparende Kommunikationsinfrastrukturen&quot;\" class=\"wp-image-4271\" srcset=\"https:\/\/greenict.de\/wp-content\/uploads\/2023\/09\/hub-2-arbeitspakete-724x1024.jpg 724w, https:\/\/greenict.de\/wp-content\/uploads\/2023\/09\/hub-2-arbeitspakete-212x300.jpg 212w, https:\/\/greenict.de\/wp-content\/uploads\/2023\/09\/hub-2-arbeitspakete-768x1086.jpg 768w, https:\/\/greenict.de\/wp-content\/uploads\/2023\/09\/hub-2-arbeitspakete-1086x1536.jpg 1086w, https:\/\/greenict.de\/wp-content\/uploads\/2023\/09\/hub-2-arbeitspakete-8x12.jpg 8w, https:\/\/greenict.de\/wp-content\/uploads\/2023\/09\/hub-2-arbeitspakete.jpg 1358w\" sizes=\"auto, (max-width: 724px) 100vw, 724px\" \/><\/a><\/figure>\n<\/div>\n<\/div>\n\n\n\n<div style=\"height:20px\" aria-hidden=\"true\" class=\"wp-block-spacer\"><\/div>\n\n\n\n<p class=\"translation-block\">Energy saving in mobile communications infrastructure shall implement national and European agendas such as the BMBF's action plan \"Naturally. Digital. Sustainable\" and the EU Commission's \"European Green Deal.\" The hub's goal of providing German and European industry with a development, test, and reference environment also includes the objective of technology sovereignty anchored in the funding policy goals. This will ensure energy- and resource-saving, technically reliable, and data-secure operation of future telecommunications and industrial network infrastructures.<\/p>\n\n\n\n<p><\/p>\n\n\n\n<h3 class=\"wp-block-heading\" style=\"font-style:normal;font-weight:300\">Evaluate the complete chain of system modules<\/h3>\n\n\n\n<p>The ecological balance always has to be considered within the overall system. Since the functional groups in a communications network are technically interdependent, this hub will involve the complete chain of system building blocks, from the high-frequency components in the radio and base station through the various interconnection networks to the protocol level. It is crucial that the hub also depicts the different development stages since the technical state of the art is evolving rapidly, and it still needs to be clarified how the full functionality required in 5G\/6G can be technically realized. Due to its high complexity, an LCA of this kind can rarely be carried out by one market participant alone. The hub will, therefore, play a decisive role in analyzing and optimizing the energy consumption of wireless networks, as it will provide unrestricted access to the existing structures of the application-oriented research institutes.<\/p>\n\n\n\n<h2 class=\"wp-block-heading\" style=\"font-style:normal;font-weight:300\">Work packages<\/h2>\n\n\n\n<div style=\"height:20px\" aria-hidden=\"true\" class=\"wp-block-spacer\"><\/div>\n\n\n\n<div class=\"wp-block-columns is-layout-flex wp-container-core-columns-is-layout-9d6595d7 wp-block-columns-is-layout-flex\">\n<div class=\"wp-block-column is-layout-flow wp-block-column-is-layout-flow\" style=\"flex-basis:100%\">\n<div class=\"su-box su-box-style-default my-custom-box\" id=\"\" style=\"border-color:#4d4d4d;border-radius:1px;max-width:none\"><div class=\"su-box-title\" style=\"background-color:#808080;color:#FFFFFF;border-top-left-radius:0px;border-top-right-radius:0px\">1) Hub-Coordination<\/div><div class=\"su-box-content su-u-clearfix su-u-trim\" style=\"border-bottom-left-radius:0px;border-bottom-right-radius:0px\">\n\n\n<div class=\"su-list\" style=\"margin-left:0px\">\n<ul>\n<li><i class=\"sui sui-long-arrow-right\" style=\"color:#333\"><\/i> Hub coordination internally and externally (hub project management)<\/li>\n<li><i class=\"sui sui-long-arrow-right\" style=\"color:#333\"><\/i> Interface with FMD<\/li>\n<\/ul>\n<\/div>\n\n\n\n<\/div><\/div>\n<\/div>\n<\/div>\n\n\n\n<div class=\"wp-block-columns is-layout-flex wp-container-core-columns-is-layout-9d6595d7 wp-block-columns-is-layout-flex\">\n<div class=\"wp-block-column is-layout-flow wp-block-column-is-layout-flow\">\n<div class=\"su-box su-box-style-default my-custom-box\" id=\"\" style=\"border-color:#4d4d4d;border-radius:1px;max-width:none\"><div class=\"su-box-title\" style=\"background-color:#808080;color:#FFFFFF;border-top-left-radius:0px;border-top-right-radius:0px\">2) 5G-testbed<\/div><div class=\"su-box-content su-u-clearfix su-u-trim\" style=\"border-bottom-left-radius:0px;border-bottom-right-radius:0px\"><div class=\"su-spoiler su-spoiler-style-default su-spoiler-icon-plus-circle su-spoiler-closed\" data-scroll-offset=\"0\" data-anchor-in-url=\"no\"><div class=\"su-spoiler-title\" tabindex=\"0\" role=\"button\"><span class=\"su-spoiler-icon\"><\/span>More info<\/div><div class=\"su-spoiler-content su-u-clearfix su-u-trim\">\n\n\n\n<p>This work package aims to provide a natural test environment for evaluating energy consumption in 5th and 6th-generation mobile networks and to test protocol-based energy-saving methods in practice. The test environment on one hand includes the 5G test site of the 5G Berlin Association at the TU Berlin campus for the main testing of 5G technologies and, on the other hand, an emulated mobile radio environment in the laboratory of the HHI for the investigation of future 6G components. The test environment enables the evaluation of hardware and software at the level of network elements (e.g., radio unit) or subsystems (e.g., beamforming antenna) via standardized interfaces.<\/div><\/div><\/div><\/div>\n<\/div>\n<\/div>\n\n\n\n<div class=\"wp-block-columns is-layout-flex wp-container-core-columns-is-layout-9d6595d7 wp-block-columns-is-layout-flex\">\n<div class=\"wp-block-column is-layout-flow wp-block-column-is-layout-flow\">\n<div class=\"su-box su-box-style-default my-custom-box\" id=\"\" style=\"border-color:#4d4d4d;border-radius:1px;max-width:none\"><div class=\"su-box-title\" style=\"background-color:#808080;color:#FFFFFF;border-top-left-radius:0px;border-top-right-radius:0px\">3)\tX-Haul wireless<\/div><div class=\"su-box-content su-u-clearfix su-u-trim\" style=\"border-bottom-left-radius:0px;border-bottom-right-radius:0px\"><div class=\"su-spoiler su-spoiler-style-default su-spoiler-icon-plus-circle su-spoiler-closed\" data-scroll-offset=\"0\" data-anchor-in-url=\"no\"><div class=\"su-spoiler-title\" tabindex=\"0\" role=\"button\"><span class=\"su-spoiler-icon\"><\/span>More info<\/div><div class=\"su-spoiler-content su-u-clearfix su-u-trim\"> <\/p>\n\n\n\n<p>For 5G and 6G scenarios, the energetic assessment of new types of wireless link sceneries and hardware is crucial since only these new types of frequencies can solve the bandwidth requirements of the future. At the same time, there are enormous needs here to evaluate sustainable use in real-world applications. The input parameters of the LCA are largely unknown and are to be elaborated across the board as well as based on customer-specific scenarios.<\/div><\/div><\/div><\/div>\n<\/div>\n<\/div>\n\n\n\n<div class=\"wp-block-columns is-layout-flex wp-container-core-columns-is-layout-9d6595d7 wp-block-columns-is-layout-flex\">\n<div class=\"wp-block-column is-layout-flow wp-block-column-is-layout-flow\">\n<div class=\"su-box su-box-style-default my-custom-box\" id=\"\" style=\"border-color:#4d4d4d;border-radius:1px;max-width:none\"><div class=\"su-box-title\" style=\"background-color:#808080;color:#FFFFFF;border-top-left-radius:0px;border-top-right-radius:0px\">4)\tX-Haul optical<\/div><div class=\"su-box-content su-u-clearfix su-u-trim\" style=\"border-bottom-left-radius:0px;border-bottom-right-radius:0px\"><div class=\"su-spoiler su-spoiler-style-default su-spoiler-icon-plus-circle su-spoiler-closed\" data-scroll-offset=\"0\" data-anchor-in-url=\"no\"><div class=\"su-spoiler-title\" tabindex=\"0\" role=\"button\"><span class=\"su-spoiler-icon\"><\/span>More info<\/div><div class=\"su-spoiler-content su-u-clearfix su-u-trim\">\n\n\n\n<p>New optical transmission systems, currently standardized by ETSI-F5G (5th Generation Fixed Networks), enable energy savings of 20% according to the standard. The work described in this work package (WP) creates the technical conditions for developing service offerings to the industry to increase the energy-saving potential. The aim is to allow industrial customers to characterize their system solutions and electro-optical technologies in terms of energy consumption in static network operation and to be able to optimize them for load-adaptive network operation (approx. 30 % energy savings potential) end-to-end, meaning, e.g., also in combination with the 5G radio infrastructure of the 5G Berlin Association. In addition, industrial customers will be allowed to evaluate the energy-saving potential of new technologies such as LiFi or RoF at the network, system, component, and protocol level.<\/div><\/div><\/div><\/div>\n<\/div>\n<\/div>\n\n\n\n<div class=\"wp-block-columns is-layout-flex wp-container-core-columns-is-layout-9d6595d7 wp-block-columns-is-layout-flex\">\n<div class=\"wp-block-column is-layout-flow wp-block-column-is-layout-flow\" style=\"flex-basis:100%\">\n<div class=\"su-box su-box-style-default my-custom-box\" id=\"\" style=\"border-color:#4d4d4d;border-radius:1px;max-width:none\"><div class=\"su-box-title\" style=\"background-color:#808080;color:#FFFFFF;border-top-left-radius:0px;border-top-right-radius:0px\">5) Network planning and life cycle assessment (LCA)<\/div><div class=\"su-box-content su-u-clearfix su-u-trim\" style=\"border-bottom-left-radius:0px;border-bottom-right-radius:0px\"><div class=\"su-spoiler su-spoiler-style-default su-spoiler-icon-plus-circle su-spoiler-closed\" data-scroll-offset=\"0\" data-anchor-in-url=\"no\"><div class=\"su-spoiler-title\" tabindex=\"0\" role=\"button\"><span class=\"su-spoiler-icon\"><\/span>More info<\/div><div class=\"su-spoiler-content su-u-clearfix su-u-trim\">\n\n\n\n<p>The service offerings elaborated in this WP aim to enable network operators, system suppliers, and component manufacturers to minimize energy and resource requirements by load-adaptive system control. For this purpose, the positive and negative effects of dynamic network planning on hardware and software levels have to be identified, measured, or simulated. Methods for accurate predictive estimation of energy savings in wireless and optical communications must be developed. Life cycle assessment will be used in this context to quantify the holistic effects, including reliability and component lifetime. The competencies provided here interface directly with the other WPs, particularly the testbeds and hardware-related service offerings.<\/div><\/div><\/div><\/div>\n\n\n\n<p><\/p>\n\n\n\n<p><\/p>\n\n\n\n<p class=\"translation-block\">-&gt; Learn more about the <a href=\"https:\/\/greenict.de\/en\/leistunsangebote-industrie\/\" target=\"_blank\" rel=\"noreferrer noopener external\" data-wpel-link=\"external\" class=\"wpel-icon-right\">validation projects<span class=\"wpel-icon wpel-image wpel-icon-6\"><\/span><\/a><\/p>\n<\/div>\n<\/div>","protected":false},"excerpt":{"rendered":"<p>Leistungsf\u00e4hige Kommunikationsnetze sind aus dem sozialen und wirtschaftlichen Leben nicht mehr wegzudenken. Besondere Bedeutung hat die drahtlose Kommunikationstechnik, ohne die ein Fortschreiten der Digitalisierung nicht darstellbar ist. Um diese Entwicklung auf eine ressourcenschonende und energiesparende Basis zu stellen, ist es&#8230;<\/p>","protected":false},"author":2,"featured_media":0,"parent":0,"menu_order":0,"comment_status":"closed","ping_status":"closed","template":"","meta":{"_acf_changed":false,"footnotes":""},"class_list":["post-116","page","type-page","status-publish","hentry"],"acf":[],"yoast_head":"<!-- This site is optimized with the Yoast SEO plugin v27.4 - https:\/\/yoast.com\/product\/yoast-seo-wordpress\/ -->\n<title>Energiesparende Kommunikationsinfrastrukturen<\/title>\n<meta name=\"description\" content=\"Green-ICT-Hub f\u00fcr nachhaltige Digitalisierung, energiesparende Kommunikationsinfrastrukturen und Technologiesouver\u00e4nit\u00e4t\" \/>\n<meta name=\"robots\" content=\"index, follow, max-snippet:-1, max-image-preview:large, max-video-preview:-1\" \/>\n<link rel=\"canonical\" href=\"https:\/\/greenict.de\/en\/energiesparende-kommunikationsinfrastrukturen\/\" \/>\n<script type=\"application\/ld+json\" class=\"yoast-schema-graph\">{\"@context\":\"https:\\\/\\\/schema.org\",\"@graph\":[{\"@type\":\"WebPage\",\"@id\":\"https:\\\/\\\/greenict.de\\\/energiesparende-kommunikationsinfrastrukturen\\\/\",\"url\":\"https:\\\/\\\/greenict.de\\\/energiesparende-kommunikationsinfrastrukturen\\\/\",\"name\":\"Energiesparende Kommunikationsinfrastrukturen\",\"isPartOf\":{\"@id\":\"https:\\\/\\\/greenict.de\\\/#website\"},\"primaryImageOfPage\":{\"@id\":\"https:\\\/\\\/greenict.de\\\/energiesparende-kommunikationsinfrastrukturen\\\/#primaryimage\"},\"image\":{\"@id\":\"https:\\\/\\\/greenict.de\\\/energiesparende-kommunikationsinfrastrukturen\\\/#primaryimage\"},\"thumbnailUrl\":\"https:\\\/\\\/greenict.de\\\/wp-content\\\/uploads\\\/2024\\\/07\\\/hub2-header-1-1024x340.jpg\",\"datePublished\":\"2022-11-14T14:38:08+00:00\",\"dateModified\":\"2024-10-08T09:19:09+00:00\",\"description\":\"Green-ICT-Hub f\u00fcr nachhaltige Digitalisierung, energiesparende Kommunikationsinfrastrukturen und Technologiesouver\u00e4nit\u00e4t\",\"breadcrumb\":{\"@id\":\"https:\\\/\\\/greenict.de\\\/energiesparende-kommunikationsinfrastrukturen\\\/#breadcrumb\"},\"inLanguage\":\"en-GB\",\"potentialAction\":[{\"@type\":\"ReadAction\",\"target\":[\"https:\\\/\\\/greenict.de\\\/energiesparende-kommunikationsinfrastrukturen\\\/\"]}]},{\"@type\":\"ImageObject\",\"inLanguage\":\"en-GB\",\"@id\":\"https:\\\/\\\/greenict.de\\\/energiesparende-kommunikationsinfrastrukturen\\\/#primaryimage\",\"url\":\"https:\\\/\\\/greenict.de\\\/wp-content\\\/uploads\\\/2024\\\/07\\\/hub2-header-1-1024x340.jpg\",\"contentUrl\":\"https:\\\/\\\/greenict.de\\\/wp-content\\\/uploads\\\/2024\\\/07\\\/hub2-header-1-1024x340.jpg\"},{\"@type\":\"BreadcrumbList\",\"@id\":\"https:\\\/\\\/greenict.de\\\/energiesparende-kommunikationsinfrastrukturen\\\/#breadcrumb\",\"itemListElement\":[{\"@type\":\"ListItem\",\"position\":1,\"name\":\"Startseite\",\"item\":\"https:\\\/\\\/greenict.de\\\/\"},{\"@type\":\"ListItem\",\"position\":2,\"name\":\"Energiesparende Kommunikationsinfrastrukturen\"}]},{\"@type\":\"WebSite\",\"@id\":\"https:\\\/\\\/greenict.de\\\/#website\",\"url\":\"https:\\\/\\\/greenict.de\\\/\",\"name\":\"Green ICT\",\"description\":\"Kompetenzzentrum f\u00fcr eine ressourcenbewusste Informations- und Kommunikationstechnik\",\"publisher\":{\"@id\":\"https:\\\/\\\/greenict.de\\\/#organization\"},\"alternateName\":\"Nachhaltige Mikroelektronik\",\"potentialAction\":[{\"@type\":\"SearchAction\",\"target\":{\"@type\":\"EntryPoint\",\"urlTemplate\":\"https:\\\/\\\/greenict.de\\\/?s={search_term_string}\"},\"query-input\":{\"@type\":\"PropertyValueSpecification\",\"valueRequired\":true,\"valueName\":\"search_term_string\"}}],\"inLanguage\":\"en-GB\"},{\"@type\":\"Organization\",\"@id\":\"https:\\\/\\\/greenict.de\\\/#organization\",\"name\":\"Forschungsfabrik Mikroelektronik Deutschland\",\"alternateName\":\"FMD\",\"url\":\"https:\\\/\\\/greenict.de\\\/\",\"logo\":{\"@type\":\"ImageObject\",\"inLanguage\":\"en-GB\",\"@id\":\"https:\\\/\\\/greenict.de\\\/#\\\/schema\\\/logo\\\/image\\\/\",\"url\":\"https:\\\/\\\/greenict.de\\\/wp-content\\\/uploads\\\/2022\\\/11\\\/FMD-Logo_farbe-50-mm.png\",\"contentUrl\":\"https:\\\/\\\/greenict.de\\\/wp-content\\\/uploads\\\/2022\\\/11\\\/FMD-Logo_farbe-50-mm.png\",\"width\":592,\"height\":135,\"caption\":\"Forschungsfabrik Mikroelektronik Deutschland\"},\"image\":{\"@id\":\"https:\\\/\\\/greenict.de\\\/#\\\/schema\\\/logo\\\/image\\\/\"}}]}<\/script>\n<!-- \/ Yoast SEO plugin. -->","yoast_head_json":{"title":"Energy-saving communication infrastructures","description":"Green ICT hub for sustainable digitalization, energy-saving communication infrastructures and technology sovereignty","robots":{"index":"index","follow":"follow","max-snippet":"max-snippet:-1","max-image-preview":"max-image-preview:large","max-video-preview":"max-video-preview:-1"},"canonical":"https:\/\/greenict.de\/en\/energiesparende-kommunikationsinfrastrukturen\/","schema":{"@context":"https:\/\/schema.org","@graph":[{"@type":"WebPage","@id":"https:\/\/greenict.de\/energiesparende-kommunikationsinfrastrukturen\/","url":"https:\/\/greenict.de\/energiesparende-kommunikationsinfrastrukturen\/","name":"Energy-saving communication infrastructures","isPartOf":{"@id":"https:\/\/greenict.de\/#website"},"primaryImageOfPage":{"@id":"https:\/\/greenict.de\/energiesparende-kommunikationsinfrastrukturen\/#primaryimage"},"image":{"@id":"https:\/\/greenict.de\/energiesparende-kommunikationsinfrastrukturen\/#primaryimage"},"thumbnailUrl":"https:\/\/greenict.de\/wp-content\/uploads\/2024\/07\/hub2-header-1-1024x340.jpg","datePublished":"2022-11-14T14:38:08+00:00","dateModified":"2024-10-08T09:19:09+00:00","description":"Green ICT hub for sustainable digitalization, energy-saving communication infrastructures and technology sovereignty","breadcrumb":{"@id":"https:\/\/greenict.de\/energiesparende-kommunikationsinfrastrukturen\/#breadcrumb"},"inLanguage":"en-GB","potentialAction":[{"@type":"ReadAction","target":["https:\/\/greenict.de\/energiesparende-kommunikationsinfrastrukturen\/"]}]},{"@type":"ImageObject","inLanguage":"en-GB","@id":"https:\/\/greenict.de\/energiesparende-kommunikationsinfrastrukturen\/#primaryimage","url":"https:\/\/greenict.de\/wp-content\/uploads\/2024\/07\/hub2-header-1-1024x340.jpg","contentUrl":"https:\/\/greenict.de\/wp-content\/uploads\/2024\/07\/hub2-header-1-1024x340.jpg"},{"@type":"BreadcrumbList","@id":"https:\/\/greenict.de\/energiesparende-kommunikationsinfrastrukturen\/#breadcrumb","itemListElement":[{"@type":"ListItem","position":1,"name":"Startseite","item":"https:\/\/greenict.de\/"},{"@type":"ListItem","position":2,"name":"Energiesparende Kommunikationsinfrastrukturen"}]},{"@type":"WebSite","@id":"https:\/\/greenict.de\/#website","url":"https:\/\/greenict.de\/","name":"Competence center for sustainable IT and communication technology","description":"Competence center for sustainable information and communication technology","publisher":{"@id":"https:\/\/greenict.de\/#organization"},"alternateName":"Nachhaltige Mikroelektronik","potentialAction":[{"@type":"SearchAction","target":{"@type":"EntryPoint","urlTemplate":"https:\/\/greenict.de\/?s={search_term_string}"},"query-input":{"@type":"PropertyValueSpecification","valueRequired":true,"valueName":"search_term_string"}}],"inLanguage":"en-GB"},{"@type":"Organization","@id":"https:\/\/greenict.de\/#organization","name":"Research Fab Microelectronics Germany","alternateName":"FMD","url":"https:\/\/greenict.de\/","logo":{"@type":"ImageObject","inLanguage":"en-GB","@id":"https:\/\/greenict.de\/#\/schema\/logo\/image\/","url":"https:\/\/greenict.de\/wp-content\/uploads\/2022\/11\/FMD-Logo_farbe-50-mm.png","contentUrl":"https:\/\/greenict.de\/wp-content\/uploads\/2022\/11\/FMD-Logo_farbe-50-mm.png","width":592,"height":135,"caption":"Forschungsfabrik Mikroelektronik Deutschland"},"image":{"@id":"https:\/\/greenict.de\/#\/schema\/logo\/image\/"}}]}},"_links":{"self":[{"href":"https:\/\/greenict.de\/en\/wp-json\/wp\/v2\/pages\/116","targetHints":{"allow":["GET"]}}],"collection":[{"href":"https:\/\/greenict.de\/en\/wp-json\/wp\/v2\/pages"}],"about":[{"href":"https:\/\/greenict.de\/en\/wp-json\/wp\/v2\/types\/page"}],"author":[{"embeddable":true,"href":"https:\/\/greenict.de\/en\/wp-json\/wp\/v2\/users\/2"}],"replies":[{"embeddable":true,"href":"https:\/\/greenict.de\/en\/wp-json\/wp\/v2\/comments?post=116"}],"version-history":[{"count":30,"href":"https:\/\/greenict.de\/en\/wp-json\/wp\/v2\/pages\/116\/revisions"}],"predecessor-version":[{"id":10348,"href":"https:\/\/greenict.de\/en\/wp-json\/wp\/v2\/pages\/116\/revisions\/10348"}],"wp:attachment":[{"href":"https:\/\/greenict.de\/en\/wp-json\/wp\/v2\/media?parent=116"}],"curies":[{"name":"wp","href":"https:\/\/api.w.org\/{rel}","templated":true}]}}