{"id":11529,"date":"2025-03-27T10:32:16","date_gmt":"2025-03-27T09:32:16","guid":{"rendered":"https:\/\/greenict.de\/?page_id=11529"},"modified":"2026-02-27T11:53:20","modified_gmt":"2026-02-27T10:53:20","slug":"abgeschlossene-projekte-mit-unternehmen","status":"publish","type":"page","link":"https:\/\/greenict.de\/en\/abgeschlossene-projekte-mit-unternehmen\/","title":{"rendered":"Completed projects with companies"},"content":{"rendered":"<p><\/p>\n\n\n\n<blockquote class=\"wp-block-quote is-layout-flow wp-block-quote-is-layout-flow\">\n<p style=\"font-size:15px\" class=\"translation-block\">The constructive, efficient, and seamless collaboration within the framework of the \n Center of Excellence for Green ICT @ FMD GreenICT Competence Centre\u2019s validation project proved highly valuable for SENTECH in determining the carbon footprint of a high-end plasma etching system. Through this process, we gained a deeper understanding of the life cycle assessment of our products, which supports our efforts toward sustainable product development. In addition, we benefited significantly from the learning process, particularly with regard to understanding the data requirements necessary to conduct a comprehensive life cycle assessment.<\/p>\n\n\n\n<p class=\"has-small-font-size\">&#8211; <em>Friedrich Paul Witek \u2013 CEO, <a href=\"https:\/\/sentech.com\/\">SENTECH Instruments GmbH<\/a><\/em><\/p>\n<\/blockquote>\n\n\n\n<div class=\"wp-block-columns is-layout-flex wp-container-core-columns-is-layout-9d6595d7 wp-block-columns-is-layout-flex\">\n<div class=\"wp-block-column bordercolumns3 has-background is-layout-flow wp-block-column-is-layout-flow\" style=\"background-color:#f1f8f7\">\n<figure class=\"wp-block-image size-full is-style-default\"><a href=\"https:\/\/youtu.be\/SgZTOcYCRbQ?feature=shared\" target=\"_blank\" rel=\" noreferrer noopener\"><img loading=\"lazy\" decoding=\"async\" width=\"1278\" height=\"719\" src=\"https:\/\/greenict.de\/wp-content\/uploads\/2024\/11\/use-case-schreyer.jpg\" alt=\"\" class=\"wp-image-10803\" srcset=\"https:\/\/greenict.de\/wp-content\/uploads\/2024\/11\/use-case-schreyer.jpg 1278w, https:\/\/greenict.de\/wp-content\/uploads\/2024\/11\/use-case-schreyer-300x169.jpg 300w, https:\/\/greenict.de\/wp-content\/uploads\/2024\/11\/use-case-schreyer-1024x576.jpg 1024w, https:\/\/greenict.de\/wp-content\/uploads\/2024\/11\/use-case-schreyer-768x432.jpg 768w, https:\/\/greenict.de\/wp-content\/uploads\/2024\/11\/use-case-schreyer-18x10.jpg 18w\" sizes=\"auto, (max-width: 1278px) 100vw, 1278px\" \/><\/a><\/figure>\n\n\n\n<h3 class=\"wp-block-heading has-text-align-center\">F\u00e4th GmbH<\/h3>\n\n\n\n<p class=\"has-text-align-center\">Innovation through slurry recycling \u2013 Dr. Matthias Schreyer.<\/p>\n\n\n\n<div class=\"wp-block-buttons has-custom-font-size has-small-font-size is-content-justification-center is-layout-flex wp-container-core-buttons-is-layout-16018d1d wp-block-buttons-is-layout-flex\">\n<div class=\"wp-block-button has-custom-width wp-block-button__width-50\"><a class=\"wp-block-button__link has-white-color has-text-color has-background wp-element-button\" href=\"https:\/\/youtu.be\/SgZTOcYCRbQ?feature=shared\" style=\"border-radius:50px;background-color:#009374\" target=\"_blank\" rel=\"https:\/\/greenict.de\/kontakt\/ noopener noreferrer noreferrer noopener\">Watch the video<\/a><\/div>\n<\/div>\n\n\n\n<div style=\"height:20px\" aria-hidden=\"true\" class=\"wp-block-spacer\"><\/div>\n<\/div>\n\n\n\n<div class=\"wp-block-column bordercolumns3 has-background is-layout-flow wp-block-column-is-layout-flow\" style=\"background-color:#f1f8f7\">\n<figure class=\"wp-block-image size-full is-style-default\"><a href=\"https:\/\/youtu.be\/PH56VzsrwNU?feature=shared\" target=\"_blank\" rel=\"noreferrer noopener\"><img loading=\"lazy\" decoding=\"async\" width=\"1279\" height=\"715\" src=\"https:\/\/greenict.de\/wp-content\/uploads\/2024\/11\/use-case-marposs.jpg\" alt=\"\" class=\"wp-image-10801\" srcset=\"https:\/\/greenict.de\/wp-content\/uploads\/2024\/11\/use-case-marposs.jpg 1279w, https:\/\/greenict.de\/wp-content\/uploads\/2024\/11\/use-case-marposs-300x168.jpg 300w, https:\/\/greenict.de\/wp-content\/uploads\/2024\/11\/use-case-marposs-1024x572.jpg 1024w, https:\/\/greenict.de\/wp-content\/uploads\/2024\/11\/use-case-marposs-768x429.jpg 768w, https:\/\/greenict.de\/wp-content\/uploads\/2024\/11\/use-case-marposs-18x10.jpg 18w\" sizes=\"auto, (max-width: 1279px) 100vw, 1279px\" \/><\/a><\/figure>\n\n\n\n<h3 class=\"wp-block-heading has-text-align-center\">MARPOSS Monitoring Solutions<\/h3>\n\n\n\n<p class=\"has-text-align-center\">Energy efficiency through AI: Sustainable solutions in machining \u2013 Prof. Dirk Lange.<\/p>\n\n\n\n<div class=\"wp-block-buttons has-custom-font-size has-small-font-size is-content-justification-center is-layout-flex wp-container-core-buttons-is-layout-16018d1d wp-block-buttons-is-layout-flex\">\n<div class=\"wp-block-button has-custom-width wp-block-button__width-50\"><a class=\"wp-block-button__link has-white-color has-text-color has-background wp-element-button\" href=\"https:\/\/youtu.be\/PH56VzsrwNU?feature=shared\" style=\"border-radius:50px;background-color:#009374\" target=\"_blank\" rel=\"https:\/\/greenict.de\/kontakt\/ noopener noreferrer noreferrer noopener\">Watch the video<\/a><\/div>\n<\/div>\n\n\n\n<div style=\"height:20px\" aria-hidden=\"true\" class=\"wp-block-spacer\"><\/div>\n<\/div>\n<\/div>\n\n\n\n<hr class=\"wp-block-separator has-alpha-channel-opacity\"\/>\n\n\n\n<h2 class=\"wp-block-heading\" id=\"Weitere-Kooperationen-mit-Unternehmen\">Further cooperation with companies<\/h2>\n\n\n\n<ul class=\"wp-block-list\">\n<li><a href=\"https:\/\/www.pe-systems.de\/\" target=\"_blank\" rel=\"noreferrer noopener\">PE-Systems<\/a><br>Contact: Andreas Ro\u00dfkopf (<a href=\"https:\/\/www.iisb.fraunhofer.de\/en\" target=\"_blank\" rel=\"noreferrer noopener\">Fraunhofer IISB<\/a>)<br>Topic: Environmentally conscious optimization of a power electronics system<\/li>\n\n\n\n<li><a href=\"https:\/\/www.framatome.com\/de\/\" target=\"_blank\" rel=\"noreferrer noopener\">Framatome<\/a><br>Contact person: Niels Clausen (<a href=\"https:\/\/www.isit.fraunhofer.de\/\">Fraunhofer ISIT<\/a>)<br>Topic: Energy Harvesting for Machine Monitoring<\/li>\n\n\n\n<li><a href=\"https:\/\/www.packwise.de\/\" target=\"_blank\" rel=\"noreferrer noopener\">Packwise<\/a><br>Contact: Volkhard Beyer (<a href=\"https:\/\/www.eas.iis.fraunhofer.de\/\" target=\"_blank\" rel=\"noreferrer noopener\">Fraunhofer IIS\/EAS<\/a>)<br>Topic: Green Acid Monitoring and Tracking Solution (GAMATS)<\/li>\n\n\n\n<li><a href=\"https:\/\/www.adtran.com\/de-de\" target=\"_blank\" rel=\"noreferrer noopener\">Adtran<\/a><br>Contact: Lutz Stobbe (<a href=\"https:\/\/www.izm.fraunhofer.de\/en.html\" target=\"_blank\" rel=\"noreferrer noopener\">Fraunhofer IZM<\/a>)<br>Topic: Determination of life cycle inventory data (Die areas) for life cycle assessments using the example of an optical transponder \/ SFP module<\/li>\n\n\n\n<li><a href=\"https:\/\/fritz.com\/\" target=\"_blank\" rel=\"noreferrer noopener\">Fritz!<\/a><br>Contact: Lutz Stobbe (<a href=\"https:\/\/www.izm.fraunhofer.de\/en.html\" target=\"_blank\" rel=\"noreferrer noopener\">Fraunhofer IZM<\/a>)<br>Topic: Development of concepts for resource-optimized electronics, applied to the example of the FRITZ! router.<\/li>\n\n\n\n<li><a href=\"https:\/\/www.nokia.com\/\" target=\"_blank\" rel=\"noreferrer noopener\">Nokia<\/a><br>Contact: Michael Peter (<a href=\"https:\/\/www.hhi.fraunhofer.de\/\" target=\"_blank\" rel=\"noreferrer noopener\">Fraunhofer HHI<\/a>)<br>Topic: Validation of the energy efficiency of various scheduling algorithms in a digital twin<\/li>\n\n\n\n<li><a href=\"https:\/\/www.adtran.com\/de-de\" target=\"_blank\" rel=\"noreferrer noopener\">Adtran<\/a><br>Contact: Mihail Balanici (<a href=\"https:\/\/www.hhi.fraunhofer.de\/\" target=\"_blank\" rel=\"noreferrer noopener\">Fraunhofer HHI<\/a>)<br>Topic: Load-adaptive capacity adjustment for energy savings in optical networks<\/li>\n\n\n\n<li><a href=\"https:\/\/www.faeth.com\/\" target=\"_blank\" rel=\"noreferrer noopener\">F\u00e4th<\/a>, <a href=\"https:\/\/www.infineon.com\/\" target=\"_blank\" rel=\"noreferrer noopener\">Infineon<\/a><br>Contact: Conrad Guhl (<a href=\"https:\/\/www.ipms.fraunhofer.de\/\" target=\"_blank\" rel=\"noreferrer noopener\">Fraunhofer IPMS<\/a>)<br>Topic: Evaluation of slurry recycling on an industry-equivalent 300 mm wafer platform<\/li>\n\n\n\n<li><a href=\"https:\/\/memsstar.com\/\" target=\"_blank\" rel=\"noreferrer noopener\">Memsstar<\/a><br>Contact: Mohammad Hejjo Al Rifai (<a href=\"https:\/\/www.isit.fraunhofer.de\/\" target=\"_blank\" rel=\"noreferrer noopener\">Fraunhofer ISIT<\/a>)<br>Topic: Optimization of energy consumption in plasma etching systems using energy monitoring systems and replacement of components<\/li>\n\n\n\n<li><a href=\"https:\/\/sentech.com\/\" target=\"_blank\" rel=\"noreferrer noopener\">SENTECH<\/a><br>Contact: David Sanchez (<a href=\"https:\/\/www.izm.fraunhofer.de\/en.html\" target=\"_blank\" rel=\"noreferrer noopener\">Fraunhofer IZM<\/a>)<br>Topic: Determination of the product carbon footprint (PCF) of a plant<\/li>\n\n\n\n<li><a href=\"https:\/\/www.bosch.de\/\" target=\"_blank\" rel=\"noreferrer noopener\">BOSCH<\/a><br>Contact: Sebastian Schulze (<a href=\"https:\/\/www.ihp-microelectronics.com\/de\/\" target=\"_blank\" rel=\"noreferrer noopener\">Leibniz-Institut f\u00fcr innovative Mikroelektronik IHP<\/a>)<br>Topic: Validation of an energy-optimized Al-Al wafer bonding process<\/li>\n\n\n\n<li><a href=\"https:\/\/www.wuerth.de\/\" target=\"_blank\" rel=\"noreferrer noopener\">W\u00fcrth<\/a><br>Contact: Chris Eckstein (<a href=\"https:\/\/www.izm.fraunhofer.de\" target=\"_blank\" rel=\"noreferrer noopener\">Fraunhofer IZM<\/a>)<br>Topic: Identification of emission drivers from printed circuit boards<\/li>\n\n\n\n<li>Industry partner with confidentiality agreement<br>Contact: Josef Bernhard (<a href=\"https:\/\/www.iis.fraunhofer.de\/en\" target=\"_blank\" rel=\"noreferrer noopener\">Fraunhofer IIS<\/a>)<br>Topic: Sensor nodes for recording and wireless transmission of consumption values (water, electrical energy, or heat), design and life cycle assessment of an energy supply via energy harvesting<\/li>\n\n\n\n<li>Industry partner with confidentiality agreement<br>Contact: Rene Kirrbach (<a href=\"https:\/\/www.ipms.fraunhofer.de\/\" target=\"_blank\" rel=\"noreferrer noopener\">Fraunhofer IPMS<\/a>)<br>Topic: Improving the ecological balance of a self-sufficient sensor node through hardware adjustments and optimization of the Li-Fi data interface<\/li>\n\n\n\n<li>Industry partner with confidentiality agreement<br>Contact: Hung Quoc Nguyen (<a href=\"https:\/\/www.emft.fraunhofer.de\/en.html\" target=\"_blank\" rel=\"noreferrer noopener\">Fraunhofer EMFT<\/a>)<br>Topic: Evaluation of the F2\/Ar\/N2 gas mixture as an alternative to SF6 for chamber cleaning in selected PECVD plasma chambers in a production line<\/li>\n<\/ul>\n\n\n\n<hr class=\"wp-block-separator has-alpha-channel-opacity\"\/>\n\n\n\n<h2 class=\"wp-block-heading\">Whitepaper:<\/h2>\n\n\n\n<ul class=\"wp-block-list\">\n<li><a href=\"https:\/\/greenict.de\/wp-content\/uploads\/2026\/01\/2025-12-19_Whitepaper_Green-ICT_Intelligent-Sensor-Systems_Fraunhofer-IISB.pdf\">Intelligent Sensor Systems for Energy- Efficient Monitoring of Production Processes<\/a><br>A white paper from HUB 1 \u2013 Sensor Edge Cloud Systems.<\/li>\n\n\n\n<li><a href=\"https:\/\/greenict.de\/wp-content\/uploads\/2025\/07\/17012024_Whitepaper_EAF_eng.pdf\">Analysis of the Carbon<sub>2<\/sub>Footprint of Self-Powered, Wireless Sensors<\/a><br>A white paper from HUB 1 \u2013 Sensor Edge Cloud Systems.<\/li>\n\n\n\n<li><a href=\"https:\/\/greenict.de\/wp-content\/uploads\/2025\/12\/Whitepaper_MEMS-Harvesting_ISIT.pdf\">MEMS Energy Harvesting f\u00fcr Machine Monitoring<\/a><br>A white paper from HUB 1 \u2013 Sensor Edge Cloud Systems.<\/li>\n\n\n\n<li><a href=\"https:\/\/greenict.de\/wp-content\/uploads\/2025\/12\/Whitepaper_Radardemonstrator_FHR_englisch.pdf\">Resource-Efficient Radar Signal Processing on Microcontrollers<\/a><br>A white paper from HUB 1 \u2013 Sensor Edge Cloud Systems.<\/li>\n\n\n\n<li><a href=\"https:\/\/greenict.de\/wp-content\/uploads\/2025\/12\/whitepaper_PESystems_IISB.docx\">Environmentally conscious optimization of a power electronics system<\/a><br>A white paper from HUB 1 \u2013 Sensor Edge Cloud Systems.<\/li>\n\n\n\n<li><a href=\"https:\/\/greenict.de\/wp-content\/uploads\/2025\/12\/Whitepaper_Energy-consumption-of-inertial-sensors_ENAS_english.pdf\">Energy consumption of inertial sensors under typical real-world operating conditions, using the example of the in-house ENAS-IMU<\/a><br>A white paper from HUB 1 \u2013 Sensor Edge Cloud Systems.<\/li>\n\n\n\n<li><a href=\"https:\/\/greenict.de\/wp-content\/uploads\/2025\/07\/GaN_for_ICT_Power_Supplies.pdf\">GaN Power ICs \u2013 Components for More Sustainable ICT Power Systems<\/a><br>A white paper from HUB 1 \u2013 Sensor Edge Cloud Systems.<\/li>\n\n\n\n<li><a href=\"https:\/\/greenict.de\/wp-content\/uploads\/2025\/11\/GreenICT_IPMS_Whitepaper_ULP-Li-Fi_deu_final.pdf\">Energy-efficient wireless data communication and its potential for sustainable ICT<\/a><br>A white paper from Hub 2 \u2013 Energy-efficient communication infrastructures.<\/li>\n\n\n\n<li><a href=\"https:\/\/greenict.de\/wp-content\/uploads\/2026\/01\/Whitepaper_GICT_AP4_6_IAF.pdf\">Substrate material substitution for III-V semiconductors<\/a><br>A white paper from Hub 3 \u2013 Resource-optimized electronics production<\/li>\n\n\n\n<li><a href=\"https:\/\/greenict.de\/wp-content\/uploads\/2026\/02\/GreenICT_Whitepaper_IMS_final.pdf\">Optimization of critical electrical consumers to reduce the carbon footprint of semiconductor process equipment<\/a><br>A white paper from Hub 3 \u2013 Resource-optimized electronics production<\/li>\n\n\n\n<li><a href=\"https:\/\/greenict.de\/wp-content\/uploads\/2026\/02\/Whitepaper_Rechenzentren-1.pdf\" type=\"attachment\" id=\"14422\">Data centers drive up electricity demand \u2013 the importance and potential of environmentally sustainable microelectronics (in German language)<\/a><br>A white paper by Zo\u00eb Riethm\u00fcller Research Fab Microelectronics Germany)<\/li>\n<\/ul>\n\n\n\n<hr class=\"wp-block-separator has-alpha-channel-opacity\"\/>\n\n\n\n<h2 class=\"wp-block-heading\">Green ICT Space - supported projects<\/h2>\n\n\n\n<div class=\"wp-block-media-text is-stacked-on-mobile\"><figure class=\"wp-block-media-text__media\"><a href=\"https:\/\/greenict.de\/en\/space-gefoerderte-projekte\/\"><img loading=\"lazy\" decoding=\"async\" width=\"1024\" height=\"576\" src=\"https:\/\/greenict.de\/wp-content\/uploads\/2023\/05\/fmd-greenictspace-keyvisual.jpg\" alt=\"Green ICT Space Logo \u00fcber Bild von Waldlichtung\" class=\"wp-image-2879 size-full\" srcset=\"https:\/\/greenict.de\/wp-content\/uploads\/2023\/05\/fmd-greenictspace-keyvisual.jpg 1024w, https:\/\/greenict.de\/wp-content\/uploads\/2023\/05\/fmd-greenictspace-keyvisual-300x169.jpg 300w, https:\/\/greenict.de\/wp-content\/uploads\/2023\/05\/fmd-greenictspace-keyvisual-768x432.jpg 768w\" sizes=\"auto, (max-width: 1024px) 100vw, 1024px\" \/><\/a><\/figure><div class=\"wp-block-media-text__content\">\n<p>We have supported numerous start-ups and SMEs on their path to resource-efficient product development.<\/p>\n\n\n\n<div class=\"wp-block-buttons has-custom-font-size has-small-font-size is-content-justification-left is-layout-flex wp-container-core-buttons-is-layout-fdcfc74e wp-block-buttons-is-layout-flex\">\n<div class=\"wp-block-button has-custom-width wp-block-button__width-50\"><a class=\"wp-block-button__link has-white-color has-text-color has-background wp-element-button\" href=\"https:\/\/greenict.de\/en\/space-gefoerderte-projekte\/\" style=\"border-radius:50px;background-color:#009374\" target=\"_blank\" rel=\"https:\/\/greenict.de\/kontakt\/ noopener noreferrer noreferrer noopener\">To the projects<\/a><\/div>\n<\/div>\n<\/div><\/div>\n\n\n\n<p><\/p>\n\n\n\n<p><\/p>","protected":false},"excerpt":{"rendered":"<p>Die konstruktive, effiziente und reibungslose Zusammenarbeit im Rahmen des Validierungsprojekts des Kompetenzzentrums Green ICT @ FMD war f\u00fcr SENTECH bei der Ermittlung des CO2-Fu\u00dfabdrucks eines High-End-Plasma\u00e4tzsystems von gro\u00dfem Wert. Durch diesen Prozess haben wir ein tieferes Verst\u00e4ndnis f\u00fcr die Lebenszyklusbewertung&#8230;<\/p>","protected":false},"author":2,"featured_media":0,"parent":0,"menu_order":0,"comment_status":"closed","ping_status":"closed","template":"","meta":{"_acf_changed":false,"footnotes":""},"class_list":["post-11529","page","type-page","status-publish","hentry"],"acf":[],"yoast_head":"<!-- This site is optimized with the Yoast SEO plugin v27.3 - https:\/\/yoast.com\/product\/yoast-seo-wordpress\/ -->\n<title>Abgeschlossene Projekte mit Unternehmen &#8211; Green ICT<\/title>\n<meta name=\"robots\" content=\"index, follow, max-snippet:-1, max-image-preview:large, max-video-preview:-1\" \/>\n<link rel=\"canonical\" href=\"https:\/\/greenict.de\/en\/abgeschlossene-projekte-mit-unternehmen\/\" \/>\n<script type=\"application\/ld+json\" class=\"yoast-schema-graph\">{\"@context\":\"https:\\\/\\\/schema.org\",\"@graph\":[{\"@type\":\"WebPage\",\"@id\":\"https:\\\/\\\/greenict.de\\\/abgeschlossene-projekte-mit-unternehmen\\\/\",\"url\":\"https:\\\/\\\/greenict.de\\\/abgeschlossene-projekte-mit-unternehmen\\\/\",\"name\":\"Abgeschlossene Projekte mit Unternehmen &#8211; Green ICT\",\"isPartOf\":{\"@id\":\"https:\\\/\\\/greenict.de\\\/#website\"},\"primaryImageOfPage\":{\"@id\":\"https:\\\/\\\/greenict.de\\\/abgeschlossene-projekte-mit-unternehmen\\\/#primaryimage\"},\"image\":{\"@id\":\"https:\\\/\\\/greenict.de\\\/abgeschlossene-projekte-mit-unternehmen\\\/#primaryimage\"},\"thumbnailUrl\":\"https:\\\/\\\/greenict.de\\\/wp-content\\\/uploads\\\/2024\\\/11\\\/use-case-schreyer.jpg\",\"datePublished\":\"2025-03-27T09:32:16+00:00\",\"dateModified\":\"2026-02-27T10:53:20+00:00\",\"breadcrumb\":{\"@id\":\"https:\\\/\\\/greenict.de\\\/abgeschlossene-projekte-mit-unternehmen\\\/#breadcrumb\"},\"inLanguage\":\"en-GB\",\"potentialAction\":[{\"@type\":\"ReadAction\",\"target\":[\"https:\\\/\\\/greenict.de\\\/abgeschlossene-projekte-mit-unternehmen\\\/\"]}]},{\"@type\":\"ImageObject\",\"inLanguage\":\"en-GB\",\"@id\":\"https:\\\/\\\/greenict.de\\\/abgeschlossene-projekte-mit-unternehmen\\\/#primaryimage\",\"url\":\"https:\\\/\\\/greenict.de\\\/wp-content\\\/uploads\\\/2024\\\/11\\\/use-case-schreyer.jpg\",\"contentUrl\":\"https:\\\/\\\/greenict.de\\\/wp-content\\\/uploads\\\/2024\\\/11\\\/use-case-schreyer.jpg\"},{\"@type\":\"BreadcrumbList\",\"@id\":\"https:\\\/\\\/greenict.de\\\/abgeschlossene-projekte-mit-unternehmen\\\/#breadcrumb\",\"itemListElement\":[{\"@type\":\"ListItem\",\"position\":1,\"name\":\"Startseite\",\"item\":\"https:\\\/\\\/greenict.de\\\/\"},{\"@type\":\"ListItem\",\"position\":2,\"name\":\"Abgeschlossene Projekte mit Unternehmen\"}]},{\"@type\":\"WebSite\",\"@id\":\"https:\\\/\\\/greenict.de\\\/#website\",\"url\":\"https:\\\/\\\/greenict.de\\\/\",\"name\":\"Green ICT\",\"description\":\"Kompetenzzentrum f\u00fcr eine ressourcenbewusste Informations- und Kommunikationstechnik\",\"publisher\":{\"@id\":\"https:\\\/\\\/greenict.de\\\/#organization\"},\"alternateName\":\"Nachhaltige Mikroelektronik\",\"potentialAction\":[{\"@type\":\"SearchAction\",\"target\":{\"@type\":\"EntryPoint\",\"urlTemplate\":\"https:\\\/\\\/greenict.de\\\/?s={search_term_string}\"},\"query-input\":{\"@type\":\"PropertyValueSpecification\",\"valueRequired\":true,\"valueName\":\"search_term_string\"}}],\"inLanguage\":\"en-GB\"},{\"@type\":\"Organization\",\"@id\":\"https:\\\/\\\/greenict.de\\\/#organization\",\"name\":\"Forschungsfabrik Mikroelektronik Deutschland\",\"alternateName\":\"FMD\",\"url\":\"https:\\\/\\\/greenict.de\\\/\",\"logo\":{\"@type\":\"ImageObject\",\"inLanguage\":\"en-GB\",\"@id\":\"https:\\\/\\\/greenict.de\\\/#\\\/schema\\\/logo\\\/image\\\/\",\"url\":\"https:\\\/\\\/greenict.de\\\/wp-content\\\/uploads\\\/2022\\\/11\\\/FMD-Logo_farbe-50-mm.png\",\"contentUrl\":\"https:\\\/\\\/greenict.de\\\/wp-content\\\/uploads\\\/2022\\\/11\\\/FMD-Logo_farbe-50-mm.png\",\"width\":592,\"height\":135,\"caption\":\"Forschungsfabrik Mikroelektronik Deutschland\"},\"image\":{\"@id\":\"https:\\\/\\\/greenict.de\\\/#\\\/schema\\\/logo\\\/image\\\/\"}}]}<\/script>\n<!-- \/ Yoast SEO plugin. -->","yoast_head_json":{"title":"Abgeschlossene Projekte mit Unternehmen &#8211; Green ICT","robots":{"index":"index","follow":"follow","max-snippet":"max-snippet:-1","max-image-preview":"max-image-preview:large","max-video-preview":"max-video-preview:-1"},"canonical":"https:\/\/greenict.de\/en\/abgeschlossene-projekte-mit-unternehmen\/","schema":{"@context":"https:\/\/schema.org","@graph":[{"@type":"WebPage","@id":"https:\/\/greenict.de\/abgeschlossene-projekte-mit-unternehmen\/","url":"https:\/\/greenict.de\/abgeschlossene-projekte-mit-unternehmen\/","name":"Abgeschlossene Projekte mit Unternehmen &#8211; Green ICT","isPartOf":{"@id":"https:\/\/greenict.de\/#website"},"primaryImageOfPage":{"@id":"https:\/\/greenict.de\/abgeschlossene-projekte-mit-unternehmen\/#primaryimage"},"image":{"@id":"https:\/\/greenict.de\/abgeschlossene-projekte-mit-unternehmen\/#primaryimage"},"thumbnailUrl":"https:\/\/greenict.de\/wp-content\/uploads\/2024\/11\/use-case-schreyer.jpg","datePublished":"2025-03-27T09:32:16+00:00","dateModified":"2026-02-27T10:53:20+00:00","breadcrumb":{"@id":"https:\/\/greenict.de\/abgeschlossene-projekte-mit-unternehmen\/#breadcrumb"},"inLanguage":"en-GB","potentialAction":[{"@type":"ReadAction","target":["https:\/\/greenict.de\/abgeschlossene-projekte-mit-unternehmen\/"]}]},{"@type":"ImageObject","inLanguage":"en-GB","@id":"https:\/\/greenict.de\/abgeschlossene-projekte-mit-unternehmen\/#primaryimage","url":"https:\/\/greenict.de\/wp-content\/uploads\/2024\/11\/use-case-schreyer.jpg","contentUrl":"https:\/\/greenict.de\/wp-content\/uploads\/2024\/11\/use-case-schreyer.jpg"},{"@type":"BreadcrumbList","@id":"https:\/\/greenict.de\/abgeschlossene-projekte-mit-unternehmen\/#breadcrumb","itemListElement":[{"@type":"ListItem","position":1,"name":"Startseite","item":"https:\/\/greenict.de\/"},{"@type":"ListItem","position":2,"name":"Abgeschlossene Projekte mit Unternehmen"}]},{"@type":"WebSite","@id":"https:\/\/greenict.de\/#website","url":"https:\/\/greenict.de\/","name":"Competence center for sustainable IT and communication technology","description":"Competence center for sustainable information and communication technology","publisher":{"@id":"https:\/\/greenict.de\/#organization"},"alternateName":"Nachhaltige Mikroelektronik","potentialAction":[{"@type":"SearchAction","target":{"@type":"EntryPoint","urlTemplate":"https:\/\/greenict.de\/?s={search_term_string}"},"query-input":{"@type":"PropertyValueSpecification","valueRequired":true,"valueName":"search_term_string"}}],"inLanguage":"en-GB"},{"@type":"Organization","@id":"https:\/\/greenict.de\/#organization","name":"Research Fab Microelectronics Germany","alternateName":"FMD","url":"https:\/\/greenict.de\/","logo":{"@type":"ImageObject","inLanguage":"en-GB","@id":"https:\/\/greenict.de\/#\/schema\/logo\/image\/","url":"https:\/\/greenict.de\/wp-content\/uploads\/2022\/11\/FMD-Logo_farbe-50-mm.png","contentUrl":"https:\/\/greenict.de\/wp-content\/uploads\/2022\/11\/FMD-Logo_farbe-50-mm.png","width":592,"height":135,"caption":"Forschungsfabrik Mikroelektronik Deutschland"},"image":{"@id":"https:\/\/greenict.de\/#\/schema\/logo\/image\/"}}]}},"_links":{"self":[{"href":"https:\/\/greenict.de\/en\/wp-json\/wp\/v2\/pages\/11529","targetHints":{"allow":["GET"]}}],"collection":[{"href":"https:\/\/greenict.de\/en\/wp-json\/wp\/v2\/pages"}],"about":[{"href":"https:\/\/greenict.de\/en\/wp-json\/wp\/v2\/types\/page"}],"author":[{"embeddable":true,"href":"https:\/\/greenict.de\/en\/wp-json\/wp\/v2\/users\/2"}],"replies":[{"embeddable":true,"href":"https:\/\/greenict.de\/en\/wp-json\/wp\/v2\/comments?post=11529"}],"version-history":[{"count":67,"href":"https:\/\/greenict.de\/en\/wp-json\/wp\/v2\/pages\/11529\/revisions"}],"predecessor-version":[{"id":14429,"href":"https:\/\/greenict.de\/en\/wp-json\/wp\/v2\/pages\/11529\/revisions\/14429"}],"wp:attachment":[{"href":"https:\/\/greenict.de\/en\/wp-json\/wp\/v2\/media?parent=11529"}],"curies":[{"name":"wp","href":"https:\/\/api.w.org\/{rel}","templated":true}]}}