{"id":11503,"date":"2025-03-25T09:37:57","date_gmt":"2025-03-25T08:37:57","guid":{"rendered":"https:\/\/greenict.de\/?page_id=11503"},"modified":"2025-12-03T09:17:22","modified_gmt":"2025-12-03T08:17:22","slug":"datenbanken-co2-bilanzierung","status":"publish","type":"page","link":"https:\/\/greenict.de\/en\/datenbanken-co2-bilanzierung\/","title":{"rendered":"Life cycle assessment databases"},"content":{"rendered":"<p>Hier finden Sie kostenfreie Datenbanken zur CO<sub>2<\/sub>&#8211; bzw. \u00d6kobilanzierung:<\/p>\n\n\n\n<h3 class=\"wp-block-heading\">ADEME<\/h3>\n\n\n\n<p>Branchenspezifische Leitf\u00e4den, rechtliche Bewertungen und allgemeine Informationen zu Treibhausgasemissionsbilanzen und CO<sub>2<\/sub>-Bilanzierung. <a href=\"https:\/\/bilans-ges.ademe.fr\/\">Learn more<\/a><\/p>\n\n\n\n<h3 class=\"wp-block-heading\">BAFA CO2-Faktoren<\/h3>\n\n\n\n<p>Informationsblatt &#8220;CO<sub>2<\/sub>-Faktoren&#8221; der Bundesf\u00f6rderung f\u00fcr Energie- und Ressourceneffizienz in der Wirtschaft (Bundesamt f\u00fcr Wirtschaft und Ausfuhrkontrolle)<strong>. <\/strong><a href=\"https:\/\/www.bafa.de\/SharedDocs\/Downloads\/DE\/Energie\/eew_infoblatt_co2_faktoren_2021.pdf?__blob=publicationFile&amp;v=5\">Learn more<\/a><\/p>\n\n\n\n<h3 class=\"wp-block-heading\">Athena Life Cycle Inventory Product Database<\/h3>\n\n\n\n<p>Die Software des Athena-Instituts erm\u00f6glicht es Fachleuten der Baubranche, alternative Entwurfsszenarien zu vergleichen und Umweltaspekte bereits in der Konzeptionsphase eines Projekts zu ber\u00fccksichtigen. <a href=\"http:\/\/www.athenasmi.org\/our-software-data\/overview\/\">Learn more<\/a><\/p>\n\n\n\n<h3 class=\"wp-block-heading\">AusLCI &#8211; National Pollutant Inventory database<\/h3>\n\n\n\n<p><em>Lifecycles<\/em> ist ein australischer Anbieter f\u00fcr LCA-, Kreislaufwirtschafts- und Nachhaltigkeitsberatung, Toolentwicklung, Datens\u00e4tzen und Schulungen. <em>Lifecycles <\/em>bietet Quantifizierung von Auswirkungen und Metriken als Grundlage f\u00fcr Nachhaltigkeitsentscheidungen, von der Mikroebene des Designs und der Materialauswahl bis hin zur Makroebene der Politikentwicklung und strategischer Interventionen. <a href=\"http:\/\/www.athenasmi.org\/our-software-data\/overview\/\">Learn more<\/a><\/p>\n\n\n\n<h3 class=\"wp-block-heading\">Bath Inventory of Carbon and Energy (ICE) <\/h3>\n\n\n\n<p>The <em>Inventory of Carbon and Energy<\/em> (ICE-Datenbank) ist eine Datenbank f\u00fcr den gebundenen Kohlenstoff von Baumaterialien, die kostenlos zur Verf\u00fcgung steht. Sie enth\u00e4lt Daten f\u00fcr \u00fcber 200 Materialien, die in \u00fcber 30 Hauptmaterialkategorien unterteilt sind. <a href=\"https:\/\/circularecology.com\/embodied-carbon-footprint-database.html\">Learn more<\/a><\/p>\n\n\n\n<h3 class=\"wp-block-heading\">Bilan CarboneTM <\/h3>\n\n\n\n<p>The <em>Bilan Carbone Clim&#8217;Foot-Tool <\/em>ist ein CFO-Berechnungstool, das im Rahmen des Clim&#8217;Foot-Projekts verwendet wird und Treibhausgasemissionen sch\u00e4tzt. <a href=\"https:\/\/www.climfoot-project.eu\/en\/bilan-carbone%C2%AE-clim%E2%80%99foot-tool\">Learn more<\/a><\/p>\n\n\n\n<h3 class=\"wp-block-heading\">Biomass Environmental Assessment Tool (BEAT) <\/h3>\n\n\n\n<p>The <em>Biomass Environmental Assessment Tool <\/em>ist ein Hilfsmittel zur Bewertung der voraussichtlichen Umweltauswirkungen eines Biomasse-Energieprojekts. <a href=\"https:\/\/www.forestresearch.gov.uk\/tools-and-resources\/fthr\/biomass-energy-resources\/reference-biomass\/documents-downloads\/beat\/\">Learn more<\/a><\/p>\n\n\n\n<h3 class=\"wp-block-heading\">Building Research Establishment <\/h3>\n\n\n\n<p>Der IMPACT EN 15804 v5-Datensatz enth\u00e4lt \u00d6kobilanzdaten f\u00fcr die Module A1-C4 (Produktphase, Transport zum Standort, Bau, Nutzung und Ende der Lebensdauer) f\u00fcr jedes Material. Der Datensatz entspricht der internationalen Norm f\u00fcr \u00d6kobilanzen. Als solcher enth\u00e4lt er nicht nur LCI-Daten zum verk\u00f6rpernden Kohlenstoff oder GWP, sondern auch eine Reihe anderer Umweltindikatoren. <a href=\"https:\/\/bregroup.com\/products\/impact\/the-impact-database\/\">Learn more<\/a><\/p>\n\n\n\n<h3 class=\"wp-block-heading\">Canadian Raw Materials Database <\/h3>\n\n\n\n<p>Die kanadische Rohstoffdatenbank ist ein freiwilliges Projekt, an dem ein Querschnitt der kanadischen Rohstoffindustrie beteiligt ist, um eine Datenbank zu entwickeln, die ein Profil der Umweltinputs und -outputs erstellt, die mit der Produktion kanadischer Grundstoffe verbunden sind. Die Datenbank verwendet die Techniken der Lebenszyklusinventur (LCI), die mit der Methode der Lebenszyklusbewertung (LCA) \u00fcbereinstimmen. <a href=\"http:\/\/crmd.uwaterloo.ca\/eng.html\">Learn more<\/a><\/p>\n\n\n\n<h3 class=\"wp-block-heading\">Carbon Calculations over the Life Cycle of Industrial Activities (CCaLC) <\/h3>\n\n\n\n<p>The <em>CCaLC2-Tool<\/em> erm\u00f6glicht die Berechnung des Kohlenstoff-Fu\u00dfabdrucks von Unternehmen und Verbrauchern. Es hilft auch dabei, Kohlenstoff Hot-Spots und M\u00f6glichkeiten zur Kohlenstoffreduzierung zu identifizieren. Zus\u00e4tzlich zu den Kohlenstoff-Fu\u00dfabdr\u00fccken enth\u00e4lt <em>CCaLC2<\/em> auch Berechnungen des Wasser-Fu\u00dfabdrucks und anderen Umweltauswirkungen. <a href=\"http:\/\/www.ccalc.org.uk\/\">Learn more<\/a><\/p>\n\n\n\n<h3 class=\"wp-block-heading\">Carnegie Mellon (EIO-LCA) <\/h3>\n\n\n\n<p>Lebenszyklus-Inventarisierungsdatenbank (LCI), die Profile der Umweltinputs und -outputs im Zusammenhang mit der Produktion von Verpackungen erstellt. <a href=\"http:\/\/www.eiolca.net\/\">Learn more<\/a><\/p>\n\n\n\n<h3 class=\"wp-block-heading\">Centre for Environmental Assessment of Product and Material Systems (CPM) Chalmers <\/h3>\n\n\n\n<p>Das schwedische <em>Life Cycle Center<\/em> ist ein Kompetenzzentrum f\u00fcr die F\u00f6rderung des Lebenszyklusdenkens in der Industrie und anderen Teilen der Gesellschaft durch Forschung, Umsetzung, Kommunikation und Erfahrungsaustausch im Bereich des Lebenszyklusmanagements. <a href=\"http:\/\/cpmdatabase.cpm.chalmers.se\/Start.asp\">Learn more<\/a><\/p>\n\n\n\n<h3 class=\"wp-block-heading\">Chinese Life Cycle Database (CLCD) <\/h3>\n\n\n\n<p><em>CLCD <\/em>ist eine \u00f6ffentlich zug\u00e4ngliche Lebenszyklusdatenbank in China, die mehr als 600 Datens\u00e4tze zu Energie, Rohstoffen und Verkehr umfasst. <em>CLCD <\/em>beabsichtigt, lokale, transparente und qualitativ hochwertige Hintergrunddaten f\u00fcr vertrauensw\u00fcrdige \u00d6kobilanzen chinesischer Produkte bereitzustellen. <a href=\"https:\/\/www.ike-global.com\/#\/products-2\/chinese-lca-database-clcd\">Learn more<\/a><\/p>\n\n\n\n<h3 class=\"wp-block-heading\">Datavizta<\/h3>\n\n\n\n<p><em>Datavizta <\/em>erm\u00f6glicht Verst\u00e4ndnis der Umweltauswirkungen von Servern, Cloud-Instanzen und Benutzerterminals anhand mehrerer Kriterien (Treibhauspotenzial, Prim\u00e4renergie und Potenzial f\u00fcr den Abbau abiotischer Ressourcen) \u00fcber zwei Lebenszyklusphasen (Nutzung, Herstellung) auf der Grundlage technischer Merkmale und Nutzungskontext. <a href=\"https:\/\/dataviz.boavizta.org\/\">Learn more<\/a><\/p>\n\n\n\n<h3 class=\"wp-block-heading\">Defra <\/h3>\n\n\n\n<p><em>Defra <\/em>erm\u00f6glicht Messung von Umweltauswirkungen und Treibhausgasemissionen, sowie Ermittlungen von M\u00f6glichkeiten zur Verbesserung von Kosten und Umweltleistungen. <a href=\"http:\/\/www.defra.gov.uk\/environment\/economy\/business-efficiency\/reporting\/\">Learn more<\/a><\/p>\n\n\n\n<h3 class=\"wp-block-heading\">Europ\u00e4ische Plattform f\u00fcr Lebenszyklusanalysen (EPLCA)<\/h3>\n\n\n\n<p>In der Mitteilung der Europ\u00e4ischen Kommission \u00fcber die integrierte Produktpolitik aus dem Jahr 2003 wird die Lebenszyklusanalyse (LCA) als &#8220;bester Rahmen f\u00fcr die Bewertung der potenziellen Umweltauswirkungen von Produkten&#8221; bezeichnet. Die Europ\u00e4ische Kommission hat \u00fcber die GD Umwelt und die GFS auf diesen Bedarf reagiert und die <em>Europ\u00e4ische Plattform f\u00fcr Lebenszyklusanalysen<\/em> (EPLCA) eingerichtet. <a href=\"https:\/\/eplca.jrc.ec.europa.eu\/EF-node\/\">Learn more<\/a><\/p>\n\n\n\n<h3 class=\"wp-block-heading\">Environmental Product Declarations (EPD) <\/h3>\n\n\n\n<p><em>EPD <\/em>gibt auf transparente Weise objektive, vergleichbare und von Dritten gepr\u00fcfte Daten \u00fcber die Umweltleistung von Produkten und Dienstleistungen aus der Lebenszyklusperspektive wieder. <a href=\"http:\/\/www.environdec.com\/en\/EPD-Search\/\">Learn more<\/a><\/p>\n\n\n\n<h3 class=\"wp-block-heading\">3EID<\/h3>\n\n\n\n<p><em>3EID<\/em> steht f\u00fcr den Titel eines Datenbuchs: <em>Embodied Energy and Emission Intensity Data for Japan Using Input-Output Tables<\/em>, ver\u00f6ffentlicht im Jahr 2002. Es enth\u00e4lt sektorale Intensit\u00e4ten der verk\u00f6rperten Umweltbelastung, die anhand japanischer Input-Output-Tabellen berechnet wurden. <a href=\"http:\/\/www.cger.nies.go.jp\/publications\/report\/d031\/eng\/page\/what_is_3eid.htm\">Learn more<\/a><\/p>\n\n\n\n<h3 class=\"wp-block-heading\">European Aluminum Association (EAA) <\/h3>\n\n\n\n<p>Zur Erleichterung neuer \u00d6kobilanzen ver\u00f6ffentlicht die Aluminiumindustrie  hier Umweltvertr\u00e4glichkeitsindikatoren f\u00fcr Produktionsprozesse und entwickelt \u00d6kobilanzmodelle f\u00fcr aluminiumhaltige Produkte nach europ\u00e4ischen und internationalen Normen. <a href=\"http:\/\/www.european-aluminium.eu\/media\/1329\/environmental-profile-report-for-the-european-aluminium-industry.pdf\">Learn more<\/a><\/p>\n\n\n\n<h3 class=\"wp-block-heading\">European Federation of Corrugated Board Manufacturers (FEFCO) <\/h3>\n\n\n\n<p>The <em>European Federation of Corrugated Board Manufacturers<\/em> (FEFCO) ist eine gemeinn\u00fctzige Organisation, die die Interessen der Branche in ganz Europa vertritt und sich mit einem breiten Spektrum von Themen befasst, von technischen bis hin zu wirtschaftlichen Fragen. <a href=\"https:\/\/www.cepi-containerboard.org\/download.php\">Learn more<\/a><\/p>\n\n\n\n<h3 class=\"wp-block-heading\">EXIOBASE<\/h3>\n\n\n\n<p><em>EXIOBASE<\/em> ist eine globale, detaillierte multiregionale, umweltbezogene erweiterte Angebots- und Verwendungstabelle (MR-SUT) und Input-Output-Tabelle (MR-IOT). Sie wurde f\u00fcr eine gro\u00dfe Anzahl von L\u00e4ndern entwickelt und sch\u00e4tzt Emissionen und Ressourcenentnahmen nach Branchen ab. <a href=\"https:\/\/www.exiobase.eu\/\">Learn more<\/a><\/p>\n\n\n\n<h3 class=\"wp-block-heading\">Global Emission Model for Integrated Systems (GEMIS) <\/h3>\n\n\n\n<p>The <em>Global Emission Model for Integrated Systems<\/em> (GEMIS) f\u00fchrt vollst\u00e4ndige Lebenszyklusberechnungen f\u00fcr eine Vielzahl von Kraftstoffketten durch. Das Tool berechnet Emissionen, Ressourcenverbrauch und Kosten. <a href=\"http:\/\/www.oeko.de\/service\/gemis\/en\/\">Learn more<\/a><\/p>\n\n\n\n<h3 class=\"wp-block-heading\">Global LCA Data Access (GLAD) <\/h3>\n\n\n\n<p>The <em>GLAD<\/em>-Plattform verf\u00fcgt \u00fcber ein Lavoisier-Konvertierungs-Framework, welches eine robuste und aktuelle Konvertierung zwischen ILCD- und EcoSpold 2-Bestandsformaten erm\u00f6glicht. Benutzer k\u00f6nnen Konvertierungen mit erweiterten Optionen anpassen und neueste Mapping-Tabellen zur Harmonisierung der Elementarstr\u00f6me nutzen. <a href=\"https:\/\/www.globallcadataaccess.org\/\">Learn more<\/a><\/p>\n\n\n\n<h3 class=\"wp-block-heading\">Greenhouse Gas Protocol<\/h3>\n\n\n\n<p>Die Instrumente des <em>GHG-Protokolls <\/em>erm\u00f6glichen es Unternehmen und St\u00e4dten, umfassende und zuverl\u00e4ssige Verzeichnisse ihrer Treibhausgasemissionen zu erstellen und Fortschritte bei der Erreichung ihrer Klimaziele zu verfolgen. <a href=\"http:\/\/www.ghgprotocol.org\/calculation-tools\/all-tools\">Learn more<\/a><\/p>\n\n\n\n<h3 class=\"wp-block-heading\">Greenhouse Gases, Regulated Emissions, and Energy Use in Transportation (GREET) <\/h3>\n\n\n\n<p>The <em>GREET-Modell<\/em> (Greenhouse Gases, Regulated Emissions, and Energy Use in Transportation) untersucht die Auswirkungen von Fahrzeugtechnologien, Kraftstoffen, Produkten und Energiesystemen \u00fcber den gesamten Lebenszyklus hinweg. Es bietet eine transparente Plattform, mit der Energie- und Fahrzeughersteller, Forscher und Regulierungsbeh\u00f6rden die Umweltauswirkungen von Fahrzeugtechnologien und Energie- und Produktsystemen bewerten k\u00f6nnen. <a href=\"http:\/\/greet.es.anl.gov\/\">Learn more<\/a><\/p>\n\n\n\n<h3 class=\"wp-block-heading\">International Energy Agency (IEA) <\/h3>\n\n\n\n<p>Das F&amp;E-Programm der <em>IEA <\/em>f\u00fcr Treibhausgase konzentriert sich auf Technologien, die Kohlenstoffemissionen reduzieren und die Einf\u00fchrung von CCS-Projekten beschleunigen, indem Verfahren verbessert und Kosten gesenkt werden. <a href=\"https:\/\/ieaghg.org\/\">Learn more<\/a><\/p>\n\n\n\n<h3 class=\"wp-block-heading\">International Iron and Steel Institute (IISI) <\/h3>\n\n\n\n<p>Lebenszyklusinventarstudie (LCI) zur Quantifizierung des Ressourcenverbrauchs, der Energie und der Umweltemissionen im Zusammenhang mit der Verarbeitung von Produkten der Stahlindustrie, von der Rohstoffgewinnung bis zum Werkstor. <a href=\"http:\/\/www.worldsteel.org\/?action=programs&amp;id=62\">Learn more<\/a><\/p>\n\n\n\n<h3 class=\"wp-block-heading\">International Zinc Association (IZA) <\/h3>\n\n\n\n<p>The <em>International Zinc Association<\/em> (IZA) bietet der Zinkindustrie ein Forum zur Analyse und Vorwegnahme von Problemen, die Zink weltweit betreffen, und zur Gew\u00e4hrleistung einer rechtzeitigen und angemessenen Reaktion. <a href=\"http:\/\/www.zincforlife.org\/life_cycle_publications.html\">Learn more<\/a><\/p>\n\n\n\n<h3 class=\"wp-block-heading\">IPCC Emissions Factor Database <\/h3>\n\n\n\n<p>In der <em>EFDB<\/em> k\u00f6nnen Nutzer Emissionsfaktoren und andere Parameter mit Hintergrunddokumentation oder technischen Referenzen finden, die f\u00fcr die Sch\u00e4tzung von Treibhausgasemissionen und -abbau verwendet werden k\u00f6nnen. <a href=\"http:\/\/www.ipcc-nggip.iges.or.jp\/EFDB\/main.php\">Learn more<\/a><\/p>\n\n\n\n<h3 class=\"wp-block-heading\">National Renewable Energy Laboratory (NREL) Life Cycle Inventory (LCI) <\/h3>\n\n\n\n<p>Hier lassen sich Lebenszyklusinventare von Einheiten und Systemen finden, die dem <em>NREL<\/em> von Beratern, Hochschulen und Industrieverb\u00e4nden vorgelegt wurden. <a href=\"https:\/\/www.lcacommons.gov\/lca-collaboration\/National_Renewable_Energy_Laboratory\/USLCI_Database_Public\/datasets\">Learn more<\/a><\/p>\n\n\n\n<h3 class=\"wp-block-heading\">ProBas<\/h3>\n\n\n\n<p>Mit der Datenbank <em>ProBas<\/em> stellt das Umweltbundesamt seit den 1990er Jahren der \u00d6ffentlichkeit Prozessdaten kostenlos zur Verf\u00fcgung, wie sie zum Beispiel f\u00fcr \u00d6kobilanzen oder die betriebliche Berichterstattung ben\u00f6tigt werden. Dabei steht ProBas f\u00fcr \u201eProzessorientierte Basisdaten f\u00fcr Umweltmanagement-Instrumente\u201c. Zahlreiche \u00f6ffentlich verf\u00fcgbare Datenquellen sind in der ProBas-Datenbank enthalten, um ein m\u00f6glichst breites Spektrum an Lebenszyklusdaten zur Verf\u00fcgung zu stellen. <a href=\"https:\/\/www.probas.umweltbundesamt.de\/php\/index.php\">Learn more<\/a><\/p>\n\n\n\n<h3 class=\"wp-block-heading\">Supply Chain Greenhouse Gas Emission Factors v1.2 by NAICS-6 <\/h3>\n\n\n\n<p>Datens\u00e4tze bestehend aus Treibhausgas-Emissionsfaktoren f\u00fcr 1.016 US-Waren, wie sie in der 2017er Version des North American Industry Classification System definiert sind. <a href=\"https:\/\/catalog.data.gov\/dataset\/supply-chain-greenhouse-gas-emission-factors-v1-2-by-naics-6\">Learn more<\/a><\/p>\n\n\n\n<h3 class=\"wp-block-heading\">UK Government Conversion Factors<\/h3>\n\n\n\n<p>Staatlichen Umrechnungsfaktoren, die von britischen und internationalen Organisationen f\u00fcr die Berichterstattung \u00fcber bestimmte Treibhausgasemissionen verwendet werden. <a href=\"https:\/\/www.gov.uk\/government\/collections\/government-conversion-factors-for-company-reporting\">Learn more<\/a><\/p>\n\n\n\n<p><br><br><\/p>","protected":false},"excerpt":{"rendered":"<p>Hier finden Sie kostenfreie Datenbanken zur CO2&#8211; bzw. \u00d6kobilanzierung: ADEME Branchenspezifische Leitf\u00e4den, rechtliche Bewertungen und allgemeine Informationen zu Treibhausgasemissionsbilanzen und CO2-Bilanzierung. Mehr erfahren BAFA CO2-Faktoren Informationsblatt &#8220;CO2-Faktoren&#8221; der Bundesf\u00f6rderung f\u00fcr Energie- und Ressourceneffizienz in der Wirtschaft (Bundesamt f\u00fcr Wirtschaft und&#8230;<\/p>","protected":false},"author":2,"featured_media":0,"parent":0,"menu_order":0,"comment_status":"closed","ping_status":"closed","template":"","meta":{"_acf_changed":false,"footnotes":""},"class_list":["post-11503","page","type-page","status-publish","hentry"],"acf":[],"yoast_head":"<!-- This site is optimized with the Yoast SEO plugin v27.4 - https:\/\/yoast.com\/product\/yoast-seo-wordpress\/ -->\n<title>Datenbanken zur CO\u2082-Bilanzierung &#8211; Green ICT<\/title>\n<meta name=\"robots\" content=\"index, follow, max-snippet:-1, max-image-preview:large, max-video-preview:-1\" \/>\n<link rel=\"canonical\" href=\"https:\/\/greenict.de\/en\/datenbanken-co2-bilanzierung\/\" \/>\n<script type=\"application\/ld+json\" class=\"yoast-schema-graph\">{\"@context\":\"https:\\\/\\\/schema.org\",\"@graph\":[{\"@type\":\"WebPage\",\"@id\":\"https:\\\/\\\/greenict.de\\\/datenbanken-co2-bilanzierung\\\/\",\"url\":\"https:\\\/\\\/greenict.de\\\/datenbanken-co2-bilanzierung\\\/\",\"name\":\"Datenbanken zur CO\u2082-Bilanzierung &#8211; Green ICT\",\"isPartOf\":{\"@id\":\"https:\\\/\\\/greenict.de\\\/#website\"},\"datePublished\":\"2025-03-25T08:37:57+00:00\",\"dateModified\":\"2025-12-03T08:17:22+00:00\",\"breadcrumb\":{\"@id\":\"https:\\\/\\\/greenict.de\\\/datenbanken-co2-bilanzierung\\\/#breadcrumb\"},\"inLanguage\":\"en-GB\",\"potentialAction\":[{\"@type\":\"ReadAction\",\"target\":[\"https:\\\/\\\/greenict.de\\\/datenbanken-co2-bilanzierung\\\/\"]}]},{\"@type\":\"BreadcrumbList\",\"@id\":\"https:\\\/\\\/greenict.de\\\/datenbanken-co2-bilanzierung\\\/#breadcrumb\",\"itemListElement\":[{\"@type\":\"ListItem\",\"position\":1,\"name\":\"Startseite\",\"item\":\"https:\\\/\\\/greenict.de\\\/\"},{\"@type\":\"ListItem\",\"position\":2,\"name\":\"Datenbanken zur CO\u2082-Bilanzierung\"}]},{\"@type\":\"WebSite\",\"@id\":\"https:\\\/\\\/greenict.de\\\/#website\",\"url\":\"https:\\\/\\\/greenict.de\\\/\",\"name\":\"Green ICT\",\"description\":\"Kompetenzzentrum f\u00fcr eine ressourcenbewusste Informations- und Kommunikationstechnik\",\"publisher\":{\"@id\":\"https:\\\/\\\/greenict.de\\\/#organization\"},\"alternateName\":\"Nachhaltige Mikroelektronik\",\"potentialAction\":[{\"@type\":\"SearchAction\",\"target\":{\"@type\":\"EntryPoint\",\"urlTemplate\":\"https:\\\/\\\/greenict.de\\\/?s={search_term_string}\"},\"query-input\":{\"@type\":\"PropertyValueSpecification\",\"valueRequired\":true,\"valueName\":\"search_term_string\"}}],\"inLanguage\":\"en-GB\"},{\"@type\":\"Organization\",\"@id\":\"https:\\\/\\\/greenict.de\\\/#organization\",\"name\":\"Forschungsfabrik Mikroelektronik Deutschland\",\"alternateName\":\"FMD\",\"url\":\"https:\\\/\\\/greenict.de\\\/\",\"logo\":{\"@type\":\"ImageObject\",\"inLanguage\":\"en-GB\",\"@id\":\"https:\\\/\\\/greenict.de\\\/#\\\/schema\\\/logo\\\/image\\\/\",\"url\":\"https:\\\/\\\/greenict.de\\\/wp-content\\\/uploads\\\/2022\\\/11\\\/FMD-Logo_farbe-50-mm.png\",\"contentUrl\":\"https:\\\/\\\/greenict.de\\\/wp-content\\\/uploads\\\/2022\\\/11\\\/FMD-Logo_farbe-50-mm.png\",\"width\":592,\"height\":135,\"caption\":\"Forschungsfabrik Mikroelektronik Deutschland\"},\"image\":{\"@id\":\"https:\\\/\\\/greenict.de\\\/#\\\/schema\\\/logo\\\/image\\\/\"}}]}<\/script>\n<!-- \/ Yoast SEO plugin. -->","yoast_head_json":{"title":"Datenbanken zur CO\u2082-Bilanzierung &#8211; Green ICT","robots":{"index":"index","follow":"follow","max-snippet":"max-snippet:-1","max-image-preview":"max-image-preview:large","max-video-preview":"max-video-preview:-1"},"canonical":"https:\/\/greenict.de\/en\/datenbanken-co2-bilanzierung\/","schema":{"@context":"https:\/\/schema.org","@graph":[{"@type":"WebPage","@id":"https:\/\/greenict.de\/datenbanken-co2-bilanzierung\/","url":"https:\/\/greenict.de\/datenbanken-co2-bilanzierung\/","name":"Datenbanken zur CO\u2082-Bilanzierung &#8211; Green ICT","isPartOf":{"@id":"https:\/\/greenict.de\/#website"},"datePublished":"2025-03-25T08:37:57+00:00","dateModified":"2025-12-03T08:17:22+00:00","breadcrumb":{"@id":"https:\/\/greenict.de\/datenbanken-co2-bilanzierung\/#breadcrumb"},"inLanguage":"en-GB","potentialAction":[{"@type":"ReadAction","target":["https:\/\/greenict.de\/datenbanken-co2-bilanzierung\/"]}]},{"@type":"BreadcrumbList","@id":"https:\/\/greenict.de\/datenbanken-co2-bilanzierung\/#breadcrumb","itemListElement":[{"@type":"ListItem","position":1,"name":"Startseite","item":"https:\/\/greenict.de\/"},{"@type":"ListItem","position":2,"name":"Datenbanken zur CO\u2082-Bilanzierung"}]},{"@type":"WebSite","@id":"https:\/\/greenict.de\/#website","url":"https:\/\/greenict.de\/","name":"Competence center for sustainable IT and communication technology","description":"Competence center for sustainable information and communication technology","publisher":{"@id":"https:\/\/greenict.de\/#organization"},"alternateName":"Nachhaltige Mikroelektronik","potentialAction":[{"@type":"SearchAction","target":{"@type":"EntryPoint","urlTemplate":"https:\/\/greenict.de\/?s={search_term_string}"},"query-input":{"@type":"PropertyValueSpecification","valueRequired":true,"valueName":"search_term_string"}}],"inLanguage":"en-GB"},{"@type":"Organization","@id":"https:\/\/greenict.de\/#organization","name":"Research Fab Microelectronics Germany","alternateName":"FMD","url":"https:\/\/greenict.de\/","logo":{"@type":"ImageObject","inLanguage":"en-GB","@id":"https:\/\/greenict.de\/#\/schema\/logo\/image\/","url":"https:\/\/greenict.de\/wp-content\/uploads\/2022\/11\/FMD-Logo_farbe-50-mm.png","contentUrl":"https:\/\/greenict.de\/wp-content\/uploads\/2022\/11\/FMD-Logo_farbe-50-mm.png","width":592,"height":135,"caption":"Forschungsfabrik Mikroelektronik Deutschland"},"image":{"@id":"https:\/\/greenict.de\/#\/schema\/logo\/image\/"}}]}},"_links":{"self":[{"href":"https:\/\/greenict.de\/en\/wp-json\/wp\/v2\/pages\/11503","targetHints":{"allow":["GET"]}}],"collection":[{"href":"https:\/\/greenict.de\/en\/wp-json\/wp\/v2\/pages"}],"about":[{"href":"https:\/\/greenict.de\/en\/wp-json\/wp\/v2\/types\/page"}],"author":[{"embeddable":true,"href":"https:\/\/greenict.de\/en\/wp-json\/wp\/v2\/users\/2"}],"replies":[{"embeddable":true,"href":"https:\/\/greenict.de\/en\/wp-json\/wp\/v2\/comments?post=11503"}],"version-history":[{"count":12,"href":"https:\/\/greenict.de\/en\/wp-json\/wp\/v2\/pages\/11503\/revisions"}],"predecessor-version":[{"id":14132,"href":"https:\/\/greenict.de\/en\/wp-json\/wp\/v2\/pages\/11503\/revisions\/14132"}],"wp:attachment":[{"href":"https:\/\/greenict.de\/en\/wp-json\/wp\/v2\/media?parent=11503"}],"curies":[{"name":"wp","href":"https:\/\/api.w.org\/{rel}","templated":true}]}}