{"id":11057,"date":"2025-01-21T10:28:10","date_gmt":"2025-01-21T09:28:10","guid":{"rendered":"https:\/\/greenict.de\/?page_id=11057"},"modified":"2025-03-11T11:13:38","modified_gmt":"2025-03-11T10:13:38","slug":"webinar-loesungsstrategien-zur-umsetzung-gruner-ikt-technologien-fuer-nachhaltiges-wirtschaften","status":"publish","type":"page","link":"https:\/\/greenict.de\/en\/webinar-loesungsstrategien-zur-umsetzung-gruner-ikt-technologien-fuer-nachhaltiges-wirtschaften\/","title":{"rendered":"Webinar \u00bbL\u00f6sungsstrategien zur Umsetzung gr\u00fcner IKT-Technologien f\u00fcr nachhaltiges Wirtschaften\u00ab"},"content":{"rendered":"<p>Nehmen Sie an unserer Webinar-Serie teil, in der Expertinnen und Experten des \u00bbKompetenzzentrums Green ICT @ FMD\u00ab spannende Impulse geben. Ziel ist es, Unternehmen bei der F\u00f6rderung nachhaltiger Technologien in der IKT zu unterst\u00fctzen und praktische L\u00f6sungsans\u00e4tze f\u00fcr nachhaltiges Wirtschaften anzubieten. <\/p>\n\n\n\n<p><strong>Zielgruppe: <\/strong>Interessierte aus der Wirtschaft<\/p>\n\n\n\n<p><strong>Themen:<\/strong> <br>&#8211; Nachhaltigkeitsbewertung von IoT-Technologien<br>&#8211; Energiesparende Kommunikationsinfrastruktur<br>&#8211; Strategien zur Kommerzialisierung ressourcenoptimierter Elektronikproduktion<\/p>\n\n\n\n<p>Profitieren Sie von wertvollen Insights f\u00fcr nachhaltige Innovationen in Ihrem Unternehmen!<\/p>\n\n\n\n<p><strong>Wann:<\/strong> Donnerstag, 20. M\u00e4rz 2025, 13-17 Uhr<br><strong>Wo: <\/strong>Online via MS-TEAMS<\/p>\n\n\n\n<h2 class=\"wp-block-heading\">Agenda:<\/h2>\n\n\n\n<p><\/p>\n\n\n\n<figure class=\"wp-block-table is-style-regular\"><table><tbody><tr><td>13:00 Uhr <\/td><td><strong><mark style=\"background-color:rgba(0, 0, 0, 0);color:#026742\" class=\"has-inline-color\">Begr\u00fc\u00dfung<\/mark><\/strong><\/td><\/tr><tr><td>13:15 Uhr <\/td><td><strong><mark style=\"background-color:rgba(0, 0, 0, 0);color:#026742\" class=\"has-inline-color\">Themenfeld 1: Sensor-Edge-Cloud Systeme<\/mark><\/strong><br>Sylvie Couronn\u00e9: \u201eNachhaltigkeitsbewertung von IoT-Technologien\u201c<\/td><\/tr><tr><td>14:30 Uhr <\/td><td><strong><mark style=\"background-color:rgba(0, 0, 0, 0);color:#026742\" class=\"has-inline-color\">Themenfeld 2: Energiesparende Kommunikationsinfrastruktur<\/mark><\/strong><br>Wolfgang Heinrich: &#8220;Drahtlose Kommunikation und Nachhaltigkeit&#8221;<\/td><\/tr><tr><td>15:45 Uhr <\/td><td><mark style=\"background-color:rgba(0, 0, 0, 0);color:#026742\" class=\"has-inline-color\"><strong>Themenfeld 3: Ressourcenoptimierte Elektronikproduktion<\/strong><\/mark><br>Marco Kircher: \u201eStrategien zur Kommerzialisierung ressourcenoptimierter Elektronikproduktion&#8221;<\/td><\/tr><tr><td>16:50 Uhr <\/td><td><strong><mark style=\"background-color:rgba(0, 0, 0, 0);color:#026742\" class=\"has-inline-color\">Abschlussdiskussion<\/mark><\/strong><\/td><\/tr><\/tbody><\/table><\/figure>\n\n\n\n<div style=\"height:30px\" aria-hidden=\"true\" class=\"wp-block-spacer\"><\/div>\n\n\n\n<h2 class=\"wp-block-heading\">Anmeldeformular:<\/h2>\n\n\n\n<p><\/p>\n\n\n\n<p class=\"has-small-font-size\">*Pflichtfelder<\/p>\n\n\n\n<div class=\"wp-block-contact-form-7-contact-form-selector\">\n<div class=\"wpcf7 no-js\" id=\"wpcf7-f10061-o1\" lang=\"de-DE\" dir=\"ltr\" data-wpcf7-id=\"10061\">\n<div class=\"screen-reader-response\"><p role=\"status\" aria-live=\"polite\" aria-atomic=\"true\"><\/p> <ul><\/ul><\/div>\n<form action=\"\/en\/wp-json\/wp\/v2\/pages\/11057#wpcf7-f10061-o1\" method=\"post\" class=\"wpcf7-form init\" aria-label=\"Kontaktformular\" novalidate=\"novalidate\" data-status=\"init\" data-trp-original-action=\"\/en\/wp-json\/wp\/v2\/pages\/11057#wpcf7-f10061-o1\">\n<fieldset class=\"hidden-fields-container\"><input type=\"hidden\" name=\"_wpcf7\" value=\"10061\" \/><input type=\"hidden\" name=\"_wpcf7_version\" value=\"6.1.5\" \/><input type=\"hidden\" name=\"_wpcf7_locale\" value=\"de_DE_formal\" \/><input type=\"hidden\" name=\"_wpcf7_unit_tag\" value=\"wpcf7-f10061-o1\" \/><input type=\"hidden\" name=\"_wpcf7_container_post\" value=\"0\" \/><input type=\"hidden\" name=\"_wpcf7_posted_data_hash\" value=\"\" \/><input type=\"hidden\" name=\"_wpcf7_recaptcha_response\" value=\"\" \/>\n<\/fieldset>\n<p><span class=\"wpcf7-form-control-wrap\" data-name=\"your-salutation\"><select class=\"wpcf7-form-control wpcf7-select\" aria-invalid=\"false\" name=\"your-salutation\"><option value=\"\">Salutation<\/option><option value=\"Frau\">Mrs<\/option><option value=\"Herr\">Mr<\/option><\/select><\/span><br \/>\n<span class=\"wpcf7-form-control-wrap\" data-name=\"your-title\"><input size=\"40\" maxlength=\"400\" class=\"wpcf7-form-control wpcf7-text\" aria-invalid=\"false\" placeholder=\"Title\" value=\"\" type=\"text\" name=\"your-title\" \/><\/span>\n<\/p>\n<p><span class=\"wpcf7-form-control-wrap\" data-name=\"your-firstname\"><input size=\"40\" maxlength=\"400\" class=\"wpcf7-form-control wpcf7-text wpcf7-validates-as-required\" aria-required=\"true\" aria-invalid=\"false\" placeholder=\"First name*\" value=\"\" type=\"text\" name=\"your-firstname\" \/><\/span>\n<\/p>\n<p><span class=\"wpcf7-form-control-wrap\" data-name=\"your-surname\"><input size=\"40\" maxlength=\"400\" class=\"wpcf7-form-control wpcf7-text wpcf7-validates-as-required\" aria-required=\"true\" aria-invalid=\"false\" placeholder=\"Surname*\" value=\"\" type=\"text\" name=\"your-surname\" \/><\/span>\n<\/p>\n<p><span class=\"wpcf7-form-control-wrap\" data-name=\"your-email\"><input size=\"40\" maxlength=\"400\" class=\"wpcf7-form-control wpcf7-email wpcf7-validates-as-required wpcf7-text wpcf7-validates-as-email\" aria-required=\"true\" aria-invalid=\"false\" placeholder=\"Email*\" value=\"\" type=\"email\" name=\"your-email\" \/><\/span><br \/>\n<span class=\"wpcf7-form-control-wrap\" data-name=\"your-institution\"><input size=\"40\" maxlength=\"400\" class=\"wpcf7-form-control wpcf7-text wpcf7-validates-as-required\" aria-required=\"true\" aria-invalid=\"false\" placeholder=\"Institution*\" value=\"\" type=\"text\" name=\"your-institution\" \/><\/span>\n<\/p>\n<p><span class=\"wpcf7-form-control-wrap\" data-name=\"your-position\"><input size=\"40\" maxlength=\"400\" class=\"wpcf7-form-control wpcf7-text wpcf7-validates-as-required\" aria-required=\"true\" aria-invalid=\"false\" placeholder=\"Position*\" value=\"\" type=\"text\" name=\"your-position\" \/><\/span>\n<\/p>\n<p><label>Zu welchen Vortr\u00e4gen m\u00f6chten Sie sich anmelden?*<\/label>\n<\/p>\n<p><span class=\"wpcf7-form-control-wrap\" data-name=\"your-themenfeld\"><span class=\"wpcf7-form-control wpcf7-checkbox wpcf7-validates-as-required\"><span class=\"wpcf7-list-item first\"><input type=\"checkbox\" name=\"your-themenfeld[]\" value=\"Sensor-Edge-Cloud Systeme\" \/><span class=\"wpcf7-list-item-label\">Sensor edge cloud systems<\/span><\/span><span class=\"wpcf7-list-item\"><input type=\"checkbox\" name=\"your-themenfeld[]\" value=\"Energiesparende Kommunikationsinfrastruktur\" \/><span class=\"wpcf7-list-item-label\">Energiesparende Kommunikationsinfrastruktur<\/span><\/span><span class=\"wpcf7-list-item last\"><input type=\"checkbox\" name=\"your-themenfeld[]\" value=\"Ressourcenoptimierte Elektronikproduktion\" \/><span class=\"wpcf7-list-item-label\">Resource-optimized electronics production<\/span><\/span><\/span><\/span>\n<\/p>\n<p><span class=\"wpcf7-form-control-wrap\" data-name=\"your-message\"><textarea cols=\"80\" rows=\"3\" maxlength=\"2000\" class=\"wpcf7-form-control wpcf7-textarea\" aria-invalid=\"false\" placeholder=\"Message\" name=\"your-message\"><\/textarea><\/span>\n<\/p>\n<p><span class=\"wpcf7-form-control-wrap\" data-name=\"checkbox-745\"><span class=\"wpcf7-form-control wpcf7-checkbox wpcf7-validates-as-required\"><span class=\"wpcf7-list-item first last\"><input type=\"checkbox\" name=\"checkbox-745[]\" value=\"Ich bin damit einverstanden, dass meine Daten zum Zweck der Anmeldung gespeichert werden.*\" \/><span class=\"wpcf7-list-item-label\">Ich bin damit einverstanden, dass meine Daten zum Zweck der Anmeldung gespeichert werden.*<\/span><\/span><\/span><\/span>\n<\/p>\n<p><input class=\"wpcf7-form-control wpcf7-submit has-spinner\" type=\"submit\" value=\"Submit\" \/>\n<\/p><div class=\"wpcf7-response-output\" aria-hidden=\"true\"><\/div>\n<input type=\"hidden\" name=\"trp-form-language\" value=\"en\"\/><\/form>\n<\/div>\n<\/div>\n\n\n\n<p><\/p>\n\n\n\n<p>Kontakt:<br>Hans.walter@mikroelektronik.fraunhofer.de <br>Manuel.thesen@mikroelektronik.fraunhofer.de<\/p>\n\n\n\n<p><\/p>","protected":false},"excerpt":{"rendered":"<p>Nehmen Sie an unserer Webinar-Serie teil, in der Expertinnen und Experten des \u00bbKompetenzzentrums Green ICT @ FMD\u00ab spannende Impulse geben. Ziel ist es, Unternehmen bei der F\u00f6rderung nachhaltiger Technologien in der IKT zu unterst\u00fctzen und praktische L\u00f6sungsans\u00e4tze f\u00fcr nachhaltiges Wirtschaften&#8230;<\/p>","protected":false},"author":2,"featured_media":11289,"parent":0,"menu_order":0,"comment_status":"closed","ping_status":"closed","template":"","meta":{"_acf_changed":false,"footnotes":""},"class_list":["post-11057","page","type-page","status-publish","has-post-thumbnail","hentry"],"acf":[],"yoast_head":"<!-- This site is optimized with the Yoast SEO plugin v27.3 - https:\/\/yoast.com\/product\/yoast-seo-wordpress\/ -->\n<title>Webinar \u00bbL\u00f6sungsstrategien zur Umsetzung gr\u00fcner IKT-Technologien f\u00fcr nachhaltiges Wirtschaften\u00ab &#8211; Green ICT<\/title>\n<meta name=\"robots\" content=\"index, follow, max-snippet:-1, max-image-preview:large, max-video-preview:-1\" \/>\n<link rel=\"canonical\" href=\"https:\/\/greenict.de\/en\/webinar-loesungsstrategien-zur-umsetzung-gruner-ikt-technologien-fuer-nachhaltiges-wirtschaften\/\" \/>\n<script type=\"application\/ld+json\" class=\"yoast-schema-graph\">{\"@context\":\"https:\\\/\\\/schema.org\",\"@graph\":[{\"@type\":\"WebPage\",\"@id\":\"https:\\\/\\\/greenict.de\\\/webinar-loesungsstrategien-zur-umsetzung-gruner-ikt-technologien-fuer-nachhaltiges-wirtschaften\\\/\",\"url\":\"https:\\\/\\\/greenict.de\\\/webinar-loesungsstrategien-zur-umsetzung-gruner-ikt-technologien-fuer-nachhaltiges-wirtschaften\\\/\",\"name\":\"Webinar \u00bbL\u00f6sungsstrategien zur Umsetzung gr\u00fcner IKT-Technologien f\u00fcr nachhaltiges Wirtschaften\u00ab &#8211; Green ICT\",\"isPartOf\":{\"@id\":\"https:\\\/\\\/greenict.de\\\/#website\"},\"primaryImageOfPage\":{\"@id\":\"https:\\\/\\\/greenict.de\\\/webinar-loesungsstrategien-zur-umsetzung-gruner-ikt-technologien-fuer-nachhaltiges-wirtschaften\\\/#primaryimage\"},\"image\":{\"@id\":\"https:\\\/\\\/greenict.de\\\/webinar-loesungsstrategien-zur-umsetzung-gruner-ikt-technologien-fuer-nachhaltiges-wirtschaften\\\/#primaryimage\"},\"thumbnailUrl\":\"https:\\\/\\\/greenict.de\\\/wp-content\\\/uploads\\\/2025\\\/02\\\/green-ict-courses-fmd-a-1.jpg\",\"datePublished\":\"2025-01-21T09:28:10+00:00\",\"dateModified\":\"2025-03-11T10:13:38+00:00\",\"breadcrumb\":{\"@id\":\"https:\\\/\\\/greenict.de\\\/webinar-loesungsstrategien-zur-umsetzung-gruner-ikt-technologien-fuer-nachhaltiges-wirtschaften\\\/#breadcrumb\"},\"inLanguage\":\"en-GB\",\"potentialAction\":[{\"@type\":\"ReadAction\",\"target\":[\"https:\\\/\\\/greenict.de\\\/webinar-loesungsstrategien-zur-umsetzung-gruner-ikt-technologien-fuer-nachhaltiges-wirtschaften\\\/\"]}]},{\"@type\":\"ImageObject\",\"inLanguage\":\"en-GB\",\"@id\":\"https:\\\/\\\/greenict.de\\\/webinar-loesungsstrategien-zur-umsetzung-gruner-ikt-technologien-fuer-nachhaltiges-wirtschaften\\\/#primaryimage\",\"url\":\"https:\\\/\\\/greenict.de\\\/wp-content\\\/uploads\\\/2025\\\/02\\\/green-ict-courses-fmd-a-1.jpg\",\"contentUrl\":\"https:\\\/\\\/greenict.de\\\/wp-content\\\/uploads\\\/2025\\\/02\\\/green-ict-courses-fmd-a-1.jpg\",\"width\":2000,\"height\":1125},{\"@type\":\"BreadcrumbList\",\"@id\":\"https:\\\/\\\/greenict.de\\\/webinar-loesungsstrategien-zur-umsetzung-gruner-ikt-technologien-fuer-nachhaltiges-wirtschaften\\\/#breadcrumb\",\"itemListElement\":[{\"@type\":\"ListItem\",\"position\":1,\"name\":\"Startseite\",\"item\":\"https:\\\/\\\/greenict.de\\\/\"},{\"@type\":\"ListItem\",\"position\":2,\"name\":\"Webinar \u00bbL\u00f6sungsstrategien zur Umsetzung gr\u00fcner IKT-Technologien f\u00fcr nachhaltiges Wirtschaften\u00ab\"}]},{\"@type\":\"WebSite\",\"@id\":\"https:\\\/\\\/greenict.de\\\/#website\",\"url\":\"https:\\\/\\\/greenict.de\\\/\",\"name\":\"Green ICT\",\"description\":\"Kompetenzzentrum f\u00fcr eine ressourcenbewusste Informations- und Kommunikationstechnik\",\"publisher\":{\"@id\":\"https:\\\/\\\/greenict.de\\\/#organization\"},\"alternateName\":\"Nachhaltige Mikroelektronik\",\"potentialAction\":[{\"@type\":\"SearchAction\",\"target\":{\"@type\":\"EntryPoint\",\"urlTemplate\":\"https:\\\/\\\/greenict.de\\\/?s={search_term_string}\"},\"query-input\":{\"@type\":\"PropertyValueSpecification\",\"valueRequired\":true,\"valueName\":\"search_term_string\"}}],\"inLanguage\":\"en-GB\"},{\"@type\":\"Organization\",\"@id\":\"https:\\\/\\\/greenict.de\\\/#organization\",\"name\":\"Forschungsfabrik Mikroelektronik Deutschland\",\"alternateName\":\"FMD\",\"url\":\"https:\\\/\\\/greenict.de\\\/\",\"logo\":{\"@type\":\"ImageObject\",\"inLanguage\":\"en-GB\",\"@id\":\"https:\\\/\\\/greenict.de\\\/#\\\/schema\\\/logo\\\/image\\\/\",\"url\":\"https:\\\/\\\/greenict.de\\\/wp-content\\\/uploads\\\/2022\\\/11\\\/FMD-Logo_farbe-50-mm.png\",\"contentUrl\":\"https:\\\/\\\/greenict.de\\\/wp-content\\\/uploads\\\/2022\\\/11\\\/FMD-Logo_farbe-50-mm.png\",\"width\":592,\"height\":135,\"caption\":\"Forschungsfabrik Mikroelektronik Deutschland\"},\"image\":{\"@id\":\"https:\\\/\\\/greenict.de\\\/#\\\/schema\\\/logo\\\/image\\\/\"}}]}<\/script>\n<!-- \/ Yoast SEO plugin. -->","yoast_head_json":{"title":"Webinar \u00bbL\u00f6sungsstrategien zur Umsetzung gr\u00fcner IKT-Technologien f\u00fcr nachhaltiges Wirtschaften\u00ab &#8211; Green ICT","robots":{"index":"index","follow":"follow","max-snippet":"max-snippet:-1","max-image-preview":"max-image-preview:large","max-video-preview":"max-video-preview:-1"},"canonical":"https:\/\/greenict.de\/en\/webinar-loesungsstrategien-zur-umsetzung-gruner-ikt-technologien-fuer-nachhaltiges-wirtschaften\/","schema":{"@context":"https:\/\/schema.org","@graph":[{"@type":"WebPage","@id":"https:\/\/greenict.de\/webinar-loesungsstrategien-zur-umsetzung-gruner-ikt-technologien-fuer-nachhaltiges-wirtschaften\/","url":"https:\/\/greenict.de\/webinar-loesungsstrategien-zur-umsetzung-gruner-ikt-technologien-fuer-nachhaltiges-wirtschaften\/","name":"Webinar \u00bbL\u00f6sungsstrategien zur Umsetzung gr\u00fcner IKT-Technologien f\u00fcr nachhaltiges Wirtschaften\u00ab &#8211; Green ICT","isPartOf":{"@id":"https:\/\/greenict.de\/#website"},"primaryImageOfPage":{"@id":"https:\/\/greenict.de\/webinar-loesungsstrategien-zur-umsetzung-gruner-ikt-technologien-fuer-nachhaltiges-wirtschaften\/#primaryimage"},"image":{"@id":"https:\/\/greenict.de\/webinar-loesungsstrategien-zur-umsetzung-gruner-ikt-technologien-fuer-nachhaltiges-wirtschaften\/#primaryimage"},"thumbnailUrl":"https:\/\/greenict.de\/wp-content\/uploads\/2025\/02\/green-ict-courses-fmd-a-1.jpg","datePublished":"2025-01-21T09:28:10+00:00","dateModified":"2025-03-11T10:13:38+00:00","breadcrumb":{"@id":"https:\/\/greenict.de\/webinar-loesungsstrategien-zur-umsetzung-gruner-ikt-technologien-fuer-nachhaltiges-wirtschaften\/#breadcrumb"},"inLanguage":"en-GB","potentialAction":[{"@type":"ReadAction","target":["https:\/\/greenict.de\/webinar-loesungsstrategien-zur-umsetzung-gruner-ikt-technologien-fuer-nachhaltiges-wirtschaften\/"]}]},{"@type":"ImageObject","inLanguage":"en-GB","@id":"https:\/\/greenict.de\/webinar-loesungsstrategien-zur-umsetzung-gruner-ikt-technologien-fuer-nachhaltiges-wirtschaften\/#primaryimage","url":"https:\/\/greenict.de\/wp-content\/uploads\/2025\/02\/green-ict-courses-fmd-a-1.jpg","contentUrl":"https:\/\/greenict.de\/wp-content\/uploads\/2025\/02\/green-ict-courses-fmd-a-1.jpg","width":2000,"height":1125},{"@type":"BreadcrumbList","@id":"https:\/\/greenict.de\/webinar-loesungsstrategien-zur-umsetzung-gruner-ikt-technologien-fuer-nachhaltiges-wirtschaften\/#breadcrumb","itemListElement":[{"@type":"ListItem","position":1,"name":"Startseite","item":"https:\/\/greenict.de\/"},{"@type":"ListItem","position":2,"name":"Webinar \u00bbL\u00f6sungsstrategien zur Umsetzung gr\u00fcner IKT-Technologien f\u00fcr nachhaltiges Wirtschaften\u00ab"}]},{"@type":"WebSite","@id":"https:\/\/greenict.de\/#website","url":"https:\/\/greenict.de\/","name":"Competence center for sustainable IT and communication technology","description":"Competence center for sustainable information and communication technology","publisher":{"@id":"https:\/\/greenict.de\/#organization"},"alternateName":"Nachhaltige Mikroelektronik","potentialAction":[{"@type":"SearchAction","target":{"@type":"EntryPoint","urlTemplate":"https:\/\/greenict.de\/?s={search_term_string}"},"query-input":{"@type":"PropertyValueSpecification","valueRequired":true,"valueName":"search_term_string"}}],"inLanguage":"en-GB"},{"@type":"Organization","@id":"https:\/\/greenict.de\/#organization","name":"Research Fab Microelectronics Germany","alternateName":"FMD","url":"https:\/\/greenict.de\/","logo":{"@type":"ImageObject","inLanguage":"en-GB","@id":"https:\/\/greenict.de\/#\/schema\/logo\/image\/","url":"https:\/\/greenict.de\/wp-content\/uploads\/2022\/11\/FMD-Logo_farbe-50-mm.png","contentUrl":"https:\/\/greenict.de\/wp-content\/uploads\/2022\/11\/FMD-Logo_farbe-50-mm.png","width":592,"height":135,"caption":"Forschungsfabrik Mikroelektronik Deutschland"},"image":{"@id":"https:\/\/greenict.de\/#\/schema\/logo\/image\/"}}]}},"_links":{"self":[{"href":"https:\/\/greenict.de\/en\/wp-json\/wp\/v2\/pages\/11057","targetHints":{"allow":["GET"]}}],"collection":[{"href":"https:\/\/greenict.de\/en\/wp-json\/wp\/v2\/pages"}],"about":[{"href":"https:\/\/greenict.de\/en\/wp-json\/wp\/v2\/types\/page"}],"author":[{"embeddable":true,"href":"https:\/\/greenict.de\/en\/wp-json\/wp\/v2\/users\/2"}],"replies":[{"embeddable":true,"href":"https:\/\/greenict.de\/en\/wp-json\/wp\/v2\/comments?post=11057"}],"version-history":[{"count":30,"href":"https:\/\/greenict.de\/en\/wp-json\/wp\/v2\/pages\/11057\/revisions"}],"predecessor-version":[{"id":11283,"href":"https:\/\/greenict.de\/en\/wp-json\/wp\/v2\/pages\/11057\/revisions\/11283"}],"wp:featuredmedia":[{"embeddable":true,"href":"https:\/\/greenict.de\/en\/wp-json\/wp\/v2\/media\/11289"}],"wp:attachment":[{"href":"https:\/\/greenict.de\/en\/wp-json\/wp\/v2\/media?parent=11057"}],"curies":[{"name":"wp","href":"https:\/\/api.w.org\/{rel}","templated":true}]}}