{"id":10313,"date":"2024-10-07T15:47:43","date_gmt":"2024-10-07T13:47:43","guid":{"rendered":"https:\/\/greenict.de\/?page_id=10313"},"modified":"2024-10-25T12:32:00","modified_gmt":"2024-10-25T10:32:00","slug":"ihre-empfehlungen","status":"publish","type":"page","link":"https:\/\/greenict.de\/en\/ihre-empfehlungen\/","title":{"rendered":"Share your Green ICT content with us!"},"content":{"rendered":"<p><\/p>\n\n\n\n<p>\u00dcber dieses Kontaktformular k\u00f6nnen Sie uns Lesetipps, Veranstaltungen, Projekte und weitere Inhalte zukommen lassen. Wir freuen uns auf Ihre Beitr\u00e4ge!<\/p>\n\n\n\n<p><\/p>\n\n\n\n<div class=\"wp-block-contact-form-7-contact-form-selector\">\n<div class=\"wpcf7 no-js\" id=\"wpcf7-f10306-o1\" lang=\"de-DE\" dir=\"ltr\" data-wpcf7-id=\"10306\">\n<div class=\"screen-reader-response\"><p role=\"status\" aria-live=\"polite\" aria-atomic=\"true\"><\/p> <ul><\/ul><\/div>\n<form action=\"\/en\/wp-json\/wp\/v2\/pages\/10313#wpcf7-f10306-o1\" method=\"post\" class=\"wpcf7-form init\" aria-label=\"Kontaktformular\" enctype=\"multipart\/form-data\" novalidate=\"novalidate\" data-status=\"init\" data-trp-original-action=\"\/en\/wp-json\/wp\/v2\/pages\/10313#wpcf7-f10306-o1\">\n<fieldset class=\"hidden-fields-container\"><input type=\"hidden\" name=\"_wpcf7\" value=\"10306\" \/><input type=\"hidden\" name=\"_wpcf7_version\" value=\"6.1.5\" \/><input type=\"hidden\" name=\"_wpcf7_locale\" value=\"de_DE_formal\" \/><input type=\"hidden\" name=\"_wpcf7_unit_tag\" value=\"wpcf7-f10306-o1\" \/><input type=\"hidden\" name=\"_wpcf7_container_post\" value=\"0\" \/><input type=\"hidden\" name=\"_wpcf7_posted_data_hash\" value=\"\" \/><input type=\"hidden\" name=\"_wpcf7_recaptcha_response\" value=\"\" \/>\n<\/fieldset>\n<p><label>Ihre Empfehlung (kann auch anonym gesendet werden)<\/label>\n<\/p>\n<p><span class=\"wpcf7-form-control-wrap\" data-name=\"link1\"><input size=\"40\" maxlength=\"400\" class=\"wpcf7-form-control wpcf7-text\" aria-invalid=\"false\" placeholder=\"Link zu empfohlener Webseite (falls vorhanden)\" value=\"\" type=\"text\" name=\"link1\" \/><\/span><br \/>\n<span class=\"wpcf7-form-control-wrap\" data-name=\"nachricht\"><textarea cols=\"80\" rows=\"4\" maxlength=\"2000\" class=\"wpcf7-form-control wpcf7-textarea\" aria-invalid=\"false\" placeholder=\"Freier Text\" name=\"nachricht\"><\/textarea><\/span>\n<\/p>\n<p><span class=\"wpcf7-form-control-wrap\" data-name=\"your-firstname\"><input size=\"40\" maxlength=\"400\" class=\"wpcf7-form-control wpcf7-text\" aria-invalid=\"false\" placeholder=\"Ihr Vorname\" value=\"\" type=\"text\" name=\"your-firstname\" \/><\/span>\n<\/p>\n<p><span class=\"wpcf7-form-control-wrap\" data-name=\"your-surname\"><input size=\"40\" maxlength=\"400\" class=\"wpcf7-form-control wpcf7-text\" aria-invalid=\"false\" placeholder=\"Ihr Nachname\" value=\"\" type=\"text\" name=\"your-surname\" \/><\/span>\n<\/p>\n<p><span class=\"wpcf7-form-control-wrap\" data-name=\"your-email\"><input size=\"40\" maxlength=\"400\" class=\"wpcf7-form-control wpcf7-email wpcf7-text wpcf7-validates-as-email\" aria-invalid=\"false\" placeholder=\"Ihre E-Mail\" value=\"\" type=\"email\" name=\"your-email\" \/><\/span>\n<\/p>\n<p><span class=\"wpcf7-form-control-wrap\" data-name=\"your-institution\"><input size=\"40\" maxlength=\"400\" class=\"wpcf7-form-control wpcf7-text\" aria-invalid=\"false\" placeholder=\"Aktuelle Institution (z.B. Hochschule, Unternehmen)\" value=\"\" type=\"text\" name=\"your-institution\" \/><\/span>\n<\/p>\n<label1>Optional: Hochladen von Dateien (pdf, docx oder jpg)\n<\/label1>\n<p><span class=\"wpcf7-form-control-wrap\" data-name=\"your-file1\"><input size=\"40\" class=\"wpcf7-form-control wpcf7-file\" accept=\".pdf,.docx,.jpg\" aria-invalid=\"false\" type=\"file\" name=\"your-file1\" \/><\/span>\n<\/p>\n<p><input class=\"wpcf7-form-control wpcf7-submit has-spinner\" type=\"submit\" value=\"Submit\" \/>\n<\/p><div class=\"wpcf7-response-output\" aria-hidden=\"true\"><\/div>\n<input type=\"hidden\" name=\"trp-form-language\" value=\"en\"\/><\/form>\n<\/div>\n<\/div>","protected":false},"excerpt":{"rendered":"<p>\u00dcber dieses Kontaktformular k\u00f6nnen Sie uns Lesetipps, Veranstaltungen, Projekte und weitere Inhalte zukommen lassen. Wir freuen uns auf Ihre Beitr\u00e4ge!<\/p>","protected":false},"author":2,"featured_media":10467,"parent":0,"menu_order":0,"comment_status":"closed","ping_status":"closed","template":"","meta":{"_acf_changed":false,"footnotes":""},"class_list":["post-10313","page","type-page","status-publish","has-post-thumbnail","hentry"],"acf":[],"yoast_head":"<!-- This site is optimized with the Yoast SEO plugin v27.4 - https:\/\/yoast.com\/product\/yoast-seo-wordpress\/ -->\n<title>Teilen Sie Ihre Green ICT-Inhalte mit uns! &#8211; Green ICT<\/title>\n<meta name=\"robots\" content=\"index, follow, max-snippet:-1, max-image-preview:large, max-video-preview:-1\" \/>\n<link rel=\"canonical\" href=\"https:\/\/greenict.de\/en\/ihre-empfehlungen\/\" \/>\n<script type=\"application\/ld+json\" class=\"yoast-schema-graph\">{\"@context\":\"https:\\\/\\\/schema.org\",\"@graph\":[{\"@type\":\"WebPage\",\"@id\":\"https:\\\/\\\/greenict.de\\\/ihre-empfehlungen\\\/\",\"url\":\"https:\\\/\\\/greenict.de\\\/ihre-empfehlungen\\\/\",\"name\":\"Teilen Sie Ihre Green ICT-Inhalte mit uns! &#8211; Green ICT\",\"isPartOf\":{\"@id\":\"https:\\\/\\\/greenict.de\\\/#website\"},\"primaryImageOfPage\":{\"@id\":\"https:\\\/\\\/greenict.de\\\/ihre-empfehlungen\\\/#primaryimage\"},\"image\":{\"@id\":\"https:\\\/\\\/greenict.de\\\/ihre-empfehlungen\\\/#primaryimage\"},\"thumbnailUrl\":\"https:\\\/\\\/greenict.de\\\/wp-content\\\/uploads\\\/2024\\\/10\\\/empfehlung-2-1.jpg\",\"datePublished\":\"2024-10-07T13:47:43+00:00\",\"dateModified\":\"2024-10-25T10:32:00+00:00\",\"breadcrumb\":{\"@id\":\"https:\\\/\\\/greenict.de\\\/ihre-empfehlungen\\\/#breadcrumb\"},\"inLanguage\":\"en-GB\",\"potentialAction\":[{\"@type\":\"ReadAction\",\"target\":[\"https:\\\/\\\/greenict.de\\\/ihre-empfehlungen\\\/\"]}]},{\"@type\":\"ImageObject\",\"inLanguage\":\"en-GB\",\"@id\":\"https:\\\/\\\/greenict.de\\\/ihre-empfehlungen\\\/#primaryimage\",\"url\":\"https:\\\/\\\/greenict.de\\\/wp-content\\\/uploads\\\/2024\\\/10\\\/empfehlung-2-1.jpg\",\"contentUrl\":\"https:\\\/\\\/greenict.de\\\/wp-content\\\/uploads\\\/2024\\\/10\\\/empfehlung-2-1.jpg\",\"width\":2000,\"height\":1174},{\"@type\":\"BreadcrumbList\",\"@id\":\"https:\\\/\\\/greenict.de\\\/ihre-empfehlungen\\\/#breadcrumb\",\"itemListElement\":[{\"@type\":\"ListItem\",\"position\":1,\"name\":\"Startseite\",\"item\":\"https:\\\/\\\/greenict.de\\\/\"},{\"@type\":\"ListItem\",\"position\":2,\"name\":\"Teilen Sie Ihre Green ICT-Inhalte mit uns!\"}]},{\"@type\":\"WebSite\",\"@id\":\"https:\\\/\\\/greenict.de\\\/#website\",\"url\":\"https:\\\/\\\/greenict.de\\\/\",\"name\":\"Green ICT\",\"description\":\"Kompetenzzentrum f\u00fcr eine ressourcenbewusste Informations- und Kommunikationstechnik\",\"publisher\":{\"@id\":\"https:\\\/\\\/greenict.de\\\/#organization\"},\"alternateName\":\"Nachhaltige Mikroelektronik\",\"potentialAction\":[{\"@type\":\"SearchAction\",\"target\":{\"@type\":\"EntryPoint\",\"urlTemplate\":\"https:\\\/\\\/greenict.de\\\/?s={search_term_string}\"},\"query-input\":{\"@type\":\"PropertyValueSpecification\",\"valueRequired\":true,\"valueName\":\"search_term_string\"}}],\"inLanguage\":\"en-GB\"},{\"@type\":\"Organization\",\"@id\":\"https:\\\/\\\/greenict.de\\\/#organization\",\"name\":\"Forschungsfabrik Mikroelektronik Deutschland\",\"alternateName\":\"FMD\",\"url\":\"https:\\\/\\\/greenict.de\\\/\",\"logo\":{\"@type\":\"ImageObject\",\"inLanguage\":\"en-GB\",\"@id\":\"https:\\\/\\\/greenict.de\\\/#\\\/schema\\\/logo\\\/image\\\/\",\"url\":\"https:\\\/\\\/greenict.de\\\/wp-content\\\/uploads\\\/2022\\\/11\\\/FMD-Logo_farbe-50-mm.png\",\"contentUrl\":\"https:\\\/\\\/greenict.de\\\/wp-content\\\/uploads\\\/2022\\\/11\\\/FMD-Logo_farbe-50-mm.png\",\"width\":592,\"height\":135,\"caption\":\"Forschungsfabrik Mikroelektronik Deutschland\"},\"image\":{\"@id\":\"https:\\\/\\\/greenict.de\\\/#\\\/schema\\\/logo\\\/image\\\/\"}}]}<\/script>\n<!-- \/ Yoast SEO plugin. -->","yoast_head_json":{"title":"Teilen Sie Ihre Green ICT-Inhalte mit uns! &#8211; Green ICT","robots":{"index":"index","follow":"follow","max-snippet":"max-snippet:-1","max-image-preview":"max-image-preview:large","max-video-preview":"max-video-preview:-1"},"canonical":"https:\/\/greenict.de\/en\/ihre-empfehlungen\/","schema":{"@context":"https:\/\/schema.org","@graph":[{"@type":"WebPage","@id":"https:\/\/greenict.de\/ihre-empfehlungen\/","url":"https:\/\/greenict.de\/ihre-empfehlungen\/","name":"Teilen Sie Ihre Green ICT-Inhalte mit uns! &#8211; Green ICT","isPartOf":{"@id":"https:\/\/greenict.de\/#website"},"primaryImageOfPage":{"@id":"https:\/\/greenict.de\/ihre-empfehlungen\/#primaryimage"},"image":{"@id":"https:\/\/greenict.de\/ihre-empfehlungen\/#primaryimage"},"thumbnailUrl":"https:\/\/greenict.de\/wp-content\/uploads\/2024\/10\/empfehlung-2-1.jpg","datePublished":"2024-10-07T13:47:43+00:00","dateModified":"2024-10-25T10:32:00+00:00","breadcrumb":{"@id":"https:\/\/greenict.de\/ihre-empfehlungen\/#breadcrumb"},"inLanguage":"en-GB","potentialAction":[{"@type":"ReadAction","target":["https:\/\/greenict.de\/ihre-empfehlungen\/"]}]},{"@type":"ImageObject","inLanguage":"en-GB","@id":"https:\/\/greenict.de\/ihre-empfehlungen\/#primaryimage","url":"https:\/\/greenict.de\/wp-content\/uploads\/2024\/10\/empfehlung-2-1.jpg","contentUrl":"https:\/\/greenict.de\/wp-content\/uploads\/2024\/10\/empfehlung-2-1.jpg","width":2000,"height":1174},{"@type":"BreadcrumbList","@id":"https:\/\/greenict.de\/ihre-empfehlungen\/#breadcrumb","itemListElement":[{"@type":"ListItem","position":1,"name":"Startseite","item":"https:\/\/greenict.de\/"},{"@type":"ListItem","position":2,"name":"Teilen Sie Ihre Green ICT-Inhalte mit uns!"}]},{"@type":"WebSite","@id":"https:\/\/greenict.de\/#website","url":"https:\/\/greenict.de\/","name":"Competence center for sustainable IT and communication technology","description":"Competence center for sustainable information and communication technology","publisher":{"@id":"https:\/\/greenict.de\/#organization"},"alternateName":"Nachhaltige Mikroelektronik","potentialAction":[{"@type":"SearchAction","target":{"@type":"EntryPoint","urlTemplate":"https:\/\/greenict.de\/?s={search_term_string}"},"query-input":{"@type":"PropertyValueSpecification","valueRequired":true,"valueName":"search_term_string"}}],"inLanguage":"en-GB"},{"@type":"Organization","@id":"https:\/\/greenict.de\/#organization","name":"Research Fab Microelectronics Germany","alternateName":"FMD","url":"https:\/\/greenict.de\/","logo":{"@type":"ImageObject","inLanguage":"en-GB","@id":"https:\/\/greenict.de\/#\/schema\/logo\/image\/","url":"https:\/\/greenict.de\/wp-content\/uploads\/2022\/11\/FMD-Logo_farbe-50-mm.png","contentUrl":"https:\/\/greenict.de\/wp-content\/uploads\/2022\/11\/FMD-Logo_farbe-50-mm.png","width":592,"height":135,"caption":"Forschungsfabrik Mikroelektronik Deutschland"},"image":{"@id":"https:\/\/greenict.de\/#\/schema\/logo\/image\/"}}]}},"_links":{"self":[{"href":"https:\/\/greenict.de\/en\/wp-json\/wp\/v2\/pages\/10313","targetHints":{"allow":["GET"]}}],"collection":[{"href":"https:\/\/greenict.de\/en\/wp-json\/wp\/v2\/pages"}],"about":[{"href":"https:\/\/greenict.de\/en\/wp-json\/wp\/v2\/types\/page"}],"author":[{"embeddable":true,"href":"https:\/\/greenict.de\/en\/wp-json\/wp\/v2\/users\/2"}],"replies":[{"embeddable":true,"href":"https:\/\/greenict.de\/en\/wp-json\/wp\/v2\/comments?post=10313"}],"version-history":[{"count":1,"href":"https:\/\/greenict.de\/en\/wp-json\/wp\/v2\/pages\/10313\/revisions"}],"predecessor-version":[{"id":10314,"href":"https:\/\/greenict.de\/en\/wp-json\/wp\/v2\/pages\/10313\/revisions\/10314"}],"wp:featuredmedia":[{"embeddable":true,"href":"https:\/\/greenict.de\/en\/wp-json\/wp\/v2\/media\/10467"}],"wp:attachment":[{"href":"https:\/\/greenict.de\/en\/wp-json\/wp\/v2\/media?parent=10313"}],"curies":[{"name":"wp","href":"https:\/\/api.w.org\/{rel}","templated":true}]}}