{"id":10082,"date":"2024-10-01T10:30:26","date_gmt":"2024-10-01T08:30:26","guid":{"rendered":"https:\/\/greenict.de\/?page_id=10082"},"modified":"2024-10-02T12:16:40","modified_gmt":"2024-10-02T10:16:40","slug":"projektempfehlungen","status":"publish","type":"page","link":"https:\/\/greenict.de\/en\/projektempfehlungen\/","title":{"rendered":"Project recommendations"},"content":{"rendered":"<p>Projekte zu gr\u00fcner IKT, an denen Partner von Green ICT @ FMD beteiligt sind:<\/p>\n\n\n\n<p><\/p>\n\n\n\n<h3 class=\"wp-block-heading\">6G-RIC<\/h3>\n\n\n\n<p>Forschungs-Hub 6G. Teilnehmendes Institut: Ferdinand-Braun-Institut (FBH). <a href=\"https:\/\/6g-ric.de\/\" target=\"_blank\" rel=\"noreferrer noopener\">More info<\/a><\/p>\n\n\n\n<h3 class=\"wp-block-heading\">ENDEMAR<\/h3>\n\n\n\n<p>Intelligenter Energiefluss &#8211; Verbrauchsreduzierung durch neuartige wartungsfreie Sensoren in Geb\u00e4uden und Quartieren (Energieersparnis durch Einsatz multipler autarker Regelsensorik). Teilnehmendes Institut: Fraunhofer IIS. <a href=\"https:\/\/publica.fraunhofer.de\/entities\/publication\/6cb7613d-cff4-452d-b038-8878e05ce7d4\/details\" target=\"_blank\" rel=\"noreferrer noopener\">More info<\/a><\/p>\n\n\n\n<h3 class=\"wp-block-heading\">EdgeLimit-GreenICT<\/h3>\n\n\n\n<p>Elektronik f\u00fcr energiesparsame Informations- und Kommunikationstechnik &#8211; Komponenten und Radioheads f\u00fcr zuk\u00fcnftige Edge-Systeme. Teilnehmendes Institut: Fraunhofer IAF. <a href=\"https:\/\/www.iaf.fraunhofer.de\/en\/researchers\/electronic-circuits\/power-electronics\/edgelimit-green-ict.html\" target=\"_blank\" rel=\"noreferrer noopener\">More info<\/a><\/p>\n\n\n\n<h3 class=\"wp-block-heading\">6G SENTINEL<\/h3>\n\n\n\n<p>Plattform f\u00fcr zuk\u00fcnftige Kommunikationstechnologien und 6G &#8211; Nachhaltigkeit in zuk\u00fcnftigen Mobilfunksystemen. Teilnehmendes Institut: Fraunhofer IIS. <a href=\"https:\/\/www.iis.fraunhofer.de\/de\/ff\/kom\/mobile-kom\/6g-sentinel.html\" target=\"_blank\" rel=\"noreferrer noopener\">More info<\/a><\/p>\n\n\n\n<h3 class=\"wp-block-heading\">ALLEGRO<\/h3>\n\n\n\n<p>Agile Ultra Low Energy and Secure Networks. Teilnehmendes Institut: Fraunhofer IZM. <a href=\"https:\/\/www.hhi.fraunhofer.de\/en\/departments\/pn\/projects\/allegro.html\" target=\"_blank\" rel=\"noreferrer noopener\">More info<\/a><\/p>\n\n\n\n<h3 class=\"wp-block-heading\">Sustronics<\/h3>\n\n\n\n<p>Sustainable and green electronics for circular economy. Teilnehmendes Institut: Fraunhofer IZM. <a href=\"https:\/\/www.elektronikforschung.de\/projekte\/sustronics\" target=\"_blank\" rel=\"noreferrer noopener\">More info<\/a><\/p>\n\n\n\n<h3 class=\"wp-block-heading\">SusFE<\/h3>\n\n\n\n<p>Enabling circular economy in the healthcare sector. Teilnehmendes Institut: Fraunhofer EMFT. <a href=\"https:\/\/www.emft.fraunhofer.de\/en\/press-releases\/pressbriefing-susfe-project-circular-economy-healthcare.html\" target=\"_blank\" rel=\"noreferrer noopener\">More info<\/a><\/p>\n\n\n\n<h3 class=\"wp-block-heading\">EIOTI<\/h3>\n\n\n\n<p>Energieautarke IoT-Infrastruktur EIOTI. Teilnehmendes Institut: Fraunhofer IIS. <a href=\"https:\/\/www.iis.fraunhofer.de\/de\/ff\/lv\/net\/projekte\/eioti.html\" target=\"_blank\" rel=\"noreferrer noopener\">More info<\/a><\/p>\n\n\n\n<h3 class=\"wp-block-heading\">RIS4NGWB<\/h3>\n\n\n\n<p>Resilienz und Security im Next Generation Wireless Backhaul mit Rekonfigurierbaren Intelligenten Oberfl\u00e4chen. Teilnehmendes Institut: Fraunhofer IIS. <a href=\"https:\/\/www.iis.fraunhofer.de\/de\/ff\/lv\/lok\/proj\/RIS4NGWB.html\" target=\"_blank\" rel=\"noreferrer noopener\">More info<\/a><\/p>\n\n\n\n<h3 class=\"wp-block-heading\">PCBcycle<\/h3>\n\n\n\n<p>Elektronische Leiterplatten recyceln. Teilnehmendes Institut: Fraunhofer IIS. <a href=\"https:\/\/www.iis.fraunhofer.de\/de\/profil\/jb\/2022\/pcbcycle-elektronische-leiterplatten-recyceln.html\" target=\"_blank\" rel=\"noreferrer noopener\">More info<\/a><\/p>\n\n\n\n<h3 class=\"wp-block-heading\">Scope3transparent<\/h3>\n\n\n\n<p>Reduzierung von Treibhausgasemissionen in vorgelagerten Lieferketten. Teilnehmendes Institut: Fraunhofer IZM. <a href=\"https:\/\/www.scope3transparent.de\/\" target=\"_blank\" rel=\"noreferrer noopener\">More info<\/a><\/p>\n\n\n\n<h3 class=\"wp-block-heading\">CIRPASS 2<\/h3>\n\n\n\n<p>Digital Product Passport (dpp) Pilotprojekte. Teilnehmendes Institut: Fraunhofer IZM. <a href=\"https:\/\/cirpass2.eu\/\" target=\"_blank\" rel=\"noreferrer noopener\">More info<\/a><\/p>\n\n\n\n<h3 class=\"wp-block-heading\">EECONE<\/h3>\n\n\n\n<p>European Ecosystem for Electronics. Teilnehmendes Institut: Fraunhofer IZM. <a href=\"https:\/\/www.eecone.com\/eecone\/home\/\" target=\"_blank\" rel=\"noreferrer noopener\">More info<\/a><\/p>","protected":false},"excerpt":{"rendered":"<p>Projekte zu gr\u00fcner IKT, an denen Partner von Green ICT @ FMD beteiligt sind: 6G-RIC Forschungs-Hub 6G. Teilnehmendes Institut: Ferdinand-Braun-Institut (FBH). Mehr Info ENDEMAR Intelligenter Energiefluss &#8211; Verbrauchsreduzierung durch neuartige wartungsfreie Sensoren in Geb\u00e4uden und Quartieren (Energieersparnis durch Einsatz multipler&#8230;<\/p>","protected":false},"author":2,"featured_media":8269,"parent":0,"menu_order":0,"comment_status":"closed","ping_status":"closed","template":"","meta":{"_acf_changed":false,"footnotes":""},"class_list":["post-10082","page","type-page","status-publish","has-post-thumbnail","hentry"],"acf":[],"yoast_head":"<!-- This site is optimized with the Yoast SEO plugin v27.3 - https:\/\/yoast.com\/product\/yoast-seo-wordpress\/ -->\n<title>Projektempfehlungen &#8211; Green ICT<\/title>\n<meta name=\"robots\" content=\"index, follow, max-snippet:-1, max-image-preview:large, max-video-preview:-1\" \/>\n<link rel=\"canonical\" href=\"https:\/\/greenict.de\/en\/projektempfehlungen\/\" \/>\n<script type=\"application\/ld+json\" class=\"yoast-schema-graph\">{\"@context\":\"https:\\\/\\\/schema.org\",\"@graph\":[{\"@type\":\"WebPage\",\"@id\":\"https:\\\/\\\/greenict.de\\\/projektempfehlungen\\\/\",\"url\":\"https:\\\/\\\/greenict.de\\\/projektempfehlungen\\\/\",\"name\":\"Projektempfehlungen &#8211; Green ICT\",\"isPartOf\":{\"@id\":\"https:\\\/\\\/greenict.de\\\/#website\"},\"primaryImageOfPage\":{\"@id\":\"https:\\\/\\\/greenict.de\\\/projektempfehlungen\\\/#primaryimage\"},\"image\":{\"@id\":\"https:\\\/\\\/greenict.de\\\/projektempfehlungen\\\/#primaryimage\"},\"thumbnailUrl\":\"https:\\\/\\\/greenict.de\\\/wp-content\\\/uploads\\\/2024\\\/05\\\/chip-green-ict.jpg\",\"datePublished\":\"2024-10-01T08:30:26+00:00\",\"dateModified\":\"2024-10-02T10:16:40+00:00\",\"breadcrumb\":{\"@id\":\"https:\\\/\\\/greenict.de\\\/projektempfehlungen\\\/#breadcrumb\"},\"inLanguage\":\"en-GB\",\"potentialAction\":[{\"@type\":\"ReadAction\",\"target\":[\"https:\\\/\\\/greenict.de\\\/projektempfehlungen\\\/\"]}]},{\"@type\":\"ImageObject\",\"inLanguage\":\"en-GB\",\"@id\":\"https:\\\/\\\/greenict.de\\\/projektempfehlungen\\\/#primaryimage\",\"url\":\"https:\\\/\\\/greenict.de\\\/wp-content\\\/uploads\\\/2024\\\/05\\\/chip-green-ict.jpg\",\"contentUrl\":\"https:\\\/\\\/greenict.de\\\/wp-content\\\/uploads\\\/2024\\\/05\\\/chip-green-ict.jpg\",\"width\":800,\"height\":532,\"caption\":\"Darstellung Mikroelektronik Produktion\"},{\"@type\":\"BreadcrumbList\",\"@id\":\"https:\\\/\\\/greenict.de\\\/projektempfehlungen\\\/#breadcrumb\",\"itemListElement\":[{\"@type\":\"ListItem\",\"position\":1,\"name\":\"Startseite\",\"item\":\"https:\\\/\\\/greenict.de\\\/\"},{\"@type\":\"ListItem\",\"position\":2,\"name\":\"Projektempfehlungen\"}]},{\"@type\":\"WebSite\",\"@id\":\"https:\\\/\\\/greenict.de\\\/#website\",\"url\":\"https:\\\/\\\/greenict.de\\\/\",\"name\":\"Green ICT\",\"description\":\"Kompetenzzentrum f\u00fcr eine ressourcenbewusste Informations- und Kommunikationstechnik\",\"publisher\":{\"@id\":\"https:\\\/\\\/greenict.de\\\/#organization\"},\"alternateName\":\"Nachhaltige Mikroelektronik\",\"potentialAction\":[{\"@type\":\"SearchAction\",\"target\":{\"@type\":\"EntryPoint\",\"urlTemplate\":\"https:\\\/\\\/greenict.de\\\/?s={search_term_string}\"},\"query-input\":{\"@type\":\"PropertyValueSpecification\",\"valueRequired\":true,\"valueName\":\"search_term_string\"}}],\"inLanguage\":\"en-GB\"},{\"@type\":\"Organization\",\"@id\":\"https:\\\/\\\/greenict.de\\\/#organization\",\"name\":\"Forschungsfabrik Mikroelektronik Deutschland\",\"alternateName\":\"FMD\",\"url\":\"https:\\\/\\\/greenict.de\\\/\",\"logo\":{\"@type\":\"ImageObject\",\"inLanguage\":\"en-GB\",\"@id\":\"https:\\\/\\\/greenict.de\\\/#\\\/schema\\\/logo\\\/image\\\/\",\"url\":\"https:\\\/\\\/greenict.de\\\/wp-content\\\/uploads\\\/2022\\\/11\\\/FMD-Logo_farbe-50-mm.png\",\"contentUrl\":\"https:\\\/\\\/greenict.de\\\/wp-content\\\/uploads\\\/2022\\\/11\\\/FMD-Logo_farbe-50-mm.png\",\"width\":592,\"height\":135,\"caption\":\"Forschungsfabrik Mikroelektronik Deutschland\"},\"image\":{\"@id\":\"https:\\\/\\\/greenict.de\\\/#\\\/schema\\\/logo\\\/image\\\/\"}}]}<\/script>\n<!-- \/ Yoast SEO plugin. -->","yoast_head_json":{"title":"Projektempfehlungen &#8211; Green ICT","robots":{"index":"index","follow":"follow","max-snippet":"max-snippet:-1","max-image-preview":"max-image-preview:large","max-video-preview":"max-video-preview:-1"},"canonical":"https:\/\/greenict.de\/en\/projektempfehlungen\/","schema":{"@context":"https:\/\/schema.org","@graph":[{"@type":"WebPage","@id":"https:\/\/greenict.de\/projektempfehlungen\/","url":"https:\/\/greenict.de\/projektempfehlungen\/","name":"Projektempfehlungen &#8211; Green ICT","isPartOf":{"@id":"https:\/\/greenict.de\/#website"},"primaryImageOfPage":{"@id":"https:\/\/greenict.de\/projektempfehlungen\/#primaryimage"},"image":{"@id":"https:\/\/greenict.de\/projektempfehlungen\/#primaryimage"},"thumbnailUrl":"https:\/\/greenict.de\/wp-content\/uploads\/2024\/05\/chip-green-ict.jpg","datePublished":"2024-10-01T08:30:26+00:00","dateModified":"2024-10-02T10:16:40+00:00","breadcrumb":{"@id":"https:\/\/greenict.de\/projektempfehlungen\/#breadcrumb"},"inLanguage":"en-GB","potentialAction":[{"@type":"ReadAction","target":["https:\/\/greenict.de\/projektempfehlungen\/"]}]},{"@type":"ImageObject","inLanguage":"en-GB","@id":"https:\/\/greenict.de\/projektempfehlungen\/#primaryimage","url":"https:\/\/greenict.de\/wp-content\/uploads\/2024\/05\/chip-green-ict.jpg","contentUrl":"https:\/\/greenict.de\/wp-content\/uploads\/2024\/05\/chip-green-ict.jpg","width":800,"height":532,"caption":"Darstellung Mikroelektronik Produktion"},{"@type":"BreadcrumbList","@id":"https:\/\/greenict.de\/projektempfehlungen\/#breadcrumb","itemListElement":[{"@type":"ListItem","position":1,"name":"Startseite","item":"https:\/\/greenict.de\/"},{"@type":"ListItem","position":2,"name":"Projektempfehlungen"}]},{"@type":"WebSite","@id":"https:\/\/greenict.de\/#website","url":"https:\/\/greenict.de\/","name":"Competence center for sustainable IT and communication technology","description":"Competence center for sustainable information and communication technology","publisher":{"@id":"https:\/\/greenict.de\/#organization"},"alternateName":"Nachhaltige Mikroelektronik","potentialAction":[{"@type":"SearchAction","target":{"@type":"EntryPoint","urlTemplate":"https:\/\/greenict.de\/?s={search_term_string}"},"query-input":{"@type":"PropertyValueSpecification","valueRequired":true,"valueName":"search_term_string"}}],"inLanguage":"en-GB"},{"@type":"Organization","@id":"https:\/\/greenict.de\/#organization","name":"Research Fab Microelectronics Germany","alternateName":"FMD","url":"https:\/\/greenict.de\/","logo":{"@type":"ImageObject","inLanguage":"en-GB","@id":"https:\/\/greenict.de\/#\/schema\/logo\/image\/","url":"https:\/\/greenict.de\/wp-content\/uploads\/2022\/11\/FMD-Logo_farbe-50-mm.png","contentUrl":"https:\/\/greenict.de\/wp-content\/uploads\/2022\/11\/FMD-Logo_farbe-50-mm.png","width":592,"height":135,"caption":"Forschungsfabrik Mikroelektronik Deutschland"},"image":{"@id":"https:\/\/greenict.de\/#\/schema\/logo\/image\/"}}]}},"_links":{"self":[{"href":"https:\/\/greenict.de\/en\/wp-json\/wp\/v2\/pages\/10082","targetHints":{"allow":["GET"]}}],"collection":[{"href":"https:\/\/greenict.de\/en\/wp-json\/wp\/v2\/pages"}],"about":[{"href":"https:\/\/greenict.de\/en\/wp-json\/wp\/v2\/types\/page"}],"author":[{"embeddable":true,"href":"https:\/\/greenict.de\/en\/wp-json\/wp\/v2\/users\/2"}],"replies":[{"embeddable":true,"href":"https:\/\/greenict.de\/en\/wp-json\/wp\/v2\/comments?post=10082"}],"version-history":[{"count":12,"href":"https:\/\/greenict.de\/en\/wp-json\/wp\/v2\/pages\/10082\/revisions"}],"predecessor-version":[{"id":10107,"href":"https:\/\/greenict.de\/en\/wp-json\/wp\/v2\/pages\/10082\/revisions\/10107"}],"wp:featuredmedia":[{"embeddable":true,"href":"https:\/\/greenict.de\/en\/wp-json\/wp\/v2\/media\/8269"}],"wp:attachment":[{"href":"https:\/\/greenict.de\/en\/wp-json\/wp\/v2\/media?parent=10082"}],"curies":[{"name":"wp","href":"https:\/\/api.w.org\/{rel}","templated":true}]}}